{"id":116225,"date":"2024-07-30T12:16:58","date_gmt":"2024-07-30T12:16:58","guid":{"rendered":"https:\/\/hocl.dk\/product\/unkategorisiert\/wunder-suntan-210ml\/"},"modified":"2024-07-30T12:16:58","modified_gmt":"2024-07-30T12:16:58","slug":"wunder-suntan-210ml","status":"publish","type":"product","link":"https:\/\/hocl.dk\/de\/product\/wunder-sonne\/wunder-suntan-210ml\/","title":{"rendered":"Wunder SUNTAN 210ml"},"content":{"rendered":"<h2>Sind Sie bereit, die sch\u00f6nste Br\u00e4une zu bekommen?<\/h2>\n<p>  Unser nat\u00fcrliches und duftendes WONDER SUNTAN ist Ihr ultimativer Partner auf der Suche nach einer strahlenden Br\u00e4une.<br \/>\nGanz gleich, ob Sie am Pool oder im Garten entspannen, einen sonnigen Tag am Strand genie\u00dfen oder unter den warmen Strahlen der Sonnenbank liegen.<br \/>\nUnser SUNTAN wurde entwickelt, um Ihr Br\u00e4unungserlebnis zu maximieren und Ihnen einen tiefen, goldenen Glanz zu verleihen, der lange anh\u00e4lt.<br \/>\nWonder SUNTAN hat einen sanften Duft, der aus einer Kombination von frischer Orange und s\u00fc\u00dfer Kokosnuss besteht.<br \/>\nWenn Sie unser SUNTAN auftragen, werden Sie erleben, wie Ihre Haut die Sonnenstrahlen auf die effizienteste Weise absorbiert, was zu einer sch\u00f6nen gleichm\u00e4\u00dfigen Br\u00e4une f\u00fchrt.<br \/>\nDas Produkt wurde entwickelt, um eine gesunde, nat\u00fcrliche Farbe zu f\u00f6rdern, damit Sie die Br\u00e4une bekommen, von der Sie tr\u00e4umen, ohne Kompromisse bei der Hautgesundheit einzugehen.       &nbsp;<\/p>\n<h2>Warum sollten Sie sich f\u00fcr WONDER SUNTAN entscheiden?<\/h2>\n<p><strong>Perfekte, gleichm\u00e4\u00dfige Br\u00e4une<\/strong> Vergessen Sie ungleichm\u00e4\u00dfige Flecken und unerw\u00fcnschte Streifen. Unser SUNTAN ist mit nat\u00fcrlichen Inhaltsstoffen formuliert, die eine gleichm\u00e4\u00dfige und einheitliche Farbe f\u00f6rdern.<br \/>\nIhre Haut erstrahlt in einem sch\u00f6nen, nat\u00fcrlichen Glanz, in dem Sie sich umwerfend f\u00fchlen werden. <strong>Schnellere Ergebnisse<\/strong> Unser SUNTAN beschleunigt den Gerbstoffprozess, so dass Sie Ihre Wunschfarbe schneller als je zuvor erreichen k\u00f6nnen.<br \/>\nVerbringen Sie weniger Zeit mit Sonnenbaden und mehr Zeit damit, Ihre sch\u00f6ne Br\u00e4une zu genie\u00dfen! <strong>Lang anhaltende Br\u00e4une<\/strong> Eine gro\u00dfartige Br\u00e4une besteht nicht nur aus sofortiger Farbe.<br \/>\nUnser SUNTAN hilft Ihnen, Ihre Br\u00e4une l\u00e4nger zu erhalten, so dass Sie den goldenen Glanz auch dann noch genie\u00dfen k\u00f6nnen, wenn die Sonnenstrahlen bereits verblasst sind. <strong>Feuchtigkeitsspendend und sch\u00fctzend<\/strong> Halten Sie Ihre Haut mit Feuchtigkeit versorgt und vor dem Austrocknen gesch\u00fctzt.<br \/>\nUnser SUNTAN enth\u00e4lt n\u00e4hrende Inhaltsstoffe, die daf\u00fcr sorgen, dass Ihre Haut w\u00e4hrend der gesamten Br\u00e4unungssaison weich, geschmeidig und gesund bleibt. <strong>Keine Flecken &#8211; kein \u00c4rger<\/strong> Machen Sie sich keine Sorgen \u00fcber Flecken auf Ihrer Haut oder Kleidung.<br \/>\nUnser SUNTAN ist so formuliert, dass es schnell einzieht und die Haut glatt und trocken hinterl\u00e4sst.<br \/>\nSie k\u00f6nnen Ihre Br\u00e4une genie\u00dfen, ohne Angst vor unansehnlichen Flecken oder Abdr\u00fccken auf Ihrer Kleidung zu haben.<br \/>\nSeine gelb-orange Farbe ist weder auf der Haut noch auf der Kleidung sichtbar. <strong>Luxuri\u00f6ses Erlebnis<\/strong> G\u00f6nnen Sie sich ein luxuri\u00f6ses Br\u00e4unungserlebnis.<br \/>\nUnser SUNTAN hat eine angenehme Textur und einen subtilen, nat\u00fcrlichen Duft, der das Sonnenbaden zu einem wahren Vergn\u00fcgen macht.          &nbsp;<\/p>\n<h2>Enth\u00e4lt:<\/h2>\n<ul>\n<li><strong>Petrolatum<\/strong> (Vaseline)  <em>Ist ein okklusiver Feuchtigkeitsspender, d.h. er hilft, die Feuchtigkeit in der Haut zu versiegeln und Trockenheit zu verhindern.<br \/>\nIndem es die Haut mit Feuchtigkeit versorgt, kann es helfen, eine gleichm\u00e4\u00dfigere und dauerhaftere Farbe zu erhalten. <\/em><\/li>\n<li><strong>Vitis Vinifera<\/strong> (Traubenkern\u00f6l)  <em>Traubenkern\u00f6l ist reich an Antioxidantien, wie Vitamin E, und hat entz\u00fcndungshemmende Eigenschaften.<br \/>\nEs hilft, die Haut vor oxidativem Stress durch UV-Strahlen zu sch\u00fctzen, und seine feuchtigkeitsspendenden Eigenschaften k\u00f6nnen dazu beitragen, die Elastizit\u00e4t und Ausstrahlung der Haut zu erhalten. <\/em><\/li>\n<li><strong>Cera Alba<\/strong> (Bienenwachs) <em>Bienenwachs wirkt als nat\u00fcrlicher Emulgator und Feuchtigkeitsspender. Es bildet eine sch\u00fctzende Barriere auf der Haut, die Feuchtigkeitsverluste verhindert und dazu beitr\u00e4gt, die Haut w\u00e4hrend und nach der Sonnenexposition weich und geschmeidig zu halten<\/em>.<\/li>\n<li><strong>Glycin Soja, Caucus Carda, Carotin<\/strong> (Carotin\u00f6l)  <em>Diese Zutaten sind reich an Beta-Carotin und Vitamin A, die f\u00fcr ihre hautpflegenden und antioxidativen Eigenschaften bekannt sind.<br \/>\nBeta-Carotin sorgt f\u00fcr eine goldbraune Farbe der Haut, w\u00e4hrend die antioxidativen Eigenschaften die Haut vor Sch\u00e4den durch freie Radikale (Sonnensch\u00e4den, die zur Hautalterung f\u00fchren) sch\u00fctzen. <\/em><\/li>\n<li><strong>Cocos Nucifera \u00d6l<\/strong> (Kokosnuss\u00f6l)  <em>Es ist ein ausgezeichneter Feuchtigkeitsspender und hat antibakterielle und entz\u00fcndungshemmende Eigenschaften.<br \/>\nKokosnuss\u00f6l hilft, die Haut hydratisiert und weich zu halten, was die Widerstandsf\u00e4higkeit der Haut gegen UV-Strahlen verbessern und das Risiko eines Sonnenbrands verringern kann. <\/em><\/li>\n<li><strong>Citrus Aurantium Dulcis Schalen\u00f6l<\/strong> (Orangen\u00f6l)  <em>Es ist bekannt f\u00fcr seinen angenehmen Duft und seine antioxidativen Eigenschaften.<br \/>\nOrangen\u00f6l kann das allgemeine Erscheinungsbild der Haut verbessern, indem es ihr einen nat\u00fcrlichen Glanz verleiht. Au\u00dferdem hat es aromatherapeutische Eigenschaften, die das Br\u00e4unungserlebnis angenehmer machen k\u00f6nnen. <\/em><\/li>\n<\/ul>\n<p>&nbsp;<\/p>\n<h2>Wie Sie SUNTAN verwenden<\/h2>\n<p>  Tragen Sie eine sehr d\u00fcnne Schicht SUNTAN auf die Haut auf, bevor Sie ein Sonnenbad nehmen oder ins Solarium gehen.<br \/>\nTragen Sie es erneut auf, wenn Ihre Haut trocken aussieht.<br \/>\nErzielen Sie eine nat\u00fcrliche, dunklere und langanhaltende Br\u00e4une mit weniger Aufenthalt in der Sonne oder im Solarium.<br \/>\nErwarten Sie schnelle Ergebnisse, unabh\u00e4ngig von Ihrem Hauttyp, und genie\u00dfen Sie die nat\u00fcrliche Erfahrung, die Ihre Haut n\u00e4hrt und mit Feuchtigkeit versorgt.<br \/>\nOhne chemische Zus\u00e4tze.<br \/>\nVerf\u00fchrerischer Duft nach Kokosnuss und Orange.<br \/>\nZieht schnell ein und l\u00e4sst sich problemlos auftragen.        &nbsp;<\/p>\n<p>&nbsp;<\/p>\n<h2>So tragen Sie Sonnenschutz und Wonder SUNTAN auf:<\/h2>\n<p>  Es ist wichtig zu wissen, dass diese erstaunliche SUNTAN-Formel zwar Ihren Br\u00e4unungsprozess und die Gesundheit Ihrer Haut verbessern kann, aber keinen Lichtschutzfaktor (LSF) enth\u00e4lt.<br \/>\nDaher sollte es in Verbindung mit einem Sonnenschutzmittel verwendet werden, um die Haut vor sch\u00e4dlichen UV-Strahlen zu sch\u00fctzen und das Risiko von Sonnenbrand und Hautsch\u00e4den zu verringern.<br \/>\nWenn Sie SUNTAN zusammen mit einem Sonnenschutzmittel verwenden m\u00f6chten, ist es wichtig, dass Sie beides richtig auftragen, um sowohl eine gute Br\u00e4une als auch einen Schutz vor sch\u00e4dlichen UV-Strahlen zu erzielen.<br \/>\nHier finden Sie eine Schritt-f\u00fcr-Schritt-Anleitung, wie das geht:     <\/p>\n<ul>\n<li><strong>Tragen Sie zuerst Sonnenschutzmittel auf<\/strong>\n<ul>\n<li>Wahl des Sonnenschutzmittels: Verwenden Sie ein Breitspektrum-Sonnenschutzmittel mit einem angemessenen LSF, das sowohl vor VUA als auch vor UVB sch\u00fctzt.<\/li>\n<li>Anwendung: Tragen Sie eine gro\u00dfz\u00fcgige Schicht Sonnenschutzmittel auf alle exponierten Hautpartien auf.<br \/>\nDas Sonnenschutzmittel sollte mindestens 15-30 Minuten vor dem Aufenthalt in der Sonne aufgetragen werden, damit es gen\u00fcgend Zeit hat, einzuziehen und Schutz zu bieten. <\/li>\n<\/ul>\n<\/li>\n<li><strong>Lassen Sie das Sonnenschutzmittel trocknen<\/strong>\n<ul>\n<li>Warten Sie ein paar Minuten, bis das Sonnenschutzmittel richtig in die Haut eingezogen ist.<\/li>\n<\/ul>\n<\/li>\n<li><strong>Wunder SUNTAN anwenden<\/strong>\n<ul>\n<li>Anwendung: Tragen Sie SUNTAN \u00fcber dem Sonnenschutzmittel auf.<br \/>\nAchten Sie darauf, dass es gleichm\u00e4\u00dfig auf dem gesamten K\u00f6rper verteilt wird. <\/li>\n<li>Menge: Verwenden Sie eine sparsame Menge, aber genug, um die Haut mit einer d\u00fcnnen Schicht zu bedecken.<br \/>\nAchten Sie darauf, das Sonnenschutzmittel w\u00e4hrend der Anwendung nicht zu entfernen. <\/li>\n<\/ul>\n<\/li>\n<li><strong>Recycling und Wiederverwendung<\/strong>\n<ul>\n<li>Sonnenschutz: Tragen Sie den Sonnenschutz alle zwei Stunden und nach dem Schwimmen, Schwitzen oder Abtrocknen mit dem Handtuch erneut auf.<\/li>\n<li>SUNTAN: Sie k\u00f6nnen SUNTAN bei Bedarf erneut auftragen, insbesondere wenn Sie das Gef\u00fchl haben, dass Ihre Haut beginnt, trocken zu werden.<\/li>\n<\/ul>\n<\/li>\n<\/ul>\n<p>  ACHTUNG!<br \/>\nSUNTAN hilft, Ihre Haut w\u00e4hrend des Sonnenbads mit Feuchtigkeit zu versorgen, so dass Sie danach nicht unbedingt After Sun ben\u00f6tigen. <\/p>\n","protected":false},"excerpt":{"rendered":"<p>Sind Sie bereit, die sch\u00f6nste Br\u00e4une zu bekommen? Unser nat\u00fcrliches und duftendes WONDER SUNTAN ist Ihr ultimativer Partner auf der<\/p>\n","protected":false},"featured_media":17272,"comment_status":"open","ping_status":"closed","template":"","meta":{"_acf_changed":false},"product-label":[1696,1684,1688],"product_brand":[],"product_cat":[1735,833,611],"product_tag":[],"class_list":{"0":"post-116225","1":"product","2":"type-product","3":"status-publish","4":"has-post-thumbnail","6":"product-label-produceret-i-danmark-de","7":"product-label-ikke-testet-paa-dyr-de","8":"product-label-parfumefri-de","9":"product_cat-wunder-sonne","10":"product_cat-skin-wonder-de","11":"product_cat-wonder-danica-skincare-de","13":"first","14":"outofstock","15":"sale","16":"taxable","17":"shipping-taxable","18":"purchasable","19":"product-type-simple"},"acf":[],"_links":{"self":[{"href":"https:\/\/hocl.dk\/de\/wp-json\/wp\/v2\/product\/116225","targetHints":{"allow":["GET"]}}],"collection":[{"href":"https:\/\/hocl.dk\/de\/wp-json\/wp\/v2\/product"}],"about":[{"href":"https:\/\/hocl.dk\/de\/wp-json\/wp\/v2\/types\/product"}],"replies":[{"embeddable":true,"href":"https:\/\/hocl.dk\/de\/wp-json\/wp\/v2\/comments?post=116225"}],"version-history":[{"count":0,"href":"https:\/\/hocl.dk\/de\/wp-json\/wp\/v2\/product\/116225\/revisions"}],"wp:featuredmedia":[{"embeddable":true,"href":"https:\/\/hocl.dk\/de\/wp-json\/wp\/v2\/media\/17272"}],"wp:attachment":[{"href":"https:\/\/hocl.dk\/de\/wp-json\/wp\/v2\/media?parent=116225"}],"wp:term":[{"taxonomy":"product-label","embeddable":true,"href":"https:\/\/hocl.dk\/de\/wp-json\/wp\/v2\/product-label?post=116225"},{"taxonomy":"product_brand","embeddable":true,"href":"https:\/\/hocl.dk\/de\/wp-json\/wp\/v2\/product_brand?post=116225"},{"taxonomy":"product_cat","embeddable":true,"href":"https:\/\/hocl.dk\/de\/wp-json\/wp\/v2\/product_cat?post=116225"},{"taxonomy":"product_tag","embeddable":true,"href":"https:\/\/hocl.dk\/de\/wp-json\/wp\/v2\/product_tag?post=116225"}],"curies":[{"name":"wp","href":"https:\/\/api.w.org\/{rel}","templated":true}]}}