{"id":126013,"date":"2025-05-28T07:32:37","date_gmt":"2025-05-28T07:32:37","guid":{"rendered":"https:\/\/hocl.dk\/?post_type=product&#038;p=126013"},"modified":"2025-10-08T09:23:17","modified_gmt":"2025-10-08T09:23:17","slug":"wunder-sonnenschutz-spf30-kopier","status":"publish","type":"product","link":"https:\/\/hocl.dk\/de\/product\/wunder-sonne\/wunder-sonnenschutz-spf30-kopier\/","title":{"rendered":"Wonder Sunscreen SPF50 -Roll-on"},"content":{"rendered":"<p>Wonder Sunscreen <strong>SPF50<\/strong> wurde mit dem Fokus auf drei Schl\u00fcsseleigenschaften entwickelt: Schutz, Konsistenz und Pflege.<\/p>\n<p>Formuliert mit nat\u00fcrlichen Pflanzenextrakten und modernen, photostabilen Sonnenfiltern, die zusammen die Haut effektiv vor UVA- und UVB-Strahlen* sch\u00fctzen. Der Sonnenschutz enth\u00e4lt Aloe Vera, Kokosnuss-, Avocado- und Oliven\u00f6l sowie A\u00e7a\u00ed-, Braunalgen-, Seegras- und Salbeiextrakte, um die Haut feucht, weich und gepflegt zu halten &#8211; ohne zu fetten. Die leichte Textur zieht schnell ein und hinterl\u00e4sst ein angenehmes, weiches Gef\u00fchl auf der Haut &#8211; ohne zu kleben oder einen wei\u00dfen Schleier zu hinterlassen. Der sehr milde Kokosnussduft und die hautfreundlichen Inhaltsstoffe machen sie f\u00fcr die ganze Familie geeignet &#8211; das ganze Jahr \u00fcber.    <\/p>\n<p>Mit Wonder Sunscreen erhalten Sie nicht nur Sonnenschutz, sondern auch eine t\u00e4gliche Hautpflege, die n\u00e4hrt und sch\u00fctzt in einem.<\/p>\n<p>&nbsp;<\/p>\n<h2>Enth\u00e4lt:<\/h2>\n<p><strong>Aloe Barbadensis Blattextrakt<\/strong> (Aloe vera)<em>  Feuchtigkeitsspendend, beruhigend und entz\u00fcndungshemmend. Hilft, die Haut zu n\u00e4hren und ins Gleichgewicht zu bringen, besonders nach Sonneneinstrahlung.   <\/em><\/p>\n<p><strong>Aqua<\/strong> (Wasser) &#8211; <em>L\u00f6sungsmittel, zum Mischen der Zutaten und f\u00fcr eine leichte Textur. <\/em> <\/p>\n<p><strong>Coco-Caprylate\/Caprate<\/strong> (Emollient auf Kokosnussbasis) &#8211;<em> macht die Haut weich und verleiht ein seidig-weiches Gef\u00fchl, ohne zu fetten. <\/em> <\/p>\n<p><strong>Diethylamino Hydroxybenzoyl Hexyl Benzoate<\/strong> (UVA-Filter \/ Uvinul A Plus)  <em>&#8211; Sch\u00fctzt vor UVA-Strahlen, die die Hautalterung verursachen. Stabiler und breit gef\u00e4cherter UV-Schutz.   <\/em><\/p>\n<p><strong>Ethylhexyl Triazone<\/strong> (UVB-Filter)  <em>Hochwirksamer UVB-Schutz. Hilft, Sonnenbrand zu verhindern.   <\/em><\/p>\n<p><strong>Diethylhexyl Butamido Triazone<\/strong> (UV-Filter \/ Iscotrizinol) <em>&#8211; Breites Spektrum, lang anhaltender UV-Schutz. <\/em> <\/p>\n<p><strong>Glyzerin<\/strong> (Glycerin)<em>  Feuchthaltig. Zieht Feuchtigkeit an und bewahrt sie in der Haut.   <\/em><\/p>\n<p><strong>Bis-Ethylhexyloxyphenol Methoxyphenyl Triazin<\/strong> (UV-Filter \/ Tinosorb S)<em>  Fortschrittlicher UVA- und UVB-Filter mit breitem Spektrum. Hochgradig photostabil.   <\/em><\/p>\n<p><strong>Glyceryl Stearate Citrate<\/strong> (Emulgator) &#8211; <em>bindet \u00d6l und Wasser und sorgt f\u00fcr eine gleichm\u00e4\u00dfige und stabile Konsistenz. <\/em> <\/p>\n<p><strong>Cetearyl Alcohol<\/strong> (Fettalkohol)  <em>Stabilisiert die Textur und macht die Haut geschmeidig. Trocknet nicht aus.   <\/em><\/p>\n<p><strong>Euterpe Oleracea Frucht-Extrakt<\/strong> (A\u00e7a\u00ed-Extrakt)<em>  Reich an Antioxidantien. Sch\u00fctzt vor freien Radikalen und Umwelteinfl\u00fcssen.   <\/em><\/p>\n<p><strong>Laminaria Digitata Extract<\/strong> (Braunalgenextrakt) &#8211; <em>feuchtigkeitsspendend, n\u00e4hrend und sch\u00fctzend f\u00fcr die Haut. <\/em> <\/p>\n<p><strong>Laminaria Hyperborea Extract<\/strong> (Seetang-Extrakt) &#8211; <em>beruhigend, reich an Mineralien und Antioxidantien. <\/em> <\/p>\n<p><strong>Salvia Sclarea Extrakt<\/strong> (Salbei-Extrakt)<em>  Antioxidativ und beruhigend. Kann bei der Fettregulierung im Produkt helfen.   <\/em><\/p>\n<p><strong>Olea Europaea Frucht\u00f6l<\/strong> (Oliven\u00f6l) &#8211;  <em>Erweichend und feuchtigkeitsspendend. Reich an Antioxidantien und Vitamin E. <\/em><\/p>\n<p><strong>Persea Gratissima Samen\u00f6l<\/strong> (Avocado\u00f6l)  <em>Pflegend und sch\u00fctzend. Vollgepackt mit Fetts\u00e4uren und Vitaminen.   <\/em><\/p>\n<p><strong>Natriumbenzoat<\/strong> (Konservierungsmittel) &#8211; <em>verhindert bakterielles Wachstum und gew\u00e4hrleistet die Haltbarkeit des Produkts. <\/em> <\/p>\n<p><strong>Kaliumsorbat<\/strong> (Konservierungsmittel)<em>  Sch\u00fctzt vor Pilzen und Mikroorganismen im Produkt. Mild und hautfreundlich.   <\/em><\/p>\n<p><strong>Zitronens\u00e4ure<\/strong> &#8211; <em>reguliert den pH-Wert des Produkts und wirkt als mildes Antioxidans. <\/em> <\/p>\n<p><strong>Tocopherol<\/strong> (Vitamin E) &#8211;<em> Antioxidans, das sowohl die Haut als auch die Inhaltsstoffe vor Oxidation sch\u00fctzt.<\/em><\/p>\n<p>&nbsp;<\/p>\n<h3>*Lichtfilterschutz:<\/h3>\n<p><strong>UVA-Strahlen: <\/strong>Sie haben eine l\u00e4ngere Wellenl\u00e4nge (320-400 nm) und dringen im Vergleich zu UVB-Strahlen tiefer in die Haut ein. Sie sind verantwortlich f\u00fcr die Hautalterung (Photoaging), wie Falten und Elastizit\u00e4tsverlust, da sie die Kollagenfasern der Haut sch\u00e4digen k\u00f6nnen. Eine l\u00e4ngere Exposition gegen\u00fcber UVA-Strahlen kann auch zur Entstehung von Hautkrebs beitragen. UVA-Strahlen sind das ganze Jahr \u00fcber vorhanden und k\u00f6nnen durch Fenster und Wolken dringen, d.h. sie k\u00f6nnen die Haut auch in geschlossenen R\u00e4umen oder an bew\u00f6lkten Tagen beeinflussen.   <\/p>\n<p><strong>UVB-Strahlen<\/strong>: Haben eine k\u00fcrzere Wellenl\u00e4nge (290-320 nm) und wirken haupts\u00e4chlich auf die Hautoberfl\u00e4che. Diese Strahlen sind die Hauptursache f\u00fcr Sonnenbrand (R\u00f6tung und Schmerzen der Haut) und k\u00f6nnen die DNA in den Hautzellen direkt sch\u00e4digen. UVB-Strahlen spielen eine wichtige Rolle bei der Entstehung von Hautkrebs, einschlie\u00dflich Basalzellkarzinom, Plattenepithelkarzinom und Melanom. Die Intensit\u00e4t der UVB-Strahlen variiert je nach Tageszeit, Jahreszeit und geografischer Lage, wobei die Intensit\u00e4t in der Mitte des Tages und im Sommer h\u00f6her ist.   <\/p>\n<p>&nbsp;<\/p>\n<h2>Anwendung:<\/h2>\n<div class=\"flex max-w-full flex-col flex-grow\">\n<div class=\"min-h-[20px] text-message flex w-full flex-col items-end gap-2 whitespace-pre-wrap break-words [.text-message+&amp;]:mt-5 overflow-x-auto\" dir=\"auto\" data-message-author-role=\"assistant\" data-message-id=\"a876a51b-9f31-4221-a5c0-2cb002e560c6\">\n<div class=\"flex w-full flex-col gap-1 empty:hidden first:pt-[3px]\">\n<div class=\"markdown prose w-full break-words dark:prose-invert light\">\n<p>Um den besten Schutz und die beste Wirkung von Wonder Sunscreen <strong>SPF 50<\/strong> zu erzielen, befolgen Sie diese einfachen Schritte:<\/p>\n<p><strong>Sch\u00fctteln Sie den Roll-on<\/strong>: Sch\u00fctteln Sie das Produkt vor der Anwendung leicht, um sicherzustellen, dass die Inhaltsstoffe gleichm\u00e4\u00dfig verteilt sind.<\/p>\n<p><strong>Tragen Sie das<\/strong> Sonnenschutzmittel <strong>gro\u00dfz\u00fcgig auf<\/strong>: Tragen Sie es mindestens 15-30 Minuten vor dem Aufenthalt im Freien auf alle exponierten Hautstellen auf. Achten Sie darauf, dass alle Bereiche, die dem Sonnenlicht ausgesetzt sind, bedeckt sind. <\/p>\n<p><strong>Gleichm\u00e4\u00dfige Verteilung<\/strong>: Tragen Sie die Creme nach dem Auftragen mit dem Roller mit der Hand auf, um sicherzustellen, dass sie gr\u00fcndlich verteilt wird und in die Haut einzieht. Achten Sie besonders auf die Bereiche, die oft \u00fcbersehen werden, wie Ohren, Hals und Kn\u00f6chel. <\/p>\n<p><strong>Regelm\u00e4\u00dfig nachcremen<\/strong>: Um den Schutz aufrechtzuerhalten, sollten Sie das Sonnenschutzmittel alle zwei Stunden oder nach dem Schwimmen, Schwitzen oder Abwischen mit einem Handtuch nachcremen. Dies ist besonders wichtig f\u00fcr einen intensiven Sonnenschutz. <\/p>\n<p><strong>Vermeiden Sie Augenkontakt<\/strong>: Vermeiden Sie den Kontakt mit den Augen. Wenn das Produkt in die Augen gelangt, sp\u00fclen Sie sie gr\u00fcndlich mit Wasser aus. <\/p>\n<p><strong>Lagerung<\/strong>: Bewahren Sie die Sonnencreme an einem k\u00fchlen, trockenen Ort und vor direkter Sonneneinstrahlung gesch\u00fctzt auf, um die Wirksamkeit des Produkts zu erhalten.<\/p>\n<\/div>\n<\/div>\n<\/div>\n<\/div>\n<p>&nbsp;<\/p>\n<h2>Verpackung<\/h2>\n<p>Der Wonder Sunscreen Roll-On SPF 50 wird in einer haltbaren und leichten Kunststoffverpackung mit Schraubdeckel geliefert. Damit ist er ideal f\u00fcr unterwegs &#8211; ob in Ihrer Handtasche, Wickeltasche, Sporttasche oder im Auto. Sie m\u00fcssen sich keine Sorgen machen, dass etwas ausl\u00e4uft oder versch\u00fcttet wird, und die kompakte Gr\u00f6\u00dfe macht es einfach, die Creme aufzubewahren und genau dann zu verwenden, wenn Sie sie brauchen.  <\/p>\n<div class=\"mt-1 flex gap-3 empty:hidden -ml-2\">\n<div class=\"flex-shrink-0 flex flex-col relative items-end\">\n<div class=\"pt-0\">\n<div class=\"gizmo-bot-avatar flex h-8 w-8 items-center justify-center overflow-hidden rounded-full\">\n<div class=\"relative p-1 rounded-sm flex items-center justify-center bg-token-main-surface-primary text-token-text-primary h-8 w-8\">\n<div class=\"flex-shrink-0 flex flex-col relative items-end\">\n<div class=\"pt-0\">\n<div class=\"gizmo-bot-avatar flex h-8 w-8 items-center justify-center overflow-hidden rounded-full\">\n<p class=\"relative p-1 rounded-sm flex items-center justify-center bg-token-main-surface-primary text-token-text-primary h-8 w-8\"><strong>Tanken<\/strong><\/p>\n<\/div>\n<\/div>\n<\/div>\n<\/div>\n<\/div>\n<\/div>\n<\/div>\n<p>Der Wonder Sunscreen Roll-On SPF 50 ist sowohl praktisch als auch umweltfreundlich. Er ist so konzipiert, dass er leicht aus der Tube nachgef\u00fcllt werden kann, da der Roll-On-Applikator nicht aufgeklebt ist. Diese Eigenschaft reduziert den Abfall und f\u00f6rdert die nachhaltige Verwendung von Verpackungen, so dass Sie eine verantwortungsvollere Konsumkultur unterst\u00fctzen k\u00f6nnen.  <\/p>\n<\/div>\n","protected":false},"excerpt":{"rendered":"<p>60ml<\/p>\n<p>Wonder Sunscreen <strong>SPF50<\/strong> wurde mit dem Schwerpunkt auf Schutz, Konsistenz und Pflege entwickelt.<\/p>\n<p>Enth\u00e4lt nat\u00fcrliche Pflanzenextrakte und moderne, photostabile Sonnenfilter, die zusammen die Haut sowohl vor UVA- als auch vor UVB-Strahlen sch\u00fctzen. Der Sonnenschutz enth\u00e4lt Aloe Vera, Kokosnuss-, Avocado- und Oliven\u00f6l sowie A\u00e7a\u00ed-, Braunalgen-, Algen- und Salbeiextrakte, die dazu beitragen, die Haut mit Feuchtigkeit zu versorgen und zu n\u00e4hren, mit einem milden Kokosnussduft. Die leichte Textur zieht schnell ein und hinterl\u00e4sst ein angenehmes Hautgef\u00fchl &#8211; ohne zu kleben oder einen wei\u00dfen Schimmer zu hinterlassen.<br \/>\nGeeignet f\u00fcr die ganze Familie &#8211; das ganze Jahr \u00fcber.   <\/p>\n","protected":false},"featured_media":126063,"comment_status":"open","ping_status":"closed","template":"","meta":{"_acf_changed":false},"product-label":[1700,1696,1684,1688,1708],"product_brand":[],"product_cat":[1735],"product_tag":[],"class_list":{"0":"post-126013","1":"product","2":"type-product","3":"status-publish","4":"has-post-thumbnail","6":"product-label-mod-hudproblemer-de","7":"product-label-produceret-i-danmark-de","8":"product-label-ikke-testet-paa-dyr-de","9":"product-label-parfumefri-de","10":"product-label-vegansk-de","11":"product_cat-wunder-sonne","13":"first","14":"instock","15":"taxable","16":"shipping-taxable","17":"purchasable","18":"product-type-simple"},"acf":[],"_links":{"self":[{"href":"https:\/\/hocl.dk\/de\/wp-json\/wp\/v2\/product\/126013","targetHints":{"allow":["GET"]}}],"collection":[{"href":"https:\/\/hocl.dk\/de\/wp-json\/wp\/v2\/product"}],"about":[{"href":"https:\/\/hocl.dk\/de\/wp-json\/wp\/v2\/types\/product"}],"replies":[{"embeddable":true,"href":"https:\/\/hocl.dk\/de\/wp-json\/wp\/v2\/comments?post=126013"}],"version-history":[{"count":5,"href":"https:\/\/hocl.dk\/de\/wp-json\/wp\/v2\/product\/126013\/revisions"}],"predecessor-version":[{"id":129936,"href":"https:\/\/hocl.dk\/de\/wp-json\/wp\/v2\/product\/126013\/revisions\/129936"}],"wp:featuredmedia":[{"embeddable":true,"href":"https:\/\/hocl.dk\/de\/wp-json\/wp\/v2\/media\/126063"}],"wp:attachment":[{"href":"https:\/\/hocl.dk\/de\/wp-json\/wp\/v2\/media?parent=126013"}],"wp:term":[{"taxonomy":"product-label","embeddable":true,"href":"https:\/\/hocl.dk\/de\/wp-json\/wp\/v2\/product-label?post=126013"},{"taxonomy":"product_brand","embeddable":true,"href":"https:\/\/hocl.dk\/de\/wp-json\/wp\/v2\/product_brand?post=126013"},{"taxonomy":"product_cat","embeddable":true,"href":"https:\/\/hocl.dk\/de\/wp-json\/wp\/v2\/product_cat?post=126013"},{"taxonomy":"product_tag","embeddable":true,"href":"https:\/\/hocl.dk\/de\/wp-json\/wp\/v2\/product_tag?post=126013"}],"curies":[{"name":"wp","href":"https:\/\/api.w.org\/{rel}","templated":true}]}}