{"id":126095,"date":"2025-05-28T13:07:45","date_gmt":"2025-05-28T13:07:45","guid":{"rendered":"https:\/\/hocl.dk\/?post_type=product&#038;p=126095"},"modified":"2025-09-30T10:30:41","modified_gmt":"2025-09-30T10:30:41","slug":"air-again-100ml-kopier","status":"publish","type":"product","link":"https:\/\/hocl.dk\/de\/product\/allergi-wonder-de\/air-again-100ml-kopier\/","title":{"rendered":"Nasaler Inhalator &#8211; Menthol"},"content":{"rendered":"<h1>Nasaler Inhalator &#8211; Menthol<\/h1>\n<p>Naseninhalator mit Menthol. Frischer Wind f\u00fcr Ihre Nase &#8211; direkt in Ihrer Tasche! <\/p>\n<p>Dieser kleine und handliche Naseninhalator enth\u00e4lt nat\u00fcrliche Mentholkristalle und bietet ein intensives, frisches Dufterlebnis, wenn Sie einen erfrischenden Moment im Alltag brauchen. Menthol ist bekannt f\u00fcr sein unverwechselbares k\u00fchlendes Aroma, das viele Menschen mit einem Gef\u00fchl von &#8222;freien Atemwegen&#8220; und Wohlbefinden verbinden. Perfekt f\u00fcr Zeiten, in denen Sie das Bed\u00fcrfnis nach ein wenig zus\u00e4tzlicher Frische versp\u00fcren, wie z.B. beim Wechsel der Jahreszeiten oder wenn sich die Luft schwer anf\u00fchlt. Verwenden Sie ihn als Teil Ihrer pers\u00f6nlichen Wellness-Routine &#8211; zu Hause, bei der Arbeit oder unterwegs. Dank seiner geringen Gr\u00f6\u00dfe l\u00e4sst er sich leicht in Ihrer Tasche, Ihrem Beutel oder Ihrer Jacke mitnehmen.    <\/p>\n<p>&nbsp;<\/p>\n<h2>Inhaltsstoffe<\/h2>\n<p>100% nat\u00fcrliche Menthol-Kristalle.<\/p>\n<h2><\/h2>\n<h2>Anwendung<\/h2>\n<p><em>Der Naseninhalator ist einfach und diskret in der Anwendung &#8211; perfekt f\u00fcr ein frisches und reinigendes Gef\u00fchl, wenn Sie es brauchen.  <\/em><\/p>\n<ol>\n<li>\u00d6ffnen Sie den Inhalator, indem Sie den Deckel vorsichtig abschrauben.<\/li>\n<li>Halten Sie den Inhalator dicht unter die Nase &#8211; ohne ihn in die Nasenl\u00f6cher einzuf\u00fchren.<\/li>\n<li>Bewegen Sie ihn sanft von einer Seite zur anderen, w\u00e4hrend Sie den Duft durch die Nase einatmen.<\/li>\n<li>F\u00fcr eine konzentriertere Erfahrung schlie\u00dfen Sie ein Nasenloch mit einem Finger und atmen Sie ruhig und tief durch das offene Nasenloch ein.<br \/>\n&#8211; Wiederholen Sie den Vorgang nach Bedarf mit dem anderen Nasenloch.<\/li>\n<\/ol>\n<h2>Empfehlung zur sicheren Verwendung<\/h2>\n<ul>\n<li><strong>Nur zur \u00e4u\u00dferlichen Anwendung<\/strong> &#8211; der Inhalator ist zum Schn\u00fcffeln in den Nasenl\u00f6chern bestimmt. Er sollte niemals eingenommen oder in der Nase verwendet werden. <\/li>\n<li><strong>Au\u00dferhalb der Reichweite von Kindern und Haustieren aufbewahren<\/strong>.<\/li>\n<li><strong>Nicht bei Kindern unter 3 Jahren anwenden<\/strong>. Der starke Menthol-Dampf kann f\u00fcr kleine Atemwege zu stark sein. <\/li>\n<li><strong>Bewahren Sie das Produkt v\u00f6llig unversehrt auf.<\/strong>  Der Inhalator enth\u00e4lt konzentrierte Mentholkristalle und darf nicht ge\u00f6ffnet, zerdr\u00fcckt oder durchstochen werden.<\/li>\n<li><strong>Wenn das Produkt besch\u00e4digt ist, werfen Sie es sofort weg.  <\/strong>Der direkte Kontakt mit den Kristallen kann Haut und Schleimh\u00e4ute reizen.<\/li>\n<li><strong>Vermeiden Sie den Kontakt mit den Augen und offenen Wunden. <\/strong>Sollte dies geschehen, sp\u00fclen Sie sofort mit Wasser nach.<\/li>\n<li><strong>Lagern Sie es an einem trockenen und k\u00fchlen Ort<\/strong>, fern von direktem Sonnenlicht und W\u00e4rmequellen.<\/li>\n<\/ul>\n<p><strong>Achtung:<\/strong> Das Produkt ist kein Arzneimittel und sollte nicht als Ersatz f\u00fcr eine medizinische Behandlung verwendet werden.<\/p>\n","protected":false},"excerpt":{"rendered":"<p>Naseninhalator mit Menthol &#8211; Frischer Wind f\u00fcr Ihre Nase &#8211; direkt in Ihrer Tasche!<\/p>\n<p>Enth\u00e4lt nat\u00fcrliche Mentholkristalle f\u00fcr ein intensives, frisches Dufterlebnis, wenn Sie einen erfrischenden Moment im Alltag brauchen. Menthol ist bekannt f\u00fcr sein unverwechselbares k\u00fchlendes Aroma, das viele mit einem Gef\u00fchl von &#8222;freien Atemwegen&#8220; und Wohlbefinden verbinden. Perfekt f\u00fcr Zeiten, in denen Sie das Bed\u00fcrfnis nach ein wenig zus\u00e4tzlicher Frische versp\u00fcren, wie z.B. beim Wechsel der Jahreszeiten oder wenn sich die Luft schwer anf\u00fchlt.  <\/p>\n<p>&nbsp;<\/p>\n<div id=\"gtx-trans\" style=\"position: absolute; left: 89px; top: 41px;\">\n<div class=\"gtx-trans-icon\"><\/div>\n<\/div>\n","protected":false},"featured_media":128578,"comment_status":"open","ping_status":"closed","template":"","meta":{"_acf_changed":false},"product-label":[1705,1696,1684,1688,1708],"product_brand":[],"product_cat":[457],"product_tag":[1915,1914],"class_list":{"0":"post-126095","1":"product","2":"type-product","3":"status-publish","4":"has-post-thumbnail","6":"product-label-100-naturligt-de","7":"product-label-produceret-i-danmark-de","8":"product-label-ikke-testet-paa-dyr-de","9":"product-label-parfumefri-de","10":"product-label-vegansk-de","11":"product_cat-allergi-wonder-de","12":"product_tag-breathe-again-spray-de","13":"product_tag-wieder-luft","15":"first","16":"instock","17":"taxable","18":"shipping-taxable","19":"purchasable","20":"product-type-simple"},"acf":[],"_links":{"self":[{"href":"https:\/\/hocl.dk\/de\/wp-json\/wp\/v2\/product\/126095","targetHints":{"allow":["GET"]}}],"collection":[{"href":"https:\/\/hocl.dk\/de\/wp-json\/wp\/v2\/product"}],"about":[{"href":"https:\/\/hocl.dk\/de\/wp-json\/wp\/v2\/types\/product"}],"replies":[{"embeddable":true,"href":"https:\/\/hocl.dk\/de\/wp-json\/wp\/v2\/comments?post=126095"}],"version-history":[{"count":3,"href":"https:\/\/hocl.dk\/de\/wp-json\/wp\/v2\/product\/126095\/revisions"}],"predecessor-version":[{"id":129742,"href":"https:\/\/hocl.dk\/de\/wp-json\/wp\/v2\/product\/126095\/revisions\/129742"}],"wp:featuredmedia":[{"embeddable":true,"href":"https:\/\/hocl.dk\/de\/wp-json\/wp\/v2\/media\/128578"}],"wp:attachment":[{"href":"https:\/\/hocl.dk\/de\/wp-json\/wp\/v2\/media?parent=126095"}],"wp:term":[{"taxonomy":"product-label","embeddable":true,"href":"https:\/\/hocl.dk\/de\/wp-json\/wp\/v2\/product-label?post=126095"},{"taxonomy":"product_brand","embeddable":true,"href":"https:\/\/hocl.dk\/de\/wp-json\/wp\/v2\/product_brand?post=126095"},{"taxonomy":"product_cat","embeddable":true,"href":"https:\/\/hocl.dk\/de\/wp-json\/wp\/v2\/product_cat?post=126095"},{"taxonomy":"product_tag","embeddable":true,"href":"https:\/\/hocl.dk\/de\/wp-json\/wp\/v2\/product_tag?post=126095"}],"curies":[{"name":"wp","href":"https:\/\/api.w.org\/{rel}","templated":true}]}}