{"id":128597,"date":"2025-08-13T13:18:32","date_gmt":"2025-08-13T13:18:32","guid":{"rendered":"https:\/\/hocl.dk\/?post_type=product&#038;p=128597"},"modified":"2026-04-16T16:13:32","modified_gmt":"2026-04-16T16:13:32","slug":"koerperpflege-set-kopier","status":"publish","type":"product","link":"https:\/\/hocl.dk\/de\/product\/bestseller-de\/koerperpflege-set-kopier\/","title":{"rendered":"Gro\u00dfes Nachf\u00fcllpack &#8211; Komfortgel Set"},"content":{"rendered":"<h2>Komfortgel &#8211; W\u00e4rmt und k\u00fchlt<\/h2>\n<p>Das Gamby Natur Nachf\u00fcllset f\u00fcr Komfortgel besteht aus zwei gro\u00dfen Tuben und einem praktischen Roll-on, so dass Sie Ihre K\u00f6rperpflege sowohl zu Hause als auch unterwegs verwenden k\u00f6nnen. Verwenden Sie die Tuben zum Nachf\u00fcllen, wenn der Roll-on leer ist, und vermeiden Sie, dass er ausgeht, wenn Sie ihn am meisten brauchen. Das Gel hat sowohl k\u00fchlende als auch w\u00e4rmende Eigenschaften und zieht schnell in die Haut ein, ohne zu fetten. Die Formel enth\u00e4lt Eukalyptus, japanisches Pfefferminz\u00f6l, Menthol und parf\u00fcmfreien Kampfer f\u00fcr ein angenehmes Gef\u00fchl auf der Haut. Kann vor und nach k\u00f6rperlicher Aktivit\u00e4t oder als regelm\u00e4\u00dfiger Bestandteil der t\u00e4glichen K\u00f6rperpflege verwendet werden.<\/p>\n<p><strong>Vorteile des Kits:<\/strong><\/p>\n<ul>\n<li>Dieselbe bekannte Formel in allen 3 Produkten<\/li>\n<li>Bequeme L\u00f6sung f\u00fcr zu Hause und unterwegs<\/li>\n<li>Verschiedene Verpackungsoptionen &#8211; Ideal sowohl f\u00fcr den t\u00e4glichen Gebrauch als auch f\u00fcr Zeiten, in denen Sie sich besonders auf Ihren K\u00f6rper konzentrieren<\/li>\n<li>Bietet eine angenehme Erfrischung<\/li>\n<li>Kann vor oder nach k\u00f6rperlicher Aktivit\u00e4t verwendet werden<\/li>\n<li>Geeignet f\u00fcr ein komfortables Erlebnis<\/li>\n<li>Mit dem praktischen Roller-Applikator l\u00e4sst sich das Produkt leicht auftragen, ohne dass es auf Ihre Finger kommt.<\/li>\n<li>Leicht im Auto oder in der Tasche zu transportieren. Auto oder Tasche<\/li>\n<li>Weniger Verpackungsm\u00fcll<\/li>\n<li>Der Walzenapplikator kann zum Einmassieren des Produkts verwendet werden<\/li>\n<\/ul>\n<div class=\"group\/conversation-turn relative flex w-full min-w-0 flex-col agent-turn\">\n<div class=\"flex-col gap-1 md:gap-3\">\n<div class=\"flex max-w-full flex-col flex-grow\">\n<div class=\"min-h-[20px] text-message flex w-full flex-col items-end gap-2 whitespace-normal break-words [.text-message+&amp;]:mt-5\" dir=\"auto\" data-message-author-role=\"assistant\" data-message-id=\"1d93d3f8-1e1f-450c-8f95-a02ef1bebf88\">\n<div class=\"flex w-full flex-col gap-1 empty:hidden first:pt-[3px]\">\n<div class=\"markdown prose w-full break-words dark:prose-invert light\">\n<div class=\"flex-shrink-0 flex flex-col relative items-end\">\n<div class=\"pt-0\">\n<div class=\"gizmo-bot-avatar flex h-8 w-8 items-center justify-center overflow-hidden rounded-full\">\n<div class=\"relative p-1 rounded-sm flex items-center justify-center bg-token-main-surface-primary text-token-text-primary h-8 w-8\">\n<div class=\"flex-shrink-0 flex flex-col relative items-end\">\n<div class=\"pt-0\">\n<div class=\"gizmo-bot-avatar flex h-8 w-8 items-center justify-center overflow-hidden rounded-full\"><\/div>\n<\/div>\n<\/div>\n<p>&nbsp;<\/p>\n<h4>Inhaltsstoffe in Komfortgel:<\/h4>\n<p><strong>Aqua<\/strong><em>(Wasser)<\/em>: Hauptbestandteil, der die Haut mit Feuchtigkeit versorgt und die gleichm\u00e4\u00dfige Verteilung der Wirkstoffe unterst\u00fctzt<\/p>\n<p><strong>Mentha Arvensis Herb Oil<\/strong><em> (Japanisches Pfefferminz\u00f6l)<\/em>: Tr\u00e4gt zu einem k\u00fchlenden und frischen Gef\u00fchl bei<\/p>\n<p><strong>Menthol<\/strong>: Sorgt f\u00fcr einen k\u00fchlenden Effekt<\/p>\n<p><strong>Cinnamomum Camphora Bark Oil<\/strong> <em>:<\/em> Unterst\u00fctzt ein angenehmes Erlebnis<\/p>\n<p><strong>Carbomer<\/strong> <em>(Verdickungsmittel<\/em>): Wird verwendet, um dem Gel eine weiche und angenehme Konsistenz zu verleihen.<\/p>\n<p><strong>Eucalyptus Globulus Leaf Oil<\/strong> <em>:<\/em> Verleiht einen angenehmen Duft und ein k\u00fchlendes Gef\u00fchl<\/p>\n<p><strong>Limonen <\/strong><em>(nat\u00fcrliche Duftkomponente):<\/em> Tr\u00e4gt zum Aroma des Produkts bei<\/p>\n<p><strong>Linalool <\/strong><em>(nat\u00fcrliche Duftkomponente):<\/em> Tr\u00e4gt zum Aroma des Produkts bei<\/p>\n<p><strong>CI 42090<\/strong> <em>(Farbstoff)<\/em>: Wird verwendet, um dem Produkt eine attraktive Farbe zu verleihen.<\/p>\n<p>&nbsp;<\/p>\n<h4>So verwenden Sie das Komfortgel:<\/h4>\n<ol>\n<li>Sch\u00fctteln Sie die Tube oder den Roll-on vor Gebrauch gut, damit sich die Inhaltsstoffe gleichm\u00e4\u00dfig verteilen.<\/li>\n<li>Tragen Sie eine angemessene Menge des Gels direkt auf den Bereich auf<\/li>\n<li>Massieren Sie das Gel in die Haut ein, bis es eingezogen ist. F\u00fcr ein optimales Ergebnis ist es wichtig, eine m\u00f6glichst gro\u00dfe Fl\u00e4che zu behandeln.<br \/>\n&#8211; Zum Beispiel. Bei der Anwendung am Ellenbogen empfehlen wir, die Creme von den Fingerspitzen bis zum Hals aufzutragen.<br \/>\n&#8211; Zum Beispiel. Bei der Anwendung auf den Knien empfehlen wir, die Creme von den Zehenspitzen nach hinten aufzutragen.<\/li>\n<\/ol>\n<p>Bewahren Sie den Komfortgel an einem k\u00fchlen Ort auf, z.B. in einem K\u00fchlraum oder im K\u00fchlschrank, da die k\u00fchlende Wirkung sofort nach der Anwendung einsetzt.<\/p>\n<p>&nbsp;<\/p>\n<div class=\"relative p-1 rounded-sm flex items-center justify-center bg-token-main-surface-primary text-token-text-primary h-8 w-8\"><strong>Wer kann Gamby Natur Komfortgel verwenden?<\/strong><\/div>\n<div class=\"relative p-1 rounded-sm flex items-center justify-center bg-token-main-surface-primary text-token-text-primary h-8 w-8\">Das Komfortgel ist ideal f\u00fcr Erwachsene und \u00e4ltere Kinder, die ein k\u00fchlendes und w\u00e4rmendes Gef\u00fchl w\u00fcnschen.<\/div>\n<div>\n<div class=\"flex-shrink-0 flex flex-col relative items-end\">\n<div class=\"pt-0\">\n<div class=\"gizmo-bot-avatar flex h-8 w-8 items-center justify-center overflow-hidden rounded-full\">\n<div class=\"relative p-1 rounded-sm flex items-center justify-center bg-token-main-surface-primary text-token-text-primary h-8 w-8\">\n<div class=\"flex-shrink-0 flex flex-col relative items-end\">\n<div class=\"pt-0\">\n<div class=\"gizmo-bot-avatar flex h-8 w-8 items-center justify-center overflow-hidden rounded-full\">\n<div><\/div>\n<h4 class=\"relative p-1 rounded-sm flex items-center justify-center bg-token-main-surface-primary text-token-text-primary h-8 w-8\"><span style=\"color: #1b1919; font-size: 24px;\">Tanken<\/span><\/h4>\n<\/div>\n<\/div>\n<\/div>\n<\/div>\n<\/div>\n<\/div>\n<\/div>\n<p>Komfortgel Roll-On ist sowohl praktisch als auch umweltfreundlich. Er ist so konzipiert, dass er leicht aus der Tube nachgef\u00fcllt werden kann, da der Roll-On-Applikator nicht aufgeklebt ist. Diese Eigenschaft reduziert den Abfall und f\u00f6rdert die nachhaltige Verwendung von Verpackungen, so dass Sie eine verantwortungsvollere Konsumkultur unterst\u00fctzen k\u00f6nnen.<\/p>\n<p>&nbsp;<\/p>\n<\/div>\n<\/div>\n<\/div>\n<\/div>\n<\/div>\n<\/div>\n<\/div>\n<\/div>\n<\/div>\n<\/div>\n<\/div>\n<div class=\"group\/conversation-turn relative flex w-full min-w-0 flex-col agent-turn\">\n<div class=\"flex-col gap-1 md:gap-3\">\n<div class=\"flex max-w-full flex-col flex-grow\">\n<div class=\"min-h-[20px] text-message flex w-full flex-col items-end gap-2 whitespace-normal break-words [.text-message+&amp;]:mt-5\" dir=\"auto\" data-message-author-role=\"assistant\" data-message-id=\"1d93d3f8-1e1f-450c-8f95-a02ef1bebf88\">\n<div class=\"flex w-full flex-col gap-1 empty:hidden first:pt-[3px]\">\n<div class=\"markdown prose w-full break-words dark:prose-invert light\">\n<div class=\"group\/conversation-turn relative flex w-full min-w-0 flex-col agent-turn\">\n<div class=\"flex-col gap-1 md:gap-3\">\n<div class=\"flex max-w-full flex-col flex-grow\">\n<div class=\"min-h-[20px] text-message flex w-full flex-col items-end gap-2 whitespace-normal break-words [.text-message+&amp;]:mt-5\" dir=\"auto\" data-message-author-role=\"assistant\" data-message-id=\"1d93d3f8-1e1f-450c-8f95-a02ef1bebf88\">\n<div class=\"flex w-full flex-col gap-1 empty:hidden first:pt-[3px]\">\n<div>\n<h4>Empfehlungen f\u00fcr die Verwendung:<\/h4>\n<ul>\n<li>Testen Sie das Produkt vor der Anwendung auf einer kleinen Fl\u00e4che<\/li>\n<li>Vermeiden Sie den Kontakt mit Augen, Schleimh\u00e4uten und offenen Wunden<\/li>\n<li>Das Produkt ist nur zur \u00e4u\u00dferlichen Anwendung bestimmt und sollte auf intakter Haut verwendet werden<\/li>\n<li>Nicht geeignet f\u00fcr Kinder unter 3 Jahren<\/li>\n<li>Wegen der kleinen Teile von kleinen Kindern fernhalten<\/li>\n<li>K\u00fchl und trocken lagern (max. 24\u00b0C)<\/li>\n<\/ul>\n<p>Hinweis: Gamby Natur Komfortgel ist ein kosmetisches Produkt, das Ihre t\u00e4gliche Pflege und Ihr Wohlbefinden erg\u00e4nzt. Sie ist nicht f\u00fcr die Behandlung, Diagnose oder Vorbeugung von Krankheiten bestimmt.<\/p>\n<\/div>\n<\/div>\n<\/div>\n<\/div>\n<\/div>\n<\/div>\n<\/div>\n<\/div>\n<\/div>\n<\/div>\n<\/div>\n<\/div>\n","protected":false},"excerpt":{"rendered":"<p>2xTube (250ml)<br \/>\nRoll-On (60ml)<\/p>\n<p>Das Gamby Natur Nachf\u00fcllset f\u00fcr Komfortgel besteht aus zwei gro\u00dfen Tuben und einem praktischen Roll-on, so dass Sie Ihre K\u00f6rperpflege sowohl zu Hause als auch unterwegs verwenden k\u00f6nnen. Verwenden Sie die Tuben zum Nachf\u00fcllen, wenn der Roll-on leer ist, und vermeiden Sie, dass er ausgeht, wenn Sie ihn am meisten brauchen. Das Gel hat sowohl k\u00fchlende als auch w\u00e4rmende Eigenschaften und zieht schnell in die Haut ein, ohne zu fetten. Die Formel enth\u00e4lt Eukalyptus, japanisches Pfefferminz\u00f6l, Menthol und parf\u00fcmfreien Kampfer f\u00fcr ein angenehmes Gef\u00fchl auf der Haut. Kann vor und nach k\u00f6rperlicher Aktivit\u00e4t oder als regelm\u00e4\u00dfiger Bestandteil der t\u00e4glichen K\u00f6rperpflege verwendet werden.<\/p>\n","protected":false},"featured_media":133559,"comment_status":"open","ping_status":"closed","template":"","meta":{"_acf_changed":false},"product-label":[1700,1696,1684],"product_brand":[],"product_cat":[607,493],"product_tag":[1860,507,624,622,623,495,471],"class_list":{"0":"post-128597","1":"product","2":"type-product","3":"status-publish","4":"has-post-thumbnail","6":"product-label-mod-hudproblemer-de","7":"product-label-produceret-i-danmark-de","8":"product-label-ikke-testet-paa-dyr-de","9":"product_cat-bestseller-de","10":"product_cat-blue-wonder-de","11":"product_tag-bestseller-kit-blaues-wunder","12":"product_tag-blau","13":"product_tag-blaues-wunderpaket","14":"product_tag-natuerliche-schmerzlinderung","15":"product_tag-natuerliche-zutaten","16":"product_tag-weisses-wunder","17":"product_tag-wunder","19":"first","20":"instock","21":"sale","22":"taxable","23":"shipping-taxable","24":"purchasable","25":"product-type-simple"},"acf":[],"_links":{"self":[{"href":"https:\/\/hocl.dk\/de\/wp-json\/wp\/v2\/product\/128597","targetHints":{"allow":["GET"]}}],"collection":[{"href":"https:\/\/hocl.dk\/de\/wp-json\/wp\/v2\/product"}],"about":[{"href":"https:\/\/hocl.dk\/de\/wp-json\/wp\/v2\/types\/product"}],"replies":[{"embeddable":true,"href":"https:\/\/hocl.dk\/de\/wp-json\/wp\/v2\/comments?post=128597"}],"version-history":[{"count":8,"href":"https:\/\/hocl.dk\/de\/wp-json\/wp\/v2\/product\/128597\/revisions"}],"predecessor-version":[{"id":133565,"href":"https:\/\/hocl.dk\/de\/wp-json\/wp\/v2\/product\/128597\/revisions\/133565"}],"wp:featuredmedia":[{"embeddable":true,"href":"https:\/\/hocl.dk\/de\/wp-json\/wp\/v2\/media\/133559"}],"wp:attachment":[{"href":"https:\/\/hocl.dk\/de\/wp-json\/wp\/v2\/media?parent=128597"}],"wp:term":[{"taxonomy":"product-label","embeddable":true,"href":"https:\/\/hocl.dk\/de\/wp-json\/wp\/v2\/product-label?post=128597"},{"taxonomy":"product_brand","embeddable":true,"href":"https:\/\/hocl.dk\/de\/wp-json\/wp\/v2\/product_brand?post=128597"},{"taxonomy":"product_cat","embeddable":true,"href":"https:\/\/hocl.dk\/de\/wp-json\/wp\/v2\/product_cat?post=128597"},{"taxonomy":"product_tag","embeddable":true,"href":"https:\/\/hocl.dk\/de\/wp-json\/wp\/v2\/product_tag?post=128597"}],"curies":[{"name":"wp","href":"https:\/\/api.w.org\/{rel}","templated":true}]}}