{"id":128880,"date":"2025-05-07T13:19:54","date_gmt":"2025-05-07T13:19:54","guid":{"rendered":"https:\/\/hocl.dk\/product\/unkategorisiert\/wunder-poseidon-groesse-40-41\/"},"modified":"2025-05-07T13:19:54","modified_gmt":"2025-05-07T13:19:54","slug":"wunder-poseidon-groesse-40-41","status":"publish","type":"product","link":"https:\/\/hocl.dk\/de\/product\/wonder-poseidon-de\/wunder-poseidon-groesse-40-41\/","title":{"rendered":"Wunder Poseidon Gr\u00f6\u00dfe 40-41"},"content":{"rendered":"<p>Wonder Poseidon wassergef\u00fcllte Schuheinlagen wurden entwickelt, um Ihren F\u00fc\u00dfen ein einzigartiges Komfort-Erlebnis zu bieten. Die Einlegesohlen bestehen aus zwei verschwei\u00dften Folienschichten, die mit Fl\u00fcssigkeit gef\u00fcllt sind, die sich bewegt, wenn Sie gehen oder stehen. Dies sorgt f\u00fcr eine sanfte Massage und Polsterung, die Sie den ganzen Tag \u00fcber sp\u00fcren.  <\/p>\n<p>&nbsp;<\/p>\n<p><strong>Besonders gut, weil:  <\/strong><\/p>\n<ul>\n<li>Hat eine sto\u00dfd\u00e4mpfende Wirkung<\/li>\n<li>Bietet eine Massage f\u00fcr die F\u00fc\u00dfe<\/li>\n<li>Hat eine positive Wirkung auf den Blutkreislauf<\/li>\n<li>Entlastet Druckstellen unter den F\u00fc\u00dfen<\/li>\n<li>Steigert Ihr Wohlbefinden<\/li>\n<\/ul>\n<h2><strong>Wie funktioniert das?<\/strong><\/h2>\n<p>Stellen Sie sich vor, Sie gehen auf einer weichen, gepolsterten Oberfl\u00e4che statt auf einem harten Boden. Wenn Sie absteigen, dr\u00fcckt Ihr Gewicht das Wasser unter Ihrem Fu\u00df nach vorne &#8211; und wenn Sie absteigen, gleitet das Wasser zur\u00fcck. Diese nat\u00fcrliche Bewegung verteilt den Druck unter den F\u00fc\u00dfen und entlastet empfindliche Bereiche wie Ferse, Vorfu\u00df und Fu\u00dfgew\u00f6lbe. So setzt die geringste Ver\u00e4nderung der Fu\u00dfbelastung das Wasser sofort in Bewegung und die pr\u00e4zise platzierten Fl\u00fcssigkeitsbremsen sorgen daf\u00fcr, dass das Wasser in der richtigen Geschwindigkeit zirkuliert. Dies wird als angenehme Fu\u00dfmassage empfunden.    <\/p>\n<p><strong>Erleichterung und D\u00e4mpfung bei jeder Bewegung<\/strong><br \/>\nSelbst gute Schuhe k\u00f6nnen eine begrenzte D\u00e4mpfung aufweisen, insbesondere auf hartem Untergrund wie Beton. Die Wonder Poseidon Einlegesohlen sorgen f\u00fcr eine zus\u00e4tzliche Weichheit, die bei jedem Schritt einen Teil des Aufpralls abfedert. Das entlastet nicht nur die F\u00fc\u00dfe, sondern auch Knie, H\u00fcfte und R\u00fccken.  <\/p>\n<p><strong>Machen Sie einen Unterschied, auch wenn Sie still stehen<\/strong><br \/>\nWenn Sie still stehen &#8211; zum Beispiel an einem h\u00f6henverstellbaren Tisch, in einem Gesch\u00e4ft oder am K\u00fcchentisch &#8211; beginnen Sie unbewusst, sich leicht zu neigen, wenn das Wasser unter Ihren F\u00fc\u00dfen nachgibt. Diese kleinen Mikrobewegungen halten Ihre F\u00fc\u00dfe und Beine in Bewegung und k\u00f6nnen sich angenehmer anf\u00fchlen, als v\u00f6llig still zu stehen. <\/p>\n<p><strong>Leichte Massage bei jedem Schritt<\/strong><br \/>\nDas Wasser in den Einlegesohlen bewegt sich hin und her und sorgt so f\u00fcr eine sanfte Fu\u00dfmassage. Das kann sich wie ein kleiner Luxus im Alltag anf\u00fchlen &#8211; bei der Arbeit, zu Hause oder bei einem Spaziergang. F\u00fcr diejenigen, die oft m\u00fcde F\u00fc\u00dfe haben, kann diese leichte Massage einen sp\u00fcrbaren Unterschied machen.  <\/p>\n<p><strong>Erleichterung im Alltag<\/strong><br \/>\nEgal, ob Sie Friseur, Koch, Verk\u00e4ufer, Lagerarbeiter sind oder einfach jeden Tag viel laufen, die Wonder Poseidon Einlegesohlen k\u00f6nnen Ihnen helfen. Sie machen Ihre Schritte weicher, Ihre Belastung geringer &#8211; und Ihre langen Tage ein wenig angenehmer. <\/p>\n<p>&nbsp;<\/p>\n<h2>Reinigung:<\/h2>\n<p>Der Einsatz wird in normalem Waschmittel (vorzugsweise in einem W\u00e4schesack) bei einer Temperatur von maximal 30-40 Grad gewaschen. <\/p>\n<p>&nbsp;<\/p>\n<h2>Gr\u00f6\u00dfe der Schuheinlage:<\/h2>\n<p>Die L\u00e4nge der Einlage sollte so an den Fu\u00df angepasst sein, dass kein Wasser unter den Zehen steht. Legen Sie die Einlage so in den Schuh, dass die graue Veloursoberfl\u00e4che nach oben zur Fu\u00dfsohle zeigt und auch an der Ferse fest anliegt. Obwohl die Einlegesohle k\u00fcrzer ist als der Schuh, bleibt sie an ihrem Platz, ohne im Schuh nachzugeben.  <\/p>\n<p>&nbsp;<\/p>\n<h2>Individuelle Anpassung an den Schuh:<\/h2>\n<p>Bevor Sie die Einlegesohle verwenden, sollten Sie den Schuh sorgf\u00e4ltig von Gegenst\u00e4nden reinigen, die die Einlegesohle besch\u00e4digen k\u00f6nnten.<\/p>\n<p>Die Gr\u00f6\u00dfe der Einlegesohle passt f\u00fcr zwei Schuhgr\u00f6\u00dfen, da es zwei geschlossene Bereiche an der Zehenspitze gibt &#8211; ohne Wasser. Der vordere Bereich der Einlegesohle kann mit einer Schere an die Gr\u00f6\u00dfe des Schuhs angepasst werden. Die Einlegesohle muss flach und glatt im Schuh liegen; es sollten sich keine Falten in der Einlegesohle bilden, nachdem sie in den Schuh gelegt wurde. Bei offenen Schuhen, wie Hausschuhen und Clogs, ist es ratsam, die Einlegesohle mit doppelseitigem Klebeband an der Ferse zu befestigen. Wenn die Einlegesohle zum ersten Mal verwendet wird, kann es zu einem Flie\u00dfen kommen, das jedoch nach kurzer Zeit vollst\u00e4ndig aufh\u00f6rt.     <\/p>\n","protected":false},"excerpt":{"rendered":"<p><strong>Paar. Gr\u00f6\u00dfe 40-41 <\/strong><\/p>\n<p>Die mit Wasser gef\u00fcllten Schuheinlagen von Wonder Poseidon bieten Ihren F\u00fc\u00dfen eine einzigartige Kombination aus D\u00e4mpfung, Druckentlastung und angenehmer Massage. Die Einlegesohle verteilt die Last gleichm\u00e4\u00dfig unter dem Fu\u00df, entlastet die Ferse, das Fu\u00dfgew\u00f6lbe und den Vorfu\u00df und kann dazu beitragen, die Blutzirkulation anzuregen &#8211; selbst wenn Sie stundenlang auf harten B\u00f6den wie Beton stehen. Perfekt f\u00fcr alle, die sich mehr Komfort, Unterst\u00fctzung und Wohlbefinden im Alltag w\u00fcnschen, egal ob Sie arbeiten, m\u00fcde Beine haben, viel laufen oder stehen. Passt f\u00fcr fast alle Schuhtypen und ist einfach zu verwenden.  <\/p>\n","protected":false},"featured_media":125502,"comment_status":"open","ping_status":"closed","template":"","meta":{"_acf_changed":false},"product-label":[1696,1684,1688],"product_brand":[],"product_cat":[1934],"product_tag":[],"class_list":{"0":"post-128880","1":"product","2":"type-product","3":"status-publish","4":"has-post-thumbnail","6":"product-label-produceret-i-danmark-de","7":"product-label-ikke-testet-paa-dyr-de","8":"product-label-parfumefri-de","9":"product_cat-wonder-poseidon-de","11":"first","12":"instock","13":"taxable","14":"shipping-taxable","15":"purchasable","16":"product-type-simple"},"acf":[],"_links":{"self":[{"href":"https:\/\/hocl.dk\/de\/wp-json\/wp\/v2\/product\/128880","targetHints":{"allow":["GET"]}}],"collection":[{"href":"https:\/\/hocl.dk\/de\/wp-json\/wp\/v2\/product"}],"about":[{"href":"https:\/\/hocl.dk\/de\/wp-json\/wp\/v2\/types\/product"}],"replies":[{"embeddable":true,"href":"https:\/\/hocl.dk\/de\/wp-json\/wp\/v2\/comments?post=128880"}],"version-history":[{"count":0,"href":"https:\/\/hocl.dk\/de\/wp-json\/wp\/v2\/product\/128880\/revisions"}],"wp:featuredmedia":[{"embeddable":true,"href":"https:\/\/hocl.dk\/de\/wp-json\/wp\/v2\/media\/125502"}],"wp:attachment":[{"href":"https:\/\/hocl.dk\/de\/wp-json\/wp\/v2\/media?parent=128880"}],"wp:term":[{"taxonomy":"product-label","embeddable":true,"href":"https:\/\/hocl.dk\/de\/wp-json\/wp\/v2\/product-label?post=128880"},{"taxonomy":"product_brand","embeddable":true,"href":"https:\/\/hocl.dk\/de\/wp-json\/wp\/v2\/product_brand?post=128880"},{"taxonomy":"product_cat","embeddable":true,"href":"https:\/\/hocl.dk\/de\/wp-json\/wp\/v2\/product_cat?post=128880"},{"taxonomy":"product_tag","embeddable":true,"href":"https:\/\/hocl.dk\/de\/wp-json\/wp\/v2\/product_tag?post=128880"}],"curies":[{"name":"wp","href":"https:\/\/api.w.org\/{rel}","templated":true}]}}