{"id":131575,"date":"2025-12-08T14:39:06","date_gmt":"2025-12-08T14:39:06","guid":{"rendered":"https:\/\/hocl.dk\/?post_type=product&#038;p=131575"},"modified":"2025-12-08T15:55:40","modified_gmt":"2025-12-08T15:55:40","slug":"bienenwachsbalsam-stick-kopier","status":"publish","type":"product","link":"https:\/\/hocl.dk\/de\/product\/white-wonder-de\/bienenwachsbalsam-stick-kopier\/","title":{"rendered":"Bienenwachsbalsam &#8211; Stick (Kopier)"},"content":{"rendered":"<p>Diese kompakte Version des Bienenwachsbalsams ist ideal f\u00fcr die Handtasche, die Hosentasche oder die Wickeltasche. Der speziell entworfene &#8222;Kopf&#8220; des Sticks dient als Applikator und ist somit perfekt zum Auftragen auf die Lippen geeignet. Bienenwachsbalsam ist eine vielseitige Salbe, die dazu beitr\u00e4gt, die Feuchtigkeit und Geschmeidigkeit der Haut zu erhalten. Sie kann am ganzen K\u00f6rper verwendet werden, insbesondere an trockenen Stellen wie H\u00e4nden, F\u00fc\u00dfen, Ellenbogen und Knien. Mit einer Kombination aus Bienenwachs, Traubenkern\u00f6l und feuchtigkeitsspendenden Inhaltsstoffen sorgt sie f\u00fcr ein angenehmes Hautgef\u00fchl. Die sanfte Formel macht sie f\u00fcr die t\u00e4gliche Anwendung f\u00fcr die ganze Familie geeignet und wurde mit Blick auf eine einfache Hautpflegeroutine entwickelt.     <\/p>\n<p><strong>Vorteile:<\/strong> Der Bienenwachsbalsam Stick ist ein kosmetisches Produkt, das dazu beitragen kann, die Haut weich und mit Feuchtigkeit zu versorgen. Es bildet eine sch\u00fctzende Barriere, die hilft, die Feuchtigkeit in der Haut zu halten. <\/p>\n<p>&nbsp;<\/p>\n<p><strong>Es kann verwendet werden f\u00fcr:<\/strong><\/p>\n<ul>\n<li>Allgemeine Ganzk\u00f6rperpflege<\/li>\n<li>Trockene und empfindliche Haut<\/li>\n<li>Haut, die besondere Pflege braucht<\/li>\n<li>Pflege f\u00fcr H\u00e4nde, F\u00fc\u00dfe und Lippen<\/li>\n<li>Haut, die der Sonne oder K\u00e4lte ausgesetzt war<\/li>\n<li>Sehr trockene Haut<\/li>\n<li>Trockene Lippen<\/li>\n<li>Feuchtigkeitsbed\u00fcrftige Haut<\/li>\n<\/ul>\n<p>&nbsp;<\/p>\n<h2>Zutaten:<\/h2>\n<p><strong>Petrolatum<\/strong> (nat\u00fcrliche Vaseline): Bildet eine sch\u00fctzende Barriere auf der Hautoberfl\u00e4che und hilft, Feuchtigkeit zu speichern.<\/p>\n<p><strong>Vitis Vinifera Seed Oil<\/strong> (Bio-Traubenkern\u00f6l): Ein leichtes \u00d6l, das schnell von der Haut aufgenommen wird und Antioxidantien und essentielle Fetts\u00e4uren enth\u00e4lt<\/p>\n<p><strong>Cera Alba<\/strong> (100% reines Bienenwachs): Bildet einen sch\u00fctzenden Film auf der Haut, der die Feuchtigkeit einschlie\u00dft.<\/p>\n<p>&nbsp;<\/p>\n<h2>Anwendung und Verwendung:<\/h2>\n<p>Tragen Sie eine kleine Menge auf die gew\u00fcnschten Stellen auf. Verwenden Sie nur so viel, wie die Haut aufnehmen kann (z.B. eine Erbsengr\u00f6\u00dfe f\u00fcr zwei H\u00e4nde). <\/p>\n<p>Der Bienenwachsbalsam Stick kann am ganzen K\u00f6rper und je nach Bedarf verwendet werden. F\u00fcr eine optimale Pflege empfiehlt es sich, das Produkt morgens und abends zu verwenden. Es ist f\u00fcr alle Hauttypen und jedes Alter geeignet.  <\/p>\n<p>&nbsp;<\/p>\n<h2>Sicherheitsempfehlungen:<\/h2>\n<ul>\n<li>Verwenden Sie nur eine kleine Menge des Produkts &#8211; Es handelt sich um eine Fettsalbe, daher ist eine d\u00fcnne Schicht ausreichend.<\/li>\n<li>Vermeiden Sie den Kontakt mit den Augen<\/li>\n<li>Au\u00dferhalb der Reichweite von kleinen Kindern aufbewahren (wegen der kleinen Teile)<\/li>\n<li>Bei empfindlicher Haut empfiehlt es sich, das Produkt vor der Anwendung auf einer kleinen Hautpartie zu testen.<\/li>\n<li>Bienenwachsbalsam Stick sollte bei Raumtemperatur (18-25 Grad) gelagert werden.<\/li>\n<\/ul>\n","protected":false},"excerpt":{"rendered":"<p>12ml.<br \/>\nDiese kompakte Version des Bienenwachsbalsams ist ideal f\u00fcr die Handtasche, den Geldbeutel oder die Wickeltasche. Der speziell entworfene &#8218;Kopf&#8216; des Sticks dient als Applikator und ist somit perfekt zum Auftragen auf die Lippen geeignet. Bienenwachsbalsam ist eine vielseitige Salbe, die dazu beitr\u00e4gt, die Feuchtigkeit und Geschmeidigkeit der Haut zu erhalten. Sie kann am ganzen K\u00f6rper verwendet werden, insbesondere an trockenen Stellen wie H\u00e4nden, F\u00fc\u00dfen, Ellenbogen und Knien. Mit einer Kombination aus Bienenwachs, Traubenkern\u00f6l und feuchtigkeitsspendenden Inhaltsstoffen sorgt sie f\u00fcr ein angenehmes Hautgef\u00fchl. Die sanfte Formel macht sie f\u00fcr die t\u00e4gliche Anwendung f\u00fcr die ganze Familie geeignet und wurde mit Blick auf eine einfache Hautpflegeroutine entwickelt.     <\/p>\n","protected":false},"featured_media":131752,"comment_status":"open","ping_status":"closed","template":"","meta":{"_acf_changed":false},"product-label":[1700,1696,1684],"product_brand":[],"product_cat":[490],"product_tag":[1864],"class_list":{"0":"post-131575","1":"product","2":"type-product","3":"status-publish","4":"has-post-thumbnail","6":"product-label-mod-hudproblemer-de","7":"product-label-produceret-i-danmark-de","8":"product-label-ikke-testet-paa-dyr-de","9":"product_cat-white-wonder-de","10":"product_tag-bienenwachs-salbe","12":"first","13":"instock","14":"taxable","15":"shipping-taxable","16":"purchasable","17":"product-type-simple"},"acf":[],"_links":{"self":[{"href":"https:\/\/hocl.dk\/de\/wp-json\/wp\/v2\/product\/131575","targetHints":{"allow":["GET"]}}],"collection":[{"href":"https:\/\/hocl.dk\/de\/wp-json\/wp\/v2\/product"}],"about":[{"href":"https:\/\/hocl.dk\/de\/wp-json\/wp\/v2\/types\/product"}],"replies":[{"embeddable":true,"href":"https:\/\/hocl.dk\/de\/wp-json\/wp\/v2\/comments?post=131575"}],"version-history":[{"count":1,"href":"https:\/\/hocl.dk\/de\/wp-json\/wp\/v2\/product\/131575\/revisions"}],"predecessor-version":[{"id":131579,"href":"https:\/\/hocl.dk\/de\/wp-json\/wp\/v2\/product\/131575\/revisions\/131579"}],"wp:featuredmedia":[{"embeddable":true,"href":"https:\/\/hocl.dk\/de\/wp-json\/wp\/v2\/media\/131752"}],"wp:attachment":[{"href":"https:\/\/hocl.dk\/de\/wp-json\/wp\/v2\/media?parent=131575"}],"wp:term":[{"taxonomy":"product-label","embeddable":true,"href":"https:\/\/hocl.dk\/de\/wp-json\/wp\/v2\/product-label?post=131575"},{"taxonomy":"product_brand","embeddable":true,"href":"https:\/\/hocl.dk\/de\/wp-json\/wp\/v2\/product_brand?post=131575"},{"taxonomy":"product_cat","embeddable":true,"href":"https:\/\/hocl.dk\/de\/wp-json\/wp\/v2\/product_cat?post=131575"},{"taxonomy":"product_tag","embeddable":true,"href":"https:\/\/hocl.dk\/de\/wp-json\/wp\/v2\/product_tag?post=131575"}],"curies":[{"name":"wp","href":"https:\/\/api.w.org\/{rel}","templated":true}]}}