{"id":133391,"date":"2026-04-13T13:51:15","date_gmt":"2026-04-13T13:51:15","guid":{"rendered":"https:\/\/hocl.dk\/?post_type=product&#038;p=133391"},"modified":"2026-04-13T13:54:28","modified_gmt":"2026-04-13T13:54:28","slug":"magnesium-spray-1x200ml-kopier","status":"publish","type":"product","link":"https:\/\/hocl.dk\/de\/product\/magnesium-de\/magnesium-spray-1x200ml-kopier\/","title":{"rendered":"Magnesium Spray 1x200ml (Kopier)"},"content":{"rendered":"<div class=\"html-div xdj266r x11i5rnm xat24cr x1mh8g0r xexx8yu x4uap5 x18d9i69 xkhd6sd x78zum5 x15zctf7\">\n<div class=\"html-div xdj266r x11i5rnm xat24cr x1mh8g0r xexx8yu x4uap5 x18d9i69 xkhd6sd xeuugli x1vjfegm\">\n<div class=\"html-div xdj266r x11i5rnm xat24cr x1mh8g0r xexx8yu x4uap5 x18d9i69 xkhd6sd x78zum5 xh8yej3\" role=\"presentation\">\n<div class=\"x78zum5 xdt5ytf x193iq5w x1n2onr6 x1kxipp6 xuk3077\">\n<div class=\"x78zum5 xh8yej3\" role=\"none\">\n<div class=\"html-div xdj266r x11i5rnm xat24cr x1mh8g0r xexx8yu x4uap5 x18d9i69 xkhd6sd x6ikm8r x10wlt62\">\n<div class=\"html-div xdj266r x11i5rnm xat24cr x1mh8g0r x14ctfv x1okitfd x6ikm8r x10wlt62 xerhiuh x1pn3fxy x12xxe5f x1szedp3 x1n2onr6 x1vjfegm x1k4qllp x1mzt3pk x13faqbe x11jlvup xpmdkuv x154zaqr x12z03op xyhp3ou x13fuv20 xu3j5b3 x1q0q8m5 x26u7qi x12lizq0 xf766zg x1ybe9c6 x1ts5dru xp5s12f x11ucwad xgtuqic x155c047\" role=\"presentation\">\n<h1 dir=\"auto\">Magnesium-Spray<\/h1>\n<p class=\"html-div xexx8yu x4uap5 x18d9i69 xkhd6sd x1gslohp x11i5rnm x12nagc x1mh8g0r x1yc453h x126k92a xyk4ms5\" dir=\"auto\">Magnesiumspray ist ein essentielles Mineral, das der K\u00f6rper bei vielen nat\u00fcrlichen Prozessen verwendet. Wenn es auf die Haut aufgetragen wird, zieht es schnell ein und kann Teil einer entspannenden Hautpflegeroutine sein, insbesondere wenn sich der K\u00f6rper m\u00fcde und angespannt f\u00fchlt. Angereichert mit Menthol, japanischer Minze, Eukalyptus und unparf\u00fcmiertem Kampfer, bietet es ein w\u00e4rmendes, k\u00fchlendes und erfrischendes Gef\u00fchl. Perfekt f\u00fcr die t\u00e4gliche Anwendung, nach k\u00f6rperlicher Aktivit\u00e4t oder als Teil der Abendroutine f\u00fcr die ganze Familie.   <\/p>\n<h3 class=\"html-div xexx8yu x4uap5 x18d9i69 xkhd6sd x1gslohp x11i5rnm x12nagc x1mh8g0r x1yc453h x126k92a xyk4ms5\" dir=\"auto\">&#8211;<\/h3>\n<\/div>\n<div class=\"html-div xdj266r x11i5rnm xat24cr x1mh8g0r x14ctfv x1okitfd x6ikm8r x10wlt62 xerhiuh x1pn3fxy x12xxe5f x1szedp3 x1n2onr6 x1vjfegm x1k4qllp x1mzt3pk x13faqbe x11jlvup xpmdkuv x154zaqr x12z03op xyhp3ou x13fuv20 xu3j5b3 x1q0q8m5 x26u7qi x12lizq0 xf766zg x1ybe9c6 x1ts5dru xp5s12f x11ucwad xgtuqic x155c047\" role=\"presentation\">\n<h3 class=\"html-div xexx8yu x4uap5 x18d9i69 xkhd6sd x1gslohp x11i5rnm x12nagc x1mh8g0r x1yc453h x126k92a xyk4ms5\" dir=\"auto\"><strong>Besonders gut f\u00fcr:  <\/strong><\/h3>\n<p><strong>Nach einem langen Tag<\/strong> &#8211; Ein erfrischendes Gef\u00fchl, wenn Ihr K\u00f6rper sich m\u00fcde f\u00fchlt<\/p>\n<p><strong>Nach dem Training oder k\u00f6rperlicher Aktivit\u00e4t &#8211;<\/strong> Die k\u00fchlende Wirkung von Menthol und japanischer Minze hinterl\u00e4sst ein angenehmes Gef\u00fchl<\/p>\n<p><strong>Bei Verspannungen<\/strong> &#8211; Die Kombination aus Menthol, Kampfer und Magnesium sorgt f\u00fcr einen abwechselnden K\u00e4lte- und W\u00e4rmeeffekt<\/p>\n<p><strong>Nachtpflege<\/strong> &#8211; Teil einer beruhigenden Abendroutine, perfekt f\u00fcr Beine und Waden<\/p>\n<p><strong>Selbstverw\u00f6hnung<\/strong> &#8211; Eine schnelle und einfache Erg\u00e4nzung zu Ihrer K\u00f6rperpflege-Routine<\/p>\n<p>&#8211;<\/p>\n<h2 class=\"html-div xexx8yu x4uap5 x18d9i69 xkhd6sd x1gslohp x11i5rnm x12nagc x1mh8g0r x1yc453h x126k92a xyk4ms5\" dir=\"auto\">Inhaltsstoffe (Magnesiumspray)<\/h2>\n<p class=\"html-div xexx8yu x4uap5 x18d9i69 xkhd6sd x1gslohp x11i5rnm x12nagc x1mh8g0r x1yc453h x126k92a xyk4ms5\" dir=\"auto\"><strong>Aqua<\/strong> &#8211; Wasser, das als Tr\u00e4ger f\u00fcr die Wirkstoffe dient<\/p>\n<p dir=\"auto\"><strong>Menthol<\/strong> &#8211; Erzeugt ein k\u00fchlendes Gef\u00fchl, das die Haut frisch erscheinen l\u00e4sst<\/p>\n<p dir=\"auto\"><strong>Mentha Piperita<\/strong> (Pfefferminz\u00f6l) &#8211; Hat eine erfrischende Wirkung und sorgt f\u00fcr ein k\u00fchlendes Gef\u00fchl<\/p>\n<p dir=\"auto\"><strong>Cinnamomum Camphora (Kampfer<\/strong> ) \u00d6l &#8211; Erzeugt ein abwechselnd hei\u00dfes und kaltes Gef\u00fchl, das die Blutzirkulation der Haut anregt<\/p>\n<p dir=\"auto\"><strong>Eucalyptus Globulus Leaf Extract<\/strong> (Eukalyptus) &#8211; Bekannt f\u00fcr sein frisches und reinigendes Gef\u00fchl auf der Haut<\/p>\n<p dir=\"auto\"><strong>Aminomethyl Propanol<\/strong> &#8211; Wird verwendet, um den pH-Wert f\u00fcr eine optimale Hautvertr\u00e4glichkeit einzustellen<\/p>\n<p class=\"html-div xexx8yu x4uap5 x18d9i69 xkhd6sd x1gslohp x11i5rnm x12nagc x1mh8g0r x1yc453h x126k92a xyk4ms5\" dir=\"auto\"><strong>Limonen <\/strong>Ein nat\u00fcrlich vorkommender Duftstoff, der in Zitrus\u00f6len vorkommt. Er tr\u00e4gt zu einem frischen Duft bei und kann eine leicht reinigende Wirkung haben. <\/p>\n<p class=\"html-div xexx8yu x4uap5 x18d9i69 xkhd6sd x1gslohp x11i5rnm x12nagc x1mh8g0r x1yc453h x126k92a xyk4ms5\" dir=\"auto\"><strong>Linalool<\/strong> (\u00c4therisches \u00d6l) Ein nat\u00fcrlicher Bestandteil vieler \u00e4therischer \u00d6le, darunter Lavendel und Zitrusfr\u00fcchte. Es verleiht dem Produkt einen leichten, blumigen Duft, der ihm eine gewisse S\u00fc\u00dfe verleiht.  <\/p>\n<p class=\"html-div xexx8yu x4uap5 x18d9i69 xkhd6sd x1gslohp x11i5rnm x12nagc x1mh8g0r x1yc453h x126k92a xyk4ms5\" dir=\"auto\"><strong>Magnesiumchlorid<\/strong> Magnesium &#8211; Eine nat\u00fcrliche Form von Magnesium, die schnell \u00fcber die Haut aufgenommen wird<\/p>\n<h3 class=\"html-div xexx8yu x4uap5 x18d9i69 xkhd6sd x1gslohp x11i5rnm x12nagc x1mh8g0r x1yc453h x126k92a xyk4ms5\" dir=\"auto\">&#8211;<\/h3>\n<h2 class=\"html-div xexx8yu x4uap5 x18d9i69 xkhd6sd x1gslohp x11i5rnm x12nagc x1mh8g0r x1yc453h x126k92a xyk4ms5\" dir=\"auto\">Wie Sie es verwenden<\/h2>\n<ol>\n<li>Spr\u00fchen Sie Magnesium Spray direkt auf die Haut &#8211; auch gro\u00dffl\u00e4chig<\/li>\n<li>Leicht einmassieren<\/li>\n<li>Das Produkt zieht schnell ein, ohne zu fetten<br \/>\n&#8211; Kann t\u00e4glich, sowohl morgens als auch abends oder nach Bedarf verwendet werden.<\/li>\n<\/ol>\n<p class=\"html-div xexx8yu x4uap5 x18d9i69 xkhd6sd x1gslohp x11i5rnm x12nagc x1mh8g0r x1yc453h x126k92a xyk4ms5\" dir=\"auto\"><span class=\"html-span xexx8yu x4uap5 x18d9i69 xkhd6sd x1hl2dhg x16tdsg8 x1vvkbs x3nfvp2 x1j61x8r x1fcty0u xdj266r xat24cr xgzva0m xhhsvwb xxymvpz xlup9mm x1kky2od\"><img loading=\"lazy\" decoding=\"async\" class=\"xz74otr x168nmei x13lgxp2 x5pf9jr xo71vjh\" src=\"https:\/\/static.xx.fbcdn.net\/images\/emoji.php\/v9\/t3c\/1\/16\/1f4a1.png\" alt=\"\ud83d\udca1\" width=\"16\" height=\"16\" title=\"\"><\/span>  Tipp: Wenn Sie trockene Haut haben, kann es sein, dass Sie bei den ersten Anwendungen ein leichtes Kribbeln versp\u00fcren &#8211; das ist normal und wird mit der Zeit abklingen.<\/p>\n<h3 class=\"html-div xexx8yu x4uap5 x18d9i69 xkhd6sd x1gslohp x11i5rnm x12nagc x1mh8g0r x1yc453h x126k92a xyk4ms5\" dir=\"auto\">&#8211;<\/h3>\n<h2 class=\"html-div xexx8yu x4uap5 x18d9i69 xkhd6sd x1gslohp x11i5rnm x12nagc x1mh8g0r x1yc453h x126k92a xyk4ms5\" dir=\"auto\">Empfehlung zur sicheren Verwendung<\/h2>\n<ul>\n<li class=\"html-div xexx8yu x4uap5 x18d9i69 xkhd6sd x1gslohp x11i5rnm x12nagc x1mh8g0r x1yc453h x126k92a xyk4ms5\" dir=\"auto\">Nur zur \u00e4u\u00dferen Anwendung.<\/li>\n<li class=\"html-div xexx8yu x4uap5 x18d9i69 xkhd6sd x1gslohp x11i5rnm x12nagc x1mh8g0r x1yc453h x126k92a xyk4ms5\" dir=\"auto\">Vermeiden Sie den Kontakt mit Augen, offenen Wunden und gereizter Haut &#8211; das Produkt kann an empfindlichen Stellen ein starkes K\u00e4ltegef\u00fchl verursachen.<\/li>\n<li class=\"html-div xexx8yu x4uap5 x18d9i69 xkhd6sd x1gslohp x11i5rnm x12nagc x1mh8g0r x1yc453h x126k92a xyk4ms5\" dir=\"auto\">Nicht geeignet f\u00fcr Kinder unter 3 Jahren.<\/li>\n<li class=\"html-div xexx8yu x4uap5 x18d9i69 xkhd6sd x1gslohp x11i5rnm x12nagc x1mh8g0r x1yc453h x126k92a xyk4ms5\" dir=\"auto\">Wenn eine Reizung auftritt, beenden Sie die Anwendung.<\/li>\n<li class=\"html-div xexx8yu x4uap5 x18d9i69 xkhd6sd x1gslohp x11i5rnm x12nagc x1mh8g0r x1yc453h x126k92a xyk4ms5\" dir=\"auto\">Au\u00dferhalb der Reichweite von Kindern aufbewahren.<\/li>\n<\/ul>\n<\/div>\n<\/div>\n<\/div>\n<\/div>\n<\/div>\n<div class=\"html-div xdj266r x11i5rnm xat24cr x1mh8g0r xexx8yu x4uap5 x18d9i69 xkhd6sd x1h91t0o xkh2ocl x78zum5 xdt5ytf x13a6bvl x193iq5w x1c4vz4f x1eb86dx\" role=\"presentation\">\n<div class=\"html-div xdj266r x11i5rnm xat24cr x1mh8g0r xexx8yu x4uap5 x18d9i69 xkhd6sd\"><\/div>\n<\/div>\n<\/div>\n<div class=\"html-div xdj266r x11i5rnm xat24cr x1mh8g0r xexx8yu xkhd6sd x1eb86dx x78zum5 x1c4vz4f x2lah0s x18061mc x55ruut\">\n<div class=\"html-div xdj266r x11i5rnm xat24cr x1mh8g0r xexx8yu x4uap5 x18d9i69 xkhd6sd x78zum5 x15zctf7 xamitd3\">\n<div class=\"html-div xdj266r x11i5rnm xat24cr x1mh8g0r xexx8yu x18d9i69 xkhd6sd x78zum5 xdt5ytf x1iyjqo2 x2lah0s xl56j7k x1n2onr6 x1mqs8db x1n327nk x1mpkggp\" aria-hidden=\"true\">\n<div class=\"html-div xdj266r x11i5rnm xat24cr x1mh8g0r xexx8yu x4uap5 x18d9i69 xkhd6sd x6s0dn4 xl5lk40 x78zum5 x1mqs8db x15zctf7\" role=\"presentation\">\n<div class=\"html-div xdj266r x11i5rnm xat24cr x1mh8g0r xexx8yu x4uap5 x18d9i69 xkhd6sd x6s0dn4 xl5lk40 x78zum5 x1mqs8db x15zctf7\" role=\"presentation\">\n<div class=\"html-div xdj266r x11i5rnm xat24cr x1mh8g0r xexx8yu x4uap5 x18d9i69 xkhd6sd\" aria-hidden=\"false\">\n<div class=\"x9f619 x1n2onr6 x1ja2u2z __fb-light-mode\">\n<div class=\"x1i10hfl xjqpnuy xa49m3k xqeqjp1 x2hbi6w x13fuv20 xu3j5b3 x1q0q8m5 x26u7qi x1ypdohk xdl72j9 x2lah0s xe8uvvx xdj266r x11i5rnm xat24cr x1mh8g0r x2lwn1j xeuugli x16tdsg8 x1hl2dhg xggy1nq x1ja2u2z x1t137rt x1q0g3np x87ps6o x1lku1pv x1a2a7pz x6s0dn4 xzolkzo x12go9s9 x1rnf11y xprq8jg x972fbf xcfux6l x1qhh985 xm0m39n x9f619 x78zum5 xl56j7k xexx8yu x4uap5 x18d9i69 xkhd6sd x1n2onr6 x1fgtraw xgd8bvy xjbqb8w\" role=\"button\" aria-expanded=\"false\" aria-label=\"Reager\">\n<div class=\"x1ey2m1c xds687c x17qophe xg01cxk x47corl x10l6tqk x13vifvy x1ebt8du x19991ni x1dhq9h xzolkzo x12go9s9 x1rnf11y xprq8jg\" role=\"none\" data-visualcompletion=\"ignore\"><strong>ACHTUNG!<\/strong>  Magnesium Spray ist ein kosmetisches Produkt und kann eine abwechslungsreiche Ern\u00e4hrung oder Nahrungserg\u00e4nzungsmittel nicht ersetzen, aber es kann als Erg\u00e4nzung zur t\u00e4glichen Hautpflege und zum Wohlbefinden verwendet werden.<\/div>\n<\/div>\n<\/div>\n<\/div>\n<div class=\"html-div xdj266r x11i5rnm xat24cr x1mh8g0r xexx8yu x4uap5 x18d9i69 xkhd6sd\" aria-hidden=\"false\">\n<div class=\"x9f619 x1n2onr6 x1ja2u2z __fb-light-mode\">\n<div class=\"x1i10hfl xjqpnuy xa49m3k xqeqjp1 x2hbi6w x13fuv20 xu3j5b3 x1q0q8m5 x26u7qi x1ypdohk xdl72j9 x2lah0s xe8uvvx xdj266r x11i5rnm xat24cr x1mh8g0r x2lwn1j xeuugli x16tdsg8 x1hl2dhg xggy1nq x1ja2u2z x1t137rt x1q0g3np x87ps6o x1lku1pv x1a2a7pz x6s0dn4 xzolkzo x12go9s9 x1rnf11y xprq8jg x972fbf xcfux6l x1qhh985 xm0m39n x9f619 x78zum5 xl56j7k xexx8yu x4uap5 x18d9i69 xkhd6sd x1n2onr6 x1fgtraw xgd8bvy xjbqb8w\" role=\"button\" aria-label=\"Svar\">\n<div class=\"x1ey2m1c xds687c x17qophe xg01cxk x47corl x10l6tqk x13vifvy x1ebt8du x19991ni x1dhq9h xzolkzo x12go9s9 x1rnf11y xprq8jg\" role=\"none\" data-visualcompletion=\"ignore\"><\/div>\n<\/div>\n<\/div>\n<\/div>\n<div class=\"html-div xdj266r x11i5rnm xat24cr x1mh8g0r xexx8yu x4uap5 x18d9i69 xkhd6sd\" aria-hidden=\"false\">\n<div class=\"x9f619 x1n2onr6 x1ja2u2z __fb-light-mode\">\n<div class=\"x1i10hfl xjqpnuy xa49m3k xqeqjp1 x2hbi6w x13fuv20 xu3j5b3 x1q0q8m5 x26u7qi x1ypdohk xdl72j9 x2lah0s xe8uvvx xdj266r x11i5rnm xat24cr x1mh8g0r x2lwn1j xeuugli x16tdsg8 x1hl2dhg xggy1nq x1ja2u2z x1t137rt x1q0g3np x87ps6o x1lku1pv x1a2a7pz x6s0dn4 xzolkzo x12go9s9 x1rnf11y xprq8jg x972fbf xcfux6l x1qhh985 xm0m39n x9f619 x78zum5 xl56j7k xexx8yu x4uap5 x18d9i69 xkhd6sd x1n2onr6 x1fgtraw xgd8bvy xjbqb8w\" role=\"button\" aria-expanded=\"false\" aria-label=\"Mere\">\n<div class=\"x1ey2m1c xds687c x17qophe xg01cxk x47corl x10l6tqk x13vifvy x1ebt8du x19991ni x1dhq9h xzolkzo x12go9s9 x1rnf11y xprq8jg\" role=\"none\" data-visualcompletion=\"ignore\"><\/div>\n<\/div>\n<\/div>\n<\/div>\n<\/div>\n<\/div>\n<\/div>\n<\/div>\n<\/div>\n<div class=\"html-div xdj266r x11i5rnm xat24cr x1mh8g0r xexx8yu x4uap5 x18d9i69 xkhd6sd x1eb86dx x1r8uery x1iyjqo2\"><\/div>\n<\/div>\n","protected":false},"excerpt":{"rendered":"<p>200ml<\/p>\n<p>Magnesium Spray ist ein essentieller Mineralstoff, der das nat\u00fcrliche Gleichgewicht des K\u00f6rpers unterst\u00fctzt und eine wichtige Rolle f\u00fcr das Wohlbefinden spielt. Dieses leicht einziehende Spray kann Teil einer entspannenden Pflegeroutine sein, besonders wenn sich der K\u00f6rper m\u00fcde und angespannt anf\u00fchlt. Angereichert mit Menthol, japanischer Minze, Eukalyptus und unparf\u00fcmiertem Kampfer, bietet es ein w\u00e4rmendes, k\u00fchlendes und erfrischendes Gef\u00fchl. Perfekt f\u00fcr die t\u00e4gliche Anwendung nach k\u00f6rperlicher Aktivit\u00e4t oder als Teil der Abendroutine f\u00fcr die ganze Familie.   <\/p>\n","protected":false},"featured_media":133371,"comment_status":"open","ping_status":"closed","template":"","meta":{"_acf_changed":false},"product-label":[1700,1696,1684,1708],"product_brand":[],"product_cat":[1922],"product_tag":[],"class_list":{"0":"post-133391","1":"product","2":"type-product","3":"status-publish","4":"has-post-thumbnail","6":"product-label-mod-hudproblemer-de","7":"product-label-produceret-i-danmark-de","8":"product-label-ikke-testet-paa-dyr-de","9":"product-label-vegansk-de","10":"product_cat-magnesium-de","12":"first","13":"instock","14":"sale","15":"taxable","16":"shipping-taxable","17":"purchasable","18":"product-type-simple"},"acf":[],"_links":{"self":[{"href":"https:\/\/hocl.dk\/de\/wp-json\/wp\/v2\/product\/133391","targetHints":{"allow":["GET"]}}],"collection":[{"href":"https:\/\/hocl.dk\/de\/wp-json\/wp\/v2\/product"}],"about":[{"href":"https:\/\/hocl.dk\/de\/wp-json\/wp\/v2\/types\/product"}],"replies":[{"embeddable":true,"href":"https:\/\/hocl.dk\/de\/wp-json\/wp\/v2\/comments?post=133391"}],"version-history":[{"count":1,"href":"https:\/\/hocl.dk\/de\/wp-json\/wp\/v2\/product\/133391\/revisions"}],"predecessor-version":[{"id":133395,"href":"https:\/\/hocl.dk\/de\/wp-json\/wp\/v2\/product\/133391\/revisions\/133395"}],"wp:featuredmedia":[{"embeddable":true,"href":"https:\/\/hocl.dk\/de\/wp-json\/wp\/v2\/media\/133371"}],"wp:attachment":[{"href":"https:\/\/hocl.dk\/de\/wp-json\/wp\/v2\/media?parent=133391"}],"wp:term":[{"taxonomy":"product-label","embeddable":true,"href":"https:\/\/hocl.dk\/de\/wp-json\/wp\/v2\/product-label?post=133391"},{"taxonomy":"product_brand","embeddable":true,"href":"https:\/\/hocl.dk\/de\/wp-json\/wp\/v2\/product_brand?post=133391"},{"taxonomy":"product_cat","embeddable":true,"href":"https:\/\/hocl.dk\/de\/wp-json\/wp\/v2\/product_cat?post=133391"},{"taxonomy":"product_tag","embeddable":true,"href":"https:\/\/hocl.dk\/de\/wp-json\/wp\/v2\/product_tag?post=133391"}],"curies":[{"name":"wp","href":"https:\/\/api.w.org\/{rel}","templated":true}]}}