{"id":134237,"date":"2026-05-05T09:29:14","date_gmt":"2026-05-05T09:29:14","guid":{"rendered":"https:\/\/hocl.dk\/?post_type=product&#038;p=134237"},"modified":"2026-05-05T12:35:33","modified_gmt":"2026-05-05T12:35:33","slug":"wunder-shampoo-kopier","status":"publish","type":"product","link":"https:\/\/hocl.dk\/de\/product\/wonder-hair-de\/wunder-shampoo-kopier\/","title":{"rendered":"Wunder-Shampoo (Kopier)"},"content":{"rendered":"<h1>Wonder shampoo mit Vitamin E<\/h1>\n<h2>Das heilende Geheimnis der Haare!<\/h2>\n<p>Tr\u00e4umen Sie von sch\u00f6nem, gesundem Haar? Wir stellen Ihnen unser Geheimnis f\u00fcr gl\u00e4nzendes Haar vor &#8211; das <strong>Wonder Shampoo mit Vitamin E<\/strong>!<\/p>\n<p>\ud83c\udf1f <strong>Professionelle Pflege f\u00fcr Ihr Haar<\/strong><br \/>\nWonder-Shampoo ist kein gew\u00f6hnliches Shampoo; es wird von Profis geliebt und verwendet. Es wurde entwickelt, um selbst das am meisten gesch\u00e4digte Haar wiederherzustellen, und die Ergebnisse sprechen f\u00fcr sich.<\/p>\n<p>\ud83d\udca7 <strong>Feuchthalteformel<\/strong><br \/>\nUnser Shampoo enth\u00e4lt eine einzigartige Kombination aus feuchtigkeitsspendenden Inhaltsstoffen, die Ihr Haar tiefgehend n\u00e4hren. Es ist wie ein Zaubertrank f\u00fcr Ihre trockenen Locken.<\/p>\n<p>\ud83d\udc81 <strong>Weiches und gl\u00e4nzendes Haar<\/strong><br \/>\nNach jeder W\u00e4sche macht das Wonder Shampoo Ihr Haar weich wie Seide und verleiht ihm einen strahlenden Glanz. Es ist der ultimative Retter f\u00fcr trockenes, lebloses und gesch\u00e4digtes Haar.<\/p>\n<p><strong>Anwendung:<\/strong> Eine angemessene Menge des Shampoos in das Haar einmassieren, bis es leicht sch\u00e4umt und gleichm\u00e4\u00dfig verteilt ist. Massieren Sie die Kopfhaut mit den Fingerspitzen und sp\u00fclen Sie sie dann gr\u00fcndlich mit Wasser ab. Wiederholen Sie den Vorgang f\u00fcr das ultimative Luxuserlebnis und schlie\u00dfen Sie mit Ihrer Lieblingssp\u00fclung ab.<\/p>\n<p><strong>Inhaltsstoffe<\/strong><br \/>\nAqua, Sodium Laureth Sulfate, Cocamidopropyl betaine, Sodium Chloride, Glycerin,<br \/>\nCarbomer, Zitronens\u00e4ure, Dimethiconol, Disodium EDTA, DMDM Hydantoin,<br \/>\nGlykoldistearat, Guarhydroxypropyltrimoniumchlorid, Magnesiumchlorid,<br \/>\nMagnesiumnitrat, Methylchlorisothiazolinon, Methylisothiazolinon, Glimmer, Parf\u00fcm,<br \/>\nPEG-45M, Phenoxyethanol, PPG-12, Kiesels\u00e4ure, Natriumbenzoat, Natriumhydroxid,<br \/>\nTEA-Dodecylbenzolsulfonat, TEA-Sulfat, Tocopherylacetat, Benzylalkohol, Citronellol, Geraniol, Hexylcinnamal, Limonen, Linalool, Ci 77891<\/p>\n<p>Kreieren Sie das Haar, von dem Sie immer getr\u00e4umt haben, mit dem <strong>Wonder Shampoo mit Vitamin E<\/strong>. Ihr Geheimnis f\u00fcr tolles Haar ist genau hier!<\/p>\n","protected":false},"excerpt":{"rendered":"<p>500ml<\/p>\n","protected":false},"featured_media":134279,"comment_status":"open","ping_status":"closed","template":"","meta":{"_acf_changed":false},"product-label":[1696,1684,1688,1708],"product_brand":[],"product_cat":[761],"product_tag":[],"class_list":{"0":"post-134237","1":"product","2":"type-product","3":"status-publish","4":"has-post-thumbnail","6":"product-label-produceret-i-danmark-de","7":"product-label-ikke-testet-paa-dyr-de","8":"product-label-parfumefri-de","9":"product-label-vegansk-de","10":"product_cat-wonder-hair-de","12":"first","13":"instock","14":"sale","15":"taxable","16":"shipping-taxable","17":"purchasable","18":"product-type-simple"},"acf":[],"_links":{"self":[{"href":"https:\/\/hocl.dk\/de\/wp-json\/wp\/v2\/product\/134237","targetHints":{"allow":["GET"]}}],"collection":[{"href":"https:\/\/hocl.dk\/de\/wp-json\/wp\/v2\/product"}],"about":[{"href":"https:\/\/hocl.dk\/de\/wp-json\/wp\/v2\/types\/product"}],"replies":[{"embeddable":true,"href":"https:\/\/hocl.dk\/de\/wp-json\/wp\/v2\/comments?post=134237"}],"version-history":[{"count":1,"href":"https:\/\/hocl.dk\/de\/wp-json\/wp\/v2\/product\/134237\/revisions"}],"predecessor-version":[{"id":134249,"href":"https:\/\/hocl.dk\/de\/wp-json\/wp\/v2\/product\/134237\/revisions\/134249"}],"wp:featuredmedia":[{"embeddable":true,"href":"https:\/\/hocl.dk\/de\/wp-json\/wp\/v2\/media\/134279"}],"wp:attachment":[{"href":"https:\/\/hocl.dk\/de\/wp-json\/wp\/v2\/media?parent=134237"}],"wp:term":[{"taxonomy":"product-label","embeddable":true,"href":"https:\/\/hocl.dk\/de\/wp-json\/wp\/v2\/product-label?post=134237"},{"taxonomy":"product_brand","embeddable":true,"href":"https:\/\/hocl.dk\/de\/wp-json\/wp\/v2\/product_brand?post=134237"},{"taxonomy":"product_cat","embeddable":true,"href":"https:\/\/hocl.dk\/de\/wp-json\/wp\/v2\/product_cat?post=134237"},{"taxonomy":"product_tag","embeddable":true,"href":"https:\/\/hocl.dk\/de\/wp-json\/wp\/v2\/product_tag?post=134237"}],"curies":[{"name":"wp","href":"https:\/\/api.w.org\/{rel}","templated":true}]}}