{"id":3717,"date":"2023-07-11T15:25:16","date_gmt":"2023-07-11T15:25:16","guid":{"rendered":"https:\/\/hocl.dk\/product\/unkategorisiert\/white-wonder-eimer-250ml-2\/"},"modified":"2026-04-29T20:31:07","modified_gmt":"2026-04-29T20:31:07","slug":"white-wonder-botte-250ml-de","status":"publish","type":"product","link":"https:\/\/hocl.dk\/de\/product\/white-wonder-de\/white-wonder-botte-250ml-de\/","title":{"rendered":"Bienenwachsbalsam &#8211; Tiegel 250ml"},"content":{"rendered":"<h2>Bienenwachsbalsam &#8211; Hautpflege<\/h2>\n<p>Bienenwachsbalsam ist eine vielseitige Salbe, die dazu beitr\u00e4gt, die Feuchtigkeit und Geschmeidigkeit der Haut zu erhalten. Sie kann am ganzen K\u00f6rper verwendet werden, insbesondere an trockenen Stellen wie H\u00e4nden, F\u00fc\u00dfen, Ellenbogen und Knien. Mit einer Kombination aus Bienenwachs, Traubenkern\u00f6l und feuchtigkeitsspendenden Inhaltsstoffen sorgt sie f\u00fcr ein angenehmes Hautgef\u00fchl. Die sanfte Formel macht sie f\u00fcr die t\u00e4gliche Anwendung f\u00fcr die ganze Familie geeignet und wurde mit Blick auf eine einfache Hautpflegeroutine entwickelt.   <\/p>\n<p><strong>Vorteile von Bienenwachs-Salbe:<\/strong><\/p>\n<ul>\n<li>Geeignet f\u00fcr alle Altersgruppen<\/li>\n<li>Kann am ganzen K\u00f6rper verwendet werden<\/li>\n<li>Macht die Haut weich und sch\u00fctzt sie<\/li>\n<li>Kann helfen, den Feuchtigkeitshaushalt der Haut zu erhalten<\/li>\n<li>Geeignet f\u00fcr die t\u00e4gliche Pflege und besonders pflegebed\u00fcrftige Haut<\/li>\n<\/ul>\n<p>&nbsp;<\/p>\n<h4>Inhaltsstoffe in Bienenwachsbalsam<\/h4>\n<p><b class=\"html-b xdj266r x11i5rnm xat24cr x1mh8g0r xexx8yu x4uap5 x18d9i69 xkhd6sd x1hl2dhg x16tdsg8 x1vvkbs\"><b class=\"html-b xdj266r x11i5rnm xat24cr x1mh8g0r xexx8yu x4uap5 x18d9i69 xkhd6sd x1hl2dhg x16tdsg8 x1vvkbs\">Petrolatum<\/b><\/b><em> (hochraffiniertes Mineral\u00f6l)<\/em>: Bildet eine Schutzbarriere und kann helfen, den Feuchtigkeitsverlust zu verringern.<\/p>\n<p><b class=\"html-b xdj266r x11i5rnm xat24cr x1mh8g0r xexx8yu x4uap5 x18d9i69 xkhd6sd x1hl2dhg x16tdsg8 x1vvkbs\">Vitis Vinifera Samen\u00f6l <\/b><em>(Bio-Traubenkern\u00f6l)<\/em>: Reich an Antioxidantien und essentiellen Fetts\u00e4uren, mit einer leichten, nicht fettenden Textur.<\/p>\n<p><b class=\"html-b xdj266r x11i5rnm xat24cr x1mh8g0r xexx8yu x4uap5 x18d9i69 xkhd6sd x1hl2dhg x16tdsg8 x1vvkbs\">Cera Alba <\/b><em>(100% reines Bienenwachs):<\/em> Bildet einen Schutzfilm auf der Haut und hilft, die Feuchtigkeit zu bewahren.<\/p>\n<p>&nbsp;<\/p>\n<h2>Anwendung und Verwendung:<\/h2>\n<p>Tragen Sie eine kleine Menge der Salbe auf die gew\u00fcnschten Stellen auf. Verwenden Sie nur so viel, wie die Haut aufnehmen kann (wir empfehlen zum Beispiel, nur eine erbsengro\u00dfe Menge f\u00fcr zwei H\u00e4nde zu verwenden). <\/p>\n<ul>\n<li>Kann am ganzen K\u00f6rper verwendet werden<\/li>\n<li>Verwenden Sie sie nach Bedarf. F\u00fcr eine optimale Pflege kann der Bienenwachsbalsam morgens und abends verwendet werden. <\/li>\n<li>Gut f\u00fcr alle Hauttypen und jedes Alter.<\/li>\n<\/ul>\n<p>&nbsp;<\/p>\n<p><b>Bei Bedarf:<\/b> Gamby Natur Seife kann zur Vorbereitung der Haut vor dem Auftragen des Bienenwachsbalsams verwendet werden. <a href=\"https:\/\/hocl.dk\/de\/product\/white-wonder-de\/wonder-skin-clean\/\">Lesen Sie mehr \u00fcber Gamby Natur Seife <\/a> <\/p>\n<p><strong>Zur Anwendung auf der Kopfhaut:<\/strong> F\u00fcr eine optimale Wirkung und um fettiges Haar zu vermeiden, tragen Sie es auf die Kopfhaut auf, w\u00e4hrend Haut und Haar nach dem Waschen mit Feuchtigkeit versorgt werden.<\/p>\n<p>&nbsp;<\/p>\n<h2>Sicherheitsempfehlungen:<\/h2>\n<ul>\n<li>Verwenden Sie nur eine kleine Menge des Produkts &#8211; Es handelt sich um eine Fettsalbe, daher ist eine d\u00fcnne Schicht ausreichend.<\/li>\n<li>Vermeiden Sie den Kontakt mit den Augen<\/li>\n<li>Bei empfindlicher Haut empfiehlt es sich, das Produkt vor der Anwendung auf einer kleinen Hautpartie zu testen.<\/li>\n<li>Bienenwachsbalsam sollte bei Raumtemperatur (18-25 Grad) gelagert werden.<\/li>\n<li>Bienenwachsbalsam ist ein kosmetisches Wellness-Produkt und dient nicht der Diagnose, Behandlung oder Heilung bestimmter Krankheiten, sondern kann ein wertvoller Teil Ihrer t\u00e4glichen Routine sein.<\/li>\n<\/ul>\n<p>&nbsp;<\/p>\n","protected":false},"excerpt":{"rendered":"<p><strong>250ml<\/strong><\/p>\n<p>Bienenwachsbalsam ist eine vielseitige Salbe, die dazu beitr\u00e4gt, die Feuchtigkeit und Geschmeidigkeit der Haut zu erhalten. Sie kann am ganzen K\u00f6rper verwendet werden, insbesondere an trockenen Stellen wie H\u00e4nden, F\u00fc\u00dfen, Ellenbogen und Knien. Mit einer Kombination aus Bienenwachs, Traubenkern\u00f6l und feuchtigkeitsspendenden Inhaltsstoffen sorgt sie f\u00fcr ein angenehmes Hautgef\u00fchl. Die sanfte Formel macht sie f\u00fcr die t\u00e4gliche Anwendung f\u00fcr die ganze Familie geeignet und wurde mit Blick auf eine einfache Hautpflegeroutine entwickelt.   <\/p>\n<div id=\"gtx-trans\" style=\"position: absolute; left: -30px; top: -10px;\">\n<div class=\"gtx-trans-icon\"><\/div>\n<\/div>\n","protected":false},"featured_media":122573,"comment_status":"open","ping_status":"closed","template":"","meta":{"_acf_changed":false},"product-label":[1700,1696,1684,1688],"product_brand":[],"product_cat":[490],"product_tag":[1864],"class_list":{"0":"post-3717","1":"product","2":"type-product","3":"status-publish","4":"has-post-thumbnail","6":"product-label-mod-hudproblemer-de","7":"product-label-produceret-i-danmark-de","8":"product-label-ikke-testet-paa-dyr-de","9":"product-label-parfumefri-de","10":"product_cat-white-wonder-de","11":"product_tag-bienenwachs-salbe","13":"first","14":"instock","15":"taxable","16":"shipping-taxable","17":"purchasable","18":"product-type-simple"},"acf":[],"_links":{"self":[{"href":"https:\/\/hocl.dk\/de\/wp-json\/wp\/v2\/product\/3717","targetHints":{"allow":["GET"]}}],"collection":[{"href":"https:\/\/hocl.dk\/de\/wp-json\/wp\/v2\/product"}],"about":[{"href":"https:\/\/hocl.dk\/de\/wp-json\/wp\/v2\/types\/product"}],"replies":[{"embeddable":true,"href":"https:\/\/hocl.dk\/de\/wp-json\/wp\/v2\/comments?post=3717"}],"version-history":[{"count":4,"href":"https:\/\/hocl.dk\/de\/wp-json\/wp\/v2\/product\/3717\/revisions"}],"predecessor-version":[{"id":130300,"href":"https:\/\/hocl.dk\/de\/wp-json\/wp\/v2\/product\/3717\/revisions\/130300"}],"wp:featuredmedia":[{"embeddable":true,"href":"https:\/\/hocl.dk\/de\/wp-json\/wp\/v2\/media\/122573"}],"wp:attachment":[{"href":"https:\/\/hocl.dk\/de\/wp-json\/wp\/v2\/media?parent=3717"}],"wp:term":[{"taxonomy":"product-label","embeddable":true,"href":"https:\/\/hocl.dk\/de\/wp-json\/wp\/v2\/product-label?post=3717"},{"taxonomy":"product_brand","embeddable":true,"href":"https:\/\/hocl.dk\/de\/wp-json\/wp\/v2\/product_brand?post=3717"},{"taxonomy":"product_cat","embeddable":true,"href":"https:\/\/hocl.dk\/de\/wp-json\/wp\/v2\/product_cat?post=3717"},{"taxonomy":"product_tag","embeddable":true,"href":"https:\/\/hocl.dk\/de\/wp-json\/wp\/v2\/product_tag?post=3717"}],"curies":[{"name":"wp","href":"https:\/\/api.w.org\/{rel}","templated":true}]}}