{"id":3726,"date":"2023-07-11T15:11:45","date_gmt":"2023-07-11T15:11:45","guid":{"rendered":"https:\/\/hocl.dk\/product\/unkategorisiert\/wunderkuehlung-blau\/"},"modified":"2025-03-23T16:58:54","modified_gmt":"2025-03-23T16:58:54","slug":"wonder-kuehlung-bla","status":"publish","type":"product","link":"https:\/\/hocl.dk\/de\/product\/blue-wonder-de\/wonder-kuehlung-bla\/","title":{"rendered":"Wonder-k\u00fchlung &#8211; Blau"},"content":{"rendered":"<h1><strong>Wonder-k\u00fchlung<\/strong><\/h1>\n<p>Wenn es um Fieber, Kopfschmerzen, Migr\u00e4ne, Muskelkater oder einfach nur um Abk\u00fchlung in der Hitze geht, ist Wonder Cooling die ultimative L\u00f6sung. Das innovative Tuch sorgt f\u00fcr sofortige Linderung und bleibt \u00fcber Stunden hinweg k\u00fchl. Das Wonder Cooling Tuch ist ein praktischer Begleiter f\u00fcr Komfort in hei\u00dfen und ungem\u00fctlichen Situationen. Dank der fortschrittlichen SUGATEX-Technologie ist das Tuch ein praktisches Hilfsmittel, das bei Bedarf f\u00fcr Komfort sorgt. Nehmen Sie es \u00fcberall mit hin und genie\u00dfen Sie die k\u00fchlende Wirkung, wenn Sie sie brauchen.  <\/p>\n<p>&nbsp;<\/p>\n<p><b class=\"html-b xdj266r x11i5rnm xat24cr x1mh8g0r xexx8yu x4uap5 x18d9i69 xkhd6sd x1hl2dhg x16tdsg8 x1vvkbs\">Besonders gut f\u00fcr:<\/b><\/p>\n<p><strong>Fieber:<\/strong> Legen Sie das Tuch auf Ihre Stirn f\u00fcr ein erfrischendes Gef\u00fchl<\/p>\n<p><strong>Kopfschmerzen und Migr\u00e4ne:<\/strong> Legen Sie das Tuch \u00fcber Ihren Kopf, um ein k\u00fchlendes Gef\u00fchl zu erhalten<\/p>\n<p><strong>Muskeln:<\/strong> Legen Sie das Tuch auf die Stellen, die K\u00e4lte ben\u00f6tigen.<\/p>\n<p><strong>Sportverletzungen:<\/strong> Kann anstelle von Eispackungen verwendet werden und ist leicht in Ihrer Sporttasche zu transportieren<\/p>\n<p><strong>An hei\u00dfen Tagen:<\/strong> Tragen Sie das Tuch unter Ihrer Kleidung, damit Sie k\u00fchl bleiben, ohne dass Ihre Kleidung nass wird.<\/p>\n<p><strong>\u00dcberhitzung:<\/strong> Legen Sie das Tuch auf ein Bett, ein Sofa, einen Lift usw., um eine angenehme Temperatur zu erreichen. <\/p>\n<p><strong>Tiere:<\/strong> Legen Sie das Tuch unter oder \u00fcber das Tier, um es an hei\u00dfen Tagen zu k\u00fchlen.<\/p>\n<p>&nbsp;<\/p>\n<h2><b class=\"html-b xdj266r x11i5rnm xat24cr x1mh8g0r xexx8yu x4uap5 x18d9i69 xkhd6sd x1hl2dhg x16tdsg8 x1vvkbs\">Material:<\/b><\/h2>\n<p>Wonder Cooling ist aus einem innovativen Material mit SUGATEX-Technologie hergestellt, das es dem Tuch erm\u00f6glicht, das 10-12-fache seines Eigengewichts an Fl\u00fcssigkeit aufzunehmen und so eine lang anhaltende Wirkung zu gew\u00e4hrleisten<\/p>\n<p>&nbsp;<\/p>\n<h2><b class=\"html-b xdj266r x11i5rnm xat24cr x1mh8g0r xexx8yu x4uap5 x18d9i69 xkhd6sd x1hl2dhg x16tdsg8 x1vvkbs\">Anwendung:<\/b><\/h2>\n<p>Die Verwendung von Wonder Cooling ist einfach:<\/p>\n<ol>\n<li>Weichen Sie das Tuch in kaltem oder warmem Wasser ein<\/li>\n<li>Drehen Sie es gr\u00fcndlich<\/li>\n<li>Bewegen Sie ihn 15-20 Sekunden lang auf und ab, um den K\u00fchleffekt zu aktivieren.<\/li>\n<li>Wenn das Tuch nicht mehr k\u00fchl ist, k\u00f6nnen Sie den Vorgang wiederholen oder es einfach sch\u00fctteln, um den Komfort zu erhalten.<\/li>\n<li>Anschlie\u00dfend in einem luftdichten Beh\u00e4lter aufbewahren.<\/li>\n<\/ol>\n<p>&nbsp;<\/p>\n<p><strong>Waschen:  <\/strong><\/p>\n<p>F\u00fcr eine optimale Verwendung wird empfohlen, das Wonder Cooling-Tuch bei Bedarf (aber selten) bei 30 Grad zu waschen. Trocknen Sie das Tuch nicht, sondern bewahren Sie es nach dem Waschen sofort in dem mitgelieferten luftdichten Beh\u00e4lter auf. <\/p>\n<p>-Wenn das Wonder Cooling-Tuch hart wird und austrocknet, versuchen Sie es 3-5 Minuten lang in Wasser einzuweichen &#8211; ohne am Tuch zu ziehen oder zu rei\u00dfen.<\/p>\n<p>&nbsp;<\/p>\n<h2><b class=\"html-b xdj266r x11i5rnm xat24cr x1mh8g0r xexx8yu x4uap5 x18d9i69 xkhd6sd x1hl2dhg x16tdsg8 x1vvkbs\">Empfehlung zur sicheren Verwendung<\/b><\/h2>\n<ul>\n<li>Vermeiden Sie direkte Hitze: Setzen Sie das Tuch nicht direkter Hitze oder Sonnenlicht aus, da dies das Material besch\u00e4digen kann.<\/li>\n<li>Lassen Sie das Tuch nicht austrocknen, da dies sein Aussehen beeintr\u00e4chtigen kann.<\/li>\n<li>Bewahren Sie das Tuch au\u00dferhalb der Reichweite von kleinen Kindern und Tieren auf, wenn es nicht benutzt wird.<\/li>\n<\/ul>\n","protected":false},"excerpt":{"rendered":"<p>33x84cm<br \/>\nWenn es um Fieber, Kopfschmerzen, Migr\u00e4ne, Muskelkater oder einfach nur um Abk\u00fchlung in der Hitze geht, ist Wonder Cooling die ultimative L\u00f6sung. Das innovative Tuch sorgt f\u00fcr sofortige Linderung und bleibt \u00fcber Stunden hinweg k\u00fchl. Das Wonder Cooling Tuch ist ein praktischer Begleiter f\u00fcr Komfort in hei\u00dfen und ungem\u00fctlichen Situationen. Dank der fortschrittlichen SUGATEX-Technologie ist das Tuch ein praktisches Hilfsmittel, das bei Bedarf f\u00fcr Komfort sorgt. Nehmen Sie es \u00fcberall mit hin und genie\u00dfen Sie die k\u00fchlende Wirkung, wenn Sie sie brauchen.  <\/p>\n","protected":false},"featured_media":3523,"comment_status":"open","ping_status":"closed","template":"","meta":{"_acf_changed":false},"product-label":[1705,1688],"product_brand":[],"product_cat":[493],"product_tag":[485,483,471,481],"class_list":{"0":"post-3726","1":"product","2":"type-product","3":"status-publish","4":"has-post-thumbnail","6":"product-label-100-naturligt-de","7":"product-label-parfumefri-de","8":"product_cat-blue-wonder-de","9":"product_tag-cool-de","10":"product_tag-kuehlung","11":"product_tag-wunder","12":"product_tag-wunderkuehlung","14":"first","15":"instock","16":"taxable","17":"shipping-taxable","18":"purchasable","19":"product-type-simple"},"acf":[],"_links":{"self":[{"href":"https:\/\/hocl.dk\/de\/wp-json\/wp\/v2\/product\/3726","targetHints":{"allow":["GET"]}}],"collection":[{"href":"https:\/\/hocl.dk\/de\/wp-json\/wp\/v2\/product"}],"about":[{"href":"https:\/\/hocl.dk\/de\/wp-json\/wp\/v2\/types\/product"}],"replies":[{"embeddable":true,"href":"https:\/\/hocl.dk\/de\/wp-json\/wp\/v2\/comments?post=3726"}],"version-history":[{"count":1,"href":"https:\/\/hocl.dk\/de\/wp-json\/wp\/v2\/product\/3726\/revisions"}],"predecessor-version":[{"id":124139,"href":"https:\/\/hocl.dk\/de\/wp-json\/wp\/v2\/product\/3726\/revisions\/124139"}],"wp:featuredmedia":[{"embeddable":true,"href":"https:\/\/hocl.dk\/de\/wp-json\/wp\/v2\/media\/3523"}],"wp:attachment":[{"href":"https:\/\/hocl.dk\/de\/wp-json\/wp\/v2\/media?parent=3726"}],"wp:term":[{"taxonomy":"product-label","embeddable":true,"href":"https:\/\/hocl.dk\/de\/wp-json\/wp\/v2\/product-label?post=3726"},{"taxonomy":"product_brand","embeddable":true,"href":"https:\/\/hocl.dk\/de\/wp-json\/wp\/v2\/product_brand?post=3726"},{"taxonomy":"product_cat","embeddable":true,"href":"https:\/\/hocl.dk\/de\/wp-json\/wp\/v2\/product_cat?post=3726"},{"taxonomy":"product_tag","embeddable":true,"href":"https:\/\/hocl.dk\/de\/wp-json\/wp\/v2\/product_tag?post=3726"}],"curies":[{"name":"wp","href":"https:\/\/api.w.org\/{rel}","templated":true}]}}