{"id":3731,"date":"2023-07-11T15:28:50","date_gmt":"2023-07-11T15:28:50","guid":{"rendered":"https:\/\/hocl.dk\/product\/unkategorisiert\/white-wonder-eimer-3x250ml\/"},"modified":"2026-04-29T21:57:34","modified_gmt":"2026-04-29T21:57:34","slug":"white-wonder-botte-3x250ml-de","status":"publish","type":"product","link":"https:\/\/hocl.dk\/de\/product\/white-wonder-de\/white-wonder-botte-3x250ml-de\/","title":{"rendered":"Bienenwachsbalsam &#8211; Dosen 3x250ml"},"content":{"rendered":"<h2><span style=\"vertical-align: inherit;\"><span style=\"vertical-align: inherit;\">Bienenwachshalsam &#8211; Hautpflege<\/span><\/span><\/h2>\n<p><span style=\"vertical-align: inherit;\"><span style=\"vertical-align: inherit;\">Bienenwachskalsam iced eine visementite Salbe, die dazu beitr\u00e4gt, die Feuchigkeit und Geschmeidigkeit der Haut zu erhalten. Sie kann am ganzen K\u00f6rper verwended werden, invasbesonder an trocken Stellen wie H\u00e4nden, F\u00fc\u00dfen, Ellenogen und Knia. My einer Combination aus Bienenwachs, Traubenkern\u00f6l and the feuchtigkeitsspenden Inhaltstoffen sadly sie f\u00fcr ein angenehmes Hautgef\u00fchl. The refurbishment of the application for the public family and the purpose of the Member State in their own way.<\/span><\/span><\/p>\n<p><strong><span style=\"vertical-align: inherit;\"><span style=\"vertical-align: inherit;\">Vortile von Bienenwachskalsamme:<\/span><\/span><\/strong><\/p>\n<ul>\n<li><span style=\"vertical-align: inherit;\"><span style=\"vertical-align: inherit;\">Geeignet f\u00fcr all the Altersgroup<\/span><\/span><\/li>\n<li><span style=\"vertical-align: inherit;\"><span style=\"vertical-align: inherit;\">Kann am ganzen K\u00f6rper verwended well<\/span><\/span><\/li>\n<li><span style=\"vertical-align: inherit;\"><span style=\"vertical-align: inherit;\">Macht die Haut weich und sch\u00fctzt sie<\/span><\/span><\/li>\n<li><span style=\"vertical-align: inherit;\"><span style=\"vertical-align: inherit;\">Kann helfen, the Feuchtigkeitshaushalt der Haut zu erhalten<\/span><\/span><\/li>\n<li><span style=\"vertical-align: inherit;\"><span style=\"vertical-align: inherit;\">Geeignet f\u00fcr die t\u00e4gliche Pflege und besonder&#8217;s pflegebed\u00fcrflegebig Haut<\/span><\/span><\/li>\n<\/ul>\n<p>&nbsp;<\/p>\n<h4><span style=\"vertical-align: inherit;\"><span style=\"vertical-align: inherit;\">Inhaltstaltakfe in Bienenwachsbalam<\/span><\/span><\/h4>\n<p><b class=\"html-b xdj266r x11i5rnm xat24cr x1mh8g0r xexx8yu x4uap5 x18d9i69 xkhd6sd x1hl2dhg x16tdsg8 x1vvkbs\"><b class=\"html-b xdj266r x11i5rnm xat24cr x1mh8g0r xexx8yu x4uap5 x18d9i69 xkhd6sd x1hl2dhg x16tdsg8 x1vvkbs\"><span style=\"vertical-align: inherit;\"><span style=\"vertical-align: inherit;\">Petrolatum<\/span><\/span><\/b><\/b><em><span style=\"vertical-align: inherit;\"><span style=\"vertical-align: inherit;\"> (hochrefined Mineral\u00f6l)<\/span><\/span><\/em><span style=\"vertical-align: inherit;\"><span style=\"vertical-align: inherit;\">: Ticket eine Schutzbarriere und kann helfen, the Feuchtigkeitsverlust zu verringern.<\/span><\/span><\/p>\n<p><b class=\"html-b xdj266r x11i5rnm xat24cr x1mh8g0r xexx8yu x4uap5 x18d9i69 xkhd6sd x1hl2dhg x16tdsg8 x1vvkbs\"><span style=\"vertical-align: inherit;\"><span style=\"vertical-align: inherit;\">Vitis Vinifera Samen\u00f6l <\/span><\/span><\/b><em><span style=\"vertical-align: inherit;\"><span style=\"vertical-align: inherit;\">(Bio-Traubenkern\u00f6l)<\/span><\/span><\/em><span style=\"vertical-align: inherit;\"><span style=\"vertical-align: inherit;\">: Reich an Antioxidant and the essentials of the Fetts\u00e4ure, my einer leichten, nicht fettenden Textur.<\/span><\/span><\/p>\n<p><b class=\"html-b xdj266r x11i5rnm xat24cr x1mh8g0r xexx8yu x4uap5 x18d9i69 xkhd6sd x1hl2dhg x16tdsg8 x1vvkbs\"><span style=\"vertical-align: inherit;\"><span style=\"vertical-align: inherit;\">Cera Alba <\/span><\/span><\/b><em><span style=\"vertical-align: inherit;\"><span style=\"vertical-align: inherit;\">(100% reines Bienenwaches):<\/span><\/span><\/em><span style=\"vertical-align: inherit;\"><span style=\"vertical-align: inherit;\"> Bildet einen Schutzfilm auf der Haut und vilft, die Feuchtigkeit zu bewahren.<\/span><\/span><\/p>\n<p>&nbsp;<\/p>\n<h2><span style=\"vertical-align: inherit;\"><span style=\"vertical-align: inherit;\">Anwendung und Verwendung:<\/span><\/span><\/h2>\n<p><span style=\"vertical-align: inherit;\"><span style=\"vertical-align: inherit;\">Trag Sie eine kleine Menge der Salbe auf die gew\u00fcnschten Stellen auf. Verwenden Sie nur so viel, wie die Haut avethmen kann (wir employhlen zum Beispiel, nur eine erbsengro\u00dfe Menge f\u00fcr zwei H\u00e4nde zu verwenden).<\/span><\/span><\/p>\n<ul>\n<li><span style=\"vertical-align: inherit;\"><span style=\"vertical-align: inherit;\">Kann am ganzen K\u00f6rper verwended well<\/span><\/span><\/li>\n<li><span style=\"vertical-align: inherit;\"><span style=\"vertical-align: inherit;\">Verwenden Sie sie nach Bedarf. F\u00fcr eine optimal Pflege can be found there the Bienenwach balance of the morning and the open world.<\/span><\/span><\/li>\n<li><span style=\"vertical-align: inherit;\"><span style=\"vertical-align: inherit;\">Get all the hair type and you&#8217;re Alter.<\/span><\/span><\/li>\n<\/ul>\n<p>&nbsp;<\/p>\n<p><b><span style=\"vertical-align: inherit;\"><span style=\"vertical-align: inherit;\">Bei Bedarf:<\/span><\/span><\/b><span style=\"vertical-align: inherit;\"><span style=\"vertical-align: inherit;\"> Gamby Nature Seife can be our job of our meeting of Bienenwachshalsam&#8217;s value. <\/span><\/span><a href=\"https:\/\/hocl.dk\/de\/product\/white-wonder-de\/wonder-skin-clean\/\"><span style=\"vertical-align: inherit;\"><span style=\"vertical-align: inherit;\">Lesen Sie mehr \u00fcber Gamby Nature Seife <\/span><\/span><\/a><\/p>\n<p><strong><span style=\"vertical-align: inherit;\"><span style=\"vertical-align: inherit;\">Zur Anwendung auf der Kopfhaut:<\/span><\/span><\/strong><span style=\"vertical-align: inherit;\"><span style=\"vertical-align: inherit;\"> F\u00fcr eine optimal Wirkung und um fortiges Haar zu vermeiden, tragen Sie es auf die Kopfhaut auf, w\u00e4hrend Haut und Haar nach dem Waschen mit Feuchigkeit versorgt werden.<\/span><\/span><\/p>\n<p>&nbsp;<\/p>\n<h2><span style=\"vertical-align: inherit;\"><span style=\"vertical-align: inherit;\">Sicherheitsm\u00f8gfehlungen:<\/span><\/span><\/h2>\n<ul>\n<li><span style=\"vertical-align: inherit;\"><span style=\"vertical-align: inherit;\">Verwenden Sie nur eine kleine Menge des Products &#8211; Es trade sich um eine Fettsalbe, since he is only one to the Schicht ausreichend.<\/span><\/span><\/li>\n<li><span style=\"vertical-align: inherit;\"><span style=\"vertical-align: inherit;\">Vermeiden Sie it Contact my the Augen<\/span><\/span><\/li>\n<li><span style=\"vertical-align: inherit;\"><span style=\"vertical-align: inherit;\">Bei empfindlicher Haut emfiehlt es sich, das Product ours there Anwendung auf einer kleinen Hautparte zu test.<\/span><\/span><\/li>\n<li><span style=\"vertical-align: inherit;\"><span style=\"vertical-align: inherit;\">Bienenwachshalsam sunlte bei Raumtemperature (18-25 Grad) gelling value.<\/span><\/span><\/li>\n<li><span style=\"vertical-align: inherit;\"><span style=\"vertical-align: inherit;\">Bienenwachskalsam iced ein kabetisches Wellness-Product und dient nicht der Diagnosis, Trevlung oder Heilung bimmitter Krankheiten, sondern can be used with a wertvoller Teil Ihrer t\u00e4glich Routine sein.<\/span><\/span><\/li>\n<\/ul>\n","protected":false},"excerpt":{"rendered":"<p><strong><span style=\"vertical-align: inherit;\"><span style=\"vertical-align: inherit;\">3 x 250 ml.<\/span><\/span><\/strong><\/p>\n<p><span style=\"vertical-align: inherit;\"><span style=\"vertical-align: inherit;\">Bienenwachskalsam iced eine visementite Salbe, die dazu beitr\u00e4gt, die Feuchigkeit und Geschmeidigkeit der Haut zu erhalten. Sie kann am ganzen K\u00f6rper verwended werden, invasbesonder an trocken Stellen wie H\u00e4nden, F\u00fc\u00dfen, Ellenogen und Knia. My einer Combination aus Bienenwachs, Traubenkern\u00f6l and the feuchtigkeitsspenden Inhaltstoffen sadly sie f\u00fcr ein angenehmes Hautgef\u00fchl. The refurbishment of the application for the public family and the purpose of the Member State in their own way.<\/span><\/span><\/p>\n","protected":false},"featured_media":122538,"comment_status":"open","ping_status":"closed","template":"","meta":{"_acf_changed":false},"product-label":[1700,1696,1684,1688],"product_brand":[],"product_cat":[490],"product_tag":[1864],"class_list":{"0":"post-3731","1":"product","2":"type-product","3":"status-publish","4":"has-post-thumbnail","6":"product-label-mod-hudproblemer-de","7":"product-label-produceret-i-danmark-de","8":"product-label-ikke-testet-paa-dyr-de","9":"product-label-parfumefri-de","10":"product_cat-white-wonder-de","11":"product_tag-bienenwachs-salbe","13":"first","14":"instock","15":"sale","16":"taxable","17":"shipping-taxable","18":"purchasable","19":"product-type-simple"},"acf":[],"_links":{"self":[{"href":"https:\/\/hocl.dk\/de\/wp-json\/wp\/v2\/product\/3731","targetHints":{"allow":["GET"]}}],"collection":[{"href":"https:\/\/hocl.dk\/de\/wp-json\/wp\/v2\/product"}],"about":[{"href":"https:\/\/hocl.dk\/de\/wp-json\/wp\/v2\/types\/product"}],"replies":[{"embeddable":true,"href":"https:\/\/hocl.dk\/de\/wp-json\/wp\/v2\/comments?post=3731"}],"version-history":[{"count":4,"href":"https:\/\/hocl.dk\/de\/wp-json\/wp\/v2\/product\/3731\/revisions"}],"predecessor-version":[{"id":133532,"href":"https:\/\/hocl.dk\/de\/wp-json\/wp\/v2\/product\/3731\/revisions\/133532"}],"wp:featuredmedia":[{"embeddable":true,"href":"https:\/\/hocl.dk\/de\/wp-json\/wp\/v2\/media\/122538"}],"wp:attachment":[{"href":"https:\/\/hocl.dk\/de\/wp-json\/wp\/v2\/media?parent=3731"}],"wp:term":[{"taxonomy":"product-label","embeddable":true,"href":"https:\/\/hocl.dk\/de\/wp-json\/wp\/v2\/product-label?post=3731"},{"taxonomy":"product_brand","embeddable":true,"href":"https:\/\/hocl.dk\/de\/wp-json\/wp\/v2\/product_brand?post=3731"},{"taxonomy":"product_cat","embeddable":true,"href":"https:\/\/hocl.dk\/de\/wp-json\/wp\/v2\/product_cat?post=3731"},{"taxonomy":"product_tag","embeddable":true,"href":"https:\/\/hocl.dk\/de\/wp-json\/wp\/v2\/product_tag?post=3731"}],"curies":[{"name":"wp","href":"https:\/\/api.w.org\/{rel}","templated":true}]}}