{"id":3738,"date":"2023-07-11T15:16:53","date_gmt":"2023-07-11T15:16:53","guid":{"rendered":"https:\/\/hocl.dk\/product\/unkategorisiert\/wonder-skin-clean-2\/"},"modified":"2026-04-29T22:02:19","modified_gmt":"2026-04-29T22:02:19","slug":"wonder-skin-clean","status":"publish","type":"product","link":"https:\/\/hocl.dk\/de\/product\/white-wonder-de\/wonder-skin-clean\/","title":{"rendered":"Wonder Skin Clean"},"content":{"rendered":"<h1><strong>Wonder Skin Clean<\/strong><\/h1>\n<h3><strong>Reinigungspflege f\u00fcr sch\u00f6ne Haut und N\u00e4gel<\/strong><\/h3>\n<p>Entdecken Sie Skin Clean &#8211; Ihre L\u00f6sung f\u00fcr die Tiefenreinigung und Revitalisierung von Haut und N\u00e4geln. Diese einzigartige Kombination nat\u00fcrlicher Inhaltsstoffe wurde entwickelt, um unreine, entz\u00fcndete und gesch\u00e4digte Haut sowie Nagel- und Fu\u00dfpilz zu bek\u00e4mpfen. Mit einer gr\u00fcndlichen Reinigung und einer sanften Pflege haben Sie alles, was Sie brauchen, um den nat\u00fcrlichen Glanz Ihrer Haut und die St\u00e4rke Ihrer N\u00e4gel wiederherzustellen.<\/p>\n<h3><strong>Enth\u00e4lt: Nat\u00fcrliche \u00d6le f\u00fcr wirksame Reinigung und Pflege<\/strong><\/h3>\n<p>Skin Clean enth\u00e4lt eine sorgf\u00e4ltig ausgew\u00e4hlte Mischung aus Kokosnuss- und Palmkern\u00f6l. Diese n\u00e4hrenden \u00d6le wirken harmonisch und reinigen tief.<\/p>\n<p>&nbsp;<\/p>\n<p><strong>Wie Wonder Skin Clean funktioniert:<\/strong><\/p>\n<p>Skin Clean wirkt in der Tiefe, d.h. es dringt bis in die 2. Hautschicht (Dermis) ein und hat eine nat\u00fcrliche, sanfte und effektive Wirkung. Das bedeutet, dass es von unten nach oben k\u00e4mpft und reinigt. Es wirkt bei allem, von dicken, trockenen Flecken auf dem K\u00f6rper, den H\u00e4nden und F\u00fc\u00dfen bis hin zur Entfernung von Unreinheiten &#8211; ob im Gesicht, am K\u00f6rper oder bei Infektionen, Pilzen und mehr.<\/p>\n<p>Da Skin Clean tief in der Dermis wirkt, ist es wichtig, dass Sie nach der Anwendung eine d\u00fcnne Schicht Feuchtigkeitscreme auftragen.<\/p>\n<p>SKIN CLEAN WIRKT AM BESTEN IN KOMBINATION MIT WHITE WONDER, DA ES DIE EPIDERMIS N\u00c4HRT UND WIEDERHERSTELLT.<\/p>\n<p>&nbsp;<\/p>\n<h3><strong>Anwendung:<\/strong><\/h3>\n<div class=\"elementor-element elementor-element-7e540f8 elementor-widget-divider--view-line_text elementor-widget-divider--element-align-center elementor-widget elementor-widget-divider\" data-id=\"7e540f8\" data-element_type=\"widget\" data-widget_type=\"divider.default\">\n<div class=\"elementor-widget-container\">\n<div class=\"elementor-divider\">\n<h4 class=\"elementor-divider__text elementor-divider__element\">Kopfschuppen, Psoriasis und Ekzeme der Kopfhaut<\/h4>\n<\/div>\n<\/div>\n<\/div>\n<div class=\"elementor-element elementor-element-842d767 elementor-widget elementor-widget-text-editor\" data-id=\"842d767\" data-element_type=\"widget\" data-widget_type=\"text-editor.default\">\n<div class=\"elementor-widget-container\">\n<h5><em>Bei Schuppenflechte auf der Kopfhaut verwenden Sie White Wonder auf diese Weise:<\/em><\/h5>\n<p><strong>Vor dem Waschen:<\/strong> Wonder Skin Clean vor dem Duschen aufsch\u00e4umen. Tragen Sie die Seife auf die betreffenden Stellen auf und lassen Sie sie 1 bis maximal 2 Minuten einwirken. Duschen Sie, sp\u00fclen Sie das Produkt ab und waschen Sie es wie gewohnt.<\/p>\n<p><strong>Nach dem Duschen:<\/strong> Tragen Sie eine d\u00fcnne Schicht der White Wonder Creme auf die betroffenen Stellen auf. Lassen Sie es 5-7 Minuten einwirken, bevor Sie Ihr Haar trocknen. Beginnen Sie von unten nach oben mit dem Trocknen und eventuell Gl\u00e4tten der Haare.<\/p>\n<p>Mit dieser Methode k\u00f6nnen Sie Juckreiz und trockene Kopfhaut lindern und das normale Haarwachstum unterst\u00fctzen. White Wonder ist wasserabweisend und macht Ihr Haar nicht fettig, wenn es nass ist.<\/p>\n<p>White Wonder wurde entwickelt, um Ihnen die bestm\u00f6gliche Erfahrung und die bestm\u00f6glichen Ergebnisse zu bieten, ganz gleich, mit welchem Hautproblem Sie konfrontiert sind. Beginnen Sie noch heute Ihre Reise zu einer ges\u00fcnderen Haut mit White Wonder.<\/p>\n<\/div>\n<\/div>\n<p>&nbsp;<\/p>\n<div class=\"elementor-element elementor-element-0d26eb4 elementor-widget-divider--view-line_text elementor-widget-divider--element-align-center elementor-widget elementor-widget-divider\" data-id=\"0d26eb4\" data-element_type=\"widget\" data-widget_type=\"divider.default\">\n<div class=\"elementor-widget-container\">\n<div class=\"elementor-divider\">\n<h4 class=\"elementor-divider__text elementor-divider__element\">Leitfaden f\u00fcr H\u00e4nde und F\u00fc\u00dfe<\/h4>\n<\/div>\n<\/div>\n<\/div>\n<div class=\"elementor-element elementor-element-3ac85b3 elementor-widget elementor-widget-text-editor\" data-id=\"3ac85b3\" data-element_type=\"widget\" data-widget_type=\"text-editor.default\">\n<div class=\"elementor-widget-container\">\n<h5><em>Gilt f\u00fcr Pilze, H\u00fchneraugen, schwere Ekzeme, Schuppenflechte und rissige Haut wie Fersen und &#8222;Handwerker&#8220;-H\u00e4nde.<\/em><\/h5>\n<p>\u00bd-1 Teel\u00f6ffel aufl\u00f6sen. Skin Clean in kochendes Wasser geben und gut umr\u00fchren. F\u00fcgen Sie kaltes Wasser hinzu, bis Sie Ihre F\u00fc\u00dfe\/H\u00e4nde hineinstecken k\u00f6nnen. Setzen Sie sich mit den F\u00fc\u00dfen\/H\u00e4nden f\u00fcr 10-15 Minuten ins Wasser. Mit klarem Wasser absp\u00fclen, abtrocknen und mit einer d\u00fcnnen Schicht White Wonder abschlie\u00dfen.<br \/>\nWhite Wonder wird auch morgens und abends verwendet.<\/p>\n<p>Bei Hautproblemen machen Sie das zweimal pro Woche, bis es sich auf ein Minimum reduziert hat &#8211; dann einmal pro Woche als vorbeugende Ma\u00dfnahme. Verwenden Sie White Wonder zur t\u00e4glichen Vorbeugung und zur anschlie\u00dfenden Pflege.<\/p>\n<p>Pilze und H\u00fchneraugen, 2-3 mal w\u00f6chentlich anwenden, bis keine mehr sichtbar sind +2 Behandlungen danach, um sicher zu gehen, dass es keine mehr gibt. Verwenden Sie White Wonder zur t\u00e4glichen Vorbeugung und zur anschlie\u00dfenden Pflege.<\/p>\n<p><b>HINWEIS:<\/b> Bei starken H\u00fchneraugen empfehlen wir, das H\u00fchnerauge vor dem Einweichen der F\u00fc\u00dfe (direkt nach dem Fu\u00dfbad) kurz mit einer Nagelb\u00fcrste 10 Sekunden lang zu b\u00fcrsten, um das trockene H\u00fchnerauge zu lindern.<\/p>\n<\/div>\n<\/div>\n<p>&nbsp;<\/p>\n<div class=\"elementor-element elementor-element-bff0d38 elementor-widget-divider--view-line_text elementor-widget-divider--element-align-center elementor-widget elementor-widget-divider\" data-id=\"bff0d38\" data-element_type=\"widget\" data-widget_type=\"divider.default\">\n<div class=\"elementor-widget-container\">\n<div class=\"elementor-divider\">\n<h4 class=\"elementor-divider__text elementor-divider__element\">Leitfaden zur Behandlung von Nagelpilz<\/h4>\n<\/div>\n<\/div>\n<\/div>\n<div class=\"elementor-element elementor-element-807502e elementor-widget elementor-widget-text-editor\" data-id=\"807502e\" data-element_type=\"widget\" data-widget_type=\"text-editor.default\">\n<div class=\"elementor-widget-container\">\n<p>Verwenden Sie eine Nagelb\u00fcrste oder Zahnb\u00fcrste und machen Sie sie nass. Diese wird verwendet, um sich im Boden der Skin Clean Seife zu bewegen, damit die Seife sch\u00e4umt. Verwenden Sie Schaumstoff, um Haut und N\u00e4gel fest einzudr\u00fccken. Lassen Sie es 3-5 Minuten einwirken, sp\u00fclen Sie es mit klarem Wasser ab, trocknen Sie es und tragen Sie zum Schluss eine d\u00fcnne Schicht White Wonder auf.<br \/>\nVerwenden Sie White Wonder morgens und abends, um die Haut zu regenerieren und zu heilen.<\/p>\n<p>F\u00fchren Sie diese Prozedur 2-3 Mal pro Woche durch, bis auch das letzte St\u00fcck des pilzbefallenen Nagels abgeschnitten ist.<\/p>\n<\/div>\n<\/div>\n<p>&nbsp;<\/p>\n<div class=\"elementor-element elementor-element-20162da6 elementor-widget-divider--view-line_text elementor-widget-divider--element-align-center elementor-widget elementor-widget-divider\" data-id=\"20162da6\" data-element_type=\"widget\" data-widget_type=\"divider.default\">\n<div class=\"elementor-widget-container\">\n<div class=\"elementor-divider\">\n<h4 class=\"elementor-divider__text elementor-divider__element\">Reinigen von Gesicht und K\u00f6rper mit Skin Clean und White Wonder<\/h4>\n<\/div>\n<\/div>\n<\/div>\n<div class=\"elementor-element elementor-element-6d6983a elementor-widget elementor-widget-text-editor\" data-id=\"6d6983a\" data-element_type=\"widget\" data-widget_type=\"text-editor.default\">\n<div class=\"elementor-widget-container\">\n<h5><em>Hautpflege, Akne, Rosazea und Schuppenflechte usw. <\/em><\/h5>\n<p>Befeuchten Sie ein Tuch, einen Wattebausch oder etwas \u00c4hnliches und tauchen Sie es in den Skin Cleanser, bis er sch\u00e4umt. Waschen Sie Ihr Gesicht oder Ihre Haut gut mit dem Schaum (vermeiden Sie es, ihn in die Augen zu bekommen, da er ein wenig brennt).<\/p>\n<ul>\n<li>Auf dem Gesicht wegen der empfindlichen Haut maximal 1 Minute einwirken lassen. Wir empfehlen, dies jeden Abend vor dem Schlafengehen zu tun, damit die White Wonder Creme die ganze Nacht hindurch wirken kann.<\/li>\n<li>Es sollte 1-2 Minuten auf dem K\u00f6rper verbleiben. Bei gr\u00f6\u00dferen Fl\u00e4chen k\u00f6nnen Sie dies jeden Abend tun.<\/li>\n<\/ul>\n<p>&nbsp;<\/p>\n<p>Mit kaltem Wasser absp\u00fclen, trocken tupfen und mit einer d\u00fcnnen Schicht White Wonder abschlie\u00dfen.<\/p>\n<p>Wenn dies auch am Morgen geschieht, empfehlen wir, anstelle der White Wonder Creme eine reichhaltige SPF20+ Creme aufzutragen, um einen Schutz vor der Sonne zu gew\u00e4hrleisten.<\/p>\n<p>White Wonder wirkt in der obersten Hautschicht (Epidermis), wo es heilt, wiederherstellt, Vitamin A hinzuf\u00fcgt und vor der Au\u00dfenwelt sch\u00fctzt.<\/p>\n<\/div>\n<\/div>\n<p>&nbsp;<\/p>\n<p><strong>Wenn Sie irgendwelche Zweifel oder Fragen haben, sind wir f\u00fcr Sie da. Kontaktieren Sie uns unter 71999669 werktags von Montag bis Donnerstag zwischen 10 und 16 Uhr.<\/strong><\/p>\n<h3><\/h3>\n<h3><\/h3>\n<h3><strong>90 Tage volles R\u00fcckgaberecht:<\/strong><\/h3>\n<p>Wir sind von der Wirksamkeit von Skin Clean \u00fcberzeugt. Wenn Sie nicht zufrieden sind, bieten wir Ihnen ein 90-t\u00e4giges R\u00fcckgaberecht. Ihre Sch\u00f6nheit und Zufriedenheit ist unser Ziel. Erleben Sie saubere und erfrischte Haut und starke, gesunde N\u00e4gel mit Wonder Skin Clean.<\/p>\n<p><em>Quelle: Haus der Wunder<\/em><\/p>\n","protected":false},"excerpt":{"rendered":"<p><strong>100ml<\/strong><\/p>\n","protected":false},"featured_media":122593,"comment_status":"open","ping_status":"closed","template":"","meta":{"_acf_changed":false},"product-label":[1705,1700,1696,1684,1688,1708],"product_brand":[],"product_cat":[490],"product_tag":[512,484,486],"class_list":{"0":"post-3738","1":"product","2":"type-product","3":"status-publish","4":"has-post-thumbnail","6":"product-label-100-naturligt-de","7":"product-label-mod-hudproblemer-de","8":"product-label-produceret-i-danmark-de","9":"product-label-ikke-testet-paa-dyr-de","10":"product-label-parfumefri-de","11":"product-label-vegansk-de","12":"product_cat-white-wonder-de","13":"product_tag-haut","14":"product_tag-saubere-haut","15":"product_tag-wunder-haut-sauber","17":"first","18":"instock","19":"taxable","20":"shipping-taxable","21":"purchasable","22":"product-type-simple"},"acf":[],"_links":{"self":[{"href":"https:\/\/hocl.dk\/de\/wp-json\/wp\/v2\/product\/3738","targetHints":{"allow":["GET"]}}],"collection":[{"href":"https:\/\/hocl.dk\/de\/wp-json\/wp\/v2\/product"}],"about":[{"href":"https:\/\/hocl.dk\/de\/wp-json\/wp\/v2\/types\/product"}],"replies":[{"embeddable":true,"href":"https:\/\/hocl.dk\/de\/wp-json\/wp\/v2\/comments?post=3738"}],"version-history":[{"count":1,"href":"https:\/\/hocl.dk\/de\/wp-json\/wp\/v2\/product\/3738\/revisions"}],"predecessor-version":[{"id":127087,"href":"https:\/\/hocl.dk\/de\/wp-json\/wp\/v2\/product\/3738\/revisions\/127087"}],"wp:featuredmedia":[{"embeddable":true,"href":"https:\/\/hocl.dk\/de\/wp-json\/wp\/v2\/media\/122593"}],"wp:attachment":[{"href":"https:\/\/hocl.dk\/de\/wp-json\/wp\/v2\/media?parent=3738"}],"wp:term":[{"taxonomy":"product-label","embeddable":true,"href":"https:\/\/hocl.dk\/de\/wp-json\/wp\/v2\/product-label?post=3738"},{"taxonomy":"product_brand","embeddable":true,"href":"https:\/\/hocl.dk\/de\/wp-json\/wp\/v2\/product_brand?post=3738"},{"taxonomy":"product_cat","embeddable":true,"href":"https:\/\/hocl.dk\/de\/wp-json\/wp\/v2\/product_cat?post=3738"},{"taxonomy":"product_tag","embeddable":true,"href":"https:\/\/hocl.dk\/de\/wp-json\/wp\/v2\/product_tag?post=3738"}],"curies":[{"name":"wp","href":"https:\/\/api.w.org\/{rel}","templated":true}]}}