{"id":3742,"date":"2023-07-11T15:06:21","date_gmt":"2023-07-11T15:06:21","guid":{"rendered":"https:\/\/hocl.dk\/product\/unkategorisiert\/blaues-wunder-2\/"},"modified":"2025-10-01T10:35:43","modified_gmt":"2025-10-01T10:35:43","slug":"blue-wonder-flasche-mit-pumpe","status":"publish","type":"product","link":"https:\/\/hocl.dk\/de\/product\/blue-wonder-de\/blue-wonder-flasche-mit-pumpe\/","title":{"rendered":"Komfortgel Pumpe 250ml"},"content":{"rendered":"<h2>Komfortgel &#8211; W\u00e4rmt und k\u00fchlt<\/h2>\n<p>Gamby Natur Komfortgel ist ein pflegendes Gel mit k\u00fchlenden und w\u00e4rmenden Eigenschaften. Die einzigartige Formel wurde mit sorgf\u00e4ltig ausgew\u00e4hlten Inhaltsstoffen entwickelt und zieht schnell ein, ohne zu fetten. Das Gel kann tags\u00fcber, vor oder nach k\u00f6rperlicher Aktivit\u00e4t oder als Teil Ihrer t\u00e4glichen Hautpflegeroutine verwendet werden.  <\/p>\n<p>Mit seiner einzigartigen Kombination aus Eukalyptus, japanischem Pfefferminz\u00f6l, Menthol und duftstofffreiem Kampfer bietet Komfortgel ein angenehmes Erlebnis, das Sie in Ihre t\u00e4gliche Pflegeroutine integrieren k\u00f6nnen.<\/p>\n<div class=\"flex-shrink-0 flex flex-col relative items-end\">\n<div class=\"pt-0\">\n<div class=\"gizmo-bot-avatar flex h-8 w-8 items-center justify-center overflow-hidden rounded-full\">\n<div><\/div>\n<\/div>\n<\/div>\n<\/div>\n<div class=\"flex-shrink-0 flex flex-col relative items-end\">\n<div class=\"pt-0\">\n<div class=\"gizmo-bot-avatar flex h-8 w-8 items-center justify-center overflow-hidden rounded-full\">\n<div class=\"relative p-1 rounded-sm flex items-center justify-center bg-token-main-surface-primary text-token-text-primary h-8 w-8\"><strong>Vorteile von Gamby Natur Komfortgel:<\/strong><\/div>\n<ul>\n<li class=\"relative p-1 rounded-sm flex items-center justify-center bg-token-main-surface-primary text-token-text-primary h-8 w-8\">Bietet eine angenehme Erfrischung<\/li>\n<li class=\"relative p-1 rounded-sm flex items-center justify-center bg-token-main-surface-primary text-token-text-primary h-8 w-8\">Kann vor oder nach k\u00f6rperlicher Aktivit\u00e4t verwendet werden<\/li>\n<li class=\"relative p-1 rounded-sm flex items-center justify-center bg-token-main-surface-primary text-token-text-primary h-8 w-8\">Geeignet f\u00fcr ein komfortables Erlebnis<\/li>\n<li>Die Pumpe macht die Dosierung einfach<\/li>\n<\/ul>\n<\/div>\n<\/div>\n<\/div>\n<p>&nbsp;<\/p>\n<h2>Inhaltsstoffe in Komfortgel:<\/h2>\n<p><strong>Aqua<\/strong><em>(Wasser)<\/em>: Hauptbestandteil, der die Haut mit Feuchtigkeit versorgt und die gleichm\u00e4\u00dfige Verteilung der Wirkstoffe unterst\u00fctzt<\/p>\n<p><strong>Mentha Arvensis Herb Oil<\/strong><em> (Japanisches Pfefferminz\u00f6l)<\/em>: Tr\u00e4gt zu einem k\u00fchlenden und frischen Gef\u00fchl bei<\/p>\n<p><strong>Menthol<\/strong>: Sorgt f\u00fcr einen k\u00fchlenden Effekt<\/p>\n<p><strong>Cinnamomum Camphora Bark Oil<\/strong> <em>:<\/em> Unterst\u00fctzt ein angenehmes Erlebnis<\/p>\n<p><strong>Carbomer<\/strong> <em>(Verdickungsmittel<\/em>): Wird verwendet, um dem Gel eine weiche und angenehme Konsistenz zu verleihen.<\/p>\n<p><strong>Eucalyptus Globulus Leaf Oil<\/strong> <em>:<\/em> Verleiht einen angenehmen Duft und ein k\u00fchlendes Gef\u00fchl<\/p>\n<p><strong>Limonen <\/strong><em>(nat\u00fcrliche Duftkomponente):<\/em> Tr\u00e4gt zum Aroma des Produkts bei<\/p>\n<p><strong>Linalool <\/strong><em>(nat\u00fcrliche Duftkomponente): Tr\u00e4gt<\/em>zum Aroma des Produkts<em> bei<\/em><\/p>\n<p><strong>CI 42090<\/strong> <em>(Farbstoff)<\/em>: Wird verwendet, um dem Produkt eine attraktive Farbe zu verleihen.<\/p>\n<p>&nbsp;<\/p>\n<p>&nbsp;<\/p>\n<h2>So verwenden Sie die K\u00f6rperpflege:<\/h2>\n<ol>\n<li>Sch\u00fctteln Sie die Flasche vor dem Gebrauch gut, damit sich die Inhaltsstoffe gleichm\u00e4\u00dfig verteilen.<\/li>\n<li>Tragen Sie eine angemessene Menge des Gels direkt auf den Bereich auf<\/li>\n<li>Massieren Sie das Gel in die Haut ein, bis es eingezogen ist. F\u00fcr ein optimales Ergebnis ist es wichtig, eine m\u00f6glichst gro\u00dfe Fl\u00e4che zu behandeln.<br \/>\n&#8211; Zum Beispiel. Bei der Anwendung am Ellenbogen empfehlen wir, die Creme von den Fingerspitzen bis zum Hals aufzutragen.<br \/>\n&#8211; Zum Beispiel. Bei der Anwendung auf den Knien empfehlen wir, die Creme von den Zehenspitzen nach hinten aufzutragen. <\/li>\n<\/ol>\n<p>Bewahren Sie den Komfortgel an einem k\u00fchlen Ort auf, z.B. in einem K\u00fchlraum oder im K\u00fchlschrank, da die k\u00fchlende Wirkung sofort nach der Anwendung einsetzt.<\/p>\n<p>&nbsp;<\/p>\n<div class=\"relative p-1 rounded-sm flex items-center justify-center bg-token-main-surface-primary text-token-text-primary h-8 w-8\"><strong>Wer kann Gamby Natur K\u00f6rperpflege verwenden?<\/strong><\/div>\n<div class=\"relative p-1 rounded-sm flex items-center justify-center bg-token-main-surface-primary text-token-text-primary h-8 w-8\">Das Komfortgel ist ideal f\u00fcr Erwachsene und \u00e4ltere Kinder, die ein k\u00fchlendes und w\u00e4rmendes Gef\u00fchl w\u00fcnschen.<\/div>\n<div><\/div>\n<div>__<\/div>\n<div><\/div>\n<div class=\"flex-shrink-0 flex flex-col relative items-end\">\n<div class=\"pt-0\">\n<div class=\"gizmo-bot-avatar flex h-8 w-8 items-center justify-center overflow-hidden rounded-full\">\n<h2>Empfehlungen f\u00fcr die Verwendung:<\/h2>\n<ul>\n<li>Testen Sie das Produkt vor der Anwendung auf einer kleinen Fl\u00e4che<\/li>\n<li>Vermeiden Sie den Kontakt mit Augen, Schleimh\u00e4uten und offenen Wunden<\/li>\n<li>Das Produkt ist nur zur \u00e4u\u00dferlichen Anwendung bestimmt und sollte auf intakter Haut verwendet werden<\/li>\n<li>Nicht geeignet f\u00fcr Kinder unter 3 Jahren<\/li>\n<li>K\u00fchl und trocken lagern (max. 24\u00b0C)<\/li>\n<\/ul>\n<p>Hinweis: Gamby Natur Komfortgel ist ein kosmetisches Produkt, das Ihre t\u00e4gliche Pflege und Ihr Wohlbefinden erg\u00e4nzt. Sie ist nicht f\u00fcr die Behandlung, Diagnose oder Vorbeugung von Krankheiten bestimmt. <\/p>\n<\/div>\n<\/div>\n<\/div>\n","protected":false},"excerpt":{"rendered":"<p><strong>250 ml. Pumpe<\/strong><\/p>\n<p>Gamby Natur Komfortgel ist ein pflegendes Gel mit k\u00fchlenden und w\u00e4rmenden Eigenschaften. Die einzigartige Formel wurde mit sorgf\u00e4ltig ausgew\u00e4hlten Inhaltsstoffen entwickelt und zieht schnell ein, ohne zu fetten. Das Gel kann tags\u00fcber, vor oder nach k\u00f6rperlicher Aktivit\u00e4t oder als Teil Ihrer t\u00e4glichen Hautpflegeroutine verwendet werden.  <\/p>\n<p>Mit seiner einzigartigen Kombination aus Eukalyptus, japanischem Pfefferminz\u00f6l, Menthol und duftstofffreiem Kampfer bietet Komfortgel ein angenehmes Erlebnis, das Sie in Ihre t\u00e4gliche Pflegeroutine integrieren k\u00f6nnen.<\/p>\n<div class=\"flex-shrink-0 flex flex-col relative items-end\">\n<div class=\"pt-0\">\n<div class=\"gizmo-bot-avatar flex h-8 w-8 items-center justify-center overflow-hidden rounded-full\">\n<div><\/div>\n<\/div>\n<\/div>\n<\/div>\n<p>&nbsp;<\/p>\n<div id=\"gtx-trans\" style=\"position: absolute;left: -29px;top: 33.75px\">\n<div class=\"gtx-trans-icon\"><\/div>\n<\/div>\n","protected":false},"featured_media":122245,"comment_status":"open","ping_status":"closed","template":"","meta":{"_acf_changed":false},"product-label":[1696,1684,1688,1708],"product_brand":[],"product_cat":[493],"product_tag":[1860,507,509,500,498,502,547,495],"class_list":{"0":"post-3742","1":"product","2":"type-product","3":"status-publish","4":"has-post-thumbnail","6":"product-label-produceret-i-danmark-de","7":"product-label-ikke-testet-paa-dyr-de","8":"product-label-parfumefri-de","9":"product-label-vegansk-de","10":"product_cat-blue-wonder-de","11":"product_tag-bestseller-kit-blaues-wunder","12":"product_tag-blau","13":"product_tag-blaues-wundergel","14":"product_tag-eis","15":"product_tag-heiss","16":"product_tag-heisses-eisgel","17":"product_tag-pumpe-de","18":"product_tag-weisses-wunder","20":"first","21":"instock","22":"taxable","23":"shipping-taxable","24":"purchasable","25":"product-type-simple"},"acf":[],"_links":{"self":[{"href":"https:\/\/hocl.dk\/de\/wp-json\/wp\/v2\/product\/3742","targetHints":{"allow":["GET"]}}],"collection":[{"href":"https:\/\/hocl.dk\/de\/wp-json\/wp\/v2\/product"}],"about":[{"href":"https:\/\/hocl.dk\/de\/wp-json\/wp\/v2\/types\/product"}],"replies":[{"embeddable":true,"href":"https:\/\/hocl.dk\/de\/wp-json\/wp\/v2\/comments?post=3742"}],"version-history":[{"count":3,"href":"https:\/\/hocl.dk\/de\/wp-json\/wp\/v2\/product\/3742\/revisions"}],"predecessor-version":[{"id":129779,"href":"https:\/\/hocl.dk\/de\/wp-json\/wp\/v2\/product\/3742\/revisions\/129779"}],"wp:featuredmedia":[{"embeddable":true,"href":"https:\/\/hocl.dk\/de\/wp-json\/wp\/v2\/media\/122245"}],"wp:attachment":[{"href":"https:\/\/hocl.dk\/de\/wp-json\/wp\/v2\/media?parent=3742"}],"wp:term":[{"taxonomy":"product-label","embeddable":true,"href":"https:\/\/hocl.dk\/de\/wp-json\/wp\/v2\/product-label?post=3742"},{"taxonomy":"product_brand","embeddable":true,"href":"https:\/\/hocl.dk\/de\/wp-json\/wp\/v2\/product_brand?post=3742"},{"taxonomy":"product_cat","embeddable":true,"href":"https:\/\/hocl.dk\/de\/wp-json\/wp\/v2\/product_cat?post=3742"},{"taxonomy":"product_tag","embeddable":true,"href":"https:\/\/hocl.dk\/de\/wp-json\/wp\/v2\/product_tag?post=3742"}],"curies":[{"name":"wp","href":"https:\/\/api.w.org\/{rel}","templated":true}]}}