{"id":3751,"date":"2023-08-31T11:29:48","date_gmt":"2023-08-31T11:29:48","guid":{"rendered":"https:\/\/hocl.dk\/product\/unkategorisiert\/wonder-universal-balm\/"},"modified":"2025-06-18T21:12:29","modified_gmt":"2025-06-18T21:12:29","slug":"wonder-universal-balm","status":"publish","type":"product","link":"https:\/\/hocl.dk\/de\/product\/wonder-clean-de\/wonder-universal-balm\/","title":{"rendered":"Wonder Universal Balm"},"content":{"rendered":"<h1><strong>Pferdewunder Universal Balsam<\/strong><\/h1>\n<h2><strong>Die nat\u00fcrliche Pflege f\u00fcr alle Lederartikel<\/strong><\/h2>\n<p>Wonder Universal Balm Conditioner ist das ultimative Pflegeprodukt f\u00fcr Ihre wertvollen Lederartikel. Dieses Produkt besteht zu 100 % aus echtem Bienenwachs und ist eine wahre Fundgrube f\u00fcr die Pflege von Lederm\u00f6beln bis hin zu Ihren Lieblingsschuhen.<\/p>\n<p>&nbsp;<\/p>\n<h3><strong>Lederpflege auf nat\u00fcrlicher Basis:<\/strong><\/h3>\n<p>Unser Universal Conditioner enth\u00e4lt nur nat\u00fcrliche Inhaltsstoffe, darunter echtes Bienenwachs, das das Leder pflegt. Das macht sie zu einer umweltfreundlichen und nachhaltigen L\u00f6sung, die Ihr Eigentum und unseren Planeten sch\u00fctzt.<\/p>\n<p>&nbsp;<\/p>\n<h3><strong>Bewahrt die Sch\u00f6nheit des Leders:<\/strong><\/h3>\n<p>Der Universal-Conditioner ist f\u00fcr durchgef\u00e4rbtes Leder geeignet und hilft, die urspr\u00fcngliche Farbe wiederherzustellen, auch wenn Ihre M\u00f6bel oder Gegenst\u00e4nde dem Sonnenlicht ausgesetzt waren. Das macht es zu einem unverzichtbaren Bestandteil Ihrer Lederpflege-Routine.<\/p>\n<p>&nbsp;<\/p>\n<h3><strong>Sch\u00fctzt vor Witterungseinfl\u00fcssen:<\/strong><\/h3>\n<p>Unser Universal Conditioner schafft eine unsichtbare Barriere auf dem Leder, die Wasser und Schmutz abweist. Das bedeutet, dass Ihre Lederartikel l\u00e4nger sch\u00f6n und gesch\u00fctzt bleiben.<\/p>\n<p>&nbsp;<\/p>\n<h3><strong>Schuhe putzen in einem Schritt:<\/strong><\/h3>\n<p>Nichts sieht besser aus als gut gepflegte Schuhe. Der Universal-Conditioner entfernt wei\u00dfe Salzflecken und verleiht Ihren Schuhen ein gl\u00e4nzendes Finish &#8211; alles in einer einzigen Anwendung.<\/p>\n<p>&nbsp;<\/p>\n<h3><strong>Benutzerhandbuch:<\/strong><\/h3>\n<p>Tragen Sie eine m\u00f6glichst d\u00fcnne Schicht auf und verteilen Sie sie gleichm\u00e4\u00dfig mit einem weichen Tuch oder Schwamm. Das Produkt kann sofort verwendet werden, da keine Trocknungszeit erforderlich ist.<\/p>\n<p>Horse Wonder Universal Conditioner ist der nat\u00fcrliche Weg, um die Sch\u00f6nheit von Leder zu erhalten und Ihre wertvollen Gegenst\u00e4nde zu sch\u00fctzen. Ob es sich um Lederm\u00f6bel, S\u00e4ttel, Holzm\u00f6bel, Schuhe, Taschen oder Jacken handelt, dieses Produkt ist Ihre L\u00f6sung, um sie in perfektem Zustand zu halten. Mit 200 ml der Kraft der Pflege ist es an der Zeit, in Ihr Leder zu investieren und ihm die Liebe zu geben, die es verdient.<\/p>\n<h3><strong>Zutaten:<\/strong><\/h3>\n<p>Kokosnussfett, Lanolin und 100% reines Bienenwachs<\/p>\n","protected":false},"excerpt":{"rendered":"<p><strong>200ml<\/strong><\/p>\n<div id=\"gtx-trans\" style=\"position: absolute; left: -43px; top: -10px;\">\n<div class=\"gtx-trans-icon\"><\/div>\n<\/div>\n","protected":false},"featured_media":3642,"comment_status":"open","ping_status":"closed","template":"","meta":{"_acf_changed":false},"product-label":[1705,1696,1684,1688],"product_brand":[],"product_cat":[758],"product_tag":[556,506,558],"class_list":{"0":"post-3751","1":"product","2":"type-product","3":"status-publish","4":"has-post-thumbnail","6":"product-label-100-naturligt-de","7":"product-label-produceret-i-danmark-de","8":"product-label-ikke-testet-paa-dyr-de","9":"product-label-parfumefri-de","10":"product_cat-wonder-clean-de","11":"product_tag-allzweckbalsam","12":"product_tag-balsam-de","13":"product_tag-universal-konditionierer","15":"first","16":"instock","17":"taxable","18":"shipping-taxable","19":"purchasable","20":"product-type-simple"},"acf":[],"_links":{"self":[{"href":"https:\/\/hocl.dk\/de\/wp-json\/wp\/v2\/product\/3751","targetHints":{"allow":["GET"]}}],"collection":[{"href":"https:\/\/hocl.dk\/de\/wp-json\/wp\/v2\/product"}],"about":[{"href":"https:\/\/hocl.dk\/de\/wp-json\/wp\/v2\/types\/product"}],"replies":[{"embeddable":true,"href":"https:\/\/hocl.dk\/de\/wp-json\/wp\/v2\/comments?post=3751"}],"version-history":[{"count":3,"href":"https:\/\/hocl.dk\/de\/wp-json\/wp\/v2\/product\/3751\/revisions"}],"predecessor-version":[{"id":126821,"href":"https:\/\/hocl.dk\/de\/wp-json\/wp\/v2\/product\/3751\/revisions\/126821"}],"wp:featuredmedia":[{"embeddable":true,"href":"https:\/\/hocl.dk\/de\/wp-json\/wp\/v2\/media\/3642"}],"wp:attachment":[{"href":"https:\/\/hocl.dk\/de\/wp-json\/wp\/v2\/media?parent=3751"}],"wp:term":[{"taxonomy":"product-label","embeddable":true,"href":"https:\/\/hocl.dk\/de\/wp-json\/wp\/v2\/product-label?post=3751"},{"taxonomy":"product_brand","embeddable":true,"href":"https:\/\/hocl.dk\/de\/wp-json\/wp\/v2\/product_brand?post=3751"},{"taxonomy":"product_cat","embeddable":true,"href":"https:\/\/hocl.dk\/de\/wp-json\/wp\/v2\/product_cat?post=3751"},{"taxonomy":"product_tag","embeddable":true,"href":"https:\/\/hocl.dk\/de\/wp-json\/wp\/v2\/product_tag?post=3751"}],"curies":[{"name":"wp","href":"https:\/\/api.w.org\/{rel}","templated":true}]}}