{"id":3752,"date":"2024-04-18T10:17:49","date_gmt":"2024-04-18T10:17:49","guid":{"rendered":"https:\/\/hocl.dk\/product\/unkategorisiert\/schwarze-wunderlotion\/"},"modified":"2026-04-29T22:29:32","modified_gmt":"2026-04-29T22:29:32","slug":"black-wonder-lotion-de","status":"publish","type":"product","link":"https:\/\/hocl.dk\/de\/product\/bestseller-de\/black-wonder-lotion-de\/","title":{"rendered":"Wunderlotion -Angebot"},"content":{"rendered":"<h1><strong>Wonder Lotion<\/strong><\/h1>\n<h2>ACHTUNG!!! Artikel im Sonderangebot<\/h2>\n<h5 class=\"serp-title\">Wunderlotion<\/h5>\n<p>Dieser Artikel ist ein Sonderangebot, da wir eine neue Verpackung haben. An der Creme ist also nichts auszusetzen, es ist nur die Verpackung, die wir ersetzen m\u00f6chten.<br \/>\nDeshalb bieten wir Ihnen jetzt die M\u00f6glichkeit, die Creme zum halben Preis zu kaufen.<\/p>\n<h2><strong>Die perfekte L\u00f6sung f\u00fcr trockene Haut<\/strong><\/h2>\n<p>Sind Sie auf der Suche nach der idealen Lotion zur Pflege Ihrer trockenen Haut? Dann ist <strong>Wonder Lotion<\/strong> die richtige Wahl f\u00fcr Sie. Unsere speziell entwickelte Formel enth\u00e4lt sorgf\u00e4ltig ausgew\u00e4hlte Inhaltsstoffe, die Ihrer Haut die Liebe und Pflege geben, die sie verdient.<\/p>\n<h3><strong>Informationen \u00fcber Wonder Lotion<\/strong><\/h3>\n<p><strong>Feuchtigkeitsspendende Wirkung:<\/strong> Unsere Lotion enth\u00e4lt eine Mischung aus nat\u00fcrlichen Inhaltsstoffen, darunter Mandel\u00f6l, das tief in die Haut eindringt und ihr die nat\u00fcrliche Feuchtigkeitsbalance zur\u00fcckgibt. Egal, ob Sie das ganze Jahr \u00fcber trockene Haut haben oder nur in den kalten Monaten zus\u00e4tzliche Pflege ben\u00f6tigen, Wonder Lotion versorgt Ihre Haut mit Feuchtigkeit und macht sie geschmeidig.<\/p>\n<p><strong>Perfekt f\u00fcr den t\u00e4glichen Gebrauch:<\/strong> Diese Lotion ist f\u00fcr den t\u00e4glichen Gebrauch geeignet. Massieren Sie diese K\u00f6rperlotion nach einem wohltuenden Bad oder immer dann, wenn Ihre Haut ein wenig Verw\u00f6hnung braucht, in Ihre Haut ein. Ihre leichte Textur sorgt daf\u00fcr, dass sie schnell einzieht, so dass Sie sich den ganzen Tag \u00fcber frisch und mit Feuchtigkeit versorgt f\u00fchlen.<\/p>\n<p><strong>100% nat\u00fcrlich:<\/strong> Ihre Haut liegt uns am Herzen, deshalb enth\u00e4lt Wonder Lotion nur nat\u00fcrliche Inhaltsstoffe. Sie k\u00f6nnen sich darauf verlassen, dass unsere Lotion keine sch\u00e4dlichen Chemikalien enth\u00e4lt, die Ihre Haut reizen k\u00f6nnten. Wir bieten Ihnen eine gesunde und n\u00e4hrende L\u00f6sung f\u00fcr Ihre t\u00e4gliche Hautpflege.<\/p>\n<p>Sparen Sie Plastikflaschen und tun Sie Ihrer Haut etwas Gutes mit unserer wiederbef\u00fcllbaren Flasche.<\/p>\n<p>Geben Sie Ihrer Haut mit dieser K\u00f6rperlotion die Pflege, die sie verdient. Wir helfen Ihnen, Ihre Haut strahlend, gesund und hydratisiert zu erhalten.<\/p>\n<p><em>Erleben Sie die Vorteile einer nat\u00fcrlichen Hautpflege mit dieser K\u00f6rperlotion. Ihre Haut wird es Ihnen danken!<\/em><\/p>\n","protected":false},"excerpt":{"rendered":"<p><strong>200ml<\/strong><\/p>\n<div id=\"gtx-trans\" style=\"position: absolute; left: -14px; top: -10px;\">\n<div class=\"gtx-trans-icon\"><\/div>\n<\/div>\n","protected":false},"featured_media":3624,"comment_status":"open","ping_status":"closed","template":"","meta":{"_acf_changed":false},"product-label":[1700,1696,1684,1688],"product_brand":[],"product_cat":[607,1760],"product_tag":[536,555,456],"class_list":{"0":"post-3752","1":"product","2":"type-product","3":"status-publish","4":"has-post-thumbnail","6":"product-label-mod-hudproblemer-de","7":"product-label-produceret-i-danmark-de","8":"product-label-ikke-testet-paa-dyr-de","9":"product-label-parfumefri-de","10":"product_cat-bestseller-de","11":"product_cat-wonder-velvaere-de","12":"product_tag-lotion-de","13":"product_tag-schwarze-wunderlotion","14":"product_tag-schwarzes-wunder","16":"first","17":"instock","18":"taxable","19":"shipping-taxable","20":"purchasable","21":"product-type-simple"},"acf":[],"_links":{"self":[{"href":"https:\/\/hocl.dk\/de\/wp-json\/wp\/v2\/product\/3752","targetHints":{"allow":["GET"]}}],"collection":[{"href":"https:\/\/hocl.dk\/de\/wp-json\/wp\/v2\/product"}],"about":[{"href":"https:\/\/hocl.dk\/de\/wp-json\/wp\/v2\/types\/product"}],"replies":[{"embeddable":true,"href":"https:\/\/hocl.dk\/de\/wp-json\/wp\/v2\/comments?post=3752"}],"version-history":[{"count":3,"href":"https:\/\/hocl.dk\/de\/wp-json\/wp\/v2\/product\/3752\/revisions"}],"predecessor-version":[{"id":126947,"href":"https:\/\/hocl.dk\/de\/wp-json\/wp\/v2\/product\/3752\/revisions\/126947"}],"wp:featuredmedia":[{"embeddable":true,"href":"https:\/\/hocl.dk\/de\/wp-json\/wp\/v2\/media\/3624"}],"wp:attachment":[{"href":"https:\/\/hocl.dk\/de\/wp-json\/wp\/v2\/media?parent=3752"}],"wp:term":[{"taxonomy":"product-label","embeddable":true,"href":"https:\/\/hocl.dk\/de\/wp-json\/wp\/v2\/product-label?post=3752"},{"taxonomy":"product_brand","embeddable":true,"href":"https:\/\/hocl.dk\/de\/wp-json\/wp\/v2\/product_brand?post=3752"},{"taxonomy":"product_cat","embeddable":true,"href":"https:\/\/hocl.dk\/de\/wp-json\/wp\/v2\/product_cat?post=3752"},{"taxonomy":"product_tag","embeddable":true,"href":"https:\/\/hocl.dk\/de\/wp-json\/wp\/v2\/product_tag?post=3752"}],"curies":[{"name":"wp","href":"https:\/\/api.w.org\/{rel}","templated":true}]}}