{"id":3857,"date":"2023-09-07T15:22:19","date_gmt":"2023-09-07T15:22:19","guid":{"rendered":"https:\/\/hocl.dk\/product\/unkategorisiert\/salzpeeling-gredo\/"},"modified":"2025-08-31T13:51:11","modified_gmt":"2025-08-31T13:51:11","slug":"salzpeeling-gredo","status":"publish","type":"product","link":"https:\/\/hocl.dk\/de\/product\/danica-hautpflege\/salzpeeling-gredo\/","title":{"rendered":"Salzpeeling &#8211; Gredo"},"content":{"rendered":"<h1>Danica Hautpflege<\/h1>\n<h2>Salzpeeling &#8211; Gredo<\/h2>\n<p>Dieses herrliche Salzpeeling ist f\u00fcr alle, die sich eine besonders saubere, weiche und glatte Haut g\u00f6nnen m\u00f6chten. Das Salz ist nicht nur ein Peeling, sondern auch feuchtigkeitsspendend, reinigend und heilend.<\/p>\n<p>Das Peeling kann am ganzen K\u00f6rper angewendet werden. Als letztes unter der Dusche auf die befeuchtete Haut auftragen, absp\u00fclen und die Haut sch\u00f6n fetten lassen. Ein echtes Selbstverw\u00f6hn- und Wellness-Erlebnis. Wiederholen Sie die Behandlung nach Bedarf. Wir empfehlen etwa 1-2 Mal pro Woche.<\/p>\n<p>Die Behandlung kann in Bereichen mit d\u00fcnner, trockener Haut oder mit Wunden und Schnitten ein leichtes Brennen der Haut verursachen. Nach der Anwendung des Peelings bleibt Ihre Haut l\u00e4nger weich, mit Feuchtigkeit versorgt und geschmeidig. Die \u00d6le enthalten Vitamin A und E. Sie k\u00f6nnen zwischen verschiedenen Duftvarianten oder duftfrei w\u00e4hlen.<\/p>\n<p>Zutaten: Maris Sal (Totes Meer Mineralsalz), Prunus Amygdalus Dulcis Oil (Mandel\u00f6l), Cocos Nucifera Oil (Kokosnuss\u00f6l), Prunus Armeniaca Kernel Oil (Aprikosenkern\u00f6l), Tocopherol (Vitamin E)<\/p>\n","protected":false},"excerpt":{"rendered":"<p><strong>200ml <\/strong><\/p>\n<div id=\"gtx-trans\" style=\"position: absolute; left: -101px; top: -10px;\">\n<div class=\"gtx-trans-icon\"><\/div>\n<\/div>\n","protected":false},"featured_media":3861,"comment_status":"open","ping_status":"closed","template":"","meta":{"_acf_changed":false},"product-label":[1705,1696,1684,1708],"product_brand":[],"product_cat":[580],"product_tag":[601,586,584],"class_list":{"0":"post-3857","1":"product","2":"type-product","3":"status-publish","4":"has-post-thumbnail","6":"product-label-100-naturligt-de","7":"product-label-produceret-i-danmark-de","8":"product-label-ikke-testet-paa-dyr-de","9":"product-label-vegansk-de","10":"product_cat-danica-hautpflege","11":"product_tag-glaubensbekenntnis","12":"product_tag-salzpeeling","13":"product_tag-schrubben","15":"first","16":"outofstock","17":"sale","18":"taxable","19":"shipping-taxable","20":"purchasable","21":"product-type-simple"},"acf":[],"_links":{"self":[{"href":"https:\/\/hocl.dk\/de\/wp-json\/wp\/v2\/product\/3857","targetHints":{"allow":["GET"]}}],"collection":[{"href":"https:\/\/hocl.dk\/de\/wp-json\/wp\/v2\/product"}],"about":[{"href":"https:\/\/hocl.dk\/de\/wp-json\/wp\/v2\/types\/product"}],"replies":[{"embeddable":true,"href":"https:\/\/hocl.dk\/de\/wp-json\/wp\/v2\/comments?post=3857"}],"version-history":[{"count":1,"href":"https:\/\/hocl.dk\/de\/wp-json\/wp\/v2\/product\/3857\/revisions"}],"predecessor-version":[{"id":126808,"href":"https:\/\/hocl.dk\/de\/wp-json\/wp\/v2\/product\/3857\/revisions\/126808"}],"wp:featuredmedia":[{"embeddable":true,"href":"https:\/\/hocl.dk\/de\/wp-json\/wp\/v2\/media\/3861"}],"wp:attachment":[{"href":"https:\/\/hocl.dk\/de\/wp-json\/wp\/v2\/media?parent=3857"}],"wp:term":[{"taxonomy":"product-label","embeddable":true,"href":"https:\/\/hocl.dk\/de\/wp-json\/wp\/v2\/product-label?post=3857"},{"taxonomy":"product_brand","embeddable":true,"href":"https:\/\/hocl.dk\/de\/wp-json\/wp\/v2\/product_brand?post=3857"},{"taxonomy":"product_cat","embeddable":true,"href":"https:\/\/hocl.dk\/de\/wp-json\/wp\/v2\/product_cat?post=3857"},{"taxonomy":"product_tag","embeddable":true,"href":"https:\/\/hocl.dk\/de\/wp-json\/wp\/v2\/product_tag?post=3857"}],"curies":[{"name":"wp","href":"https:\/\/api.w.org\/{rel}","templated":true}]}}