{"id":4978,"date":"2023-12-23T21:04:42","date_gmt":"2023-12-23T21:04:42","guid":{"rendered":"https:\/\/hocl.dk\/product\/unkategorisiert\/beinwickel-fuer-pferde\/"},"modified":"2025-08-06T09:49:08","modified_gmt":"2025-08-06T09:49:08","slug":"beinwickel-fuer-pferde","status":"publish","type":"product","link":"https:\/\/hocl.dk\/de\/product\/horse-wonder-de\/beinwickel-fuer-pferde\/","title":{"rendered":"Wonder Cooling Beinwickel"},"content":{"rendered":"<h1>Sofortige K\u00fchlung<\/h1>\n<h2><strong>Wonder Cooling Beinwickel<\/strong><\/h2>\n<h3><strong>Sofortige K\u00fchlung f\u00fcr Ihr Pferd \ud83d\udc34<\/strong><\/h3>\n<p>Mit unserem Wonder Cooling Leg Wrap erh\u00e4lt Ihr Pferd nach dem Training oder bei hei\u00dfem Wetter sofortige K\u00fchlung. Der Leg Wrap ist einfach zu handhaben und bietet Ihrem Pferd stundenlange, angenehme K\u00fchlung.<\/p>\n<h3><strong>So verwenden Sie Wonder Cooling Leg Wrap<\/strong>:<\/h3>\n<ol>\n<li>Befeuchten Sie das Tuch mit Wasser aus einer beliebigen Quelle und dr\u00fccken Sie das \u00fcbersch\u00fcssige Wasser aus. Schwingen Sie das Tuch 10-15 Sekunden lang in der Luft.<\/li>\n<li>Wickeln Sie das Produkt mit der gerillten Seite zum Pferd hin so weit wie m\u00f6glich um das Bein des Pferdes, um beste Ergebnisse zu erzielen.<\/li>\n<\/ol>\n<h3><strong>K\u00fchlzeit verl\u00e4ngern<\/strong><\/h3>\n<p>durch einfaches Wiederbefeuchten der Folie durch leichtes Bespr\u00fchen mit Wasser aus einem Schlauch oder einer Spr\u00fchflasche. Es kann Wasser mit beliebiger Temperatur verwendet werden, und der Wickel k\u00fchlt beim Verdunsten ab. Schwenken Sie den Wickel, damit die Luft zirkulieren kann, und legen Sie ihn dann dem Pferd an.<\/p>\n<h3><strong>Wartung und Pflege<\/strong>:<\/h3>\n<ul>\n<li>Vor und nach jedem Gebrauch aussp\u00fclen.<\/li>\n<li>Wenn Sie das Tuch nicht mehr brauchen, solange es noch feucht ist, falten Sie es zusammen und legen Sie es in die Originalverpackung oder einen verschlossenen Beh\u00e4lter. Wenn es l\u00e4nger als 3-4 Wochen nicht benutzt wird, falten Sie es, solange es noch feucht ist, und lassen Sie es vollst\u00e4ndig trocknen.<\/li>\n<li>Falten Sie den Wickel nicht, wenn er hart ist, sondern befeuchten Sie ihn, um ihn weicher zu machen.<\/li>\n<li>Separate Maschinen- oder Handw\u00e4sche mit milder Seife oder Waschmittel. Vermeiden Sie es, den Wickel in den Trockner zu geben.<\/li>\n<\/ul>\n<h3><strong>K\u00fchlt den ganzen Tag lang<\/strong>:<\/h3>\n<p>Der Wickel k\u00fchlt stundenlang, selbst bei gro\u00dfer Hitze. Sie brauchen weder einen K\u00fchlschrank noch Strom oder Gel. Einfach anfeuchten, drehen und schnippen!<\/p>\n<h3><strong>Anmerkung<\/strong>:<\/h3>\n<p>Der Wickel ist nicht f\u00fcr medizinische Zwecke gedacht, sondern soll lediglich Linderung verschaffen. By Wonder ist nicht verantwortlich f\u00fcr Sch\u00e4den, die durch unsachgem\u00e4\u00dfen Gebrauch des Produktes entstehen.<\/p>\n<p>Geben Sie Ihrem Pferd die beste K\u00fchlung mit dem Wonder Cooling Leg Wrap! \ud83d\udc34<\/p>\n","protected":false},"excerpt":{"rendered":"<p><strong>Inkl. 2 Wraps<\/strong><\/p>\n","protected":false},"featured_media":4907,"comment_status":"open","ping_status":"closed","template":"","meta":{"_acf_changed":false},"product-label":[],"product_brand":[],"product_cat":[488],"product_tag":[701,703,494,704,491,702],"class_list":{"0":"post-4978","1":"product","2":"type-product","3":"status-publish","4":"has-post-thumbnail","6":"product_cat-horse-wonder-de","7":"product_tag-beinwickel","8":"product_tag-knochen","9":"product_tag-pferd","10":"product_tag-pferdebeine","11":"product_tag-pferdewunder","12":"product_tag-beinwickel-de","14":"first","15":"instock","16":"taxable","17":"shipping-taxable","18":"purchasable","19":"product-type-simple"},"acf":[],"_links":{"self":[{"href":"https:\/\/hocl.dk\/de\/wp-json\/wp\/v2\/product\/4978","targetHints":{"allow":["GET"]}}],"collection":[{"href":"https:\/\/hocl.dk\/de\/wp-json\/wp\/v2\/product"}],"about":[{"href":"https:\/\/hocl.dk\/de\/wp-json\/wp\/v2\/types\/product"}],"replies":[{"embeddable":true,"href":"https:\/\/hocl.dk\/de\/wp-json\/wp\/v2\/comments?post=4978"}],"version-history":[{"count":1,"href":"https:\/\/hocl.dk\/de\/wp-json\/wp\/v2\/product\/4978\/revisions"}],"predecessor-version":[{"id":127079,"href":"https:\/\/hocl.dk\/de\/wp-json\/wp\/v2\/product\/4978\/revisions\/127079"}],"wp:featuredmedia":[{"embeddable":true,"href":"https:\/\/hocl.dk\/de\/wp-json\/wp\/v2\/media\/4907"}],"wp:attachment":[{"href":"https:\/\/hocl.dk\/de\/wp-json\/wp\/v2\/media?parent=4978"}],"wp:term":[{"taxonomy":"product-label","embeddable":true,"href":"https:\/\/hocl.dk\/de\/wp-json\/wp\/v2\/product-label?post=4978"},{"taxonomy":"product_brand","embeddable":true,"href":"https:\/\/hocl.dk\/de\/wp-json\/wp\/v2\/product_brand?post=4978"},{"taxonomy":"product_cat","embeddable":true,"href":"https:\/\/hocl.dk\/de\/wp-json\/wp\/v2\/product_cat?post=4978"},{"taxonomy":"product_tag","embeddable":true,"href":"https:\/\/hocl.dk\/de\/wp-json\/wp\/v2\/product_tag?post=4978"}],"curies":[{"name":"wp","href":"https:\/\/api.w.org\/{rel}","templated":true}]}}