{"id":5455,"date":"2024-01-16T16:59:13","date_gmt":"2024-01-16T16:59:13","guid":{"rendered":"https:\/\/hocl.dk\/product\/unkategorisiert\/bartoel\/"},"modified":"2026-04-29T22:30:19","modified_gmt":"2026-04-29T22:30:19","slug":"bartoel-house-of-wonder","status":"publish","type":"product","link":"https:\/\/hocl.dk\/de\/product\/wonder-hair-de\/bartoel-house-of-wonder\/","title":{"rendered":"Bart\u00f6l"},"content":{"rendered":"<h1>Schwarzes Wunder-Bart\u00f6l<\/h1>\n<h2>Perfekte Bartpflege<\/h2>\n<p>Tr\u00e4umen Sie von einem Bart, der Gesundheit und Wohlbefinden ausstrahlt? Dann ist Black Wonder Beard Oil die ideale Wahl f\u00fcr Sie!<\/p>\n<p><strong>\ud83e\uddd4 Bart\u00f6l<\/strong><br \/>\nMit unserer gro\u00dfen 100-ml-Flasche erhalten Sie reichlich luxuri\u00f6se Bartpflege f\u00fcr eine lange Zeit. Unser Bart\u00f6l ist der ultimative Weg, um einen gepflegten und gen\u00e4hrten Bart zu pflegen und zu erhalten.<\/p>\n<p>\ud83d\udca7 <strong>Die perfekte Feuchtigkeit<\/strong><br \/>\nEin wenig reicht f\u00fcr einen langen Weg! Unser Bart\u00f6l ist extrem sanft in der Anwendung. Ein paar Tropfen gen\u00fcgen. Das \u00d6l f\u00fcllt den nat\u00fcrlichen pH-Wert Ihres Bartes auf und sorgt daf\u00fcr, dass er die perfekte Menge an Feuchtigkeit erh\u00e4lt. Wir sind der Meinung, dass das, womit Sie Ihren Bart behandeln, wichtiger ist als das, was Sie essen.<\/p>\n<p>\ud83c\udf3f <strong>Nat\u00fcrliche Inhaltsstoffe<\/strong><br \/>\nWir haben unser Bart\u00f6l mit sorgf\u00e4ltig ausgew\u00e4hlten nat\u00fcrlichen Inhaltsstoffen formuliert, die speziell f\u00fcr die Pflege Ihres Bartes entwickelt wurden. Dazu geh\u00f6ren Traubenkern\u00f6l, Origanum vulgare, Teebaum\u00f6l, Menthol und nicht zuletzt Vitamin A.<\/p>\n<p><strong>Anwendung<\/strong>: Spr\u00fchen Sie ein paar Tropfen Black Wonder Beard Oil in Ihre Hand und verteilen Sie es gleichm\u00e4\u00dfig in Ihrem Bart. Sanft einmassieren und den erfrischenden Duft und die n\u00e4hrende Pflege genie\u00dfen.<\/p>\n<p>Tun Sie Ihrem Bart einen Gefallen mit Black Wonder Beard Oil &#8211; kreieren Sie einen Bart, der die Blicke auf sich zieht!<\/p>\n","protected":false},"excerpt":{"rendered":"<p>100ml<\/p>\n","protected":false},"featured_media":5447,"comment_status":"open","ping_status":"closed","template":"","meta":{"_acf_changed":false},"product-label":[1705,1696,1684,1688,1708],"product_brand":[],"product_cat":[761],"product_tag":[739,740,456,738],"class_list":{"0":"post-5455","1":"product","2":"type-product","3":"status-publish","4":"has-post-thumbnail","6":"product-label-100-naturligt-de","7":"product-label-produceret-i-danmark-de","8":"product-label-ikke-testet-paa-dyr-de","9":"product-label-parfumefri-de","10":"product-label-vegansk-de","11":"product_cat-wonder-hair-de","12":"product_tag-bartoel-de","13":"product_tag-bartoel-de-2","14":"product_tag-schwarzes-wunder","15":"product_tag-bartoel","17":"first","18":"outofstock","19":"taxable","20":"shipping-taxable","21":"purchasable","22":"product-type-simple"},"acf":[],"_links":{"self":[{"href":"https:\/\/hocl.dk\/de\/wp-json\/wp\/v2\/product\/5455","targetHints":{"allow":["GET"]}}],"collection":[{"href":"https:\/\/hocl.dk\/de\/wp-json\/wp\/v2\/product"}],"about":[{"href":"https:\/\/hocl.dk\/de\/wp-json\/wp\/v2\/types\/product"}],"replies":[{"embeddable":true,"href":"https:\/\/hocl.dk\/de\/wp-json\/wp\/v2\/comments?post=5455"}],"version-history":[{"count":2,"href":"https:\/\/hocl.dk\/de\/wp-json\/wp\/v2\/product\/5455\/revisions"}],"predecessor-version":[{"id":127083,"href":"https:\/\/hocl.dk\/de\/wp-json\/wp\/v2\/product\/5455\/revisions\/127083"}],"wp:featuredmedia":[{"embeddable":true,"href":"https:\/\/hocl.dk\/de\/wp-json\/wp\/v2\/media\/5447"}],"wp:attachment":[{"href":"https:\/\/hocl.dk\/de\/wp-json\/wp\/v2\/media?parent=5455"}],"wp:term":[{"taxonomy":"product-label","embeddable":true,"href":"https:\/\/hocl.dk\/de\/wp-json\/wp\/v2\/product-label?post=5455"},{"taxonomy":"product_brand","embeddable":true,"href":"https:\/\/hocl.dk\/de\/wp-json\/wp\/v2\/product_brand?post=5455"},{"taxonomy":"product_cat","embeddable":true,"href":"https:\/\/hocl.dk\/de\/wp-json\/wp\/v2\/product_cat?post=5455"},{"taxonomy":"product_tag","embeddable":true,"href":"https:\/\/hocl.dk\/de\/wp-json\/wp\/v2\/product_tag?post=5455"}],"curies":[{"name":"wp","href":"https:\/\/api.w.org\/{rel}","templated":true}]}}