{"id":7754,"date":"2024-03-06T10:38:06","date_gmt":"2024-03-06T10:38:06","guid":{"rendered":"https:\/\/hocl.dk\/product\/unkategorisiert\/kostenlose-schnupperpakete\/"},"modified":"2026-04-29T22:21:59","modified_gmt":"2026-04-29T22:21:59","slug":"kostenlose-schnupperpakete","status":"publish","type":"product","link":"https:\/\/hocl.dk\/de\/product\/bestseller-de\/kostenlose-schnupperpakete\/","title":{"rendered":"Kostenlose Schnupperpakete"},"content":{"rendered":"<h1>Kostenlose Testpakete &#8211; Sie zahlen nur f\u00fcr den Versand<\/h1>\n<h2>Wo Mens (10 gr) &#8211; White Wonder (3 gr) &#8211; Blue Wonder (10 gr)<\/h2>\n<h3>HINWEIS: Maximal 1 Musterpackung pro Bestellung.<\/h3>\n<p>Wir von House of Wonder glauben an die Magie unserer Produkte &#8211; deshalb wollen wir sie mit Ihnen teilen \ud83e\udd0e.<\/p>\n<p>&nbsp;<\/p>\n<h2>Was Sie mit dem Testpaket erhalten:<\/h2>\n<h3>Wo Herren &#8211; <strong>100% NAT\u00dcRLICHE GESCHMACKSREDUKTION \ud83c\udf3c<\/strong><\/h3>\n<p>Wo Mens ist aus einer pers\u00f6nlichen Geschichte entstanden, in der es darum ging, eine nat\u00fcrliche L\u00f6sung f\u00fcr ein h\u00e4ufiges Problem zu finden &#8211; Menstruationsschmerzen. Inspiriert durch den Schmerz einer Tochter und die Entscheidung eines Vaters, einen ges\u00fcnderen Weg einzuschlagen, wurde Wo Mens geboren.<\/p>\n<p>Wo Mens enth\u00e4lt Eukalyptus, japanische Minze, Menthol, parf\u00fcmfreien Kampfer, Lavendel\u00f6l, Gel auf Wasserbasis. Alle Inhaltsstoffe sind nat\u00fcrlich und haben eine schmerzlindernde Wirkung bei Menstruationsschmerzen.<\/p>\n<p>&nbsp;<\/p>\n<h3>White Wonder &#8211; Nat\u00fcrliches Heilmittel f\u00fcr verschiedene Hautprobleme<\/h3>\n<p><em>White Wonder<\/em> ist eine \u00e4u\u00dferst vielseitige und wirksame Creme, die Ihre Hautpflegeroutine verbessern kann. Es ist wichtig zu beachten, dass bei dieser Creme weniger mehr ist. Verwenden Sie nur so viel, wie Ihre Haut aufnehmen kann, um ein fettiges Gef\u00fchl zu vermeiden.<\/p>\n<p>Die Creme hat eine beruhigende Wirkung auf die Haut und spendet ihr sofort Feuchtigkeit. Wenn Sie unter Hautkrankheiten wie Schuppenflechte oder Ekzemen leiden, k\u00f6nnen Juckreiz und Reizungen nach der Anwendung deutlich nachlassen.<\/p>\n<p>Sie k\u00f6nnen die <em>Creme<\/em> bedenkenlos auf Ihren gesamten K\u00f6rper, einschlie\u00dflich Ihrer Kopfhaut, auftragen. Die besten Ergebnisse erzielen Sie, wenn Sie das Produkt auf die Kopfhaut auftragen und darauf achten, dass Ihre Haut mit Feuchtigkeit versorgt ist, am besten gleich nach dem Haarewaschen.<\/p>\n<p><strong>Bei welchen Hautproblemen kann White Wonder helfen?<\/strong><\/p>\n<p><em>Die Creme<\/em> ist eine wahre Wundercreme, die bei einer Vielzahl von Hautproblemen helfen kann, unter anderem:<\/p>\n<ul>\n<li>Psoriasis und Rosazea<\/li>\n<li>Atopisches und seborrhoisches Ekzem<\/li>\n<li>Trockene und rissige Haut an F\u00fc\u00dfen, H\u00e4nden und Lippen<\/li>\n<li>Fieberbl\u00e4schen und Wundheilung<\/li>\n<li>Fu\u00df- und Nagelpilz (ideal in Kombination mit Wonder Skin-Clean)<\/li>\n<li>Juckreiz nach Insekten- und M\u00fcckenstichen<\/li>\n<li>Linderung von Sonnenekzemen und Sonnenbrand<\/li>\n<li>Vorbeugung und Linderung von rotem Babypopo<\/li>\n<li>Schutz vor Frostbeulen im Gesicht<\/li>\n<li>Behandlung von Blasen, Warzen und H\u00fchneraugen<\/li>\n<li>Wunden im Sitzen und im Bett (durch Auftragen vor der Aktivit\u00e4t verhindern)<\/li>\n<\/ul>\n<p>&nbsp;<\/p>\n<h3><strong>Blue Wonder &#8211; Nat\u00fcrliche Schmerzlinderung<\/strong><\/h3>\n<p><strong>Nat\u00fcrliche Schmerzlinderung<\/strong> mit Eukalyptus, Menthol, japanischer Minze und parf\u00fcmfreiem Kampfer. Linderung von Muskel- und Gelenkschmerzen. Wirksam und sanft. Versuchen Sie es noch heute!<\/p>\n<p><strong>Werke von:<\/strong><\/p>\n<ul>\n<li>Myosit\u00e4ten<\/li>\n<li>Fersensporn<\/li>\n<li>Arthritis-Schmerzen<\/li>\n<li>Verstauchungen und Zerrungen<\/li>\n<li>Vorstreckung<\/li>\n<li>Schmerzende Gelenke und Muskeln (lindert und beugt vor)<\/li>\n<li>Unruhe und Beinkr\u00e4mpfe<\/li>\n<li>Wachstumsschmerzen bei Kindern<\/li>\n<li>Kann Kopfschmerzen lindern<\/li>\n<\/ul>\n","protected":false},"excerpt":{"rendered":"<p>Fracht bezahlen<\/p>\n","protected":false},"featured_media":123052,"comment_status":"open","ping_status":"closed","template":"","meta":{"_acf_changed":false},"product-label":[1700,1696,1684,1688,1692],"product_brand":[],"product_cat":[607],"product_tag":[1860,786,787,495,649],"class_list":{"0":"post-7754","1":"product","2":"type-product","3":"status-publish","4":"has-post-thumbnail","6":"product-label-mod-hudproblemer-de","7":"product-label-produceret-i-danmark-de","8":"product-label-ikke-testet-paa-dyr-de","9":"product-label-parfumefri-de","10":"product-label-smertelindrende-de","11":"product_cat-bestseller-de","12":"product_tag-bestseller-kit-blaues-wunder","13":"product_tag-kostenlose-testpakete","14":"product_tag-probepackung","15":"product_tag-weisses-wunder","16":"product_tag-wo-menschliche","18":"first","19":"instock","20":"sold-individually","21":"taxable","22":"shipping-taxable","23":"purchasable","24":"product-type-simple"},"acf":[],"_links":{"self":[{"href":"https:\/\/hocl.dk\/de\/wp-json\/wp\/v2\/product\/7754","targetHints":{"allow":["GET"]}}],"collection":[{"href":"https:\/\/hocl.dk\/de\/wp-json\/wp\/v2\/product"}],"about":[{"href":"https:\/\/hocl.dk\/de\/wp-json\/wp\/v2\/types\/product"}],"replies":[{"embeddable":true,"href":"https:\/\/hocl.dk\/de\/wp-json\/wp\/v2\/comments?post=7754"}],"version-history":[{"count":0,"href":"https:\/\/hocl.dk\/de\/wp-json\/wp\/v2\/product\/7754\/revisions"}],"wp:featuredmedia":[{"embeddable":true,"href":"https:\/\/hocl.dk\/de\/wp-json\/wp\/v2\/media\/123052"}],"wp:attachment":[{"href":"https:\/\/hocl.dk\/de\/wp-json\/wp\/v2\/media?parent=7754"}],"wp:term":[{"taxonomy":"product-label","embeddable":true,"href":"https:\/\/hocl.dk\/de\/wp-json\/wp\/v2\/product-label?post=7754"},{"taxonomy":"product_brand","embeddable":true,"href":"https:\/\/hocl.dk\/de\/wp-json\/wp\/v2\/product_brand?post=7754"},{"taxonomy":"product_cat","embeddable":true,"href":"https:\/\/hocl.dk\/de\/wp-json\/wp\/v2\/product_cat?post=7754"},{"taxonomy":"product_tag","embeddable":true,"href":"https:\/\/hocl.dk\/de\/wp-json\/wp\/v2\/product_tag?post=7754"}],"curies":[{"name":"wp","href":"https:\/\/api.w.org\/{rel}","templated":true}]}}