{"id":16766,"date":"2022-05-23T11:11:48","date_gmt":"2022-05-23T11:11:48","guid":{"rendered":"https:\/\/hocl.dk\/wishlist\/"},"modified":"2024-10-15T20:36:45","modified_gmt":"2024-10-15T20:36:45","slug":"wishlist-hocl","status":"publish","type":"page","link":"https:\/\/hocl.dk\/en\/wishlist-hocl\/","title":{"rendered":"Wishlist"},"content":{"rendered":"\t\t\n\t\t\n\n\t\t\t\t<div class=\"\" >\n\t\t\t\t\t\t<div class=\"wd-wishlist-content\">\n\t\t\t\t\t\t\t\t\t\t\t\n\t\t<p class=\"wd-empty-wishlist wd-empty-page\">\n\t\t\tThis wishlist is empty.\t\t<\/p>\n\n\t\t\t\t\t<div class=\"wd-empty-page-text\">\n\t\t\t\tDu har endnu ingen produkter p\u00e5 \u00f8nskelisten. <br> Du finder en masse interessante produkter p\u00e5 vores \"Shop\"-side.\t\t\t<\/div>\n\t\t\n\t\t\n\t\t\t\t\t<p class=\"return-to-shop\">\n\t\t\t\t<a class=\"button\" href=\"https:\/\/hocl.dk\/en\/\">\n\t\t\t\t\tReturn to shop\t\t\t\t<\/a>\n\t\t\t<\/p>\n\t\t\t\t\t\t\t\t\t\t\t<\/div>\n\t\t\t\t<\/div>\n\t\t\n","protected":false},"excerpt":{"rendered":"","protected":false},"author":1,"featured_media":0,"parent":0,"menu_order":0,"comment_status":"closed","ping_status":"closed","template":"","meta":{"_acf_changed":false,"footnotes":""},"class_list":["post-16766","page","type-page","status-publish","hentry"],"acf":[],"_links":{"self":[{"href":"https:\/\/hocl.dk\/en\/wp-json\/wp\/v2\/pages\/16766","targetHints":{"allow":["GET"]}}],"collection":[{"href":"https:\/\/hocl.dk\/en\/wp-json\/wp\/v2\/pages"}],"about":[{"href":"https:\/\/hocl.dk\/en\/wp-json\/wp\/v2\/types\/page"}],"author":[{"embeddable":true,"href":"https:\/\/hocl.dk\/en\/wp-json\/wp\/v2\/users\/1"}],"replies":[{"embeddable":true,"href":"https:\/\/hocl.dk\/en\/wp-json\/wp\/v2\/comments?post=16766"}],"version-history":[{"count":2,"href":"https:\/\/hocl.dk\/en\/wp-json\/wp\/v2\/pages\/16766\/revisions"}],"predecessor-version":[{"id":118637,"href":"https:\/\/hocl.dk\/en\/wp-json\/wp\/v2\/pages\/16766\/revisions\/118637"}],"wp:attachment":[{"href":"https:\/\/hocl.dk\/en\/wp-json\/wp\/v2\/media?parent=16766"}],"curies":[{"name":"wp","href":"https:\/\/api.w.org\/{rel}","templated":true}]}}