{"id":10193,"date":"2023-07-01T06:31:46","date_gmt":"2023-07-01T06:31:46","guid":{"rendered":"https:\/\/hocl.dk\/politique-de-confidentialite\/"},"modified":"2025-11-06T19:23:51","modified_gmt":"2025-11-06T19:23:51","slug":"politique-de-confidentialite","status":"publish","type":"page","link":"https:\/\/hocl.dk\/fr\/politique-de-confidentialite\/","title":{"rendered":"Politique de confidentialit\u00e9"},"content":{"rendered":"\t\t<div data-elementor-type=\"wp-page\" data-elementor-id=\"10193\" class=\"elementor elementor-10193 elementor-3\" data-elementor-post-type=\"page\">\n\t\t\t\t\t\t<section class=\"wd-negative-gap elementor-section elementor-top-section elementor-element elementor-element-1a63e484 elementor-section-boxed elementor-section-height-default elementor-section-height-default\" data-id=\"1a63e484\" data-element_type=\"section\" data-e-type=\"section\">\n\t\t\t\t\t\t<div class=\"elementor-container elementor-column-gap-default\">\n\t\t\t\t\t<div class=\"elementor-column elementor-col-100 elementor-top-column elementor-element elementor-element-4a519a24\" data-id=\"4a519a24\" data-element_type=\"column\" data-e-type=\"column\">\n\t\t\t<div class=\"elementor-widget-wrap elementor-element-populated\">\n\t\t\t\t\t\t<div class=\"elementor-element elementor-element-ef370ab elementor-widget elementor-widget-heading\" data-id=\"ef370ab\" data-element_type=\"widget\" data-e-type=\"widget\" data-widget_type=\"heading.default\">\n\t\t\t\t<div class=\"elementor-widget-container\">\n\t\t\t\t\t<h1 class=\"elementor-heading-title elementor-size-default\">Politique de confidentialit\u00e9<\/h1>\t\t\t\t<\/div>\n\t\t\t\t<\/div>\n\t\t\t\t<div class=\"elementor-element elementor-element-b0dba02 wd-el-breadcrumbs text-left elementor-widget elementor-widget-wd_element_breadcrumbs\" data-id=\"b0dba02\" data-element_type=\"widget\" data-e-type=\"widget\" data-widget_type=\"wd_element_breadcrumbs.default\">\n\t\t\t\t<div class=\"elementor-widget-container\">\n\t\t\t\t\t<nav class=\"wd-breadcrumbs\"><a href=\"https:\/\/hocl.dk\/fr\/\">Home<\/a><span class=\"wd-delimiter\"><\/span><span class=\"wd-last\">Page<\/span><\/nav>\t\t\t\t<\/div>\n\t\t\t\t<\/div>\n\t\t\t\t<div class=\"elementor-element elementor-element-7d7f697b color-scheme-inherit text-left elementor-widget elementor-widget-text-editor\" data-id=\"7d7f697b\" data-element_type=\"widget\" data-e-type=\"widget\" data-widget_type=\"text-editor.default\">\n\t\t\t\t<div class=\"elementor-widget-container\">\n\t\t\t\t\t\t\t\t\t<p>Votre confiance et votre confidentialit\u00e9 sont de la plus haute importance pour nous \u00e0 la Maison des merveilles APS. Nous nous engageons \u00e0 prot\u00e9ger et \u00e0 respecter votre vie priv\u00e9e. Cette politique de confidentialit\u00e9 vous fournit des informations sur la mani\u00e8re dont nous collectons, traitons et prot\u00e9geons vos donn\u00e9es personnelles, y compris l&rsquo;utilisation de cookies et le marketing par des tiers. En visitant notre site web, en interagissant avec nos services ou en achetant nos produits, vous acceptez les termes de cette politique de confidentialit\u00e9.<\/p><ol><li><b>Qui sommes-nous ?<\/b><\/li><\/ol><p>Bywonder LTD est une boutique en ligne et une marque proposant des produits cosm\u00e9tiques. Nous op\u00e9rons dans le cadre de House of Wonder et notre adresse est Farsb\u00f8llevej 12, 5471 S\u00f8nders\u00f8. Nous sommes responsables du traitement de vos donn\u00e9es personnelles conform\u00e9ment aux lois applicables en mati\u00e8re de protection des donn\u00e9es, y compris le R\u00e8glement g\u00e9n\u00e9ral sur la protection des donn\u00e9es (RGPD) de l&rsquo;UE.<\/p><ol start=\"2\"><li><b>Que sont les cookies et comment les utilisons-nous ?<\/b><\/li><\/ol><p>Les cookies sont de petits fichiers texte qui sont stock\u00e9s sur votre appareil lorsque vous visitez notre site web. Ils sont utilis\u00e9s pour am\u00e9liorer votre exp\u00e9rience d&rsquo;utilisateur, m\u00e9moriser vos pr\u00e9f\u00e9rences et optimiser notre site web et nos services. Nous utilisons nos propres cookies et ceux de tiers \u00e0 diverses fins, notamment :<\/p><ul><li><p><b>Cookies de fonctionnalit\u00e9 :<\/b> ces cookies sont n\u00e9cessaires pour assurer le bon fonctionnement de notre site web et vous permettre d&rsquo;acc\u00e9der \u00e0 certaines fonctionnalit\u00e9s, telles que votre panier d&rsquo;achat.<\/p><\/li><li><p><b>Cookies de performance et d&rsquo;analyse :<\/b> ces cookies nous aident \u00e0 collecter des statistiques sur les visites de notre site web, les sources de trafic et le comportement des utilisateurs. Cela nous aide \u00e0 comprendre comment notre site web est utilis\u00e9 et comment nous pouvons l&rsquo;am\u00e9liorer.<\/p><\/li><li><p><b>Cookies de ciblage :<\/b> ces cookies sont utilis\u00e9s pour diffuser des publicit\u00e9s cibl\u00e9es qui vous correspondent en fonction de vos centres d&rsquo;int\u00e9r\u00eat et de votre comportement ant\u00e9rieur sur notre site web.<\/p><\/li><\/ul><p>Vous pouvez modifier vos param\u00e8tres en mati\u00e8re de cookies \u00e0 tout moment en consultant notre outil de consentement aux cookies sur notre site web.<\/p><ol start=\"3\"><li><b>Commercialisation par des tiers<\/b><\/li><\/ol><p>Nous travaillons avec des fournisseurs tiers, y compris des m\u00e9dias sociaux et des plateformes publicitaires, qui peuvent utiliser des cookies et des technologies similaires pour diffuser des publicit\u00e9s cibl\u00e9es en notre nom. Ces publicit\u00e9s peuvent appara\u00eetre sur d&rsquo;autres sites web en fonction de votre interaction avec notre site web et de vos int\u00e9r\u00eats.<\/p><p>Nous ne contr\u00f4lons pas ces cookies tiers ni la mani\u00e8re dont ils sont utilis\u00e9s. Nous vous encourageons \u00e0 lire leurs propres politiques de confidentialit\u00e9 pour comprendre comment ils traitent vos informations personnelles.<\/p><ol start=\"4\"><li><b>Vos droits<\/b><\/li><\/ol><p>Vous disposez de certains droits concernant vos donn\u00e9es \u00e0 caract\u00e8re personnel, notamment le droit d&rsquo;acc\u00e8s, de rectification ou d&rsquo;effacement des donn\u00e9es, le droit de restreindre le traitement et le droit de s&rsquo;opposer au traitement. Vous pouvez \u00e9galement retirer votre consentement aux communications marketing \u00e0 tout moment. Pour exercer vos droits ou pour obtenir de plus amples informations sur nos pratiques en mati\u00e8re de traitement des donn\u00e9es, veuillez nous contacter \u00e0 l&rsquo;adresse suivante : info@hocl.dk.<\/p><ol start=\"5\"><li><b>Stockage de vos informations<\/b><\/li><\/ol><p>Nous conserverons vos donn\u00e9es personnelles aussi longtemps que n\u00e9cessaire aux fins pour lesquelles elles ont \u00e9t\u00e9 collect\u00e9es et conform\u00e9ment \u00e0 la l\u00e9gislation applicable. \u00c0 l&rsquo;expiration de la p\u00e9riode de conservation, nous supprimerons ou anonymiserons vos donn\u00e9es.<\/p><ol start=\"6\"><li><b>S\u00e9curit\u00e9 et s\u00fbret\u00e9<\/b><\/li><\/ol><p>Nous prenons la s\u00e9curit\u00e9 des donn\u00e9es au s\u00e9rieux et avons mis en \u0153uvre des mesures techniques et organisationnelles appropri\u00e9es pour prot\u00e9ger vos informations personnelles contre l&rsquo;acc\u00e8s non autoris\u00e9, l&rsquo;alt\u00e9ration, la perte ou la destruction.<\/p><ol start=\"7\"><li><b>Modifications de la politique de confidentialit\u00e9<\/b><\/li><\/ol><p>Nous nous r\u00e9servons le droit de mettre \u00e0 jour ou de modifier cette politique de confidentialit\u00e9 si n\u00e9cessaire. Tout changement sera annonc\u00e9 sur notre site web. Nous vous recommandons de consulter r\u00e9guli\u00e8rement cette politique pour vous tenir au courant de nos pratiques en mati\u00e8re de traitement des donn\u00e9es.<\/p><p>Nous vous remercions de la confiance que vous accordez \u00e0 Bywonder LTD et nous sommes l\u00e0 pour r\u00e9pondre \u00e0 toutes les questions que vous pourriez avoir sur notre politique de confidentialit\u00e9.<\/p><p>Je vous prie d&rsquo;agr\u00e9er, Monsieur le Pr\u00e9sident, l&rsquo;expression de mes sentiments distingu\u00e9s,<\/p><p>L&rsquo;\u00e9quipe APS de la Maison des merveilles<\/p><p><b>Contactez nous :<\/b><\/p><p><span style=\"font-weight: 400;\">Adresse : <\/span><span style=\"font-weight: 400;\">Farsb\u00f8llevej 12, Gamby <\/span><span style=\"font-weight: 400;\"><br><\/span><span style=\"font-weight: 400;\">5471, S\u00f8nders\u00f8, Danemark<\/span><\/p><p><span style=\"font-weight: 400;\">Courriel : info@hocl.dk<\/span><\/p><p><span style=\"font-weight: 400;\">T\u00e9l\u00e9phone : +45 7199 9669<\/span><\/p><p><span style=\"font-weight: 400;\">Service client\u00e8le :<\/span><span style=\"font-weight: 400;\"><br><\/span><span style=\"font-weight: 400;\">Du lundi au vendredi : 10h00 &#8211; 15h00<\/span><span style=\"font-weight: 400;\"><br><\/span><span style=\"font-weight: 400;\">Samedi et dimanche : Ferm\u00e9 <\/span> <\/p>\t\t\t\t\t\t\t\t<\/div>\n\t\t\t\t<\/div>\n\t\t\t\t\t<\/div>\n\t\t<\/div>\n\t\t\t\t\t<\/div>\n\t\t<\/section>\n\t\t\t\t<\/div>\n\t\t","protected":false},"excerpt":{"rendered":"<p>Politique de confidentialit\u00e9 HomeSide Votre confiance et votre confidentialit\u00e9 sont de la plus haute importance pour nous \u00e0 la Maison<\/p>\n","protected":false},"author":1,"featured_media":0,"parent":0,"menu_order":0,"comment_status":"closed","ping_status":"open","template":"","meta":{"_acf_changed":false,"footnotes":""},"class_list":["post-10193","page","type-page","status-publish","hentry"],"acf":[],"_links":{"self":[{"href":"https:\/\/hocl.dk\/fr\/wp-json\/wp\/v2\/pages\/10193","targetHints":{"allow":["GET"]}}],"collection":[{"href":"https:\/\/hocl.dk\/fr\/wp-json\/wp\/v2\/pages"}],"about":[{"href":"https:\/\/hocl.dk\/fr\/wp-json\/wp\/v2\/types\/page"}],"author":[{"embeddable":true,"href":"https:\/\/hocl.dk\/fr\/wp-json\/wp\/v2\/users\/1"}],"replies":[{"embeddable":true,"href":"https:\/\/hocl.dk\/fr\/wp-json\/wp\/v2\/comments?post=10193"}],"version-history":[{"count":5,"href":"https:\/\/hocl.dk\/fr\/wp-json\/wp\/v2\/pages\/10193\/revisions"}],"predecessor-version":[{"id":130621,"href":"https:\/\/hocl.dk\/fr\/wp-json\/wp\/v2\/pages\/10193\/revisions\/130621"}],"wp:attachment":[{"href":"https:\/\/hocl.dk\/fr\/wp-json\/wp\/v2\/media?parent=10193"}],"curies":[{"name":"wp","href":"https:\/\/api.w.org\/{rel}","templated":true}]}}