{"id":128519,"date":"2025-05-12T18:18:57","date_gmt":"2025-05-12T18:18:57","guid":{"rendered":"https:\/\/hocl.dk\/politique-de-paiement\/"},"modified":"2025-08-11T10:52:23","modified_gmt":"2025-08-11T10:52:23","slug":"politique-de-paiement","status":"publish","type":"page","link":"https:\/\/hocl.dk\/fr\/politique-de-paiement\/","title":{"rendered":"Politique de paiement"},"content":{"rendered":"\t\t<div data-elementor-type=\"wp-page\" data-elementor-id=\"128519\" class=\"elementor elementor-128519 elementor-125674\" data-elementor-post-type=\"page\">\n\t\t\t\t<div class=\"wd-negative-gap elementor-element elementor-element-d18d5f5 e-flex e-con-boxed e-con e-parent\" data-id=\"d18d5f5\" data-element_type=\"container\" data-e-type=\"container\">\n\t\t\t\t\t<div class=\"e-con-inner\">\n\t\t\t\t<div class=\"elementor-element elementor-element-d371764 elementor-widget elementor-widget-heading\" data-id=\"d371764\" data-element_type=\"widget\" data-e-type=\"widget\" data-widget_type=\"heading.default\">\n\t\t\t\t<div class=\"elementor-widget-container\">\n\t\t\t\t\t<h2 class=\"elementor-heading-title elementor-size-default\">Politique de paiement<\/h2>\t\t\t\t<\/div>\n\t\t\t\t<\/div>\n\t\t\t\t<div class=\"elementor-element elementor-element-fce2a92 elementor-widget elementor-widget-wd_text_block\" data-id=\"fce2a92\" data-element_type=\"widget\" data-e-type=\"widget\" data-widget_type=\"wd_text_block.default\">\n\t\t\t\t<div class=\"elementor-widget-container\">\n\t\t\t\t\t\t\t<div class=\"wd-text-block reset-last-child text-left\">\n\t\t\t\n\t\t\t<p><span style=\"font-weight: 400;\">Hocl.dk accepte les paiements en ligne avec Visa\/Dankort, Mastercard, Visa Electron, Maestro, American Express, Discover, Google Pay, PayPal, Mobilepay. Le paiement ne sera d\u00e9bit\u00e9 de votre compte qu'au moment de l'exp\u00e9dition de l'article physique ou de la cr\u00e9ation du produit virtuel, sauf accord ou mention contraire dans votre commande.<\/span><\/p><p><span style=\"font-weight: 400;\">Tous les montants figurant sur le site Internet sont inclus dans la TVA.<\/span><span style=\"font-weight: 400;\"><br><\/span><span style=\"font-weight: 400;\">Le site Internet utilise les devises suivantes pour la fixation des prix :<\/span><span style=\"font-weight: 400;\"><br><\/span><span style=\"font-weight: 400;\">Danemark - Couronnes (DKK)<\/span><\/p><p><span style=\"font-weight: 400;\">Hocl.dk utilise un serveur de paiement s\u00e9curis\u00e9 qui crypte toutes les informations avec le protocole SSL, ce qui signifie que vos donn\u00e9es sont en s\u00e9curit\u00e9 et ne peuvent pas \u00eatre lues par d'autres personnes.<\/span><\/p><p><span style=\"font-weight: 400;\">Le site web de Hocl.dk utilise \u00e9galement le cryptage avec le protocole SSL.<\/span><\/p><p><b>Contactez nous :<\/b><\/p><p><span style=\"font-weight: 400;\">Adresse : <\/span><span style=\"font-weight: 400;\">Farsb\u00f8llevej 12, Gamby <\/span><span style=\"font-weight: 400;\"><br><\/span><span style=\"font-weight: 400;\">5471, S\u00f8nders\u00f8, Danemark<\/span><\/p><p><span style=\"font-weight: 400;\">Courriel : info@hocl.dk<\/span><\/p><p><span style=\"font-weight: 400;\">T\u00e9l\u00e9phone : +45 7199 9669<\/span><\/p><p><span style=\"font-weight: 400;\">Service client\u00e8le :<\/span><span style=\"font-weight: 400;\"><br><\/span><span style=\"font-weight: 400;\">Du lundi au vendredi : 10h00 - 15h00<\/span><span style=\"font-weight: 400;\"><br><\/span><span style=\"font-weight: 400;\">Samedi et dimanche : Ferm\u00e9 <\/span> <\/p>\n\t\t\t\t\t<\/div>\n\t\t\t\t\t\t<\/div>\n\t\t\t\t<\/div>\n\t\t\t\t\t<\/div>\n\t\t\t\t<\/div>\n\t\t\t\t<\/div>\n\t\t","protected":false},"excerpt":{"rendered":"<p>Politique de paiement Hocl.dk accepte les paiements en ligne avec Visa\/Dankort, Mastercard, Visa Electron, Maestro, American Express, Discover, Google Pay,<\/p>\n","protected":false},"author":1,"featured_media":0,"parent":0,"menu_order":0,"comment_status":"closed","ping_status":"closed","template":"","meta":{"_acf_changed":false,"footnotes":""},"class_list":["post-128519","page","type-page","status-publish","hentry"],"acf":[],"_links":{"self":[{"href":"https:\/\/hocl.dk\/fr\/wp-json\/wp\/v2\/pages\/128519","targetHints":{"allow":["GET"]}}],"collection":[{"href":"https:\/\/hocl.dk\/fr\/wp-json\/wp\/v2\/pages"}],"about":[{"href":"https:\/\/hocl.dk\/fr\/wp-json\/wp\/v2\/types\/page"}],"author":[{"embeddable":true,"href":"https:\/\/hocl.dk\/fr\/wp-json\/wp\/v2\/users\/1"}],"replies":[{"embeddable":true,"href":"https:\/\/hocl.dk\/fr\/wp-json\/wp\/v2\/comments?post=128519"}],"version-history":[{"count":1,"href":"https:\/\/hocl.dk\/fr\/wp-json\/wp\/v2\/pages\/128519\/revisions"}],"predecessor-version":[{"id":128520,"href":"https:\/\/hocl.dk\/fr\/wp-json\/wp\/v2\/pages\/128519\/revisions\/128520"}],"wp:attachment":[{"href":"https:\/\/hocl.dk\/fr\/wp-json\/wp\/v2\/media?parent=128519"}],"curies":[{"name":"wp","href":"https:\/\/api.w.org\/{rel}","templated":true}]}}