{"id":128539,"date":"2025-05-12T18:24:36","date_gmt":"2025-05-12T18:24:36","guid":{"rendered":"https:\/\/hocl.dk\/politique-dexpedition\/"},"modified":"2025-11-06T21:03:03","modified_gmt":"2025-11-06T21:03:03","slug":"politique-dexpedition","status":"publish","type":"page","link":"https:\/\/hocl.dk\/fr\/politique-dexpedition\/","title":{"rendered":"Politique d&rsquo;exp\u00e9dition"},"content":{"rendered":"\t\t<div data-elementor-type=\"wp-page\" data-elementor-id=\"128539\" class=\"elementor elementor-128539 elementor-125679\" data-elementor-post-type=\"page\">\n\t\t\t\t<div class=\"wd-negative-gap elementor-element elementor-element-c280c5a e-flex e-con-boxed e-con e-parent\" data-id=\"c280c5a\" data-element_type=\"container\" data-e-type=\"container\">\n\t\t\t\t\t<div class=\"e-con-inner\">\n\t\t\t\t<div class=\"elementor-element elementor-element-3018e18 wd-el-breadcrumbs text-left elementor-widget elementor-widget-wd_element_breadcrumbs\" data-id=\"3018e18\" data-element_type=\"widget\" data-e-type=\"widget\" data-widget_type=\"wd_element_breadcrumbs.default\">\n\t\t\t\t<div class=\"elementor-widget-container\">\n\t\t\t\t\t<nav class=\"wd-breadcrumbs\"><a href=\"https:\/\/hocl.dk\/fr\/\">Home<\/a><span class=\"wd-delimiter\"><\/span><span class=\"wd-last\">Page<\/span><\/nav>\t\t\t\t<\/div>\n\t\t\t\t<\/div>\n\t\t\t\t<div class=\"elementor-element elementor-element-378be75 elementor-widget elementor-widget-heading\" data-id=\"378be75\" data-element_type=\"widget\" data-e-type=\"widget\" data-widget_type=\"heading.default\">\n\t\t\t\t<div class=\"elementor-widget-container\">\n\t\t\t\t\t<h2 class=\"elementor-heading-title elementor-size-default\">Politique d'exp\u00e9dition<\/h2>\t\t\t\t<\/div>\n\t\t\t\t<\/div>\n\t\t\t\t<div class=\"elementor-element elementor-element-3776ec3 elementor-widget elementor-widget-wd_text_block\" data-id=\"3776ec3\" data-element_type=\"widget\" data-e-type=\"widget\" data-widget_type=\"wd_text_block.default\">\n\t\t\t\t<div class=\"elementor-widget-container\">\n\t\t\t\t\t\t\t<div class=\"wd-text-block reset-last-child text-left\">\n\t\t\t\n\t\t\t<p><span style=\"font-weight: 400\">D\u00e9lai de traitement : 1-3 <\/span><span style=\"font-weight: 400\">jours ouvrables<\/span><\/p><p>D\u00e9lai de livraison de votre commande au Danemark : 1-5 jours ouvrables<br><em><strong>Remarque !<\/strong> Le d\u00e9lai de livraison peut \u00eatre plus long (souvent 5+ jours) en dehors du Danemark.<\/em><\/p><p>House of Wonder ApS exp\u00e9die les commandes avec la soci\u00e9t\u00e9 de livraison et le type de livraison suivants :<\/p><ul><li>DAO -Danmark vous avez le choix entre :<ul><li>Parcel shop 49,- <em>(livraison gratuite \u00e0 partir de 500,-)<\/em><\/li><li>Livraison \u00e0 domicile 69,-<\/li><\/ul><\/li><\/ul><ul><li>DAO -Europe - pour livraison \u00e0 domicile ou dans un magasin de colis (si possible)<\/li><\/ul><ul><li>Livraison par Post Nord, UPS ou GLS au Groenland, aux \u00eeles F\u00e9ro\u00e9 et \u00e0 l'Islande<\/li><\/ul><ul><li>Pays de l'UPS en dehors de l'UE<\/li><\/ul><p>Vous pouvez consulter les <a href=\"https:\/\/dao.as\/wp-content\/uploads\/2024\/02\/dao-handelsbetingelser-Pakker.pdf\" target=\"_blank\" rel=\"noopener\"><strong>de la DAO ici<\/strong><\/a><\/p><p>Vous pouvez en savoir plus sur<a href=\"https:\/\/www.ups.com\/assets\/resources\/webcontent\/da_DK\/terms_carriage_dk.pdf\" target=\"_blank\" rel=\"noopener\"> <strong>Conditions g\u00e9n\u00e9rales de transport d'UPS<\/strong> <strong>ici<\/strong><\/a><\/p><p><b>Contactez nous :<\/b><\/p><p><span style=\"font-weight: 400\">Adresse : <\/span><span style=\"font-weight: 400\">Farsb\u00f8llevej 12, Gamby <\/span><span style=\"font-weight: 400\"><br><\/span><span style=\"font-weight: 400\">5471, S\u00f8nders\u00f8, Danemark<\/span><\/p><p><span style=\"font-weight: 400\">Courriel : info@hocl.dk<\/span><\/p><p><span style=\"font-weight: 400\">T\u00e9l\u00e9phone : +45 7199 9669<\/span><\/p><p><span style=\"font-weight: 400\">Service client\u00e8le :<\/span><span style=\"font-weight: 400\"><br><\/span><span style=\"font-weight: 400\">Du lundi au vendredi : 10h00 - 15h00<\/span><span style=\"font-weight: 400\"><br><\/span><span style=\"font-weight: 400\">Samedi et dimanche : Ferm\u00e9 <\/span> <\/p>\n\t\t\t\t\t<\/div>\n\t\t\t\t\t\t<\/div>\n\t\t\t\t<\/div>\n\t\t\t\t\t<\/div>\n\t\t\t\t<\/div>\n\t\t\t\t<\/div>\n\t\t","protected":false},"excerpt":{"rendered":"<p>HomeSide Politique d&rsquo;exp\u00e9dition D\u00e9lai de traitement : 1-3 jours ouvrables D\u00e9lai de livraison de votre commande au Danemark : 1-5<\/p>\n","protected":false},"author":1,"featured_media":0,"parent":0,"menu_order":0,"comment_status":"closed","ping_status":"closed","template":"","meta":{"_acf_changed":false,"footnotes":""},"class_list":["post-128539","page","type-page","status-publish","hentry"],"acf":[],"_links":{"self":[{"href":"https:\/\/hocl.dk\/fr\/wp-json\/wp\/v2\/pages\/128539","targetHints":{"allow":["GET"]}}],"collection":[{"href":"https:\/\/hocl.dk\/fr\/wp-json\/wp\/v2\/pages"}],"about":[{"href":"https:\/\/hocl.dk\/fr\/wp-json\/wp\/v2\/types\/page"}],"author":[{"embeddable":true,"href":"https:\/\/hocl.dk\/fr\/wp-json\/wp\/v2\/users\/1"}],"replies":[{"embeddable":true,"href":"https:\/\/hocl.dk\/fr\/wp-json\/wp\/v2\/comments?post=128539"}],"version-history":[{"count":2,"href":"https:\/\/hocl.dk\/fr\/wp-json\/wp\/v2\/pages\/128539\/revisions"}],"predecessor-version":[{"id":130653,"href":"https:\/\/hocl.dk\/fr\/wp-json\/wp\/v2\/pages\/128539\/revisions\/130653"}],"wp:attachment":[{"href":"https:\/\/hocl.dk\/fr\/wp-json\/wp\/v2\/media?parent=128539"}],"curies":[{"name":"wp","href":"https:\/\/api.w.org\/{rel}","templated":true}]}}