{"id":10368,"date":"2023-07-11T15:06:21","date_gmt":"2023-07-11T15:06:21","guid":{"rendered":"https:\/\/hocl.dk\/product\/non%20class\u00e9\/blue-wonder\/"},"modified":"2025-10-21T09:02:58","modified_gmt":"2025-10-21T09:02:58","slug":"soins-du-corps","status":"publish","type":"product","link":"https:\/\/hocl.dk\/fr\/product\/blue-wonder-fr\/soins-du-corps\/","title":{"rendered":"Gel de Confort pompe 250ml"},"content":{"rendered":"<h2>Gel de Confort &#8211; R\u00e9chauffe et rafra\u00eechit<\/h2>\n<p>Le Gel de Confort Gamby Natur est un gel conditionnant aux propri\u00e9t\u00e9s rafra\u00eechissantes et r\u00e9chauffantes. Sa formule unique est \u00e9labor\u00e9e \u00e0 partir d&rsquo;ingr\u00e9dients soigneusement s\u00e9lectionn\u00e9s et p\u00e9n\u00e8tre rapidement sans effet gras. Le gel peut \u00eatre utilis\u00e9 pendant la journ\u00e9e, avant ou apr\u00e8s une activit\u00e9 physique ou dans le cadre de votre routine quotidienne de soins de la peau.  <\/p>\n<p>Avec sa combinaison unique d&rsquo;eucalyptus, d&rsquo;huile de menthe poivr\u00e9e japonaise, de menthol et de camphre sans parfum, Gel de Confort offre une exp\u00e9rience agr\u00e9able qui peut \u00eatre int\u00e9gr\u00e9e \u00e0 votre routine de soins quotidienne.<\/p>\n<div class=\"flex-shrink-0 flex flex-col relative items-end\">\n<div class=\"pt-0\">\n<div class=\"gizmo-bot-avatar flex h-8 w-8 items-center justify-center overflow-hidden rounded-full\">\n<div><\/div>\n<\/div>\n<\/div>\n<\/div>\n<div class=\"flex-shrink-0 flex flex-col relative items-end\">\n<div class=\"pt-0\">\n<div class=\"gizmo-bot-avatar flex h-8 w-8 items-center justify-center overflow-hidden rounded-full\">\n<div class=\"relative p-1 rounded-sm flex items-center justify-center bg-token-main-surface-primary text-token-text-primary h-8 w-8\"><strong>Les bienfaits du Gel de Confort Gamby Natur :<\/strong><\/div>\n<ul>\n<li class=\"relative p-1 rounded-sm flex items-center justify-center bg-token-main-surface-primary text-token-text-primary h-8 w-8\">Offre un rafra\u00eechissement agr\u00e9able<\/li>\n<li class=\"relative p-1 rounded-sm flex items-center justify-center bg-token-main-surface-primary text-token-text-primary h-8 w-8\">Peut \u00eatre utilis\u00e9 avant ou apr\u00e8s une activit\u00e9 physique<\/li>\n<li class=\"relative p-1 rounded-sm flex items-center justify-center bg-token-main-surface-primary text-token-text-primary h-8 w-8\">Convient pour offrir une exp\u00e9rience confortable<\/li>\n<li>La pompe facilite le dosage<\/li>\n<\/ul>\n<\/div>\n<\/div>\n<\/div>\n<p>&nbsp;<\/p>\n<h2>Ingr\u00e9dients dans Gel de Confort :<\/h2>\n<p><strong>Aqua<\/strong><em>(eau)<\/em>: ingr\u00e9dient principal qui hydrate la peau et aide \u00e0 r\u00e9partir les principes actifs de mani\u00e8re homog\u00e8ne.<\/p>\n<p><strong>Mentha Arvensis Herb<\/strong><em> Oil (huile de menthe poivr\u00e9e japonaise)<\/em>: Contribue \u00e0 une sensation de fra\u00eecheur.<\/p>\n<p><strong>Menthol<\/strong>: ajoute un effet rafra\u00eechissant<\/p>\n<p><strong>Cinnamomum Camphora Bark Oil<\/strong> <em>:<\/em> Favorise une exp\u00e9rience agr\u00e9able<\/p>\n<p><strong>Carbomer<\/strong> <em>(\u00e9paississant)<\/em>: utilis\u00e9 pour donner au gel une consistance douce et confortable.<\/p>\n<p><strong>Huile de feuilles d&rsquo;Eucalyptus Globulus<\/strong> <em>:<\/em> procure un parfum agr\u00e9able et une sensation de fra\u00eecheur.<\/p>\n<p><strong>Limon\u00e8ne <\/strong><em>(composant naturel du parfum) :<\/em> contribue \u00e0 l&rsquo;ar\u00f4me du produit.<\/p>\n<p><strong>Linalool <\/strong><em>(composant naturel du parfum) : contribue \u00e0<\/em>l&rsquo;ar\u00f4me du produit.<\/p>\n<p><strong>CI 42090<\/strong> <em>(colorant)<\/em>: utilis\u00e9 pour donner au produit une couleur attrayante.<\/p>\n<p>&nbsp;<\/p>\n<p>&nbsp;<\/p>\n<h2>Comment utiliser le Gel de Confort :<\/h2>\n<ol>\n<li>Secouez bien le flacon avant utilisation pour assurer une r\u00e9partition homog\u00e8ne des ingr\u00e9dients.<\/li>\n<li>Appliquez une quantit\u00e9 appropri\u00e9e de gel directement sur la zone concern\u00e9e.<\/li>\n<li>Massez la peau jusqu&rsquo;\u00e0 ce que le gel soit absorb\u00e9. Il est important d&rsquo;appliquer le gel sur la plus grande surface possible pour obtenir les meilleurs r\u00e9sultats.<br \/>\n&#8211; Par exemple. Si vous l&rsquo;utilisez sur le coude, nous vous recommandons de l&rsquo;appliquer du bout des doigts jusqu&rsquo;au cou.<br \/>\n&#8211; Par exemple. Si vous l&rsquo;utilisez sur les genoux, nous vous recommandons de l&rsquo;appliquer de la pointe des orteils vers l&rsquo;arri\u00e8re. <\/li>\n<\/ol>\n<p>Conservez le Gel de Confort dans un endroit frais, comme une chambre froide ou au r\u00e9frig\u00e9rateur, car son effet rafra\u00eechissant sera apparent d\u00e8s l&rsquo;application.<\/p>\n<p>&nbsp;<\/p>\n<div class=\"relative p-1 rounded-sm flex items-center justify-center bg-token-main-surface-primary text-token-text-primary h-8 w-8\"><strong>Qui peut utiliser le Gel de Confort Gamby Natur ?<\/strong><\/div>\n<div class=\"relative p-1 rounded-sm flex items-center justify-center bg-token-main-surface-primary text-token-text-primary h-8 w-8\">Le Gel de Confort est id\u00e9al pour les adultes et les enfants plus \u00e2g\u00e9s qui souhaitent une sensation de fra\u00eecheur et de chaleur.<\/div>\n<div><\/div>\n<div>__<\/div>\n<div><\/div>\n<div class=\"flex-shrink-0 flex flex-col relative items-end\">\n<div class=\"pt-0\">\n<div class=\"gizmo-bot-avatar flex h-8 w-8 items-center justify-center overflow-hidden rounded-full\">\n<h2>Recommandations d&rsquo;utilisation :<\/h2>\n<ul>\n<li>Testez le produit sur une petite surface avant de l&rsquo;utiliser<\/li>\n<li>\u00c9vitez tout contact avec les yeux, les muqueuses et les plaies ouvertes.<\/li>\n<li>Le produit est destin\u00e9 \u00e0 un usage externe uniquement et doit \u00eatre utilis\u00e9 sur une peau intacte.<\/li>\n<li>Ne convient pas aux enfants de moins de 3 ans<\/li>\n<li>A conserver dans un endroit frais et sec (max. 24\u00b0C)<\/li>\n<\/ul>\n<p>Remarque : Gamby Natur Gel de Confort est un produit cosm\u00e9tique qui compl\u00e8te vos soins quotidiens et votre bien-\u00eatre. Il n&rsquo;est pas destin\u00e9 au traitement, au diagnostic ou \u00e0 la pr\u00e9vention de maladies. <\/p>\n<\/div>\n<\/div>\n<\/div>\n","protected":false},"excerpt":{"rendered":"<p><strong>Pompe de 250 ml.<\/strong><\/p>\n<p>Le Gel de Confort Gamby Natur est un gel conditionnant aux propri\u00e9t\u00e9s rafra\u00eechissantes et r\u00e9chauffantes. Sa formule unique est \u00e9labor\u00e9e \u00e0 partir d&rsquo;ingr\u00e9dients soigneusement s\u00e9lectionn\u00e9s et p\u00e9n\u00e8tre rapidement sans effet gras. Le gel peut \u00eatre utilis\u00e9 pendant la journ\u00e9e, avant ou apr\u00e8s une activit\u00e9 physique ou dans le cadre de votre routine quotidienne de soins de la peau.  <\/p>\n<p>Avec sa combinaison unique d&rsquo;eucalyptus, d&rsquo;huile de menthe poivr\u00e9e japonaise, de menthol et de camphre sans parfum, Gel de Confort offre une exp\u00e9rience agr\u00e9able qui peut \u00eatre int\u00e9gr\u00e9e \u00e0 votre routine de soins quotidienne.<\/p>\n<div class=\"flex-shrink-0 flex flex-col relative items-end\">\n<div class=\"pt-0\">\n<div class=\"gizmo-bot-avatar flex h-8 w-8 items-center justify-center overflow-hidden rounded-full\">\n<div><\/div>\n<\/div>\n<\/div>\n<\/div>\n<p>&nbsp;<\/p>\n<div id=\"gtx-trans\" style=\"position: absolute;left: -29px;top: 33.75px\">\n<div class=\"gtx-trans-icon\"><\/div>\n<\/div>\n","protected":false},"featured_media":122244,"comment_status":"open","ping_status":"closed","template":"","meta":{"_acf_changed":false},"product-label":[1697,1685,1689,1709],"product_brand":[],"product_cat":[825],"product_tag":[891,887,892,889,888,1859,934,918],"class_list":{"0":"post-10368","1":"product","2":"type-product","3":"status-publish","4":"has-post-thumbnail","6":"product-label-produceret-i-danmark-fr","7":"product-label-ikke-testet-paa-dyr-fr","8":"product-label-parfumefri-fr","9":"product-label-vegansk-fr","10":"product_cat-blue-wonder-fr","11":"product_tag-bleu","12":"product_tag-chaud","13":"product_tag-gel-blue-wonder","14":"product_tag-gel-glace-chaud","15":"product_tag-glace","16":"product_tag-kit-bestseller-blue-wonder","17":"product_tag-miracle-blanc","18":"product_tag-pompe","20":"first","21":"instock","22":"taxable","23":"shipping-taxable","24":"purchasable","25":"product-type-simple"},"acf":[],"_links":{"self":[{"href":"https:\/\/hocl.dk\/fr\/wp-json\/wp\/v2\/product\/10368","targetHints":{"allow":["GET"]}}],"collection":[{"href":"https:\/\/hocl.dk\/fr\/wp-json\/wp\/v2\/product"}],"about":[{"href":"https:\/\/hocl.dk\/fr\/wp-json\/wp\/v2\/types\/product"}],"replies":[{"embeddable":true,"href":"https:\/\/hocl.dk\/fr\/wp-json\/wp\/v2\/comments?post=10368"}],"version-history":[{"count":4,"href":"https:\/\/hocl.dk\/fr\/wp-json\/wp\/v2\/product\/10368\/revisions"}],"predecessor-version":[{"id":130133,"href":"https:\/\/hocl.dk\/fr\/wp-json\/wp\/v2\/product\/10368\/revisions\/130133"}],"wp:featuredmedia":[{"embeddable":true,"href":"https:\/\/hocl.dk\/fr\/wp-json\/wp\/v2\/media\/122244"}],"wp:attachment":[{"href":"https:\/\/hocl.dk\/fr\/wp-json\/wp\/v2\/media?parent=10368"}],"wp:term":[{"taxonomy":"product-label","embeddable":true,"href":"https:\/\/hocl.dk\/fr\/wp-json\/wp\/v2\/product-label?post=10368"},{"taxonomy":"product_brand","embeddable":true,"href":"https:\/\/hocl.dk\/fr\/wp-json\/wp\/v2\/product_brand?post=10368"},{"taxonomy":"product_cat","embeddable":true,"href":"https:\/\/hocl.dk\/fr\/wp-json\/wp\/v2\/product_cat?post=10368"},{"taxonomy":"product_tag","embeddable":true,"href":"https:\/\/hocl.dk\/fr\/wp-json\/wp\/v2\/product_tag?post=10368"}],"curies":[{"name":"wp","href":"https:\/\/api.w.org\/{rel}","templated":true}]}}