{"id":10397,"date":"2023-07-11T15:28:50","date_gmt":"2023-07-11T15:28:50","guid":{"rendered":"https:\/\/hocl.dk\/product\/non%20class\u00e9\/seaux-white-wonder-3x250ml\/"},"modified":"2026-04-29T21:57:34","modified_gmt":"2026-04-29T21:57:34","slug":"seaux-white-wonder-3x250ml","status":"publish","type":"product","link":"https:\/\/hocl.dk\/fr\/product\/white-wonder-fr\/seaux-white-wonder-3x250ml\/","title":{"rendered":"Pommade \u00e0 la cire d&rsquo;abeille &#8211; Bo\u00eetes 3x250ml"},"content":{"rendered":"<h2>Pommade \u00e0 la cire d&rsquo;abeille &#8211; Soins de la peau<\/h2>\n<p>La pommade \u00e0 la cire d&rsquo;abeille est une pommade polyvalente qui aide \u00e0 maintenir l&rsquo;hydratation et la douceur de la peau. Elle peut \u00eatre utilis\u00e9e sur tout le corps, en particulier sur les zones s\u00e8ches telles que les mains, les pieds, les coudes et les genoux. Gr\u00e2ce \u00e0 une combinaison de cire d&rsquo;abeille, d&rsquo;huile de p\u00e9pins de raisin et d&rsquo;ingr\u00e9dients hydratants, elle laisse une sensation de confort sur la peau. Gr\u00e2ce \u00e0 sa formule douce, il convient \u00e0 une utilisation quotidienne pour toute la famille et a \u00e9t\u00e9 con\u00e7u dans l&rsquo;optique d&rsquo;une routine de soins simple.   <\/p>\n<p><strong>Avantages de la pommade \u00e0 la cire d&rsquo;abeille :<\/strong><\/p>\n<ul>\n<li>Convient \u00e0 tous les groupes d&rsquo;\u00e2ge<\/li>\n<li>Peut \u00eatre utilis\u00e9 sur tout le corps<\/li>\n<li>Adoucit et prot\u00e8ge la peau<\/li>\n<li>Peut aider \u00e0 maintenir l&rsquo;\u00e9quilibre hydrique de la peau<\/li>\n<li>Convient aux soins quotidiens et aux peaux n\u00e9cessitant un soin particulier.<\/li>\n<\/ul>\n<p>&nbsp;<\/p>\n<h4>Ingr\u00e9dients de la pommade \u00e0 la cire d&rsquo;abeille<\/h4>\n<p><b class=\"html-b xdj266r x11i5rnm xat24cr x1mh8g0r xexx8yu x4uap5 x18d9i69 xkhd6sd x1hl2dhg x16tdsg8 x1vvkbs\">Petrolatum<\/b><em> (huile min\u00e9rale hautement raffin\u00e9e)<\/em><b class=\"html-b xdj266r x11i5rnm xat24cr x1mh8g0r xexx8yu x4uap5 x18d9i69 xkhd6sd x1hl2dhg x16tdsg8 x1vvkbs\">:<\/b> forme une barri\u00e8re protectrice et peut aider \u00e0 r\u00e9duire la perte d&rsquo;humidit\u00e9.<\/p>\n<p><b class=\"html-b xdj266r x11i5rnm xat24cr x1mh8g0r xexx8yu x4uap5 x18d9i69 xkhd6sd x1hl2dhg x16tdsg8 x1vvkbs\">Huile de p\u00e9pins de Vitis Vinifera <\/b><em>(Huile de p\u00e9pins de raisin biologique) : Riche en antioxydants et en acides gras essentiels, avec une texture l\u00e9g\u00e8re et non grasse.<\/em><\/p>\n<p><b class=\"html-b xdj266r x11i5rnm xat24cr x1mh8g0r xexx8yu x4uap5 x18d9i69 xkhd6sd x1hl2dhg x16tdsg8 x1vvkbs\">Cera Alba <\/b><em>(cire d&rsquo;abeille 100% pure) :<\/em> forme un film protecteur sur la peau et aide \u00e0 retenir l&rsquo;humidit\u00e9.<\/p>\n<p>&nbsp;<\/p>\n<h2>Application et utilisation :<\/h2>\n<p>Appliquez une petite quantit\u00e9 de pommade sur les zones souhait\u00e9es. N&rsquo;utilisez que ce que la peau peut absorber (par exemple, nous recommandons de n&rsquo;utiliser que l&rsquo;\u00e9quivalent d&rsquo;un petit pois pour deux mains). <\/p>\n<ul>\n<li>Peut \u00eatre utilis\u00e9 sur tout le corps<\/li>\n<li>A utiliser selon les besoins. Pour un soin optimal, la pommade \u00e0 la cire d&rsquo;abeille peut \u00eatre utilis\u00e9e matin et soir. <\/li>\n<li>Convient \u00e0 tous les types de peau et \u00e0 tous les \u00e2ges.<\/li>\n<\/ul>\n<p>&nbsp;<\/p>\n<p><b>Au besoin : le<\/b> savon Gamby Natur peut \u00eatre utilis\u00e9 pour pr\u00e9parer la peau avant l&rsquo;application de la pommade \u00e0 la cire d&rsquo;abeille. <a href=\"https:\/\/hocl.dk\/product\/white-wonder\/wonder-skin-clean\/\">En savoir plus sur le savon Gamby Natur <\/a> <\/p>\n<p><strong>Utilisation sur le cuir chevelu :<\/strong> Pour un effet optimal et pour \u00e9viter les cheveux gras, appliquez sur le cuir chevelu pendant que la peau et les cheveux sont hydrat\u00e9s apr\u00e8s le lavage.<\/p>\n<p>&nbsp;<\/p>\n<h2>Recommandations de s\u00e9curit\u00e9 :<\/h2>\n<ul>\n<li>N&rsquo;utilisez qu&rsquo;une petite quantit\u00e9 du produit &#8211; Il s&rsquo;agit d&rsquo;une pommade grasse, une fine couche suffit donc.<\/li>\n<li>\u00c9viter le contact avec les yeux<\/li>\n<li>Pour les peaux sensibles, il est recommand\u00e9 de tester le produit sur une petite partie de la peau avant de l&rsquo;utiliser.<\/li>\n<li>La pommade \u00e0 la cire d&rsquo;abeille doit \u00eatre conserv\u00e9e \u00e0 temp\u00e9rature ambiante (18-25 degr\u00e9s).<\/li>\n<li>La pommade \u00e0 la cire d&rsquo;abeille est un produit cosm\u00e9tique de bien-\u00eatre et n&rsquo;est pas destin\u00e9e \u00e0 diagnostiquer, traiter ou gu\u00e9rir des maladies sp\u00e9cifiques, mais peut constituer un \u00e9l\u00e9ment pr\u00e9cieux de votre routine quotidienne.<\/li>\n<\/ul>\n","protected":false},"excerpt":{"rendered":"<p><strong>3 x 250 ml.<\/strong><\/p>\n<p>La pommade \u00e0 la cire d&rsquo;abeille est une pommade polyvalente qui aide \u00e0 maintenir l&rsquo;hydratation et la douceur de la peau. Elle peut \u00eatre utilis\u00e9e sur tout le corps, en particulier sur les zones s\u00e8ches telles que les mains, les pieds, les coudes et les genoux. Gr\u00e2ce \u00e0 une combinaison de cire d&rsquo;abeille, d&rsquo;huile de p\u00e9pins de raisin et d&rsquo;ingr\u00e9dients hydratants, elle laisse une sensation de confort sur la peau. Gr\u00e2ce \u00e0 sa formule douce, il convient \u00e0 une utilisation quotidienne pour toute la famille et a \u00e9t\u00e9 con\u00e7u dans l&rsquo;optique d&rsquo;une routine de soins simple.   <\/p>\n","protected":false},"featured_media":122537,"comment_status":"open","ping_status":"closed","template":"","meta":{"_acf_changed":false},"product-label":[1701,1697,1685,1689],"product_brand":[],"product_cat":[834],"product_tag":[1863],"class_list":{"0":"post-10397","1":"product","2":"type-product","3":"status-publish","4":"has-post-thumbnail","6":"product-label-mod-hudproblemer-fr","7":"product-label-produceret-i-danmark-fr","8":"product-label-ikke-testet-paa-dyr-fr","9":"product-label-parfumefri-fr","10":"product_cat-white-wonder-fr","11":"product_tag-pommade-a-la-cire-dabeille","13":"first","14":"instock","15":"sale","16":"taxable","17":"shipping-taxable","18":"purchasable","19":"product-type-simple"},"acf":[],"_links":{"self":[{"href":"https:\/\/hocl.dk\/fr\/wp-json\/wp\/v2\/product\/10397","targetHints":{"allow":["GET"]}}],"collection":[{"href":"https:\/\/hocl.dk\/fr\/wp-json\/wp\/v2\/product"}],"about":[{"href":"https:\/\/hocl.dk\/fr\/wp-json\/wp\/v2\/types\/product"}],"replies":[{"embeddable":true,"href":"https:\/\/hocl.dk\/fr\/wp-json\/wp\/v2\/comments?post=10397"}],"version-history":[{"count":1,"href":"https:\/\/hocl.dk\/fr\/wp-json\/wp\/v2\/product\/10397\/revisions"}],"predecessor-version":[{"id":123869,"href":"https:\/\/hocl.dk\/fr\/wp-json\/wp\/v2\/product\/10397\/revisions\/123869"}],"wp:featuredmedia":[{"embeddable":true,"href":"https:\/\/hocl.dk\/fr\/wp-json\/wp\/v2\/media\/122537"}],"wp:attachment":[{"href":"https:\/\/hocl.dk\/fr\/wp-json\/wp\/v2\/media?parent=10397"}],"wp:term":[{"taxonomy":"product-label","embeddable":true,"href":"https:\/\/hocl.dk\/fr\/wp-json\/wp\/v2\/product-label?post=10397"},{"taxonomy":"product_brand","embeddable":true,"href":"https:\/\/hocl.dk\/fr\/wp-json\/wp\/v2\/product_brand?post=10397"},{"taxonomy":"product_cat","embeddable":true,"href":"https:\/\/hocl.dk\/fr\/wp-json\/wp\/v2\/product_cat?post=10397"},{"taxonomy":"product_tag","embeddable":true,"href":"https:\/\/hocl.dk\/fr\/wp-json\/wp\/v2\/product_tag?post=10397"}],"curies":[{"name":"wp","href":"https:\/\/api.w.org\/{rel}","templated":true}]}}