{"id":10419,"date":"2023-07-11T15:16:53","date_gmt":"2023-07-11T15:16:53","guid":{"rendered":"https:\/\/hocl.dk\/product\/non%20class\u00e9\/wonder-skin-clean-2\/"},"modified":"2026-04-29T22:02:20","modified_gmt":"2026-04-29T22:02:20","slug":"wonder-skin-clean-2","status":"publish","type":"product","link":"https:\/\/hocl.dk\/fr\/product\/white-wonder-fr\/wonder-skin-clean-2\/","title":{"rendered":"Savon Gamby Nature"},"content":{"rendered":"<div class=\"\" data-visualcompletion=\"ignore\">\n<div class=\"x9f619 x1n2onr6 x1ja2u2z __fb-light-mode x78zum5 xdt5ytf x1iyjqo2 xs83m0k x193iq5w\">\n<h1>Lavage en douceur de la peau et des ongles<\/h1>\n<div class=\"\" data-visualcompletion=\"ignore\">\n<div class=\"x9f619 x1n2onr6 x1ja2u2z __fb-light-mode x78zum5 xdt5ytf x1iyjqo2 xs83m0k x193iq5w\">\n<div class=\"x1uvtmcs x4k7w5x x1h91t0o x1beo9mf xaigb6o x12ejxvf x3igimt xarpa2k xedcshv x1lytzrv x1t2pt76 x7ja8zs x1n2onr6 x1qrby5j x1jfb8zj\">\n<div class=\"x5yr21d x1uvtmcs\" role=\"none\">\n<div class=\"xcrg951 xgqcy7u x1lq5wgf x78zum5 xdt5ytf x6prxxf xvq8zen x17adc0v x6ikm8r x10wlt62 xi55695 x1rgmuzj x85a59c xbbk1sx x1eqhsl0\">\n<div class=\"x78zum5 xdt5ytf x1iyjqo2 x193iq5w x2lwn1j x1n2onr6\">\n<div class=\"x78zum5 xdt5ytf x1iyjqo2\">\n<div class=\"x9f619 x1ja2u2z __fb-light-mode x1xsqp64 x18d0r48 x78zum5 x1r8uery xdt5ytf x1iyjqo2 xmz0i5r x6ikm8r x10wlt62 x1n2onr6\">\n<div class=\"x78zum5 xdt5ytf x1iyjqo2 x5yr21d\">\n<div class=\"x78zum5 xdt5ytf x1iyjqo2 x5yr21d\">\n<div class=\"x1uipg7g xu3j5b3 xol2nv xlauuyb x26u7qi x19p7ews x78zum5 xdt5ytf x1iyjqo2 x6ikm8r x10wlt62\" role=\"grid\" aria-label=\"Beskeder i samtale med Bettina Maria Pedersen\">\n<div class=\"x1qjc9v5 x9f619 xdl72j9 x2lwn1j xeuugli x1n2onr6 x78zum5 xdt5ytf x1iyjqo2 xs83m0k x6ikm8r x10wlt62 x1ja2u2z\">\n<div class=\"x78zum5 xdt5ytf x1iyjqo2 x6ikm8r x1odjw0f xish69e x16o0dkt\" role=\"none\">\n<div class=\"x78zum5 xdt5ytf x1iyjqo2 x2lah0s xl56j7k x121v3j4\">\n<div class=\"x78zum5 xdt5ytf\" data-virtualized=\"false\">\n<div class=\"x9f619 x1n2onr6 x1ja2u2z\">\n<div class=\"__fb-light-mode x1n2onr6\" role=\"row\">\n<div class=\"x78zum5 xdt5ytf x1n2onr6\" role=\"gridcell\" data-release-focus-from=\"CLICK\" data-scope=\"messages_table\">\n<div class=\"html-div xdj266r x11i5rnm xat24cr x1mh8g0r xexx8yu x4uap5 x18d9i69 xkhd6sd x78zum5 x15zctf7\">\n<div class=\"html-div xdj266r x11i5rnm xat24cr x1mh8g0r xexx8yu x4uap5 x18d9i69 xkhd6sd xeuugli x1vjfegm\">\n<div class=\"html-div xdj266r x11i5rnm xat24cr x1mh8g0r xexx8yu x4uap5 x18d9i69 xkhd6sd x78zum5 xh8yej3\" role=\"presentation\">\n<div class=\"x78zum5 xdt5ytf x193iq5w x1n2onr6 x1kxipp6 xuk3077\">\n<div class=\"x78zum5 xh8yej3\" role=\"none\">\n<div class=\"html-div xdj266r x11i5rnm xat24cr x1mh8g0r xexx8yu x4uap5 x18d9i69 xkhd6sd x6ikm8r x10wlt62\">\n<div class=\"html-div xdj266r x11i5rnm xat24cr x1mh8g0r x14ctfv x1okitfd x6ikm8r x10wlt62 xerhiuh x1pn3fxy x12xxe5f x1szedp3 x1n2onr6 x1vjfegm x1k4qllp x1mzt3pk x13faqbe x11jlvup xpmdkuv x154zaqr x12z03op xyhp3ou x13fuv20 xu3j5b3 x1q0q8m5 x26u7qi x12lizq0 xf766zg x1ybe9c6 x1ts5dru xp5s12f x11ucwad xgtuqic x155c047\" role=\"presentation\">\n<p class=\"html-div xexx8yu x4uap5 x18d9i69 xkhd6sd x1gslohp x11i5rnm x12nagc x1mh8g0r x1yc453h x126k92a xyk4ms5\" dir=\"auto\">Le savon Gamby Nature Soap est un savon solide qui nettoie en douceur la peau et les ongles. Gr\u00e2ce \u00e0 une combinaison d&rsquo;ingr\u00e9dients naturels, le produit aide \u00e0 nettoyer la peau et \u00e0 laisser une surface soign\u00e9e, ce qui en fait un \u00e9l\u00e9ment id\u00e9al de votre routine de beaut\u00e9 quotidienne. Ses propri\u00e9t\u00e9s nettoyantes contribuent \u00e0 une sensation de fra\u00eecheur.  <\/p>\n<\/div>\n<\/div>\n<\/div>\n<\/div>\n<\/div>\n<\/div>\n<\/div>\n<\/div>\n<\/div>\n<\/div>\n<\/div>\n<\/div>\n<\/div>\n<\/div>\n<\/div>\n<p dir=\"auto\">_<\/p>\n<\/div>\n<\/div>\n<\/div>\n<\/div>\n<\/div>\n<\/div>\n<\/div>\n<\/div>\n<\/div>\n<\/div>\n<h2>Ingr\u00e9dients<\/h2>\n<div class=\"x1uvtmcs x4k7w5x x1h91t0o x1beo9mf xaigb6o x12ejxvf x3igimt xarpa2k xedcshv x1lytzrv x1t2pt76 x7ja8zs x1n2onr6 x1qrby5j x1jfb8zj\">\n<div class=\"x5yr21d x1uvtmcs\" role=\"none\">\n<div class=\"xcrg951 xgqcy7u x1lq5wgf x78zum5 xdt5ytf x6prxxf xvq8zen x17adc0v x6ikm8r x10wlt62 xi55695 x1rgmuzj x85a59c xbbk1sx x1eqhsl0\">\n<div class=\"x78zum5 xdt5ytf x1iyjqo2 x193iq5w x2lwn1j x1n2onr6\">\n<div class=\"html-div xdj266r x11i5rnm xat24cr x1mh8g0r xexx8yu x4uap5 x18d9i69 xkhd6sd xt5xv9l x6wvzqs xpqajaz x78zum5 xdt5ytf x1c4vz4f xs83m0k x13qp9f6\">\n<div class=\"html-div xdj266r x11i5rnm xat24cr x1mh8g0r xpqajaz x9f619 x78zum5 x1iyjqo2 xs83m0k x1n2onr6 xh8yej3 xz9dl7a xsag5q8 x1e558r4 x150jy0e\">\n<div class=\"html-div xdj266r x11i5rnm xat24cr x1mh8g0r xexx8yu x4uap5 x18d9i69 xkhd6sd x1c4vz4f x2lah0s\">\n<div class=\"x1i10hfl x1qjc9v5 xjbqb8w xjqpnuy xa49m3k xqeqjp1 x2hbi6w x13fuv20 xu3j5b3 x1q0q8m5 x26u7qi x972fbf xcfux6l x1qhh985 xm0m39n x9f619 x1ypdohk xdl72j9 x2lah0s xe8uvvx xdj266r x11i5rnm xat24cr x1mh8g0r x2lwn1j xeuugli x1n2onr6 x16tdsg8 x1hl2dhg xggy1nq x1ja2u2z x1t137rt x1o1ewxj x3x9cwd x1e5q0jg x13rtm0m x3nfvp2 x1q0g3np x87ps6o x1lku1pv x1a2a7pz x1y1aw1k x1sxyh0 xwib8y2 xurb0ha\" role=\"button\" aria-label=\"Send en Like\">\n<div class=\"x1ey2m1c xds687c x17qophe xg01cxk x47corl x10l6tqk x13vifvy x1ebt8du x19991ni x1dhq9h xzolkzo x12go9s9 x1rnf11y xprq8jg\" role=\"none\" data-visualcompletion=\"ignore\">\n<p><strong>Cocos Nucifera Oil<\/strong> (huile de coco) : l&rsquo;huile de coco est connue pour sa capacit\u00e9 \u00e0 \u00e9liminer la salet\u00e9 et l&rsquo;exc\u00e8s de s\u00e9bum tout en aidant \u00e0 conserver l&rsquo;hydratation. Cette huile douce convient \u00e0 tous les types de peau, y compris les peaux sensibles. <\/p>\n<p><strong>Elaeis Guineensis Oil<\/strong> (Palm Kernel Oil) : l&rsquo;huile de palmiste est riche en acides gras et est utilis\u00e9e dans les soins de la peau pour contribuer \u00e0 une surface propre.<\/p>\n<p>&nbsp;<\/p>\n<\/div>\n<\/div>\n<\/div>\n<\/div>\n<\/div>\n<\/div>\n<\/div>\n<\/div>\n<\/div>\n<\/div>\n<\/div>\n<h2>Comment l&rsquo;utiliser<\/h2>\n<p><em>Gamby Nature Soap est un savon solide qui doit \u00eatre dissous avec de l&rsquo;eau.  <\/em><\/p>\n<p><strong>Application &#8211; Cuir chevelu :<\/strong><\/p>\n<p><em>Le savon est id\u00e9al pour nettoyer le cuir chevelu.<\/em><\/p>\n<ol>\n<li>Faites mousser le savon naturel avec de l&rsquo;eau pendant le bain \u00e0 l&rsquo;aide d&rsquo;une \u00e9ponge ou d&rsquo;un chiffon.<\/li>\n<li>Appliquez la mousse sur les cheveux mouill\u00e9s et massez soigneusement le cuir chevelu.<\/li>\n<li>Rincez imm\u00e9diatement et abondamment \u00e0 l&rsquo;eau &#8211; ne laissez pas le produit reposer.<\/li>\n<li>Ensuite, vous pouvez utiliser le shampooing habituel, etc.  <\/li>\n<li>Vous pouvez terminer par une fine couche de pommade \u00e0 la cire d&rsquo;abeille pour un soin suppl\u00e9mentaire. Appliquez la pommade pendant que les cheveux sont humides pour hydrater le cuir chevelu sans laisser les cheveux gras. <\/li>\n<\/ol>\n<p>&nbsp;<\/p>\n<p><strong>Application &#8211; Bain de pieds et de mains :  <\/strong><\/p>\n<p><em>Le savon aide \u00e0 laver la peau.<\/em><\/p>\n<ol>\n<li>Dissoudre \u00bd-1 cuill\u00e8re \u00e0 caf\u00e9 de savon naturel dans de l&rsquo;eau bouillante.<\/li>\n<li>Ajoutez de l&rsquo;eau froide jusqu&rsquo;\u00e0 ce que la temp\u00e9rature soit confortable<\/li>\n<li>Laissez vos mains ou vos pieds reposer dans l&rsquo;eau pendant 5 minutes.<\/li>\n<li>Rincez abondamment et s\u00e9chez la peau apr\u00e8s le bain.<\/li>\n<li>Terminez par l&rsquo;application de la pommade \u00e0 la cire d&rsquo;abeille ou d&rsquo;une autre cr\u00e8me pour les pieds et les mains afin d&rsquo;hydrater la peau et de la prot\u00e9ger contre le dess\u00e8chement.<\/li>\n<\/ol>\n<p>&nbsp;<\/p>\n<p><strong>Application &#8211; Soins des ongles :<\/strong><\/p>\n<p><em>Le savon permet d&rsquo;obtenir une surface propre.<\/em><\/p>\n<ol>\n<li>Faites mousser le savon naturel \u00e0 l&rsquo;aide d&rsquo;une brosse \u00e0 ongles ou d&rsquo;une brosse \u00e0 dents humidifi\u00e9e.<\/li>\n<li>Appliquez la mousse sur les ongles et la zone environnante et nettoyez soigneusement pour \u00e9liminer la salet\u00e9 et l&rsquo;exc\u00e8s d&rsquo;huile.<\/li>\n<li>Rincez abondamment \u00e0 l&rsquo;eau &#8211; ne laissez pas le produit reposer.<\/li>\n<li>Terminez par une fine couche de pommade \u00e0 la cire d&rsquo;abeille pour plus de soin et d&rsquo;hydratation.<\/li>\n<li>Pour un lavage en profondeur, le savon naturel peut \u00eatre utilis\u00e9 selon les besoins ou 2 \u00e0 3 fois par semaine.<\/li>\n<\/ol>\n<p>&nbsp;<\/p>\n<p><strong>Application &#8211; Nettoyer le visage et le corps :<\/strong><\/p>\n<p><em>Le savon permet un nettoyage en douceur.<\/em><\/p>\n<ol>\n<li>Faites mousser le savon naturel \u00e0 l&rsquo;aide d&rsquo;un chiffon ou d&rsquo;une \u00e9ponge humide.<\/li>\n<li>Nettoyez soigneusement le visage ou le corps avec le produit moussant pour \u00e9liminer la salet\u00e9, l&rsquo;huile et les r\u00e9sidus de produit (\u00e9vitez le contour des yeux et les muqueuses sensibles).<\/li>\n<li>Rincer imm\u00e9diatement et abondamment \u00e0 l&rsquo;eau<\/li>\n<li>Terminez par l&rsquo;application de la pommade \u00e0 la cire d&rsquo;abeille ou d&rsquo;une autre cr\u00e8me de soin pour hydrater et nourrir la peau afin qu&rsquo;elle reste douce et hydrat\u00e9e.<\/li>\n<li>Peut \u00eatre utilis\u00e9 dans le cadre de votre routine quotidienne ou pour un bien-\u00eatre suppl\u00e9mentaire en cas de besoin.<\/li>\n<\/ol>\n<p>&nbsp;<\/p>\n<h2>Recommandations pour une utilisation s\u00fbre<\/h2>\n<ul>\n<li>Utilisez le savon naturel comme indiqu\u00e9 et rincez toujours abondamment \u00e0 l&rsquo;eau.<\/li>\n<li>Utilisez toujours la pommade Beeswax (ou une autre cr\u00e8me hydratante) comme soin ult\u00e9rieur pour garantir une hydratation et un bien-\u00eatre optimaux.<\/li>\n<li>\u00c9vitez tout contact avec les yeux. Si cela se produit, rincez imm\u00e9diatement \u00e0 l&rsquo;eau <\/li>\n<li>Conservez le produit dans un endroit sec<\/li>\n<li>Le savon Gamby Nature est un produit cosm\u00e9tique qui doit \u00eatre utilis\u00e9 dans le cadre d&rsquo;un programme complet de soins de la peau. Il n&rsquo;est pas destin\u00e9 \u00e0 diagnostiquer, traiter ou gu\u00e9rir les probl\u00e8mes de peau, mais peut \u00eatre un compl\u00e9ment pr\u00e9cieux aux soins quotidiens. <\/li>\n<\/ul>\n","protected":false},"excerpt":{"rendered":"<p><strong>100ml<\/strong><\/p>\n<p>Le savon Gamby Nature Soap est un savon solide qui nettoie en douceur la peau et les ongles. Gr\u00e2ce \u00e0 une combinaison d&rsquo;ingr\u00e9dients naturels, le produit nettoie la peau et laisse une sensation de fra\u00eecheur. Le savon convient \u00e0 un usage quotidien dans votre routine de beaut\u00e9.  <\/p>\n","protected":false},"featured_media":122592,"comment_status":"open","ping_status":"closed","template":"","meta":{"_acf_changed":false},"product-label":[1706,1701,1697,1685,1689,1709],"product_brand":[],"product_cat":[834],"product_tag":[924,885,941],"class_list":{"0":"post-10419","1":"product","2":"type-product","3":"status-publish","4":"has-post-thumbnail","6":"product-label-100-naturligt-fr","7":"product-label-mod-hudproblemer-fr","8":"product-label-produceret-i-danmark-fr","9":"product-label-ikke-testet-paa-dyr-fr","10":"product-label-parfumefri-fr","11":"product-label-vegansk-fr","12":"product_cat-white-wonder-fr","13":"product_tag-peau","14":"product_tag-peau-propre","15":"product_tag-wonder-skin-clean-fr","17":"first","18":"instock","19":"taxable","20":"shipping-taxable","21":"purchasable","22":"product-type-simple"},"acf":[],"_links":{"self":[{"href":"https:\/\/hocl.dk\/fr\/wp-json\/wp\/v2\/product\/10419","targetHints":{"allow":["GET"]}}],"collection":[{"href":"https:\/\/hocl.dk\/fr\/wp-json\/wp\/v2\/product"}],"about":[{"href":"https:\/\/hocl.dk\/fr\/wp-json\/wp\/v2\/types\/product"}],"replies":[{"embeddable":true,"href":"https:\/\/hocl.dk\/fr\/wp-json\/wp\/v2\/comments?post=10419"}],"version-history":[{"count":1,"href":"https:\/\/hocl.dk\/fr\/wp-json\/wp\/v2\/product\/10419\/revisions"}],"predecessor-version":[{"id":123940,"href":"https:\/\/hocl.dk\/fr\/wp-json\/wp\/v2\/product\/10419\/revisions\/123940"}],"wp:featuredmedia":[{"embeddable":true,"href":"https:\/\/hocl.dk\/fr\/wp-json\/wp\/v2\/media\/122592"}],"wp:attachment":[{"href":"https:\/\/hocl.dk\/fr\/wp-json\/wp\/v2\/media?parent=10419"}],"wp:term":[{"taxonomy":"product-label","embeddable":true,"href":"https:\/\/hocl.dk\/fr\/wp-json\/wp\/v2\/product-label?post=10419"},{"taxonomy":"product_brand","embeddable":true,"href":"https:\/\/hocl.dk\/fr\/wp-json\/wp\/v2\/product_brand?post=10419"},{"taxonomy":"product_cat","embeddable":true,"href":"https:\/\/hocl.dk\/fr\/wp-json\/wp\/v2\/product_cat?post=10419"},{"taxonomy":"product_tag","embeddable":true,"href":"https:\/\/hocl.dk\/fr\/wp-json\/wp\/v2\/product_tag?post=10419"}],"curies":[{"name":"wp","href":"https:\/\/api.w.org\/{rel}","templated":true}]}}