{"id":10425,"date":"2024-04-18T10:17:49","date_gmt":"2024-04-18T10:17:49","guid":{"rendered":"https:\/\/hocl.dk\/product\/non%20class\u00e9\/lotion-magique-offre\/"},"modified":"2026-04-29T22:29:32","modified_gmt":"2026-04-29T22:29:32","slug":"lotion-magique-offre","status":"publish","type":"product","link":"https:\/\/hocl.dk\/fr\/product\/wonder-velvaere-fr\/lotion-magique-offre\/","title":{"rendered":"Lotion magique -Offre"},"content":{"rendered":"<h1><strong>Wonder Lotion<\/strong><\/h1>\n<h2>ATTENTION !!! Articles en promotion<\/h2>\n<p>Cet article fait l&rsquo;objet d&rsquo;une offre sp\u00e9ciale car nous disposons d&rsquo;un nouvel emballage. Il n&rsquo;y a donc aucun probl\u00e8me avec la cr\u00e8me, c&rsquo;est juste l&#8217;emballage que nous voulons remplacer.<br \/>\nC&rsquo;est pourquoi nous vous offrons maintenant la possibilit\u00e9 de l&rsquo;acheter \u00e0 la moiti\u00e9 du prix normal.<\/p>\n<h2><strong>La solution parfaite pour les peaux s\u00e8ches<\/strong><\/h2>\n<p>Vous cherchez la lotion id\u00e9ale pour soigner votre peau s\u00e8che ? Dans ce cas, la <strong>lotion magique<\/strong> est le meilleur choix pour vous. Notre formule sp\u00e9cialement d\u00e9velopp\u00e9e contient des ingr\u00e9dients soigneusement s\u00e9lectionn\u00e9s pour donner \u00e0 votre peau l&rsquo;amour et la nourriture qu&rsquo;elle m\u00e9rite.<\/p>\n<h3><strong>Informations sur la lotion magique<\/strong><\/h3>\n<p><strong>Pouvoir hydratant :<\/strong> notre lotion contient un m\u00e9lange d&rsquo;ingr\u00e9dients naturels, dont l&rsquo;huile d&rsquo;amande, qui p\u00e9n\u00e8tre profond\u00e9ment dans la peau pour r\u00e9tablir son \u00e9quilibre hydrique naturel. Que vous ayez la peau s\u00e8che toute l&rsquo;ann\u00e9e ou que vous ayez besoin d&rsquo;un soin suppl\u00e9mentaire pendant les mois froids, la lotion Wonder gardera votre peau hydrat\u00e9e et souple.<\/p>\n<p><strong>Parfaite pour un usage quotidien :<\/strong> Cette lotion est con\u00e7ue pour un usage quotidien. Apr\u00e8s un bain apaisant ou chaque fois que votre peau a besoin d&rsquo;\u00eatre dorlot\u00e9e, massez votre peau avec cette lotion pour le corps. Sa consistance l\u00e9g\u00e8re lui permet d&rsquo;\u00eatre rapidement absorb\u00e9e, pour que vous vous sentiez fra\u00eeche et hydrat\u00e9e tout au long de la journ\u00e9e.<\/p>\n<p><strong>100% naturel :<\/strong> Nous nous soucions de votre peau, c&rsquo;est pourquoi la lotion Wonder ne contient que des ingr\u00e9dients naturels. Vous pouvez \u00eatre assur\u00e9 que notre lotion ne contient pas de produits chimiques nocifs susceptibles d&rsquo;irriter votre peau. Nous vous offrons une solution saine et nourrissante pour vos soins quotidiens.<\/p>\n<p>\u00c9conomisez sur les bouteilles en plastique et faites un geste pour votre peau avec notre bouteille rechargeable.<\/p>\n<p>Donnez \u00e0 votre peau le soin qu&rsquo;elle m\u00e9rite avec cette lotion corporelle. Laissez-nous vous aider \u00e0 garder une peau radieuse, saine et hydrat\u00e9e.<\/p>\n<p><em>Venez d\u00e9couvrir les bienfaits des soins naturels avec cette lotion corporelle. Votre peau vous remerciera !<\/em><\/p>\n","protected":false},"excerpt":{"rendered":"<p><strong>200ml<\/strong><\/p>\n<div id=\"gtx-trans\" style=\"position: absolute; left: -14px; top: -10px;\">\n<div class=\"gtx-trans-icon\"><\/div>\n<\/div>\n","protected":false},"featured_media":11286,"comment_status":"open","ping_status":"closed","template":"","meta":{"_acf_changed":false},"product-label":[1701,1697,1685,1689],"product_brand":[],"product_cat":[1759,826],"product_tag":[971,972,863],"class_list":{"0":"post-10425","1":"product","2":"type-product","3":"status-publish","4":"has-post-thumbnail","6":"product-label-mod-hudproblemer-fr","7":"product-label-produceret-i-danmark-fr","8":"product-label-ikke-testet-paa-dyr-fr","9":"product-label-parfumefri-fr","10":"product_cat-wonder-velvaere-fr","11":"product_cat-bestseller-fr","12":"product_tag-lotion-fr","13":"product_tag-lotion-miracle-noire","14":"product_tag-miracle-noir","16":"first","17":"instock","18":"taxable","19":"shipping-taxable","20":"purchasable","21":"product-type-simple"},"acf":[],"_links":{"self":[{"href":"https:\/\/hocl.dk\/fr\/wp-json\/wp\/v2\/product\/10425","targetHints":{"allow":["GET"]}}],"collection":[{"href":"https:\/\/hocl.dk\/fr\/wp-json\/wp\/v2\/product"}],"about":[{"href":"https:\/\/hocl.dk\/fr\/wp-json\/wp\/v2\/types\/product"}],"replies":[{"embeddable":true,"href":"https:\/\/hocl.dk\/fr\/wp-json\/wp\/v2\/comments?post=10425"}],"version-history":[{"count":2,"href":"https:\/\/hocl.dk\/fr\/wp-json\/wp\/v2\/product\/10425\/revisions"}],"predecessor-version":[{"id":126961,"href":"https:\/\/hocl.dk\/fr\/wp-json\/wp\/v2\/product\/10425\/revisions\/126961"}],"wp:featuredmedia":[{"embeddable":true,"href":"https:\/\/hocl.dk\/fr\/wp-json\/wp\/v2\/media\/11286"}],"wp:attachment":[{"href":"https:\/\/hocl.dk\/fr\/wp-json\/wp\/v2\/media?parent=10425"}],"wp:term":[{"taxonomy":"product-label","embeddable":true,"href":"https:\/\/hocl.dk\/fr\/wp-json\/wp\/v2\/product-label?post=10425"},{"taxonomy":"product_brand","embeddable":true,"href":"https:\/\/hocl.dk\/fr\/wp-json\/wp\/v2\/product_brand?post=10425"},{"taxonomy":"product_cat","embeddable":true,"href":"https:\/\/hocl.dk\/fr\/wp-json\/wp\/v2\/product_cat?post=10425"},{"taxonomy":"product_tag","embeddable":true,"href":"https:\/\/hocl.dk\/fr\/wp-json\/wp\/v2\/product_tag?post=10425"}],"curies":[{"name":"wp","href":"https:\/\/api.w.org\/{rel}","templated":true}]}}