{"id":116224,"date":"2024-07-30T12:16:58","date_gmt":"2024-07-30T12:16:58","guid":{"rendered":"https:\/\/hocl.dk\/product\/non class\u00e9\/wonder-suntan-210ml\/"},"modified":"2024-07-30T12:16:58","modified_gmt":"2024-07-30T12:16:58","slug":"wonder-suntan-210ml","status":"publish","type":"product","link":"https:\/\/hocl.dk\/fr\/product\/skin-wonder-fr\/wonder-suntan-210ml\/","title":{"rendered":"Wonder SUNTAN 210ml"},"content":{"rendered":"<h2>\u00cates-vous pr\u00eat \u00e0 obtenir le plus beau des bronzages ?<\/h2>\n<p>  Notre WONDER SUNTAN naturel et parfum\u00e9 est votre partenaire ultime dans la qu\u00eate d&rsquo;un bronzage radieux.<br \/>\nQue vous vous d\u00e9tendiez au bord de la piscine, dans le jardin, que vous profitiez d&rsquo;une journ\u00e9e ensoleill\u00e9e \u00e0 la plage ou que vous soyez sous les chauds rayons d&rsquo;un solarium, notre SUNTAN est con\u00e7u pour optimiser votre exp\u00e9rience du bronzage et vous donner un \u00e9clat profond et durable.<br \/>\nNotre SUNTAN est con\u00e7u pour optimiser votre exp\u00e9rience du bronzage et vous donner un \u00e9clat profond et dor\u00e9 qui dure.<br \/>\nWonder SUNTAN a un doux parfum compos\u00e9 d&rsquo;une combinaison d&rsquo;orange fra\u00eeche et de noix de coco sucr\u00e9e.<br \/>\nEn appliquant notre SUNTAN, vous d\u00e9couvrirez comment votre peau absorbe les rayons du soleil de la mani\u00e8re la plus efficace qui soit, ce qui se traduit par un bronzage magnifique et uniforme.<br \/>\nLe produit est con\u00e7u pour favoriser une couleur naturelle saine, afin que vous puissiez obtenir le bronzage dont vous r\u00eavez sans compromettre la sant\u00e9 de votre peau.       &nbsp;<\/p>\n<h2>Pourquoi choisir WONDER SUNTAN ?<\/h2>\n<p>Un <strong>bronzage parfait et uniforme<\/strong> Oubliez les taches irr\u00e9guli\u00e8res et les stries ind\u00e9sirables, notre SUNTAN est formul\u00e9 \u00e0 partir d&rsquo;ingr\u00e9dients naturels qui favorisent une couleur uniforme et homog\u00e8ne.<br \/>\nVotre peau rayonnera d&rsquo;un bel \u00e9clat naturel qui vous donnera une sensation de bien-\u00eatre. <strong>Des r\u00e9sultats plus rapides<\/strong> Notre SUNTAN acc\u00e9l\u00e8re le processus tannique pour vous permettre d&rsquo;obtenir la couleur d\u00e9sir\u00e9e plus rapidement que jamais.<br \/>\nPassez moins de temps \u00e0 bronzer et plus de temps \u00e0 profiter de votre beau bronzage ! Un bronzage <strong>durable<\/strong> Un bronzage parfait n&rsquo;est pas seulement une question de couleur instantan\u00e9e.<br \/>\nNotre SUNTAN aide \u00e0 pr\u00e9server votre bronzage plus longtemps, pour que vous puissiez profiter de cet \u00e9clat dor\u00e9 m\u00eame apr\u00e8s que les rayons du soleil se soient \u00e9teints. <strong>Hydratation et protection Hydratez<\/strong> votre peau et prot\u00e9gez-la du dess\u00e8chement.<br \/>\nNotre SUNTAN contient des ingr\u00e9dients nourrissants qui garantissent que votre peau reste douce, souple et saine tout au long de la saison de bronzage. Pas de <strong>taches &#8211; Pas de soucis<\/strong> Pas de soucis de taches sur votre peau ou vos v\u00eatements.<br \/>\nNotre SUNTAN est formul\u00e9 pour absorber rapidement et laisser la peau lisse et s\u00e8che.<br \/>\nVous pouvez profiter de votre bronzage sans craindre les taches ou les marques disgracieuses sur vos v\u00eatements.<br \/>\nSa couleur jaune\/orange ne sera pas visible sur la peau ou les v\u00eatements. Une <strong>exp\u00e9rience luxueuse<\/strong> Offrez-vous une exp\u00e9rience de bronzage luxueuse.<br \/>\nNotre SUNTAN a une texture agr\u00e9able et un parfum subtil et naturel qui fait du bronzage un v\u00e9ritable plaisir.          &nbsp;<\/p>\n<h2>Contient :<\/h2>\n<ul>\n<li><strong>P\u00e9trolatum<\/strong> (vaseline)  <em>C&rsquo;est un hydratant occlusif, ce qui signifie qu&rsquo;il aide \u00e0 sceller l&rsquo;humidit\u00e9 dans la peau et \u00e0 pr\u00e9venir le dess\u00e8chement.<br \/>\nEn gardant la peau hydrat\u00e9e, il peut aider \u00e0 maintenir une couleur plus uniforme et plus durable. <\/em><\/li>\n<li><strong>Vitis Vinifera<\/strong> (huile de p\u00e9pins de raisin)  <em>L&rsquo;huile de p\u00e9pins de raisin est riche en antioxydants, comme la vitamine E, et poss\u00e8de des propri\u00e9t\u00e9s anti-inflammatoires.<br \/>\nElle contribue \u00e0 prot\u00e9ger la peau du stress oxydatif caus\u00e9 par les rayons UV, et ses propri\u00e9t\u00e9s hydratantes peuvent aider \u00e0 maintenir l&rsquo;\u00e9lasticit\u00e9 et l&rsquo;\u00e9clat de la peau. <\/em><\/li>\n<li>Cera <strong>Alba<\/strong> (cire d&rsquo;abeille) La <em>cire d&rsquo;abeille agit comme un \u00e9mulsifiant et un hydratant naturel, cr\u00e9ant une barri\u00e8re protectrice sur la peau qui emp\u00eache la perte d&rsquo;humidit\u00e9 et aide \u00e0 maintenir la douceur et la souplesse de la peau pendant et apr\u00e8s l&rsquo;exposition au soleil<\/em>.<\/li>\n<li><strong>Glycine Soy, Caucus Carda, Carot\u00e8ne<\/strong> (Huile de carot\u00e8ne)  <em>Ces ingr\u00e9dients sont riches en b\u00eata-carot\u00e8ne et en vitamine A, connus pour leurs propri\u00e9t\u00e9s nourrissantes et antioxydantes.<br \/>\nLe b\u00eata-carot\u00e8ne donne \u00e0 la peau une couleur brun dor\u00e9, tandis que les propri\u00e9t\u00e9s antioxydantes aident \u00e0 prot\u00e9ger la peau contre les dommages caus\u00e9s par les radicaux libres (dommages caus\u00e9s par le soleil qui entra\u00eenent le vieillissement de la peau). <\/em><\/li>\n<li><strong>Huile de<\/strong> Cocos <strong>Nucifera<\/strong> (huile de noix de coco)  <em>C&rsquo;est un excellent hydratant et elle poss\u00e8de des propri\u00e9t\u00e9s antibact\u00e9riennes et anti-inflammatoires.<br \/>\nL&rsquo;huile de coco contribue \u00e0 maintenir la peau hydrat\u00e9e et douce, ce qui peut am\u00e9liorer la r\u00e9sistance de la peau aux rayons UV et r\u00e9duire le risque de coups de soleil. <\/em><\/li>\n<li><strong>Citrus Aurantium Dulcis Peel Oil<\/strong> (huile d&rsquo;orange)  <em>Connue pour son parfum agr\u00e9able et ses propri\u00e9t\u00e9s antioxydantes, l&rsquo;huile d&rsquo;orange peut am\u00e9liorer l&rsquo;aspect g\u00e9n\u00e9ral de la peau en lui donnant un \u00e9clat naturel.<br \/>\nL&rsquo;huile d&rsquo;orange peut am\u00e9liorer l&rsquo;aspect g\u00e9n\u00e9ral de la peau en lui donnant un \u00e9clat naturel. Elle poss\u00e8de \u00e9galement des vertus aromath\u00e9rapeutiques qui peuvent rendre l&rsquo;exp\u00e9rience du bronzage plus agr\u00e9able. <\/em><\/li>\n<\/ul>\n<p>&nbsp;<\/p>\n<h2>Comment utiliser SUNTAN<\/h2>\n<p>  Appliquez une tr\u00e8s fine couche de SUNTAN sur la peau avant de prendre un bain de soleil ou d&rsquo;aller au solarium.<br \/>\nRenouvelez l&rsquo;application si votre peau commence \u00e0 se dess\u00e9cher.<br \/>\nObtenez un bronzage naturel, plus fonc\u00e9 et durable en vous exposant moins au soleil ou au solarium.<br \/>\nAttendez-vous \u00e0 des r\u00e9sultats rapides quel que soit votre type de peau et profitez d&rsquo;une exp\u00e9rience naturelle qui nourrit et hydrate votre peau.<br \/>\nSans additifs chimiques.<br \/>\nSenteur s\u00e9duisante de noix de coco et d&rsquo;orange.<br \/>\nAbsorption rapide et application impeccable.        &nbsp;<\/p>\n<p>&nbsp;<\/p>\n<h2>Comment appliquer la cr\u00e8me solaire et le Wonder SUNTAN :<\/h2>\n<p>  Il est important de noter que, bien que cette formule \u00e9tonnante de SUNTAN puisse contribuer \u00e0 am\u00e9liorer votre processus de bronzage et la sant\u00e9 de votre peau, elle ne contient pas de FPS (facteur de protection solaire).<br \/>\nElle doit donc \u00eatre utilis\u00e9e conjointement avec un \u00e9cran solaire pour prot\u00e9ger la peau des rayons UV nocifs et r\u00e9duire le risque de coups de soleil et de l\u00e9sions cutan\u00e9es.<br \/>\nLorsque vous souhaitez utiliser SUNTAN en m\u00eame temps qu&rsquo;un \u00e9cran solaire, il est important de les appliquer correctement pour obtenir \u00e0 la fois un bon bronzage et une protection contre les rayons UV nocifs.<br \/>\nVoici un guide \u00e9tape par \u00e9tape sur la fa\u00e7on de proc\u00e9der :     <\/p>\n<ul>\n<li><strong>Appliquez d&rsquo;abord une cr\u00e8me solaire<\/strong>\n<ul>\n<li>Choix de la cr\u00e8me solaire : utilisez une cr\u00e8me solaire \u00e0 large spectre avec un indice de protection appropri\u00e9 qui prot\u00e8ge \u00e0 la fois contre les UVA et les UVB.<\/li>\n<li>Application : Appliquez une couche g\u00e9n\u00e9reuse de cr\u00e8me solaire sur toutes les parties expos\u00e9es de la peau.<br \/>\nLa cr\u00e8me solaire doit \u00eatre appliqu\u00e9e au moins 15 \u00e0 30 minutes avant de s&rsquo;exposer au soleil pour qu&rsquo;elle ait le temps de p\u00e9n\u00e9trer et d&rsquo;offrir une protection. <\/li>\n<\/ul>\n<\/li>\n<li><strong>Laissez s\u00e9cher la cr\u00e8me solaire<\/strong>\n<ul>\n<li>Attendez quelques minutes pour que la cr\u00e8me solaire soit correctement absorb\u00e9e par la peau.<\/li>\n<\/ul>\n<\/li>\n<li><strong>Appliquer Wonder SUNTAN<\/strong>\n<ul>\n<li>Application : Appliquez SUNTAN sur la cr\u00e8me solaire.<br \/>\nVeillez \u00e0 ce qu&rsquo;il soit r\u00e9parti uniform\u00e9ment sur l&rsquo;ensemble du corps. <\/li>\n<li>Quantit\u00e9 : Utilisez une quantit\u00e9 mod\u00e9r\u00e9e, mais suffisante pour couvrir la peau d&rsquo;une fine couche.<br \/>\nVeillez \u00e0 ne pas retirer la cr\u00e8me solaire pendant l&rsquo;application. <\/li>\n<\/ul>\n<\/li>\n<li><strong>Recyclage et r\u00e9utilisation<\/strong>\n<ul>\n<li>Cr\u00e8me solaire : Renouvelez l&rsquo;application de la cr\u00e8me solaire toutes les deux heures et apr\u00e8s avoir nag\u00e9, transpir\u00e9 ou vous \u00eatre essuy\u00e9 avec une serviette.<\/li>\n<li>SUNTAN : Vous pouvez r\u00e9appliquer SUNTAN au besoin, surtout si vous sentez que votre peau commence \u00e0 se dess\u00e9cher.<\/li>\n<\/ul>\n<\/li>\n<\/ul>\n<p>  ATTENTION.<br \/>\nSUNTAN aide \u00e0 hydrater votre peau tout au long du bain de soleil, vous n&rsquo;avez donc pas n\u00e9cessairement besoin d&rsquo;After Sun par la suite. <\/p>\n","protected":false},"excerpt":{"rendered":"<p>\u00cates-vous pr\u00eat \u00e0 obtenir le plus beau des bronzages ? Notre WONDER SUNTAN naturel et parfum\u00e9 est votre partenaire ultime<\/p>\n","protected":false},"featured_media":17271,"comment_status":"open","ping_status":"closed","template":"","meta":{"_acf_changed":false},"product-label":[1697,1685,1689],"product_brand":[],"product_cat":[832,1051,1734],"product_tag":[],"class_list":{"0":"post-116224","1":"product","2":"type-product","3":"status-publish","4":"has-post-thumbnail","6":"product-label-produceret-i-danmark-fr","7":"product-label-ikke-testet-paa-dyr-fr","8":"product-label-parfumefri-fr","9":"product_cat-skin-wonder-fr","10":"product_cat-wonder-danica-skincare","11":"product_cat-wonder-sun-fr","13":"first","14":"outofstock","15":"sale","16":"taxable","17":"shipping-taxable","18":"purchasable","19":"product-type-simple"},"acf":[],"_links":{"self":[{"href":"https:\/\/hocl.dk\/fr\/wp-json\/wp\/v2\/product\/116224","targetHints":{"allow":["GET"]}}],"collection":[{"href":"https:\/\/hocl.dk\/fr\/wp-json\/wp\/v2\/product"}],"about":[{"href":"https:\/\/hocl.dk\/fr\/wp-json\/wp\/v2\/types\/product"}],"replies":[{"embeddable":true,"href":"https:\/\/hocl.dk\/fr\/wp-json\/wp\/v2\/comments?post=116224"}],"version-history":[{"count":0,"href":"https:\/\/hocl.dk\/fr\/wp-json\/wp\/v2\/product\/116224\/revisions"}],"wp:featuredmedia":[{"embeddable":true,"href":"https:\/\/hocl.dk\/fr\/wp-json\/wp\/v2\/media\/17271"}],"wp:attachment":[{"href":"https:\/\/hocl.dk\/fr\/wp-json\/wp\/v2\/media?parent=116224"}],"wp:term":[{"taxonomy":"product-label","embeddable":true,"href":"https:\/\/hocl.dk\/fr\/wp-json\/wp\/v2\/product-label?post=116224"},{"taxonomy":"product_brand","embeddable":true,"href":"https:\/\/hocl.dk\/fr\/wp-json\/wp\/v2\/product_brand?post=116224"},{"taxonomy":"product_cat","embeddable":true,"href":"https:\/\/hocl.dk\/fr\/wp-json\/wp\/v2\/product_cat?post=116224"},{"taxonomy":"product_tag","embeddable":true,"href":"https:\/\/hocl.dk\/fr\/wp-json\/wp\/v2\/product_tag?post=116224"}],"curies":[{"name":"wp","href":"https:\/\/api.w.org\/{rel}","templated":true}]}}