{"id":116250,"date":"2024-07-16T14:51:51","date_gmt":"2024-07-16T14:51:51","guid":{"rendered":"https:\/\/hocl.dk\/product\/non class\u00e9\/wonder-hand-cleaner-nettoyant-pour-les-mains\/"},"modified":"2024-07-16T14:51:51","modified_gmt":"2024-07-16T14:51:51","slug":"wonder-hand-cleaner-nettoyant-pour-les-mains","status":"publish","type":"product","link":"https:\/\/hocl.dk\/fr\/product\/wonder-clean-fr-2\/wonder-hand-cleaner-nettoyant-pour-les-mains\/","title":{"rendered":"Wonder Hand Cleaner (Nettoyant pour les mains)"},"content":{"rendered":"<h2>Wonder Hand Cleaner &#8211; 100 % naturel et efficace<\/h2>\n<p><em>\u00c9limine efficacement les huiles, les graisses, la suie et d&rsquo;autres mati\u00e8res tenaces.<\/em>  Wonder Hand Cleaner est con\u00e7u pour faire face aux conditions les plus exigeantes o\u00f9 les mains sont expos\u00e9es \u00e0 la salet\u00e9 et \u00e0 la tension et doivent \u00eatre nettoy\u00e9es efficacement. Il est sp\u00e9cialement con\u00e7u pour \u00e9liminer efficacement la salet\u00e9 et les huiles les plus tenaces de la peau. Notre d\u00e9sinfectant pour les mains est con\u00e7u pour r\u00e9pondre aux besoins des environnements priv\u00e9s et professionnels o\u00f9 les mains sont expos\u00e9es \u00e0 une salet\u00e9 et \u00e0 un stress extr\u00eames. Cela concerne des domaines tels que les projets de r\u00e9novation o\u00f9 les artisans travaillent avec de la peinture et des mat\u00e9riaux de construction, les ateliers o\u00f9 les artisans sont entour\u00e9s de graisse et de poussi\u00e8re de m\u00e9tal, l&rsquo;agriculture o\u00f9 la terre et les engrais sont un d\u00e9fi quotidien, les soins de sant\u00e9, la restauration et les industries alimentaires o\u00f9 il aide \u00e0 \u00e9liminer la graisse et o\u00f9 l&rsquo;hygi\u00e8ne est cruciale pour pr\u00e9venir les infections et les propagations. Notre d\u00e9sinfectant pour les mains assure un nettoyage efficace tout en prot\u00e9geant la peau, m\u00eame dans des conditions aussi exigeantes. Le nettoyant pour les mains a un pH de 5,5-6, adapt\u00e9 \u00e0 l&rsquo;\u00e9quilibre naturel du pH de la peau, ce qui garantit une exp\u00e9rience douce qui prot\u00e8ge contre le dess\u00e8chement et l&rsquo;irritation. Il est con\u00e7u pour une utilisation quotidienne sans affecter n\u00e9gativement la sant\u00e9 de la peau. Notre formule est enrichie d&rsquo;ingr\u00e9dients \u00e9mollients qui non seulement assurent un nettoyage en profondeur des mains, mais les laissent \u00e9galement douces et lisses. C&rsquo;est essentiel pour les professionnels qui ont besoin de soins fiables dans leur travail quotidien. Un abrasif doux \u00e0 la granulom\u00e9trie contr\u00f4l\u00e9e \u00e9limine efficacement la salet\u00e9 et les impuret\u00e9s sans agresser la peau. Cela garantit un nettoyage en profondeur qui pr\u00e9serve la sant\u00e9 des mains. Notre produit de soin des mains est le choix optimal pour les professionnels qui attachent de l&rsquo;importance \u00e0 la qualit\u00e9 et \u00e0 la fiabilit\u00e9 de leur routine de soin des mains, garantissant des mains saines et soign\u00e9es dans toutes les conditions de travail.  &nbsp;<\/p>\n<h2>Ingr\u00e9dients<\/h2>\n<ul>\n<li><strong>Aqua<\/strong> <em>(Eau)<\/em><\/li>\n<li><strong>Dod\u00e9cylbenz\u00e8nesulfonate de sodium<\/strong> <em>(Tensioactif anionique couramment utilis\u00e9)<\/em><\/li>\n<li><strong>Perlite<\/strong> <em>(roche volcanique)<\/em><\/li>\n<li><strong>Sulfate de laureth de sodium<\/strong> <em>(Sulfate)<\/em><\/li>\n<li><strong>Glylc\u00e9rine<\/strong> <em>(Mol\u00e9cule naturelle aux tr\u00e8s bonnes propri\u00e9t\u00e9s hydratantes)<\/em><\/li>\n<li><strong>Cocamide DEA<\/strong><em>(d\u00e9riv\u00e9 de l&rsquo;huile de coco<\/em>)<\/li>\n<li><strong>Trideceth-3<\/strong> <em>(\u00e9mulsifiant)<\/em><\/li>\n<li><strong>Gomme xanthane<\/strong> <em>(Agent g\u00e9lifiant et \u00e9paississant)<\/em><\/li>\n<li><strong>Parfum<\/strong> <em>(Parfum)<\/em><\/li>\n<li><strong>Dioxyde de titane<\/strong> <em>(Pigment naturel)<\/em><\/li>\n<li><strong>2-bromo-2-nitropropane-1,3 diol<\/strong> <em>(Bronopol)<\/em><\/li>\n<li><strong>Acide citrique<\/strong> <em>(Acide citrique)<\/em><\/li>\n<li><strong>Citral<\/strong> <em>(Le citral est un composant naturel de l&rsquo;\u00e9corce d&rsquo;orange)<\/em><\/li>\n<li><strong>Limon\u00e8ne<\/strong> <em>(Terp\u00e8ne naturel)<\/em><\/li>\n<\/ul>\n<p>  La formule naturelle puissante contient des ingr\u00e9dients soigneusement s\u00e9lectionn\u00e9s, notamment le Sodium dodecylbenzenesulfonate et le Sodium laureth sulfate, qui agissent comme des tensioactifs anioniques efficaces qui d\u00e9composent les graisses et les salissures pour un nettoyage en profondeur. La perlite, une roche volcanique, ajoute une action abrasive douce mais efficace qui \u00e9limine les impuret\u00e9s sans irriter la peau. Notre produit est enrichi de glyc\u00e9rine, de Cocamide DEA et de Trideceth-3, qui aident \u00e0 adoucir et \u00e0 hydrater la peau pendant le nettoyage. La gomme xanthane assure une consistance agr\u00e9able et un l\u00e9ger \u00e9paississement du produit, tandis que le parfum ajoute une fragrance agr\u00e9able. Pour garantir la sant\u00e9 de la peau, notre formule contient \u00e9galement du dioxyde de titane, du 2-bromo-2-nitropropane-1,3 diol, de l&rsquo;acide citrique, du citral et du limon\u00e8ne, qui contribuent tous \u00e0 maintenir l&rsquo;\u00e9quilibre naturel de la peau et \u00e0 la prot\u00e9ger contre les irritations.  &nbsp;<\/p>\n<h2>Application :<\/h2>\n<ul>\n<li>Frottez soigneusement une petite quantit\u00e9 de d\u00e9sinfectant pour les mains sur des mains s\u00e8ches pour dissoudre la salet\u00e9.<\/li>\n<li>Ajoutez un peu d&rsquo;eau dans vos mains et frottez \u00e0 nouveau soigneusement.<\/li>\n<li>Rincez ensuite \u00e0 l&rsquo;eau et essuyez avec un chiffon ou du papier.<\/li>\n<\/ul>\n<p>&nbsp;<\/p>\n<h2><strong>Emballage :<\/strong><\/h2>\n<p>  Notre d\u00e9sinfectant pour les mains se pr\u00e9sente sous la forme d&rsquo;un pot\/seau pratique de 800 ml, garantissant une utilisation \u00e0 long terme et un stockage facile. Sa taille compacte le rend id\u00e9al pour une utilisation domestique ou professionnelle.<\/p>\n","protected":false},"excerpt":{"rendered":"<p><strong>Seau de 800 ml<\/strong><\/p>\n","protected":false},"featured_media":17250,"comment_status":"open","ping_status":"closed","template":"","meta":{"_acf_changed":false},"product-label":[1701,1697,1685,1709],"product_brand":[],"product_cat":[936],"product_tag":[1744,1746,1742,1743,1745,941],"class_list":{"0":"post-116250","1":"product","2":"type-product","3":"status-publish","4":"has-post-thumbnail","6":"product-label-mod-hudproblemer-fr","7":"product-label-produceret-i-danmark-fr","8":"product-label-ikke-testet-paa-dyr-fr","9":"product-label-vegansk-fr","10":"product_cat-wonder-clean-fr-2","11":"product_tag-desinfectant-pour-les-mains","12":"product_tag-desinfectant-pour-les-mains-wonder","13":"product_tag-nettoyage-des-mains","14":"product_tag-nettoyant-pour-les-mains","15":"product_tag-produit-de-nettoyage","16":"product_tag-wonder-skin-clean-fr","18":"first","19":"instock","20":"taxable","21":"shipping-taxable","22":"purchasable","23":"product-type-simple"},"acf":[],"_links":{"self":[{"href":"https:\/\/hocl.dk\/fr\/wp-json\/wp\/v2\/product\/116250","targetHints":{"allow":["GET"]}}],"collection":[{"href":"https:\/\/hocl.dk\/fr\/wp-json\/wp\/v2\/product"}],"about":[{"href":"https:\/\/hocl.dk\/fr\/wp-json\/wp\/v2\/types\/product"}],"replies":[{"embeddable":true,"href":"https:\/\/hocl.dk\/fr\/wp-json\/wp\/v2\/comments?post=116250"}],"version-history":[{"count":0,"href":"https:\/\/hocl.dk\/fr\/wp-json\/wp\/v2\/product\/116250\/revisions"}],"wp:featuredmedia":[{"embeddable":true,"href":"https:\/\/hocl.dk\/fr\/wp-json\/wp\/v2\/media\/17250"}],"wp:attachment":[{"href":"https:\/\/hocl.dk\/fr\/wp-json\/wp\/v2\/media?parent=116250"}],"wp:term":[{"taxonomy":"product-label","embeddable":true,"href":"https:\/\/hocl.dk\/fr\/wp-json\/wp\/v2\/product-label?post=116250"},{"taxonomy":"product_brand","embeddable":true,"href":"https:\/\/hocl.dk\/fr\/wp-json\/wp\/v2\/product_brand?post=116250"},{"taxonomy":"product_cat","embeddable":true,"href":"https:\/\/hocl.dk\/fr\/wp-json\/wp\/v2\/product_cat?post=116250"},{"taxonomy":"product_tag","embeddable":true,"href":"https:\/\/hocl.dk\/fr\/wp-json\/wp\/v2\/product_tag?post=116250"}],"curies":[{"name":"wp","href":"https:\/\/api.w.org\/{rel}","templated":true}]}}