{"id":126067,"date":"2025-05-28T12:34:13","date_gmt":"2025-05-28T12:34:13","guid":{"rendered":"https:\/\/hocl.dk\/?post_type=product&#038;p=126067"},"modified":"2025-10-08T08:48:01","modified_gmt":"2025-10-08T08:48:01","slug":"creme-solaire-wonder-spf30-kopier-2","status":"publish","type":"product","link":"https:\/\/hocl.dk\/fr\/product\/wonder-sun-fr\/creme-solaire-wonder-spf30-kopier-2\/","title":{"rendered":"Cr\u00e8me solaire Wonder SPF50"},"content":{"rendered":"<p>La cr\u00e8me solaire Wonder <strong>SPF50<\/strong> a \u00e9t\u00e9 d\u00e9velopp\u00e9e en mettant l&rsquo;accent sur trois propri\u00e9t\u00e9s cl\u00e9s : la protection, la consistance et le soin.<\/p>\n<p>Formul\u00e9e \u00e0 partir d&rsquo;extraits de plantes naturelles et de filtres solaires modernes et photostables qui, ensemble, prot\u00e8gent efficacement la peau des rayons UVA et UVB*. La cr\u00e8me solaire contient de l&rsquo;aloe vera, de la noix de coco, de l&rsquo;huile d&rsquo;avocat, de l&rsquo;huile d&rsquo;olive et des extraits d&rsquo;a\u00e7a\u00ed, d&rsquo;algues brunes, d&rsquo;algues marines et de sauge pour aider la peau \u00e0 rester hydrat\u00e9e, douce et nourrie, sans effet gras. La texture l\u00e9g\u00e8re p\u00e9n\u00e8tre rapidement et laisse une agr\u00e9able sensation de douceur sur la peau, sans effet collant ni traces blanches. Son parfum tr\u00e8s doux de noix de coco et ses ingr\u00e9dients respectueux de la peau conviennent \u00e0 toute la famille, tout au long de l&rsquo;ann\u00e9e.    <\/p>\n<p>Avec Wonder Sunscreen, vous b\u00e9n\u00e9ficiez non seulement d&rsquo;une protection solaire, mais aussi d&rsquo;un soin quotidien qui nourrit et prot\u00e8ge \u00e0 la fois.<\/p>\n<h2>Contient :<\/h2>\n<p><strong>Extrait de feuille d&rsquo;Aloe Barbadensis<\/strong> (Aloe vera)<em>  Hydratant, apaisant et anti-inflammatoire. Aide \u00e0 nourrir et \u00e0 \u00e9quilibrer la peau, en particulier apr\u00e8s une exposition au soleil.   <\/em><\/p>\n<p><strong>Aqua<\/strong> (eau) &#8211; <em>solvant, pour m\u00e9langer les ingr\u00e9dients et donner une texture l\u00e9g\u00e8re. <\/em> <\/p>\n<p><strong>Coco-Caprylate\/Caprate<\/strong> (\u00e9mollient \u00e0 base de noix de coco) &#8211;<em> adoucit la peau et donne une sensation de douceur soyeuse sans effet gras. <\/em> <\/p>\n<p><strong>Diethylamino Hydroxybenzoyl Hexyl Benzoate<\/strong> (filtre UVA \/ Uvinul A Plus)  <em>&#8211; Prot\u00e8ge contre les rayons UVA responsables du vieillissement. Protection UV stable et \u00e0 large spectre.   <\/em><\/p>\n<p><strong>Ethylhexyl Triazone<\/strong> (filtre UVB)  <em>Protection UVB tr\u00e8s efficace. Aide \u00e0 pr\u00e9venir les coups de soleil.   <\/em><\/p>\n<p><strong>Diethylhexyl Butamido Triazone<\/strong> (filtre UV \/ Iscotrizinol) <em>&#8211; protection UV \u00e0 large spectre et de longue dur\u00e9e. <\/em> <\/p>\n<p><strong>Glyc\u00e9rine<\/strong> (Glycerin)<em>  Hydratant. Attire et retient l&rsquo;humidit\u00e9 dans la peau.   <\/em><\/p>\n<p><strong>Bis-Ethylhexyloxyph\u00e9nol M\u00e9thoxyph\u00e9nyl Triazine<\/strong> (filtre UV \/ Tinosorb S)<em>  Filtre UVA et UVB avanc\u00e9 et \u00e0 large spectre. Hautement photostable.   <\/em><\/p>\n<p><strong>Citrate de st\u00e9arate de glyc\u00e9ryle<\/strong> (\u00e9mulsifiant) &#8211; <em>lie l&rsquo;huile et l&rsquo;eau et donne une consistance homog\u00e8ne et stable. <\/em> <\/p>\n<p><strong>Alcool c\u00e9t\u00e9arylique<\/strong> (alcool gras)  <em>Stabilise la texture et adoucit la peau. Ne s\u00e8che pas.   <\/em><\/p>\n<p><strong>Extrait de fruit d&rsquo;Euterpe Oleracea<\/strong> (extrait d&rsquo;A\u00e7a\u00ed)<em>  Riche en antioxydants. Prot\u00e8ge contre les radicaux libres et les influences environnementales.   <\/em><\/p>\n<p><strong>Extrait de Laminaria Digitata<\/strong> (extrait d&rsquo;algue brune) &#8211; <em>hydratant, nourrissant et protecteur pour la peau <\/em>.  <\/p>\n<p><strong>Extrait de Laminaria Hyperborea<\/strong> (extrait d&rsquo;algue) &#8211; <em>calmant, riche en min\u00e9raux et en antioxydants <\/em>.  <\/p>\n<p><strong>Extrait de Salvia Sclarea<\/strong> (extrait de sauge)<em>  Antioxydant et calmant. Peut aider \u00e0 la r\u00e9gulation des graisses dans le produit.   <\/em><\/p>\n<p><strong>Olea Europaea Fruit Oil<\/strong> (huile d&rsquo;olive) &#8211;  <em>Adoucissant et hydratant. Riche en antioxydants et en vitamine E. <\/em><\/p>\n<p><strong>Huile de graines de Persea Gratissima<\/strong> (huile d&rsquo;avocat)  <em>Nourrissant et protecteur. Gorg\u00e9e d&rsquo;acides gras et de vitamines.   <\/em><\/p>\n<p><strong>Benzoate de sodium<\/strong> (conservateur) &#8211; <em>emp\u00eache la croissance bact\u00e9rienne et garantit la dur\u00e9e de conservation du produit. <\/em> <\/p>\n<p><strong>Sorbate de potassium<\/strong> (conservateur)<em>  Prot\u00e8ge contre les champignons et les micro-organismes pr\u00e9sents dans le produit. Doux et respectueux de la peau.   <\/em><\/p>\n<p><strong>Acide citrique<\/strong> &#8211; <em>ajuste le pH du produit et agit comme un antioxydant l\u00e9ger <\/em>.  <\/p>\n<p><strong>Tocoph\u00e9rol<\/strong> (vitamine E) &#8211;<em> antioxydant qui prot\u00e8ge la peau et les ingr\u00e9dients de l&rsquo;oxydation.<\/em><\/p>\n<p>&nbsp;<\/p>\n<h3>*Filtre de protection contre la lumi\u00e8re :<\/h3>\n<p><strong>Rayons UVA : <\/strong>ils ont une longueur d&rsquo;onde plus grande (320-400 nm) et p\u00e9n\u00e8trent plus profond\u00e9ment dans la peau que les rayons UVB. Ils sont responsables du vieillissement de la peau (photovieillissement), comme les rides et la perte d&rsquo;\u00e9lasticit\u00e9, car ils peuvent endommager les fibres de collag\u00e8ne de la peau. Une exposition prolong\u00e9e aux rayons UVA peut \u00e9galement contribuer au d\u00e9veloppement d&rsquo;un cancer de la peau. Les rayons UVA sont pr\u00e9sents toute l&rsquo;ann\u00e9e et peuvent p\u00e9n\u00e9trer \u00e0 travers les fen\u00eatres et les nuages, ce qui signifie qu&rsquo;ils peuvent affecter la peau m\u00eame \u00e0 l&rsquo;int\u00e9rieur ou par temps nuageux.   <\/p>\n<p><strong>Rayons UVB<\/strong>: ils ont une longueur d&rsquo;onde plus courte (290-320 nm) et affectent principalement la surface de la peau. Ces rayons sont la principale cause des coups de soleil (rougeur et douleur de la peau) et peuvent endommager directement l&rsquo;ADN des cellules de la peau. Les rayons UVB jouent un r\u00f4le important dans le d\u00e9veloppement du cancer de la peau, y compris le carcinome basocellulaire, le carcinome spinocellulaire et le m\u00e9lanome. L&rsquo;intensit\u00e9 des rayons UVB varie en fonction de l&rsquo;heure de la journ\u00e9e, de la saison et de la situation g\u00e9ographique, l&rsquo;intensit\u00e9 \u00e9tant plus \u00e9lev\u00e9e en milieu de journ\u00e9e et en \u00e9t\u00e9.   <\/p>\n<p>&nbsp;<\/p>\n<h2>Application :<\/h2>\n<div class=\"flex max-w-full flex-col flex-grow\">\n<div class=\"min-h-[20px] text-message flex w-full flex-col items-end gap-2 whitespace-pre-wrap break-words [.text-message+&amp;]:mt-5 overflow-x-auto\" dir=\"auto\" data-message-author-role=\"assistant\" data-message-id=\"a876a51b-9f31-4221-a5c0-2cb002e560c6\">\n<div class=\"flex w-full flex-col gap-1 empty:hidden first:pt-[3px]\">\n<div class=\"markdown prose w-full break-words dark:prose-invert light\">\n<p>Pour une protection et un effet optimaux de la cr\u00e8me solaire Wonder Sunscreen SPF 50, suivez ces \u00e9tapes simples :<\/p>\n<p><strong>Secouez le tube<\/strong>: avant utilisation, secouez l\u00e9g\u00e8rement le tube pour vous assurer que les ingr\u00e9dients sont uniform\u00e9ment r\u00e9partis.<\/p>\n<p><strong>Appliquez g\u00e9n\u00e9reusement<\/strong>: Appliquez la cr\u00e8me solaire sur toutes les parties expos\u00e9es de la peau au moins 15 \u00e0 30 minutes avant de sortir. Veillez \u00e0 couvrir toutes les zones qui seront expos\u00e9es au soleil. <\/p>\n<p><strong>R\u00e9partition uniforme<\/strong>: appliquez la cr\u00e8me solaire et assurez-vous qu&rsquo;elle est bien r\u00e9partie et absorb\u00e9e par la peau. Accordez une attention particuli\u00e8re aux zones souvent n\u00e9glig\u00e9es, telles que les oreilles, le cou et les chevilles. <\/p>\n<p><strong>Renouvelez l&rsquo;application r\u00e9guli\u00e8rement<\/strong>: pour maintenir la protection, renouvelez l&rsquo;application de la cr\u00e8me solaire toutes les deux heures ou apr\u00e8s avoir nag\u00e9, transpir\u00e9 ou vous \u00eatre essuy\u00e9 avec une serviette. Ceci est particuli\u00e8rement important pour une protection solaire intensive. <\/p>\n<p><strong>\u00c9viter les yeux<\/strong>: \u00c9viter tout contact avec les yeux. Si le produit entre en contact avec les yeux, rincez abondamment \u00e0 l&rsquo;eau. <\/p>\n<p><strong>Stockage<\/strong>: Conservez la cr\u00e8me solaire dans un endroit frais et sec, \u00e0 l&rsquo;abri de la lumi\u00e8re directe du soleil, afin de pr\u00e9server l&rsquo;efficacit\u00e9 du produit.<\/p>\n<\/div>\n<\/div>\n<\/div>\n<\/div>\n<div class=\"mt-1 flex gap-3 empty:hidden -ml-2\">\n<div><\/div>\n<h2>Emballage :<\/h2>\n<\/div>\n<p>La cr\u00e8me solaire Wonder est pr\u00e9sent\u00e9e dans un tube \u00e9l\u00e9gant dot\u00e9 d&rsquo;un bouchon tournant pratique, con\u00e7u dans un souci de fonctionnalit\u00e9 et d&rsquo;esth\u00e9tique. Le bouchon tournant intelligent permet d&rsquo;ouvrir et de fermer l&#8217;emballage d&rsquo;un simple geste, ce qui vous garantit un acc\u00e8s facile \u00e0 la cr\u00e8me solaire tout en \u00e9vitant les fuites ou les d\u00e9versements accidentels. Gr\u00e2ce \u00e0 son design compact et fonctionnel, le tube est id\u00e9al pour une utilisation \u00e0 la maison ou en d\u00e9placement, afin que vous ayez votre protection solaire \u00e0 port\u00e9e de main o\u00f9 que vous soyez.  <\/p>\n","protected":false},"excerpt":{"rendered":"<p>150ml<\/p>\n<p>La cr\u00e8me solaire Wonder <strong>SPF50<\/strong> a \u00e9t\u00e9 cr\u00e9\u00e9e en mettant l&rsquo;accent sur la protection, la consistance et le soin.<\/p>\n<p>Contient des extraits de plantes naturelles et des filtres solaires modernes photostables qui prot\u00e8gent la peau des rayons UVA et UVB. La cr\u00e8me solaire contient de l&rsquo;aloe vera, de la noix de coco, de l&rsquo;huile d&rsquo;avocat, de l&rsquo;huile d&rsquo;olive et des extraits d&rsquo;a\u00e7a\u00ed, d&rsquo;algues brunes, d&rsquo;algues marines et de sauge, qui aident \u00e0 maintenir la peau hydrat\u00e9e et nourrie, avec un doux parfum de noix de coco. La texture l\u00e9g\u00e8re p\u00e9n\u00e8tre rapidement et laisse la peau confortable &#8211; sans effet collant ni traces blanches.<br \/>\nConvient \u00e0 toute la famille &#8211; tout au long de l&rsquo;ann\u00e9e.   <\/p>\n","protected":false},"featured_media":126072,"comment_status":"open","ping_status":"closed","template":"","meta":{"_acf_changed":false},"product-label":[1701,1697,1685,1689,1709],"product_brand":[],"product_cat":[1734],"product_tag":[],"class_list":{"0":"post-126067","1":"product","2":"type-product","3":"status-publish","4":"has-post-thumbnail","6":"product-label-mod-hudproblemer-fr","7":"product-label-produceret-i-danmark-fr","8":"product-label-ikke-testet-paa-dyr-fr","9":"product-label-parfumefri-fr","10":"product-label-vegansk-fr","11":"product_cat-wonder-sun-fr","13":"first","14":"outofstock","15":"taxable","16":"shipping-taxable","17":"purchasable","18":"product-type-simple"},"acf":[],"_links":{"self":[{"href":"https:\/\/hocl.dk\/fr\/wp-json\/wp\/v2\/product\/126067","targetHints":{"allow":["GET"]}}],"collection":[{"href":"https:\/\/hocl.dk\/fr\/wp-json\/wp\/v2\/product"}],"about":[{"href":"https:\/\/hocl.dk\/fr\/wp-json\/wp\/v2\/types\/product"}],"replies":[{"embeddable":true,"href":"https:\/\/hocl.dk\/fr\/wp-json\/wp\/v2\/comments?post=126067"}],"version-history":[{"count":2,"href":"https:\/\/hocl.dk\/fr\/wp-json\/wp\/v2\/product\/126067\/revisions"}],"predecessor-version":[{"id":129932,"href":"https:\/\/hocl.dk\/fr\/wp-json\/wp\/v2\/product\/126067\/revisions\/129932"}],"wp:featuredmedia":[{"embeddable":true,"href":"https:\/\/hocl.dk\/fr\/wp-json\/wp\/v2\/media\/126072"}],"wp:attachment":[{"href":"https:\/\/hocl.dk\/fr\/wp-json\/wp\/v2\/media?parent=126067"}],"wp:term":[{"taxonomy":"product-label","embeddable":true,"href":"https:\/\/hocl.dk\/fr\/wp-json\/wp\/v2\/product-label?post=126067"},{"taxonomy":"product_brand","embeddable":true,"href":"https:\/\/hocl.dk\/fr\/wp-json\/wp\/v2\/product_brand?post=126067"},{"taxonomy":"product_cat","embeddable":true,"href":"https:\/\/hocl.dk\/fr\/wp-json\/wp\/v2\/product_cat?post=126067"},{"taxonomy":"product_tag","embeddable":true,"href":"https:\/\/hocl.dk\/fr\/wp-json\/wp\/v2\/product_tag?post=126067"}],"curies":[{"name":"wp","href":"https:\/\/api.w.org\/{rel}","templated":true}]}}