{"id":128874,"date":"2025-05-07T13:27:21","date_gmt":"2025-05-07T13:27:21","guid":{"rendered":"https:\/\/hocl.dk\/product\/non class\u00e9\/wonder-poseidon-taille-44-45\/"},"modified":"2025-05-07T13:27:21","modified_gmt":"2025-05-07T13:27:21","slug":"wonder-poseidon-taille-44-45","status":"publish","type":"product","link":"https:\/\/hocl.dk\/fr\/product\/wonder-poseidon-fr\/wonder-poseidon-taille-44-45\/","title":{"rendered":"Wonder Poseidon taille 44-45"},"content":{"rendered":"<p>Les semelles Wonder Poseidon remplies d&rsquo;eau sont con\u00e7ues pour offrir \u00e0 vos pieds une exp\u00e9rience de confort unique. Les semelles sont constitu\u00e9es de deux couches de feuilles soud\u00e9es remplies d&rsquo;un liquide qui se d\u00e9place lorsque vous marchez ou que vous vous tenez debout. Cela procure un massage doux et un amortissement qui se fait sentir tout au long de la journ\u00e9e.  <\/p>\n<p>&nbsp;<\/p>\n<p><strong>Particuli\u00e8rement bien parce que :  <\/strong><\/p>\n<ul>\n<li>A un effet d&rsquo;absorption des chocs<\/li>\n<li>Permet de masser les pieds<\/li>\n<li>Effet positif sur la circulation sanguine<\/li>\n<li>Soulage les points de pression sous les pieds<\/li>\n<li>Am\u00e9liore votre bien-\u00eatre<\/li>\n<\/ul>\n<h2><strong>Comment cela fonctionne-t-il ?<\/strong><\/h2>\n<p>Imaginez que vous marchez sur une surface douce et amortie plut\u00f4t que sur un sol dur. Lorsque vous descendez, votre poids pousse l&rsquo;eau vers l&rsquo;avant sous votre pied &#8211; et lorsque vous descendez, l&rsquo;eau glisse vers l&rsquo;arri\u00e8re. Ce mouvement naturel r\u00e9partit la pression sous le pied et soulage les zones vuln\u00e9rables telles que le talon, l&rsquo;avant-pied et la vo\u00fbte plantaire. Ainsi, la moindre modification de la charge exerc\u00e9e sur le pied met imm\u00e9diatement l&rsquo;eau en mouvement et les freins \u00e0 fluide plac\u00e9s avec pr\u00e9cision garantissent que l&rsquo;eau circule \u00e0 la bonne vitesse. Vous b\u00e9n\u00e9ficiez ainsi d&rsquo;un agr\u00e9able massage des pieds.    <\/p>\n<p><strong>Soulagement et amortissement \u00e0 chaque mouvement<\/strong><br \/>\nM\u00eame de bonnes chaussures peuvent avoir un amortissement limit\u00e9, en particulier sur des surfaces dures comme le b\u00e9ton. Les semelles Wonder Poseidon ajoutent une douceur suppl\u00e9mentaire qui absorbe une partie de l&rsquo;impact \u00e0 chaque fois que vous posez le pied par terre. Cela peut soulager non seulement les pieds, mais aussi les genoux, les hanches et le dos.  <\/p>\n<p><strong>Faites la diff\u00e9rence m\u00eame lorsque vous \u00eates immobile<\/strong><br \/>\nLorsque vous \u00eates immobile &#8211; \u00e0 une table r\u00e9glable en hauteur, dans un magasin ou \u00e0 la table de la cuisine, par exemple &#8211; vous commencez inconsciemment \u00e0 vous incliner l\u00e9g\u00e8rement lorsque l&rsquo;eau sous vos pieds c\u00e8de. Ces petits micromouvements maintiennent vos pieds et vos jambes en mouvement et peuvent vous sembler plus confortables que de rester compl\u00e8tement immobile. <\/p>\n<p><strong>Un l\u00e9ger massage \u00e0 chaque pas<\/strong><br \/>\nL&rsquo;eau contenue dans les semelles bouge d&rsquo;avant en arri\u00e8re pour un l\u00e9ger massage des pieds. C&rsquo;est un petit luxe dans la vie de tous les jours &#8211; au travail, \u00e0 la maison ou lors d&rsquo;une promenade. Pour ceux qui ont souvent les pieds fatigu\u00e9s, ce l\u00e9ger massage peut faire une diff\u00e9rence notable.  <\/p>\n<p><strong>Soulagement au quotidien<\/strong><br \/>\nQue vous soyez coiffeur, chef cuisinier, vendeur, manutentionnaire ou que vous marchiez beaucoup tous les jours, les semelles Wonder Poseidon peuvent vous aider. Elles adoucissent vos pas, r\u00e9duisent vos efforts et rendent vos longues journ\u00e9es un peu plus confortables. <\/p>\n<p>&nbsp;<\/p>\n<h2>Nettoyage :<\/h2>\n<p>L&rsquo;insert est lav\u00e9 avec un d\u00e9tergent normal (de pr\u00e9f\u00e9rence dans un sac \u00e0 linge) \u00e0 une temp\u00e9rature de 30-40 degr\u00e9s maximum. <\/p>\n<p>&nbsp;<\/p>\n<h2>Taille de l&rsquo;insert de la chaussure :<\/h2>\n<p>La longueur de la semelle doit \u00eatre adapt\u00e9e au pied de mani\u00e8re \u00e0 ce qu&rsquo;il n&rsquo;y ait pas d&rsquo;eau sous les orteils. Placez la semelle dans la chaussure de mani\u00e8re \u00e0 ce que la surface en velours gris soit orient\u00e9e vers le haut, vers la plante du pied, et qu&rsquo;elle repose fermement sur le talon. Bien que la semelle soit plus courte que la chaussure, elle reste en place sans c\u00e9der dans la chaussure.  <\/p>\n<p>&nbsp;<\/p>\n<h2>Personnalisation de la chaussure :<\/h2>\n<p>Avant d&rsquo;utiliser la semelle, la chaussure doit \u00eatre soigneusement d\u00e9barrass\u00e9e de tout objet susceptible d&rsquo;endommager la semelle.<\/p>\n<p>La taille de la semelle convient \u00e0 deux pointures de chaussures, car il y a deux zones ferm\u00e9es \u00e0 l&rsquo;extr\u00e9mit\u00e9 de l&rsquo;orteil &#8211; sans eau. La partie avant de la semelle peut \u00eatre ajust\u00e9e \u00e0 la taille de la chaussure \u00e0 l&rsquo;aide de ciseaux. La semelle doit \u00eatre plate et lisse dans la chaussure ; il ne doit pas y avoir de plis dans la semelle apr\u00e8s qu&rsquo;elle a \u00e9t\u00e9 plac\u00e9e dans la chaussure. Pour les chaussures ouvertes, telles que les pantoufles et les sabots, il est conseill\u00e9 de fixer la semelle au talon \u00e0 l&rsquo;aide d&rsquo;un ruban adh\u00e9sif double face. Lors de la premi\u00e8re utilisation de la semelle, un \u00e9coulement peut se produire, mais il cessera compl\u00e8tement apr\u00e8s une courte p\u00e9riode d&rsquo;utilisation.     <\/p>\n","protected":false},"excerpt":{"rendered":"<p><strong>Paire. Taille 44-45 <\/strong><\/p>\n<p>Les semelles Wonder Poseidon remplies d&rsquo;eau offrent \u00e0 vos pieds une combinaison unique d&rsquo;amortissement, de soulagement de la pression et de massage confortable. La semelle r\u00e9partit uniform\u00e9ment la charge sous le pied, soulage le talon, la vo\u00fbte plantaire et l&rsquo;avant-pied et peut aider \u00e0 stimuler la circulation sanguine &#8211; m\u00eame lorsque vous restez immobile pendant des heures sur des sols durs comme le b\u00e9ton. Parfaite pour ceux qui veulent plus de confort, de soutien et de bien-\u00eatre dans la vie de tous les jours, que vous travailliez, que vous ayez les jambes fatigu\u00e9es, que vous marchiez ou que vous restiez souvent debout. S&rsquo;adapte \u00e0 presque tous les types de chaussures et est facile \u00e0 utiliser.  <\/p>\n","protected":false},"featured_media":125501,"comment_status":"open","ping_status":"closed","template":"","meta":{"_acf_changed":false},"product-label":[1697,1685,1689],"product_brand":[],"product_cat":[1933],"product_tag":[],"class_list":{"0":"post-128874","1":"product","2":"type-product","3":"status-publish","4":"has-post-thumbnail","6":"product-label-produceret-i-danmark-fr","7":"product-label-ikke-testet-paa-dyr-fr","8":"product-label-parfumefri-fr","9":"product_cat-wonder-poseidon-fr","11":"first","12":"instock","13":"taxable","14":"shipping-taxable","15":"purchasable","16":"product-type-simple"},"acf":[],"_links":{"self":[{"href":"https:\/\/hocl.dk\/fr\/wp-json\/wp\/v2\/product\/128874","targetHints":{"allow":["GET"]}}],"collection":[{"href":"https:\/\/hocl.dk\/fr\/wp-json\/wp\/v2\/product"}],"about":[{"href":"https:\/\/hocl.dk\/fr\/wp-json\/wp\/v2\/types\/product"}],"replies":[{"embeddable":true,"href":"https:\/\/hocl.dk\/fr\/wp-json\/wp\/v2\/comments?post=128874"}],"version-history":[{"count":0,"href":"https:\/\/hocl.dk\/fr\/wp-json\/wp\/v2\/product\/128874\/revisions"}],"wp:featuredmedia":[{"embeddable":true,"href":"https:\/\/hocl.dk\/fr\/wp-json\/wp\/v2\/media\/125501"}],"wp:attachment":[{"href":"https:\/\/hocl.dk\/fr\/wp-json\/wp\/v2\/media?parent=128874"}],"wp:term":[{"taxonomy":"product-label","embeddable":true,"href":"https:\/\/hocl.dk\/fr\/wp-json\/wp\/v2\/product-label?post=128874"},{"taxonomy":"product_brand","embeddable":true,"href":"https:\/\/hocl.dk\/fr\/wp-json\/wp\/v2\/product_brand?post=128874"},{"taxonomy":"product_cat","embeddable":true,"href":"https:\/\/hocl.dk\/fr\/wp-json\/wp\/v2\/product_cat?post=128874"},{"taxonomy":"product_tag","embeddable":true,"href":"https:\/\/hocl.dk\/fr\/wp-json\/wp\/v2\/product_tag?post=128874"}],"curies":[{"name":"wp","href":"https:\/\/api.w.org\/{rel}","templated":true}]}}