{"id":129878,"date":"2025-03-27T13:19:15","date_gmt":"2025-03-27T13:19:15","guid":{"rendered":"https:\/\/hocl.dk\/product\/non%20class\u00e9\/spray-au-magnesium-1x200ml\/"},"modified":"2025-10-07T09:33:47","modified_gmt":"2025-10-07T09:33:47","slug":"spray-au-magnesium-1x200ml","status":"publish","type":"product","link":"https:\/\/hocl.dk\/fr\/product\/magnesium-fr\/spray-au-magnesium-1x200ml\/","title":{"rendered":"Spray au magn\u00e9sium 1x200ml"},"content":{"rendered":"<div class=\"html-div xdj266r x11i5rnm xat24cr x1mh8g0r xexx8yu x4uap5 x18d9i69 xkhd6sd x78zum5 x15zctf7\">\n<div class=\"html-div xdj266r x11i5rnm xat24cr x1mh8g0r xexx8yu x4uap5 x18d9i69 xkhd6sd xeuugli x1vjfegm\">\n<div class=\"html-div xdj266r x11i5rnm xat24cr x1mh8g0r xexx8yu x4uap5 x18d9i69 xkhd6sd x78zum5 xh8yej3\" role=\"presentation\">\n<div class=\"x78zum5 xdt5ytf x193iq5w x1n2onr6 x1kxipp6 xuk3077\">\n<div class=\"x78zum5 xh8yej3\" role=\"none\">\n<div class=\"html-div xdj266r x11i5rnm xat24cr x1mh8g0r xexx8yu x4uap5 x18d9i69 xkhd6sd x6ikm8r x10wlt62\">\n<div class=\"html-div xdj266r x11i5rnm xat24cr x1mh8g0r x14ctfv x1okitfd x6ikm8r x10wlt62 xerhiuh x1pn3fxy x12xxe5f x1szedp3 x1n2onr6 x1vjfegm x1k4qllp x1mzt3pk x13faqbe x11jlvup xpmdkuv x154zaqr x12z03op xyhp3ou x13fuv20 xu3j5b3 x1q0q8m5 x26u7qi x12lizq0 xf766zg x1ybe9c6 x1ts5dru xp5s12f x11ucwad xgtuqic x155c047\" role=\"presentation\">\n<h1 dir=\"auto\">Spray au magn\u00e9sium<\/h1>\n<p class=\"html-div xexx8yu x4uap5 x18d9i69 xkhd6sd x1gslohp x11i5rnm x12nagc x1mh8g0r x1yc453h x126k92a xyk4ms5\" dir=\"auto\">Le spray au magn\u00e9sium est un min\u00e9ral essentiel que le corps utilise dans de nombreux processus naturels. Lorsqu&rsquo;il est appliqu\u00e9 sur la peau, il est rapidement absorb\u00e9 et peut faire partie d&rsquo;une routine de soins relaxants, en particulier lorsque le corps se sent fatigu\u00e9 et tendu. Enrichi en menthol, menthe japonaise, eucalyptus et camphre non parfum\u00e9, il procure une sensation de r\u00e9chauffement, de refroidissement et de fra\u00eecheur. Parfait pour un usage quotidien, apr\u00e8s une activit\u00e9 physique ou dans le cadre de la routine du soir pour toute la famille.   <\/p>\n<h3 class=\"html-div xexx8yu x4uap5 x18d9i69 xkhd6sd x1gslohp x11i5rnm x12nagc x1mh8g0r x1yc453h x126k92a xyk4ms5\" dir=\"auto\">&#8211;<\/h3>\n<\/div>\n<div class=\"html-div xdj266r x11i5rnm xat24cr x1mh8g0r x14ctfv x1okitfd x6ikm8r x10wlt62 xerhiuh x1pn3fxy x12xxe5f x1szedp3 x1n2onr6 x1vjfegm x1k4qllp x1mzt3pk x13faqbe x11jlvup xpmdkuv x154zaqr x12z03op xyhp3ou x13fuv20 xu3j5b3 x1q0q8m5 x26u7qi x12lizq0 xf766zg x1ybe9c6 x1ts5dru xp5s12f x11ucwad xgtuqic x155c047\" role=\"presentation\">\n<h3 class=\"html-div xexx8yu x4uap5 x18d9i69 xkhd6sd x1gslohp x11i5rnm x12nagc x1mh8g0r x1yc453h x126k92a xyk4ms5\" dir=\"auto\"><strong>Particuli\u00e8rement bien pour :  <\/strong><\/h3>\n<p><strong>Apr\u00e8s une longue journ\u00e9e<\/strong> &#8211; Une sensation de fra\u00eecheur lorsque votre corps est fatigu\u00e9<\/p>\n<p><strong>Apr\u00e8s un entra\u00eenement ou une activit\u00e9 physique &#8211;<\/strong> L&rsquo;effet rafra\u00eechissant du menthol et de la menthe japonaise procure une sensation agr\u00e9able.<\/p>\n<p><strong>Pour les zones tendues<\/strong> &#8211; La combinaison de menthol, de camphre et de magn\u00e9sium produit un effet alternant froid et chaleur.<\/p>\n<p><strong>Soin de nuit<\/strong> &#8211; Fait partie d&rsquo;une routine de soir\u00e9e apaisante, parfait pour les jambes et les mollets.<\/p>\n<p><strong>Auto-pompage<\/strong> &#8211; Un ajout rapide et facile \u00e0 votre routine de soins corporels<\/p>\n<p>&#8211;<\/p>\n<h2 class=\"html-div xexx8yu x4uap5 x18d9i69 xkhd6sd x1gslohp x11i5rnm x12nagc x1mh8g0r x1yc453h x126k92a xyk4ms5\" dir=\"auto\">Ingr\u00e9dients (spray au magn\u00e9sium)<\/h2>\n<p class=\"html-div xexx8yu x4uap5 x18d9i69 xkhd6sd x1gslohp x11i5rnm x12nagc x1mh8g0r x1yc453h x126k92a xyk4ms5\" dir=\"auto\"><strong>Aqua<\/strong> &#8211; Eau qui sert de support aux ingr\u00e9dients actifs.<\/p>\n<p dir=\"auto\"><strong>Menthol<\/strong> &#8211; Cr\u00e9e une sensation de fra\u00eecheur qui laisse la peau fra\u00eeche.<\/p>\n<p dir=\"auto\"><strong>Mentha Piperita<\/strong> (Menthe poivr\u00e9e) &#8211; A un effet rafra\u00eechissant et procure une sensation de fra\u00eecheur.<\/p>\n<p dir=\"auto\"><strong>Cinnamomum Camphora<\/strong> (Camphre) Oil &#8211; Cr\u00e9e une sensation de chaud et de froid altern\u00e9s qui stimule la circulation sanguine de la peau.<\/p>\n<p dir=\"auto\"><strong>Extrait de feuille d&rsquo;Eucalyptus Globulus<\/strong> (Eucalyptus) &#8211; Connu pour sa sensation de fra\u00eecheur et de nettoyage de la peau.<\/p>\n<p dir=\"auto\"><strong>Aminomethyl Propanol<\/strong> &#8211; Utilis\u00e9 pour ajuster le pH pour une compatibilit\u00e9 optimale avec la peau.<\/p>\n<p class=\"html-div xexx8yu x4uap5 x18d9i69 xkhd6sd x1gslohp x11i5rnm x12nagc x1mh8g0r x1yc453h x126k92a xyk4ms5\" dir=\"auto\"><strong>Limon\u00e8ne <\/strong>Parfum naturel pr\u00e9sent dans les huiles d&rsquo;agrumes. Il apporte un parfum frais et peut avoir de l\u00e9g\u00e8res propri\u00e9t\u00e9s nettoyantes. <\/p>\n<p class=\"html-div xexx8yu x4uap5 x18d9i69 xkhd6sd x1gslohp x11i5rnm x12nagc x1mh8g0r x1yc453h x126k92a xyk4ms5\" dir=\"auto\"><strong>Linalol<\/strong> (huile essentielle) Composant naturel de nombreuses huiles essentielles, dont la lavande et les agrumes. Il apporte une l\u00e9g\u00e8re odeur florale, qui contribue \u00e0 donner au produit une certaine douceur.  <\/p>\n<p class=\"html-div xexx8yu x4uap5 x18d9i69 xkhd6sd x1gslohp x11i5rnm x12nagc x1mh8g0r x1yc453h x126k92a xyk4ms5\" dir=\"auto\"><strong>Chlorure de magn\u00e9sium<\/strong> &#8211; Une forme naturelle de magn\u00e9sium qui s&rsquo;absorbe rapidement par la peau.<\/p>\n<h3 class=\"html-div xexx8yu x4uap5 x18d9i69 xkhd6sd x1gslohp x11i5rnm x12nagc x1mh8g0r x1yc453h x126k92a xyk4ms5\" dir=\"auto\">&#8211;<\/h3>\n<h2 class=\"html-div xexx8yu x4uap5 x18d9i69 xkhd6sd x1gslohp x11i5rnm x12nagc x1mh8g0r x1yc453h x126k92a xyk4ms5\" dir=\"auto\">Comment l&rsquo;utiliser ?<\/h2>\n<ol>\n<li>Vaporisez le spray au magn\u00e9sium directement sur la peau, m\u00eame sur une grande surface.<\/li>\n<li>Faire p\u00e9n\u00e9trer par un l\u00e9ger massage<\/li>\n<li>Le produit p\u00e9n\u00e8tre rapidement sans effet gras<br \/>\n&#8211; Peut \u00eatre utilis\u00e9 quotidiennement, matin et soir, ou selon les besoins.<\/li>\n<\/ol>\n<p class=\"html-div xexx8yu x4uap5 x18d9i69 xkhd6sd x1gslohp x11i5rnm x12nagc x1mh8g0r x1yc453h x126k92a xyk4ms5\" dir=\"auto\"><span class=\"html-span xexx8yu x4uap5 x18d9i69 xkhd6sd x1hl2dhg x16tdsg8 x1vvkbs x3nfvp2 x1j61x8r x1fcty0u xdj266r xat24cr xgzva0m xhhsvwb xxymvpz xlup9mm x1kky2od\"><img loading=\"lazy\" decoding=\"async\" class=\"xz74otr x168nmei x13lgxp2 x5pf9jr xo71vjh\" src=\"https:\/\/static.xx.fbcdn.net\/images\/emoji.php\/v9\/t3c\/1\/16\/1f4a1.png\" alt=\"\ud83d\udca1\" width=\"16\" height=\"16\" title=\"\"><\/span>  Conseil : Si vous avez la peau s\u00e8che, vous pouvez ressentir un l\u00e9ger picotement lors des premi\u00e8res applications &#8211; c&rsquo;est normal et cela s&rsquo;estompe avec le temps.<\/p>\n<h3 class=\"html-div xexx8yu x4uap5 x18d9i69 xkhd6sd x1gslohp x11i5rnm x12nagc x1mh8g0r x1yc453h x126k92a xyk4ms5\" dir=\"auto\">&#8211;<\/h3>\n<h2 class=\"html-div xexx8yu x4uap5 x18d9i69 xkhd6sd x1gslohp x11i5rnm x12nagc x1mh8g0r x1yc453h x126k92a xyk4ms5\" dir=\"auto\">Recommandation pour une utilisation s\u00fbre<\/h2>\n<ul>\n<li class=\"html-div xexx8yu x4uap5 x18d9i69 xkhd6sd x1gslohp x11i5rnm x12nagc x1mh8g0r x1yc453h x126k92a xyk4ms5\" dir=\"auto\">A usage externe uniquement.<\/li>\n<li class=\"html-div xexx8yu x4uap5 x18d9i69 xkhd6sd x1gslohp x11i5rnm x12nagc x1mh8g0r x1yc453h x126k92a xyk4ms5\" dir=\"auto\">\u00c9vitez le contact avec les yeux, les plaies ouvertes et la peau irrit\u00e9e &#8211; le produit peut provoquer une forte sensation de froid sur les zones sensibles.<\/li>\n<li class=\"html-div xexx8yu x4uap5 x18d9i69 xkhd6sd x1gslohp x11i5rnm x12nagc x1mh8g0r x1yc453h x126k92a xyk4ms5\" dir=\"auto\">Ne convient pas aux enfants de moins de 3 ans.<\/li>\n<li class=\"html-div xexx8yu x4uap5 x18d9i69 xkhd6sd x1gslohp x11i5rnm x12nagc x1mh8g0r x1yc453h x126k92a xyk4ms5\" dir=\"auto\">En cas d&rsquo;irritation, arr\u00eatez l&rsquo;utilisation.<\/li>\n<li class=\"html-div xexx8yu x4uap5 x18d9i69 xkhd6sd x1gslohp x11i5rnm x12nagc x1mh8g0r x1yc453h x126k92a xyk4ms5\" dir=\"auto\">Tenir hors de port\u00e9e des enfants.<\/li>\n<\/ul>\n<\/div>\n<\/div>\n<\/div>\n<\/div>\n<\/div>\n<div class=\"html-div xdj266r x11i5rnm xat24cr x1mh8g0r xexx8yu x4uap5 x18d9i69 xkhd6sd x1h91t0o xkh2ocl x78zum5 xdt5ytf x13a6bvl x193iq5w x1c4vz4f x1eb86dx\" role=\"presentation\">\n<div class=\"html-div xdj266r x11i5rnm xat24cr x1mh8g0r xexx8yu x4uap5 x18d9i69 xkhd6sd\"><\/div>\n<\/div>\n<\/div>\n<div class=\"html-div xdj266r x11i5rnm xat24cr x1mh8g0r xexx8yu xkhd6sd x1eb86dx x78zum5 x1c4vz4f x2lah0s x18061mc x55ruut\">\n<div class=\"html-div xdj266r x11i5rnm xat24cr x1mh8g0r xexx8yu x4uap5 x18d9i69 xkhd6sd x78zum5 x15zctf7 xamitd3\">\n<div class=\"html-div xdj266r x11i5rnm xat24cr x1mh8g0r xexx8yu x18d9i69 xkhd6sd x78zum5 xdt5ytf x1iyjqo2 x2lah0s xl56j7k x1n2onr6 x1mqs8db x1n327nk x1mpkggp\" aria-hidden=\"true\">\n<div class=\"html-div xdj266r x11i5rnm xat24cr x1mh8g0r xexx8yu x4uap5 x18d9i69 xkhd6sd x6s0dn4 xl5lk40 x78zum5 x1mqs8db x15zctf7\" role=\"presentation\">\n<div class=\"html-div xdj266r x11i5rnm xat24cr x1mh8g0r xexx8yu x4uap5 x18d9i69 xkhd6sd x6s0dn4 xl5lk40 x78zum5 x1mqs8db x15zctf7\" role=\"presentation\">\n<div class=\"html-div xdj266r x11i5rnm xat24cr x1mh8g0r xexx8yu x4uap5 x18d9i69 xkhd6sd\" aria-hidden=\"false\">\n<div class=\"x9f619 x1n2onr6 x1ja2u2z __fb-light-mode\">\n<div class=\"x1i10hfl xjqpnuy xa49m3k xqeqjp1 x2hbi6w x13fuv20 xu3j5b3 x1q0q8m5 x26u7qi x1ypdohk xdl72j9 x2lah0s xe8uvvx xdj266r x11i5rnm xat24cr x1mh8g0r x2lwn1j xeuugli x16tdsg8 x1hl2dhg xggy1nq x1ja2u2z x1t137rt x1q0g3np x87ps6o x1lku1pv x1a2a7pz x6s0dn4 xzolkzo x12go9s9 x1rnf11y xprq8jg x972fbf xcfux6l x1qhh985 xm0m39n x9f619 x78zum5 xl56j7k xexx8yu x4uap5 x18d9i69 xkhd6sd x1n2onr6 x1fgtraw xgd8bvy xjbqb8w\" role=\"button\" aria-expanded=\"false\" aria-label=\"Reager\">\n<div class=\"x1ey2m1c xds687c x17qophe xg01cxk x47corl x10l6tqk x13vifvy x1ebt8du x19991ni x1dhq9h xzolkzo x12go9s9 x1rnf11y xprq8jg\" role=\"none\" data-visualcompletion=\"ignore\"><strong>ATTENTION.<\/strong>  Le spray au magn\u00e9sium est un produit cosm\u00e9tique qui ne peut remplacer un r\u00e9gime alimentaire vari\u00e9 ou des suppl\u00e9ments, mais qui peut \u00eatre utilis\u00e9 en compl\u00e9ment des soins quotidiens de la peau et du bien-\u00eatre.<\/div>\n<\/div>\n<\/div>\n<\/div>\n<div class=\"html-div xdj266r x11i5rnm xat24cr x1mh8g0r xexx8yu x4uap5 x18d9i69 xkhd6sd\" aria-hidden=\"false\">\n<div class=\"x9f619 x1n2onr6 x1ja2u2z __fb-light-mode\">\n<div class=\"x1i10hfl xjqpnuy xa49m3k xqeqjp1 x2hbi6w x13fuv20 xu3j5b3 x1q0q8m5 x26u7qi x1ypdohk xdl72j9 x2lah0s xe8uvvx xdj266r x11i5rnm xat24cr x1mh8g0r x2lwn1j xeuugli x16tdsg8 x1hl2dhg xggy1nq x1ja2u2z x1t137rt x1q0g3np x87ps6o x1lku1pv x1a2a7pz x6s0dn4 xzolkzo x12go9s9 x1rnf11y xprq8jg x972fbf xcfux6l x1qhh985 xm0m39n x9f619 x78zum5 xl56j7k xexx8yu x4uap5 x18d9i69 xkhd6sd x1n2onr6 x1fgtraw xgd8bvy xjbqb8w\" role=\"button\" aria-label=\"Svar\">\n<div class=\"x1ey2m1c xds687c x17qophe xg01cxk x47corl x10l6tqk x13vifvy x1ebt8du x19991ni x1dhq9h xzolkzo x12go9s9 x1rnf11y xprq8jg\" role=\"none\" data-visualcompletion=\"ignore\"><\/div>\n<\/div>\n<\/div>\n<\/div>\n<div class=\"html-div xdj266r x11i5rnm xat24cr x1mh8g0r xexx8yu x4uap5 x18d9i69 xkhd6sd\" aria-hidden=\"false\">\n<div class=\"x9f619 x1n2onr6 x1ja2u2z __fb-light-mode\">\n<div class=\"x1i10hfl xjqpnuy xa49m3k xqeqjp1 x2hbi6w x13fuv20 xu3j5b3 x1q0q8m5 x26u7qi x1ypdohk xdl72j9 x2lah0s xe8uvvx xdj266r x11i5rnm xat24cr x1mh8g0r x2lwn1j xeuugli x16tdsg8 x1hl2dhg xggy1nq x1ja2u2z x1t137rt x1q0g3np x87ps6o x1lku1pv x1a2a7pz x6s0dn4 xzolkzo x12go9s9 x1rnf11y xprq8jg x972fbf xcfux6l x1qhh985 xm0m39n x9f619 x78zum5 xl56j7k xexx8yu x4uap5 x18d9i69 xkhd6sd x1n2onr6 x1fgtraw xgd8bvy xjbqb8w\" role=\"button\" aria-expanded=\"false\" aria-label=\"Mere\">\n<div class=\"x1ey2m1c xds687c x17qophe xg01cxk x47corl x10l6tqk x13vifvy x1ebt8du x19991ni x1dhq9h xzolkzo x12go9s9 x1rnf11y xprq8jg\" role=\"none\" data-visualcompletion=\"ignore\"><\/div>\n<\/div>\n<\/div>\n<\/div>\n<\/div>\n<\/div>\n<\/div>\n<\/div>\n<\/div>\n<div class=\"html-div xdj266r x11i5rnm xat24cr x1mh8g0r xexx8yu x4uap5 x18d9i69 xkhd6sd x1eb86dx x1r8uery x1iyjqo2\"><\/div>\n<\/div>\n","protected":false},"excerpt":{"rendered":"<p>200ml<\/p>\n<p>Le spray au magn\u00e9sium est un min\u00e9ral essentiel qui favorise l&rsquo;\u00e9quilibre naturel de l&rsquo;organisme et joue un r\u00f4le important dans le bien-\u00eatre. Ce spray, qui p\u00e9n\u00e8tre facilement, peut faire partie d&rsquo;une routine de soins relaxants, en particulier lorsque le corps se sent fatigu\u00e9 et tendu. Enrichi en menthol, menthe japonaise, eucalyptus et camphre non parfum\u00e9, il procure une sensation de r\u00e9chauffement, de refroidissement et de fra\u00eecheur. Parfait pour un usage quotidien apr\u00e8s une activit\u00e9 physique ou dans le cadre de la routine du soir pour toute la famille.   <\/p>\n","protected":false},"featured_media":124327,"comment_status":"open","ping_status":"closed","template":"","meta":{"_acf_changed":false},"product-label":[1697,1685,1709],"product_brand":[],"product_cat":[1921],"product_tag":[],"class_list":{"0":"post-129878","1":"product","2":"type-product","3":"status-publish","4":"has-post-thumbnail","6":"product-label-produceret-i-danmark-fr","7":"product-label-ikke-testet-paa-dyr-fr","8":"product-label-vegansk-fr","9":"product_cat-magnesium-fr","11":"first","12":"instock","13":"taxable","14":"shipping-taxable","15":"purchasable","16":"product-type-simple"},"acf":[],"_links":{"self":[{"href":"https:\/\/hocl.dk\/fr\/wp-json\/wp\/v2\/product\/129878","targetHints":{"allow":["GET"]}}],"collection":[{"href":"https:\/\/hocl.dk\/fr\/wp-json\/wp\/v2\/product"}],"about":[{"href":"https:\/\/hocl.dk\/fr\/wp-json\/wp\/v2\/types\/product"}],"replies":[{"embeddable":true,"href":"https:\/\/hocl.dk\/fr\/wp-json\/wp\/v2\/comments?post=129878"}],"version-history":[{"count":1,"href":"https:\/\/hocl.dk\/fr\/wp-json\/wp\/v2\/product\/129878\/revisions"}],"predecessor-version":[{"id":129879,"href":"https:\/\/hocl.dk\/fr\/wp-json\/wp\/v2\/product\/129878\/revisions\/129879"}],"wp:featuredmedia":[{"embeddable":true,"href":"https:\/\/hocl.dk\/fr\/wp-json\/wp\/v2\/media\/124327"}],"wp:attachment":[{"href":"https:\/\/hocl.dk\/fr\/wp-json\/wp\/v2\/media?parent=129878"}],"wp:term":[{"taxonomy":"product-label","embeddable":true,"href":"https:\/\/hocl.dk\/fr\/wp-json\/wp\/v2\/product-label?post=129878"},{"taxonomy":"product_brand","embeddable":true,"href":"https:\/\/hocl.dk\/fr\/wp-json\/wp\/v2\/product_brand?post=129878"},{"taxonomy":"product_cat","embeddable":true,"href":"https:\/\/hocl.dk\/fr\/wp-json\/wp\/v2\/product_cat?post=129878"},{"taxonomy":"product_tag","embeddable":true,"href":"https:\/\/hocl.dk\/fr\/wp-json\/wp\/v2\/product_tag?post=129878"}],"curies":[{"name":"wp","href":"https:\/\/api.w.org\/{rel}","templated":true}]}}