{"id":131576,"date":"2025-12-08T14:39:06","date_gmt":"2025-12-08T14:39:06","guid":{"rendered":"https:\/\/hocl.dk\/?post_type=product&#038;p=131576"},"modified":"2025-12-08T15:55:41","modified_gmt":"2025-12-08T15:55:41","slug":"baume-a-la-cire-dabeille-stick-kopier","status":"publish","type":"product","link":"https:\/\/hocl.dk\/fr\/product\/white-wonder-fr\/baume-a-la-cire-dabeille-stick-kopier\/","title":{"rendered":"Baume \u00e0 la Cire d&rsquo;Abeille &#8211; Stick (Kopier)"},"content":{"rendered":"<p>Cette version compacte de la Baume \u00e0 la Cire d&rsquo;Abeille est id\u00e9ale pour \u00eatre transport\u00e9e dans votre sac \u00e0 main, votre poche ou votre sac \u00e0 langer. La \u00ab\u00a0t\u00eate\u00a0\u00bb sp\u00e9cialement con\u00e7ue du b\u00e2tonnet sert d&rsquo;applicateur, ce qui le rend parfait pour l&rsquo;application sur les l\u00e8vres. La Baume \u00e0 Cire d&rsquo;Abeille est une pommade polyvalente qui aide \u00e0 maintenir l&rsquo;hydratation et la douceur de la peau. Elle peut \u00eatre utilis\u00e9e sur tout le corps, en particulier sur les zones s\u00e8ches telles que les mains, les pieds, les coudes et les genoux. Gr\u00e2ce \u00e0 une combinaison de cire d&rsquo;abeille, d&rsquo;huile de p\u00e9pins de raisin et d&rsquo;ingr\u00e9dients hydratants, elle laisse une sensation de confort sur la peau. Gr\u00e2ce \u00e0 sa formule douce, il convient \u00e0 une utilisation quotidienne pour toute la famille et a \u00e9t\u00e9 con\u00e7u dans l&rsquo;optique d&rsquo;une routine de soins simple.     <\/p>\n<p><strong>Avantages :<\/strong> Baume \u00e0 la Cire d&rsquo;Abeille Stick est un produit cosm\u00e9tique qui peut aider \u00e0 garder la peau douce et hydrat\u00e9e. Il cr\u00e9e une barri\u00e8re protectrice qui peut aider \u00e0 retenir l&rsquo;humidit\u00e9 de la peau. <\/p>\n<p>&nbsp;<\/p>\n<p><strong>Il peut \u00eatre utilis\u00e9 pour :<\/strong><\/p>\n<ul>\n<li>Soins g\u00e9n\u00e9raux du corps<\/li>\n<li>Peau s\u00e8che et sensible<\/li>\n<li>Peau n\u00e9cessitant des soins particuliers<\/li>\n<li>Soins des mains, des pieds et des l\u00e8vres<\/li>\n<li>Peau expos\u00e9e au soleil ou au froid<\/li>\n<li>Peau tr\u00e8s s\u00e8che<\/li>\n<li>L\u00e8vres s\u00e8ches<\/li>\n<li>Peau en manque d&rsquo;hydratation<\/li>\n<\/ul>\n<p>&nbsp;<\/p>\n<h2>Ingr\u00e9dients :<\/h2>\n<p><strong>Petrolatum<\/strong> (vaseline naturelle) : forme une barri\u00e8re protectrice \u00e0 la surface de la peau et aide \u00e0 retenir l&rsquo;humidit\u00e9.<\/p>\n<p><strong>Vitis Vinifera Se ed Oil <\/strong>(huile de p\u00e9pins de raisin biologique) : une huile l\u00e9g\u00e8re qui est rapidement absorb\u00e9e par la peau et qui contient des antioxydants et des acides gras essentiels.<\/p>\n<p><strong>Cera Alba<\/strong> (cire d&rsquo;abeille 100 % pure) : forme un film protecteur sur la peau qui aide \u00e0 sceller l&rsquo;hydratation.<\/p>\n<p>&nbsp;<\/p>\n<h2>Application et utilisation :<\/h2>\n<p>Appliquez une petite quantit\u00e9 sur les zones souhait\u00e9es. N&rsquo;utilisez que ce que la peau peut absorber (par exemple, un petit pois pour deux mains). <\/p>\n<p>Baume \u00e0 la Cire d&rsquo;Abeille en stick peut \u00eatre utilis\u00e9 sur l&rsquo;ensemble du corps et selon les besoins. Pour un soin optimal, il est recommand\u00e9 d&rsquo;utiliser le produit matin et soir. Il convient \u00e0 tous les types de peau et \u00e0 tous les \u00e2ges.  <\/p>\n<p>&nbsp;<\/p>\n<h2>Recommandations de s\u00e9curit\u00e9 :<\/h2>\n<ul>\n<li>N&rsquo;utilisez qu&rsquo;une petite quantit\u00e9 du produit &#8211; Il s&rsquo;agit d&rsquo;une pommade grasse, une fine couche suffit donc.<\/li>\n<li>\u00c9viter le contact avec les yeux<\/li>\n<li>Tenir hors de port\u00e9e des jeunes enfants (en raison des petites pi\u00e8ces)<\/li>\n<li>Pour les peaux sensibles, il est recommand\u00e9 de tester le produit sur une petite partie de la peau avant de l&rsquo;utiliser.<\/li>\n<li>Le Baume \u00e0 la Cire d&rsquo;Abeille en b\u00e2ton doit \u00eatre conserv\u00e9 \u00e0 temp\u00e9rature ambiante (18-25 degr\u00e9s)<\/li>\n<\/ul>\n","protected":false},"excerpt":{"rendered":"<p>12ml.<br \/>\nCette version compacte de la Baume \u00e0 la Cire d&rsquo;Abeille est id\u00e9ale pour \u00eatre transport\u00e9e dans votre sac \u00e0 main, votre poche ou votre sac \u00e0 langer. La \u00ab\u00a0t\u00eate\u00a0\u00bb sp\u00e9cialement con\u00e7ue du b\u00e2ton sert d&rsquo;applicateur, ce qui le rend parfait pour l&rsquo;application sur les l\u00e8vres. La Baume \u00e0 Cire d&rsquo;Abeille est une pommade polyvalente qui aide \u00e0 maintenir l&rsquo;hydratation et la douceur de la peau. Elle peut \u00eatre utilis\u00e9e sur tout le corps, en particulier sur les zones s\u00e8ches telles que les mains, les pieds, les coudes et les genoux. Gr\u00e2ce \u00e0 une combinaison de cire d&rsquo;abeille, d&rsquo;huile de p\u00e9pins de raisin et d&rsquo;ingr\u00e9dients hydratants, elle laisse une sensation de confort sur la peau. Gr\u00e2ce \u00e0 sa formule douce, il convient \u00e0 une utilisation quotidienne pour toute la famille et a \u00e9t\u00e9 con\u00e7u dans l&rsquo;optique d&rsquo;une routine de soins simple.     <\/p>\n","protected":false},"featured_media":131751,"comment_status":"open","ping_status":"closed","template":"","meta":{"_acf_changed":false},"product-label":[1701,1697,1685],"product_brand":[],"product_cat":[834],"product_tag":[1863],"class_list":{"0":"post-131576","1":"product","2":"type-product","3":"status-publish","4":"has-post-thumbnail","6":"product-label-mod-hudproblemer-fr","7":"product-label-produceret-i-danmark-fr","8":"product-label-ikke-testet-paa-dyr-fr","9":"product_cat-white-wonder-fr","10":"product_tag-pommade-a-la-cire-dabeille","12":"first","13":"instock","14":"taxable","15":"shipping-taxable","16":"purchasable","17":"product-type-simple"},"acf":[],"_links":{"self":[{"href":"https:\/\/hocl.dk\/fr\/wp-json\/wp\/v2\/product\/131576","targetHints":{"allow":["GET"]}}],"collection":[{"href":"https:\/\/hocl.dk\/fr\/wp-json\/wp\/v2\/product"}],"about":[{"href":"https:\/\/hocl.dk\/fr\/wp-json\/wp\/v2\/types\/product"}],"replies":[{"embeddable":true,"href":"https:\/\/hocl.dk\/fr\/wp-json\/wp\/v2\/comments?post=131576"}],"version-history":[{"count":1,"href":"https:\/\/hocl.dk\/fr\/wp-json\/wp\/v2\/product\/131576\/revisions"}],"predecessor-version":[{"id":131580,"href":"https:\/\/hocl.dk\/fr\/wp-json\/wp\/v2\/product\/131576\/revisions\/131580"}],"wp:featuredmedia":[{"embeddable":true,"href":"https:\/\/hocl.dk\/fr\/wp-json\/wp\/v2\/media\/131751"}],"wp:attachment":[{"href":"https:\/\/hocl.dk\/fr\/wp-json\/wp\/v2\/media?parent=131576"}],"wp:term":[{"taxonomy":"product-label","embeddable":true,"href":"https:\/\/hocl.dk\/fr\/wp-json\/wp\/v2\/product-label?post=131576"},{"taxonomy":"product_brand","embeddable":true,"href":"https:\/\/hocl.dk\/fr\/wp-json\/wp\/v2\/product_brand?post=131576"},{"taxonomy":"product_cat","embeddable":true,"href":"https:\/\/hocl.dk\/fr\/wp-json\/wp\/v2\/product_cat?post=131576"},{"taxonomy":"product_tag","embeddable":true,"href":"https:\/\/hocl.dk\/fr\/wp-json\/wp\/v2\/product_tag?post=131576"}],"curies":[{"name":"wp","href":"https:\/\/api.w.org\/{rel}","templated":true}]}}