{"id":134238,"date":"2026-05-05T09:29:14","date_gmt":"2026-05-05T09:29:14","guid":{"rendered":"https:\/\/hocl.dk\/?post_type=product&#038;p=134238"},"modified":"2026-05-05T12:35:34","modified_gmt":"2026-05-05T12:35:34","slug":"shampooing-magique-kopier","status":"publish","type":"product","link":"https:\/\/hocl.dk\/fr\/product\/wonder-hair-fr\/shampooing-magique-kopier\/","title":{"rendered":"Shampooing magique (Kopier)"},"content":{"rendered":"<h1>Shampooing magique \u00e0 la vitamine E<\/h1>\n<h2>Le secret de gu\u00e9rison des cheveux !<\/h2>\n<p>Vous r\u00eavez de cheveux beaux et sains ? Voici notre secret pour des cheveux plus brillants que jamais : le <strong>shampooing magique \u00e0 la vitamine E<\/strong>!<\/p>\n<p>\ud83c\udf1f Des <strong>soins professionnels pour vos cheveux<\/strong><br \/>\nLe shampooing magique n&rsquo;est pas un shampooing ordinaire ; il est appr\u00e9ci\u00e9 et utilis\u00e9 par les professionnels. Il est con\u00e7u pour restaurer les cheveux les plus ab\u00eem\u00e9s et les r\u00e9sultats parlent d&rsquo;eux-m\u00eames.<\/p>\n<p>\ud83d\udca7 <strong>Formule hydratante<\/strong><br \/>\nNotre shampooing contient une combinaison unique d&rsquo;ingr\u00e9dients hydratants qui nourrissent vos cheveux en profondeur. C&rsquo;est comme une potion pour vos cheveux secs.<\/p>\n<p>\ud83d\udc81 Des <strong>cheveux doux et brillants<\/strong><br \/>\nApr\u00e8s chaque lavage, le shampooing Wonder laisse vos cheveux aussi doux que de la soie et d&rsquo;une brillance \u00e9clatante. C&rsquo;est le sauveur ultime pour les cheveux secs, sans vie et ab\u00eem\u00e9s.<\/p>\n<p><strong>Mode d&#8217;emploi :<\/strong> Masser une quantit\u00e9 appropri\u00e9e de shampooing dans les cheveux jusqu&rsquo;\u00e0 ce qu&rsquo;il mousse facilement et qu&rsquo;il soit r\u00e9parti uniform\u00e9ment. Massez le cuir chevelu du bout des doigts, puis rincez abondamment \u00e0 l&rsquo;eau. R\u00e9p\u00e9tez l&rsquo;op\u00e9ration pour une exp\u00e9rience de luxe ultime et terminez avec votre apr\u00e8s-shampoing pr\u00e9f\u00e9r\u00e9.<\/p>\n<p><strong>Ingr\u00e9dients<\/strong><br \/>\nAqua, Sodium Laureth Sulfate, Cocamidopropyl betaine, Sodium Chloride, Glycerin,<br \/>\nCarbom\u00e8re, acide citrique, Dim\u00e9thiconol, EDTA disodique, DMDM Hydanto\u00efne,<br \/>\nDiss\u00e9arate de glycol, chlorure d&rsquo;hydroxypropyltrimonium de Guar, chlorure de magn\u00e9sium,<br \/>\nNitrate de magn\u00e9sium, Methylchloroisothiazolinone, Methylisothiazolinone, Mica, Parfum,<br \/>\nPEG-45M, ph\u00e9noxy\u00e9thanol, PPG-12, silice, benzoate de sodium, hydroxyde de sodium,<br \/>\nTEA-Dodecylbenzenesulfonate, TEA-Sulfate, Ac\u00e9tate de tocoph\u00e9ryle, Alcool benzylique Citronellol, Geraniol, Hexyl Cinnamal, Limonene, Linalool, Ci 77891<\/p>\n<p>Cr\u00e9ez les cheveux dont vous avez toujours r\u00eav\u00e9 avec le <strong>shampooing magique \u00e0 la vitamine E<\/strong>. Le secret d&rsquo;une belle chevelure est l\u00e0 !<\/p>\n","protected":false},"excerpt":{"rendered":"<p>500ml<\/p>\n","protected":false},"featured_media":134278,"comment_status":"open","ping_status":"closed","template":"","meta":{"_acf_changed":false},"product-label":[1697,1685,1689,1709],"product_brand":[],"product_cat":[897],"product_tag":[],"class_list":{"0":"post-134238","1":"product","2":"type-product","3":"status-publish","4":"has-post-thumbnail","6":"product-label-produceret-i-danmark-fr","7":"product-label-ikke-testet-paa-dyr-fr","8":"product-label-parfumefri-fr","9":"product-label-vegansk-fr","10":"product_cat-wonder-hair-fr","12":"first","13":"instock","14":"sale","15":"taxable","16":"shipping-taxable","17":"purchasable","18":"product-type-simple"},"acf":[],"_links":{"self":[{"href":"https:\/\/hocl.dk\/fr\/wp-json\/wp\/v2\/product\/134238","targetHints":{"allow":["GET"]}}],"collection":[{"href":"https:\/\/hocl.dk\/fr\/wp-json\/wp\/v2\/product"}],"about":[{"href":"https:\/\/hocl.dk\/fr\/wp-json\/wp\/v2\/types\/product"}],"replies":[{"embeddable":true,"href":"https:\/\/hocl.dk\/fr\/wp-json\/wp\/v2\/comments?post=134238"}],"version-history":[{"count":1,"href":"https:\/\/hocl.dk\/fr\/wp-json\/wp\/v2\/product\/134238\/revisions"}],"predecessor-version":[{"id":134250,"href":"https:\/\/hocl.dk\/fr\/wp-json\/wp\/v2\/product\/134238\/revisions\/134250"}],"wp:featuredmedia":[{"embeddable":true,"href":"https:\/\/hocl.dk\/fr\/wp-json\/wp\/v2\/media\/134278"}],"wp:attachment":[{"href":"https:\/\/hocl.dk\/fr\/wp-json\/wp\/v2\/media?parent=134238"}],"wp:term":[{"taxonomy":"product-label","embeddable":true,"href":"https:\/\/hocl.dk\/fr\/wp-json\/wp\/v2\/product-label?post=134238"},{"taxonomy":"product_brand","embeddable":true,"href":"https:\/\/hocl.dk\/fr\/wp-json\/wp\/v2\/product_brand?post=134238"},{"taxonomy":"product_cat","embeddable":true,"href":"https:\/\/hocl.dk\/fr\/wp-json\/wp\/v2\/product_cat?post=134238"},{"taxonomy":"product_tag","embeddable":true,"href":"https:\/\/hocl.dk\/fr\/wp-json\/wp\/v2\/product_tag?post=134238"}],"curies":[{"name":"wp","href":"https:\/\/api.w.org\/{rel}","templated":true}]}}