{"id":11527,"date":"2023-07-01T06:31:46","date_gmt":"2023-07-01T06:31:46","guid":{"rendered":"https:\/\/hocl.dk\/informativa-sulla-privacy\/"},"modified":"2025-11-06T19:23:52","modified_gmt":"2025-11-06T19:23:52","slug":"informativa-sulla-privacy","status":"publish","type":"page","link":"https:\/\/hocl.dk\/it\/informativa-sulla-privacy\/","title":{"rendered":"Informativa sulla privacy"},"content":{"rendered":"\t\t<div data-elementor-type=\"wp-page\" data-elementor-id=\"11527\" class=\"elementor elementor-11527 elementor-3\" data-elementor-post-type=\"page\">\n\t\t\t\t\t\t<section class=\"wd-negative-gap elementor-section elementor-top-section elementor-element elementor-element-1a63e484 elementor-section-boxed elementor-section-height-default elementor-section-height-default\" data-id=\"1a63e484\" data-element_type=\"section\" data-e-type=\"section\">\n\t\t\t\t\t\t<div class=\"elementor-container elementor-column-gap-default\">\n\t\t\t\t\t<div class=\"elementor-column elementor-col-100 elementor-top-column elementor-element elementor-element-4a519a24\" data-id=\"4a519a24\" data-element_type=\"column\" data-e-type=\"column\">\n\t\t\t<div class=\"elementor-widget-wrap elementor-element-populated\">\n\t\t\t\t\t\t<div class=\"elementor-element elementor-element-ef370ab elementor-widget elementor-widget-heading\" data-id=\"ef370ab\" data-element_type=\"widget\" data-e-type=\"widget\" data-widget_type=\"heading.default\">\n\t\t\t\t<div class=\"elementor-widget-container\">\n\t\t\t\t\t<h1 class=\"elementor-heading-title elementor-size-default\">Informativa sulla privacy<\/h1>\t\t\t\t<\/div>\n\t\t\t\t<\/div>\n\t\t\t\t<div class=\"elementor-element elementor-element-b0dba02 wd-el-breadcrumbs text-left elementor-widget elementor-widget-wd_element_breadcrumbs\" data-id=\"b0dba02\" data-element_type=\"widget\" data-e-type=\"widget\" data-widget_type=\"wd_element_breadcrumbs.default\">\n\t\t\t\t<div class=\"elementor-widget-container\">\n\t\t\t\t\t<nav class=\"wd-breadcrumbs\"><a href=\"https:\/\/hocl.dk\/it\/\">Home<\/a><span class=\"wd-delimiter\"><\/span><span class=\"wd-last\">Pagina<\/span><\/nav>\t\t\t\t<\/div>\n\t\t\t\t<\/div>\n\t\t\t\t<div class=\"elementor-element elementor-element-7d7f697b color-scheme-inherit text-left elementor-widget elementor-widget-text-editor\" data-id=\"7d7f697b\" data-element_type=\"widget\" data-e-type=\"widget\" data-widget_type=\"text-editor.default\">\n\t\t\t\t<div class=\"elementor-widget-container\">\n\t\t\t\t\t\t\t\t\t<p>La tua fiducia e la tua riservatezza sono di estrema importanza per noi di Bywonder LTD. Ci impegniamo a proteggere e rispettare la tua privacy. Questa informativa sulla privacy ti fornisce informazioni su come raccogliamo, elaboriamo e proteggiamo i tuoi dati personali, incluso l&#8217;uso dei cookie e il marketing di terze parti. Visitando il nostro sito web, interagendo con i nostri servizi o acquistando i nostri prodotti, accetti i termini della presente informativa sulla privacy.<\/p><ol><li><b>Chi siamo?<\/b><\/li><\/ol><p>Bywonder LTD \u00e8 un negozio web e un marchio che offre prodotti cosmetici. Operiamo come parte di House of Wonder e il nostro indirizzo \u00e8 Farsb\u00f8llevej 12, 5471 S\u00f8nders\u00f8. Siamo responsabili del trattamento dei tuoi dati personali in conformit\u00e0 alle leggi vigenti in materia di protezione dei dati, compreso il Regolamento generale sulla protezione dei dati dell&#8217;UE (GDPR).<\/p><ol start=\"2\"><li><b>Cosa sono i cookie e come li utilizziamo?<\/b><\/li><\/ol><p>I cookie sono piccoli file di testo che vengono memorizzati sul tuo dispositivo quando visiti il nostro sito web. Vengono utilizzati per migliorare la tua esperienza di utente, ricordare le tue preferenze e ottimizzare il nostro sito web e i nostri servizi. Utilizziamo sia i nostri cookie che quelli di terze parti per vari scopi, tra cui:<\/p><ul><li><p><b>Cookie di funzionalit\u00e0:<\/b> questi cookie sono necessari per garantire il corretto funzionamento del nostro sito web e ti permettono di accedere ad alcune funzionalit\u00e0, come il carrello della spesa.<\/p><\/li><li><p><b>Cookie analitici e di performance:<\/b> questi cookie ci aiutano a raccogliere statistiche sulle visite al nostro sito web, sulle fonti di traffico e sul comportamento degli utenti. Questo ci aiuta a capire come viene utilizzato il nostro sito web e come possiamo migliorarlo.<\/p><\/li><li><p><b>Cookie di targeting:<\/b> questi cookie vengono utilizzati per fornire annunci mirati e rilevanti per l&#8217;utente in base ai suoi interessi e al suo precedente comportamento sul nostro sito web.<\/p><\/li><\/ul><p>Puoi modificare le impostazioni dei cookie in qualsiasi momento visitando lo strumento di consenso dei cookie sul nostro sito web.<\/p><ol start=\"3\"><li><b>Marketing di terze parti<\/b><\/li><\/ol><p>Collaboriamo con fornitori terzi, tra cui piattaforme di social media e di pubblicit\u00e0, che possono utilizzare cookie e tecnologie simili per fornire annunci mirati per nostro conto. Questi annunci possono apparire su altri siti web in base alla tua interazione con il nostro sito e ai tuoi interessi.<\/p><p>Non controlliamo i cookie di queste terze parti n\u00e9 il loro utilizzo. Ti invitiamo a leggere le loro politiche sulla privacy per capire come gestiscono i tuoi dati personali.<\/p><ol start=\"4\"><li><b>I tuoi diritti<\/b><\/li><\/ol><p>Hai alcuni diritti in relazione ai tuoi dati personali, tra cui il diritto di accedere, correggere o cancellare le informazioni, il diritto di limitare il trattamento e il diritto di opporti al trattamento. Puoi anche ritirare il tuo consenso alle comunicazioni di marketing in qualsiasi momento. Per esercitare i tuoi diritti o per ulteriori informazioni sulle nostre pratiche di trattamento dei dati, contattaci all&#8217;indirizzo info@hocl.dk.<\/p><ol start=\"5\"><li><b>Archiviazione dei tuoi dati<\/b><\/li><\/ol><p>Conserviamo i tuoi dati personali per il tempo necessario a raggiungere gli scopi per cui sono stati raccolti e in conformit\u00e0 con le leggi vigenti. Alla scadenza del periodo di conservazione, cancelleremo o renderemo anonimi i tuoi dati.<\/p><ol start=\"6\"><li><b>Sicurezza e protezione<\/b><\/li><\/ol><p>Prendiamo sul serio la sicurezza dei dati e abbiamo implementato misure tecniche e organizzative adeguate per proteggere i tuoi dati personali da accessi non autorizzati, alterazioni, perdita o distruzione.<\/p><ol start=\"7\"><li><b>Modifiche all&#8217;informativa sulla privacy<\/b><\/li><\/ol><p>Ci riserviamo il diritto di aggiornare o modificare la presente informativa sulla privacy in base alle esigenze. Eventuali modifiche saranno annunciate sul nostro sito web. Ti consigliamo di rivedere regolarmente questa informativa per rimanere aggiornato sulle nostre pratiche di trattamento dei dati.<\/p><p>Ti ringraziamo per la fiducia che hai riposto in Bywonder LTD e siamo qui per rispondere a tutte le tue domande sulla nostra politica sulla privacy.<\/p><p>Cordiali saluti,<\/p><p>Il team APS della Casa delle Meraviglie<\/p><p><b>Contattaci:<\/b><\/p><p><span style=\"font-weight: 400;\">Indirizzo: <\/span><span style=\"font-weight: 400;\">Farsb\u00f8llevej 12, Gamby <\/span><span style=\"font-weight: 400;\"><br><\/span><span style=\"font-weight: 400;\">5471, S\u00f8nders\u00f8, Danimarca<\/span><\/p><p><span style=\"font-weight: 400;\">Email: info@hocl.dk<\/span><\/p><p><span style=\"font-weight: 400;\">Telefono: +45 7199 9669<\/span><\/p><p><span style=\"font-weight: 400;\">Servizio clienti:<\/span><span style=\"font-weight: 400;\"><br><\/span><span style=\"font-weight: 400;\">Luned\u00ec &#8211; venerd\u00ec: 10.00 &#8211; 15.00<\/span><span style=\"font-weight: 400;\"><br><\/span><span style=\"font-weight: 400;\">Sabato e domenica: Chiuso <\/span> <\/p>\t\t\t\t\t\t\t\t<\/div>\n\t\t\t\t<\/div>\n\t\t\t\t\t<\/div>\n\t\t<\/div>\n\t\t\t\t\t<\/div>\n\t\t<\/section>\n\t\t\t\t<\/div>\n\t\t","protected":false},"excerpt":{"rendered":"<p>Informativa sulla privacy HomeSide La tua fiducia e la tua riservatezza sono di estrema importanza per noi di Bywonder LTD.<\/p>\n","protected":false},"author":1,"featured_media":0,"parent":0,"menu_order":0,"comment_status":"closed","ping_status":"open","template":"","meta":{"_acf_changed":false,"footnotes":""},"class_list":["post-11527","page","type-page","status-publish","hentry"],"acf":[],"_links":{"self":[{"href":"https:\/\/hocl.dk\/it\/wp-json\/wp\/v2\/pages\/11527","targetHints":{"allow":["GET"]}}],"collection":[{"href":"https:\/\/hocl.dk\/it\/wp-json\/wp\/v2\/pages"}],"about":[{"href":"https:\/\/hocl.dk\/it\/wp-json\/wp\/v2\/types\/page"}],"author":[{"embeddable":true,"href":"https:\/\/hocl.dk\/it\/wp-json\/wp\/v2\/users\/1"}],"replies":[{"embeddable":true,"href":"https:\/\/hocl.dk\/it\/wp-json\/wp\/v2\/comments?post=11527"}],"version-history":[{"count":5,"href":"https:\/\/hocl.dk\/it\/wp-json\/wp\/v2\/pages\/11527\/revisions"}],"predecessor-version":[{"id":130622,"href":"https:\/\/hocl.dk\/it\/wp-json\/wp\/v2\/pages\/11527\/revisions\/130622"}],"wp:attachment":[{"href":"https:\/\/hocl.dk\/it\/wp-json\/wp\/v2\/media?parent=11527"}],"curies":[{"name":"wp","href":"https:\/\/api.w.org\/{rel}","templated":true}]}}