{"id":11533,"date":"2023-07-09T09:17:13","date_gmt":"2023-07-09T09:17:13","guid":{"rendered":"https:\/\/hocl.dk\/termini-e-condizioni\/"},"modified":"2024-10-18T18:43:17","modified_gmt":"2024-10-18T18:43:17","slug":"termini-e-condizioni","status":"publish","type":"page","link":"https:\/\/hocl.dk\/it\/termini-e-condizioni\/","title":{"rendered":"Termini e condizioni-HOCL"},"content":{"rendered":"\r\n<h1 class=\"wp-block-heading\">Termini e condizioni di House of Wonder<\/h1>\r\n\r\n\r\n\r\n<p>By Wonder<\/p>\r\n\r\n\r\n\r\n<p>Farsb\u00f8llevej 12<\/p>\r\n\r\n\r\n\r\n<p>5471 S\u00f8nders\u00f8<\/p>\r\n\r\n\r\n\r\n<p>TEL: <a href=\"callto:+4571999669\">+45 71 99 96 69<\/a><\/p>\r\n\r\n\r\n\r\n<p><br \/>CVR: 43677934<\/p>\r\n\r\n\r\n\r\n<h2 class=\"wp-block-heading\">Opzioni di pagamento<\/h2>\r\n\r\n\r\n\r\n<p>By Wonder accetta pagamenti online con Visa\/Dankort, Mastercard, Visa Electron, Maestro. Il pagamento verr\u00e0 prima detratto dal tuo conto,<\/p>\r\n\r\n\r\n\r\n<p>al momento della spedizione del prodotto fisico o della creazione del prodotto virtuale, se non diversamente concordato o indicato nell&#8217;ordine.<\/p>\r\n\r\n\r\n\r\n<p>Tutti gli importi riportati sul sito web sono comprensivi di IVA.<br \/>Il sito web utilizza le seguenti valute per la determinazione dei prezzi:<br \/>Danimarca &#8211; Corone (DKK)<\/p>\r\n\r\n\r\n\r\n<p>By Wonder utilizza un server di pagamento sicuro che cripta tutte le informazioni con il protocollo SSL.<\/p>\r\n\r\n\r\n\r\n<p>possono essere letti da altri estranei.<\/p>\r\n\r\n\r\n\r\n<p>Anche il sito web di By Wonder utilizza la crittografia con protocollo SSL.<\/p>\r\n\r\n\r\n\r\n<h2 class=\"wp-block-heading\">\u00a0<\/h2>\r\n\r\n\r\n\r\n<h2 class=\"wp-block-heading\">Consegna<\/h2>\r\n\r\n\r\n\r\n<p>Tempi di consegna del tuo ordine: 2-8 giorni lavorativi.<\/p>\r\n\r\n\r\n\r\n<p>By Wonder invia gli ordini con la seguente societ\u00e0 e tipologia di consegna: DAO (scegli tra negozio di pacchi e consegna a domicilio)<\/p>\r\n\r\n\r\n\r\n<h2 class=\"wp-block-heading\">\u00a0<\/h2>\r\n\r\n\r\n\r\n<h2 class=\"wp-block-heading\">Diritto di reclamo<\/h2>\r\n\r\n\r\n\r\n<p>Il diritto di recesso \u00e8 di 90 giorni dalla data di ricevimento dell&#8217;articolo.<\/p>\r\n\r\n\r\n\r\n<p>By Wonder copre i costi di restituzione in misura ragionevole.<\/p>\r\n\r\n\r\n\r\n<p>NOTA: Non puoi esercitare il diritto di recesso semplicemente rifiutando di ricevere la merce o non ritirandola dal corriere.<\/p>\r\n\r\n\r\n\r\n<p>Per i resi, contatta l&#8217;azienda:<\/p>\r\n\r\n\r\n\r\n<p>By Wonder<\/p>\r\n\r\n\r\n\r\n<p>Farsb\u00f8llevej 12<\/p>\r\n\r\n\r\n\r\n<p>5471 S\u00f8nders\u00f8<\/p>\r\n\r\n\r\n\r\n<p>TEL: <a href=\"callto:+4571999669\">+45 71 99 96 69<\/a><\/p>\r\n\r\n\r\n\r\n<h2 class=\"wp-block-heading\">\u00a0<\/h2>\r\n\r\n\r\n\r\n<h2 class=\"wp-block-heading\">Rimborso<\/h2>\r\n\r\n\r\n\r\n<p>Per i rimborsi, contattaci all&#8217;indirizzo <a href=\"mailto:info@hocl.dk\">info@hocl.dk<\/a> o al numero di telefono <a href=\"callto:+4571999669\">+45 71 99 96 69 69<\/a>.<\/p>\r\n\r\n\r\n\r\n<p>By Wonder paga le spese di spedizione, che possono avvenire tramite etichetta di restituzione o rimborso extra.<\/p>\r\n\r\n\r\n\r\n<p>L&#8217;articolo deve essere restituito con le seguenti informazioni: nome, indirizzo, numero di telefono, e-mail, luogo di acquisto ed eventuali ricevute. In tal caso rimborseremo l&#8217;intero importo pi\u00f9 le spese di spedizione.<\/p>\r\n\r\n\r\n\r\n<h2 class=\"wp-block-heading\">Diritto di cancellazione<\/h2>\r\n\r\n\r\n\r\n<p>Gli articoli acquistati sul sito web sono soggetti a una politica di restituzione di 90 giorni, se non diversamente concordato o indicato nell&#8217;ordine.<\/p>\r\n\r\n\r\n\r\n<p>Il periodo di 90 giorni decorre dal giorno della consegna dell&#8217;ordine.<\/p>\r\n\r\n\r\n\r\n<p>La notifica della volont\u00e0 di cancellazione deve avvenire entro 90 giorni dalla consegna e deve pervenire a noi entro 14 giorni dalla data in cui siamo stati informati dell&#8217;esercizio del diritto di cancellazione.<\/p>\r\n\r\n\r\n\r\n<p>Se desideri esercitare il tuo diritto di cancellazione, devi inviare un&#8217;e-mail all&#8217;indirizzo <a href=\"mailto:info@hocl.dk\">info@hocl.dk<\/a>. Nel messaggio dovrai indicare chiaramente la tua volont\u00e0 di cancellazione.<\/p>\r\n\r\n\r\n\r\n<p>sull&#8217;uso del diritto di recesso. Puoi anche scegliere di utilizzare un modulo di cancellazione standard a questo link: <a href=\"https:\/\/upscalemediatest.dk\/wp-content\/uploads\/2023\/08\/Fortrydelsesformular.pdf\" target=\"_blank\" rel=\"noreferrer noopener\">modulo di cancellazione<\/a><\/p>\r\n\r\n\r\n\r\n<h2 class=\"wp-block-heading\">\u00a0<\/h2>\r\n\r\n\r\n\r\n<h2 class=\"wp-block-heading\">Condizioni dell&#8217;articolo al momento della restituzione<\/h2>\r\n\r\n\r\n\r\n<p>Il cliente \u00e8 responsabile di qualsiasi deterioramento del valore dei beni causato da una manipolazione diversa da quella necessaria per determinare la natura, le caratteristiche e la funzione dei beni.<\/p>\r\n\r\n\r\n\r\n<p>Questo significa che puoi provare l&#8217;articolo proprio come se stessi acquistando in un negozio fisico.<\/p>\r\n\r\n\r\n\r\n<p>Se l&#8217;articolo \u00e8 stato testato oltre quanto descritto sopra, \u00e8 considerato usato e di valore deteriorato. Ci\u00f2 significa che se cancelli il tuo acquisto, riceverai indietro una piccola parte o nulla dell&#8217;importo dell&#8217;acquisto. Spetta a By Wonder valutare le condizioni dell&#8217;articolo.<\/p>\r\n\r\n\r\n\r\n<h2 class=\"wp-block-heading\">\u00a0<\/h2>\r\n\r\n\r\n\r\n<h2 class=\"wp-block-heading\">Informativa sulla privacy e sui clienti<\/h2>\r\n\r\n\r\n\r\n<p>Non rivendiamo le informazioni personali e non le divulghiamo a terzi, ma le registriamo solo nel nostro elenco clienti.<\/p>\r\n\r\n\r\n\r\n<p>Puoi far cancellare i tuoi dati in qualsiasi momento. Per poter stipulare un contratto con By Wonder, abbiamo bisogno delle seguenti informazioni:<br \/>. Nome<br \/>. Indirizzo<br \/>. Numero di telefono<br \/>. Indirizzo e-mail<\/p>\r\n\r\n\r\n\r\n<p>Registriamo i tuoi dati personali allo scopo di consegnarti il prodotto.<\/p>\r\n\r\n\r\n\r\n<p>I dati personali vengono registrati presso By Wonder e conservati per un massimo di cinque anni, dopodich\u00e9 vengono cancellati.<\/p>\r\n\r\n\r\n\r\n<p>Quando i dati personali vengono raccolti tramite il nostro sito web, ci assicuriamo che ci\u00f2 avvenga sempre con il tuo esplicito consenso, in modo che tu sia informato esattamente su quali informazioni vengono raccolte e perch\u00e9.<\/p>\r\n\r\n\r\n\r\n<p>Il direttore e i dipendenti di By Wonder hanno accesso alle informazioni registrate sull&#8217;utente. Non memorizziamo e trasmettiamo le informazioni dei clienti in modo criptato. In quanto registrato presso By Wonder, hai sempre il diritto di opporti alla registrazione. Hai anche il diritto di sapere quali informazioni vengono memorizzate su di te. L&#8217;utente gode di tali diritti ai sensi della legge danese sulla protezione dei dati e le richieste in merito devono essere indirizzate a <a href=\"mailto:info@hocl.dk\">info@hocl.dk.<\/a><\/p>\r\n\r\n\r\n\r\n<p>Biscotti<br \/>I cookie vengono utilizzati su <a href=\"https:\/\/hocl.dk\">www.hocl.dk<\/a> per ottimizzare il sito web e le sue funzionalit\u00e0, in modo da rendere la tua visita il pi\u00f9 semplice possibile. Puoi eliminare i cookie dal tuo computer in qualsiasi momento, le modalit\u00e0 dipendono dal tuo browser.<\/p>\r\n\r\n\r\n\r\n<p>Statistiche di log Utilizziamo le statistiche di log su <a href=\"https:\/\/hocl.dk\">www.hocl.dk,<\/a> il che significa che un sistema di statistiche raccoglie informazioni in grado di fornire un quadro statistico del numero di visitatori, della loro provenienza, del punto del sito da cui escono, ecc.<\/p>\r\n\r\n\r\n\r\n<p>Le statistiche di log vengono utilizzate esclusivamente per ottimizzare il sito web di HOCL.DK.<\/p>\r\n\r\n\r\n\r\n<h2 class=\"wp-block-heading\">\u00a0<\/h2>\r\n\r\n\r\n\r\n<h2 class=\"wp-block-heading\">Opzioni di reclamo<\/h2>\r\n\r\n\r\n\r\n<p>I reclami sui prodotti possono essere inviati a:<\/p>\r\n\r\n\r\n\r\n<p>L&#8217;Autorit\u00e0 danese per la concorrenza e i consumatori<br \/>Carl Jacobsens Vej 35<br \/>2500 Valby<br \/><a href=\"http:\/\/www.forbrug.dk\/\" target=\"_blank\" rel=\"noreferrer noopener\">www.forbrug.dk<\/a><\/p>\r\n\r\n\r\n\r\n<p>Per i cittadini extracomunitari, i reclami devono essere presentati tramite la piattaforma di reclamo online della Commissione Europea.<br \/><a href=\"http:\/\/ec.europa.eu\/consumers\/odr\/\" target=\"_blank\" rel=\"noreferrer noopener\">ec.europa.eu<\/a><\/p>\r\n\r\n\r\n\r\n<p>In caso di reclamo, \u00e8 necessario indicare il nostro indirizzo e-mail: <a href=\"mailto:info@hocl.dk\">info@hocl.dk<\/a> e il sito web su cui hai acquistato l&#8217;articolo.<\/p>\r\n\r\n\r\n\r\n<p><strong>House of Wonder ApS<br \/><\/strong>Farsb\u00f8llevej 12<br \/>5471 S\u00f8nders\u00f8<br \/>CVR: 43677934<\/p>\r\n\r\n\r\n\r\n<p>TEL: +45 71 99 96 69<br \/>Email: <a href=\"mailto:info@hocl.dk\">info@hocl.dk<\/a><\/p>\r\n\r\n\r\n\r\n<p><strong>Opzioni di pagamento<\/strong><br \/>houseofwonder.dk accetta pagamenti online con Visa\/Dankort, Mastercard, Visa Electron, Maestro. Il pagamento verr\u00e0 detratto dal tuo conto solo al momento della spedizione del prodotto fisico o della creazione del prodotto virtuale, se non diversamente concordato o indicato nell&#8217;ordine.<\/p>\r\n\r\n\r\n\r\n<p>Tutti gli importi riportati sul sito web sono comprensivi di IVA. Il sito web utilizza le seguenti valute per la determinazione dei prezzi:<br \/>Danimarca &#8211; Corone (DKK)<\/p>\r\n\r\n\r\n\r\n<p>House of Wonder ApS utilizza un server di pagamento sicuro che cripta tutte le informazioni con il protocollo SSL, il che significa che i tuoi dati sono al sicuro e non possono essere letti da estranei. Il sito utilizza inoltre la crittografia con protocollo SSL.<\/p>\r\n\r\n\r\n\r\n<p><strong>Consegna<\/strong><br \/>Tempi di consegna del tuo ordine: 2-8 giorni lavorativi. Spediamo gli ordini con le seguenti societ\u00e0 e tipologie di consegna: GLS, DHL e DAO.<\/p>\r\n\r\n\r\n\r\n<p><strong>Diritto di reclamo<\/strong><br \/>Il diritto di recesso \u00e8 di 90 giorni dalla data di ricevimento dell&#8217;articolo. House of Wonder ApS copre i costi di restituzione in misura ragionevole.<br \/>NOTA: non puoi esercitare il diritto di recesso semplicemente rifiutando di ricevere la merce o non ritirandola dal corriere.<\/p>\r\n\r\n\r\n\r\n<p>Per i resi, contatta l&#8217;azienda:<br \/>Casa delle Meraviglie ApS<br \/>Farsb\u00f8llevej 12<br \/>5471 S\u00f8nders\u00f8<br \/>TEL: +45 71 99 96 69<\/p>\r\n\r\n\r\n\r\n<p>Non si accettano reclami se vengono inviati in contanti alla consegna.<\/p>\r\n\r\n\r\n\r\n<p><strong>Rimborso<\/strong><br \/>Per gli accordi di rimborso, i dettagli del conto devono essere inviati a <a href=\"mailto:info@hocl.dk\">info@hocl.dk<\/a>.<\/p>\r\n\r\n\r\n\r\n<p><strong>Diritto di cancellazione<\/strong><br \/>Gli articoli acquistati sul sito web sono soggetti a una politica di restituzione di 90 giorni, se non diversamente concordato o indicato nell&#8217;ordine. Il periodo di 90 giorni decorre dal giorno della consegna dell&#8217;ordine. La notifica della volont\u00e0 di cancellazione deve avvenire entro 90 giorni dalla consegna e deve pervenire a noi entro 14 giorni dalla data in cui siamo stati informati dell&#8217;esercizio del diritto di cancellazione. Le richieste di avvalersi del diritto di cancellazione devono essere inviate via e-mail a <a href=\"mailto:info@hocl.dk\">info@hocl.dk.<\/a> Il messaggio deve indicare chiaramente la volont\u00e0 di avvalersi del diritto di cancellazione.<\/p>\r\n\r\n\r\n\r\n<p><strong>Condizioni dei beni al momento della restituzione<br \/><\/strong>Il cliente \u00e8 responsabile di qualsiasi deterioramento del valore dei beni causato da una manipolazione diversa da quella necessaria per determinare la natura, le propriet\u00e0 e la funzione dei beni. Questo significa che puoi provare l&#8217;articolo proprio come se stessi acquistando in un negozio fisico. Se l&#8217;articolo \u00e8 stato testato oltre quanto descritto sopra, \u00e8 considerato usato e di valore deteriorato. Ci\u00f2 significa che se cancelli il tuo acquisto, riceverai indietro una piccola parte o nulla dell&#8217;importo dell&#8217;acquisto. Spetta a noi valutare le condizioni dell&#8217;articolo.<\/p>\r\n\r\n\r\n\r\n<p><strong>Informativa sui clienti e sulla privacy<br \/><\/strong>Non rivendiamo le informazioni personali e non le trasmettiamo a terzi, ma vengono registrate solo nel nostro elenco clienti.<\/p>\r\n\r\n\r\n\r\n<p>Puoi far cancellare i tuoi dati in qualsiasi momento. Per poter stipulare un contratto con By Wonder, abbiamo bisogno delle seguenti informazioni:<br \/>. Nome<br \/>. Indirizzo<br \/>. Numero di telefono<br \/>. Indirizzo e-mail<\/p>\r\n\r\n\r\n\r\n<p>Registriamo i tuoi dati personali allo scopo di consegnarti il prodotto. I dati personali vengono registrati presso By Wonder e conservati per un massimo di cinque anni, dopodich\u00e9 vengono cancellati. Quando i dati personali vengono raccolti tramite il nostro sito web, ci assicuriamo che ci\u00f2 avvenga sempre con il tuo esplicito consenso, in modo che tu sia informato esattamente su quali informazioni vengono raccolte e perch\u00e9.<\/p>\r\n\r\n\r\n\r\n<p>Il direttore e i dipendenti di By Wonder hanno accesso alle informazioni registrate sull&#8217;utente. Non memorizziamo e trasmettiamo i dati dei clienti in modo criptato. In quanto registrato presso By Wonder, hai sempre il diritto di opporti alla registrazione. Hai anche il diritto di sapere quali informazioni vengono memorizzate su di te. L&#8217;utente gode di tali diritti ai sensi della legge danese sulla protezione dei dati e le richieste in merito devono essere indirizzate a <a href=\"mailto:info@hocl.dk\">info@hocl.dk.<\/a><\/p>\r\n\r\n\r\n\r\n<p><strong>Biscotti<\/strong><br \/>I cookie vengono utilizzati su <a href=\"https:\/\/hocl.dk\">www.hocl.dk<\/a> per ottimizzare il sito web e le sue funzionalit\u00e0, in modo da rendere la tua visita il pi\u00f9 semplice possibile. Puoi eliminare i cookie dal tuo computer in qualsiasi momento, a seconda del tipo di browser che utilizzi.<\/p>\r\n\r\n\r\n\r\n<p><strong>Opzioni di reclamo<\/strong><br \/>I reclami sui prodotti possono essere inviati a:<\/p>\r\n\r\n\r\n\r\n<p>L&#8217;Autorit\u00e0 danese per la concorrenza e i consumatori<br \/>Carl Jacobsens Vej 35<br \/>2500 Valby<br \/>www.forbrug.dk<\/p>\r\n\r\n\r\n\r\n<p>Per i cittadini extracomunitari, i reclami devono essere presentati tramite la piattaforma di reclamo online della Commissione Europea.<br \/>ec.europa.eu<\/p>\r\n\r\n\r\n\r\n<p>In caso di reclamo, \u00e8 necessario indicare il nostro indirizzo e-mail: <a href=\"mailto:info@hocl.dk\">info@hocl.dk<\/a> e il sito web su cui hai acquistato l&#8217;articolo.<\/p>\r\n","protected":false},"excerpt":{"rendered":"<p>Termini e condizioni di House of Wonder By Wonder Farsb\u00f8llevej 12 5471 S\u00f8nders\u00f8 TEL: +45 71 99 96 69 CVR:<\/p>\n","protected":false},"author":1,"featured_media":0,"parent":0,"menu_order":0,"comment_status":"closed","ping_status":"closed","template":"","meta":{"_acf_changed":false,"footnotes":""},"class_list":["post-11533","page","type-page","status-publish","hentry"],"acf":[],"_links":{"self":[{"href":"https:\/\/hocl.dk\/it\/wp-json\/wp\/v2\/pages\/11533","targetHints":{"allow":["GET"]}}],"collection":[{"href":"https:\/\/hocl.dk\/it\/wp-json\/wp\/v2\/pages"}],"about":[{"href":"https:\/\/hocl.dk\/it\/wp-json\/wp\/v2\/types\/page"}],"author":[{"embeddable":true,"href":"https:\/\/hocl.dk\/it\/wp-json\/wp\/v2\/users\/1"}],"replies":[{"embeddable":true,"href":"https:\/\/hocl.dk\/it\/wp-json\/wp\/v2\/comments?post=11533"}],"version-history":[{"count":3,"href":"https:\/\/hocl.dk\/it\/wp-json\/wp\/v2\/pages\/11533\/revisions"}],"predecessor-version":[{"id":118936,"href":"https:\/\/hocl.dk\/it\/wp-json\/wp\/v2\/pages\/11533\/revisions\/118936"}],"wp:attachment":[{"href":"https:\/\/hocl.dk\/it\/wp-json\/wp\/v2\/media?parent=11533"}],"curies":[{"name":"wp","href":"https:\/\/api.w.org\/{rel}","templated":true}]}}