{"id":16770,"date":"2022-05-23T11:11:48","date_gmt":"2022-05-23T11:11:48","guid":{"rendered":"https:\/\/hocl.dk\/lista-dei-desideri-2\/"},"modified":"2024-07-04T08:33:22","modified_gmt":"2024-07-04T08:33:22","slug":"lista-dei-desideri-2","status":"publish","type":"page","link":"https:\/\/hocl.dk\/it\/lista-dei-desideri-2\/","title":{"rendered":"Lista dei desideri"},"content":{"rendered":"\t\t\n\t\t\n\n\t\t\t\t<div class=\"\" >\n\t\t\t\t\t\t<div class=\"wd-wishlist-content\">\n\t\t\t\t\t\t\t\t\t\t\t\n\t\t<p class=\"wd-empty-wishlist wd-empty-page\">\n\t\t\tQuesta lista dei desideri \u00e8 vuota.\t\t<\/p>\n\n\t\t\t\t\t<div class=\"wd-empty-page-text\">\n\t\t\t\tDu har endnu ingen produkter p\u00e5 \u00f8nskelisten. <br> Du finder en masse interessante produkter p\u00e5 vores \"Shop\"-side.\t\t\t<\/div>\n\t\t\n\t\t\n\t\t\t\t\t<p class=\"return-to-shop\">\n\t\t\t\t<a class=\"button\" href=\"https:\/\/hocl.dk\/it\/\">\n\t\t\t\t\tRitorno al negozio\t\t\t\t<\/a>\n\t\t\t<\/p>\n\t\t\t\t\t\t\t\t\t\t\t<\/div>\n\t\t\t\t<\/div>\n\t\t\n","protected":false},"excerpt":{"rendered":"","protected":false},"author":1,"featured_media":0,"parent":0,"menu_order":0,"comment_status":"closed","ping_status":"closed","template":"","meta":{"_acf_changed":false,"footnotes":""},"class_list":["post-16770","page","type-page","status-publish","hentry"],"acf":[],"_links":{"self":[{"href":"https:\/\/hocl.dk\/it\/wp-json\/wp\/v2\/pages\/16770","targetHints":{"allow":["GET"]}}],"collection":[{"href":"https:\/\/hocl.dk\/it\/wp-json\/wp\/v2\/pages"}],"about":[{"href":"https:\/\/hocl.dk\/it\/wp-json\/wp\/v2\/types\/page"}],"author":[{"embeddable":true,"href":"https:\/\/hocl.dk\/it\/wp-json\/wp\/v2\/users\/1"}],"replies":[{"embeddable":true,"href":"https:\/\/hocl.dk\/it\/wp-json\/wp\/v2\/comments?post=16770"}],"version-history":[{"count":1,"href":"https:\/\/hocl.dk\/it\/wp-json\/wp\/v2\/pages\/16770\/revisions"}],"predecessor-version":[{"id":16771,"href":"https:\/\/hocl.dk\/it\/wp-json\/wp\/v2\/pages\/16770\/revisions\/16771"}],"wp:attachment":[{"href":"https:\/\/hocl.dk\/it\/wp-json\/wp\/v2\/media?parent=16770"}],"curies":[{"name":"wp","href":"https:\/\/api.w.org\/{rel}","templated":true}]}}