{"id":11540,"date":"2023-07-08T13:52:24","date_gmt":"2023-07-08T13:52:24","guid":{"rendered":"https:\/\/hocl.dk\/product\/senza-categoria\/crema-viso-black-wonder\/"},"modified":"2026-04-29T21:57:53","modified_gmt":"2026-04-29T21:57:53","slug":"crema-viso-black-wonder","status":"publish","type":"product","link":"https:\/\/hocl.dk\/it\/product\/black-wonder-it\/crema-viso-black-wonder\/","title":{"rendered":"Crema viso Black Wonder"},"content":{"rendered":"<h1>Crema viso Black Wonder<\/h1>\n<p><strong>Crema viso<\/strong><\/p>\n<p>Black Wonder Face Creme &#8211; Trattamento approfondito con vitamina A che aiuta a ripristinare la pelle e a donare una fresca luminosit\u00e0.<\/p>\n<p>La CREMA VISO Black Wonder idrata e ripristina il valore naturale del pH della pelle.<\/p>\n<p><em>Vitamina A:<\/em><\/p>\n<p>Innanzitutto, la vitamina A \u00e8 in grado di trasformare e riparare la pelle. La vitamina pu\u00f2 schiarire e uniformare le macchie di pigmentazione perch\u00e9 la vitamina A aumenta la rigenerazione delle cellule superficiali, consentendo la comparsa pi\u00f9 rapida di nuove cellule pi\u00f9 luminose. La vitamina A \u00e8 il rimedio pi\u00f9 efficace per l&#8217;acne, la rosacea, i danni del sole e l&#8217;invecchiamento della pelle rugosa; inoltre, ha un effetto preventivo su linee e rughe stimolando la produzione di cellule cutanee e aumentando la densit\u00e0 del collagene per una pelle pi\u00f9 liscia.<\/p>\n<p><strong>Contiene:<\/strong><\/p>\n<ul>\n<li>Petrolato naturale ricavato da oli di fiori<\/li>\n<li>Olio di semi d&#8217;uva biologico<\/li>\n<li>Cera d&#8217;api danese certificata<\/li>\n<li>Vitamina A<\/li>\n<\/ul>\n<p><strong>Come funziona la Black Wonder Face Creme<\/strong><\/p>\n<p>Applica uno strato sottile sulla pelle al mattino e alla sera. Si consiglia di utilizzare una crema con un fattore SPF elevato sotto la Black Wonder Face Creme durante il giorno per proteggere la pelle dal sole.<\/p>\n<p><img loading=\"lazy\" decoding=\"async\" class=\"alignnone size-full wp-image-1094\" src=\"https:\/\/upscalemediatest.dk\/wp-content\/uploads\/2023\/07\/Black-Wonder-1.jpg\" alt=\"\" width=\"700\" height=\"213\" title=\"\" srcset=\"https:\/\/hocl.dk\/wp-content\/uploads\/2023\/07\/Black-Wonder-1.jpg 700w, https:\/\/hocl.dk\/wp-content\/uploads\/2023\/07\/Black-Wonder-1-150x46.jpg 150w, https:\/\/hocl.dk\/wp-content\/uploads\/2023\/07\/Black-Wonder-1-600x183.jpg 600w\" sizes=\"auto, (max-width: 700px) 100vw, 700px\" \/><\/p>\n","protected":false},"excerpt":{"rendered":"<p><strong>Tubo da 100 ml<\/strong><\/p>\n","protected":false},"featured_media":12710,"comment_status":"open","ping_status":"closed","template":"","meta":{"_acf_changed":false},"product-label":[1702,1686,1690,1698],"product_brand":[],"product_cat":[1106],"product_tag":[1121,1112,1123,1111,1109,1110,1119,1116,1114],"class_list":{"0":"post-11540","1":"product","2":"type-product","3":"status-publish","4":"has-post-thumbnail","6":"product-label-mod-hudproblemer-it","7":"product-label-ikke-testet-paa-dyr-it","8":"product-label-parfumefri-it","9":"product-label-produceret-i-danmark-it","10":"product_cat-black-wonder-it","11":"product_tag-crema-viso-it-2","12":"product_tag-crema","13":"product_tag-crema-per-il-viso","14":"product_tag-crema-viso","15":"product_tag-meraviglia-nera","16":"product_tag-nero","17":"product_tag-crema-viso-it","18":"product_tag-viso-it","19":"product_tag-viso","21":"first","22":"instock","23":"taxable","24":"shipping-taxable","25":"purchasable","26":"product-type-simple"},"acf":[],"_links":{"self":[{"href":"https:\/\/hocl.dk\/it\/wp-json\/wp\/v2\/product\/11540","targetHints":{"allow":["GET"]}}],"collection":[{"href":"https:\/\/hocl.dk\/it\/wp-json\/wp\/v2\/product"}],"about":[{"href":"https:\/\/hocl.dk\/it\/wp-json\/wp\/v2\/types\/product"}],"replies":[{"embeddable":true,"href":"https:\/\/hocl.dk\/it\/wp-json\/wp\/v2\/comments?post=11540"}],"version-history":[{"count":2,"href":"https:\/\/hocl.dk\/it\/wp-json\/wp\/v2\/product\/11540\/revisions"}],"predecessor-version":[{"id":127236,"href":"https:\/\/hocl.dk\/it\/wp-json\/wp\/v2\/product\/11540\/revisions\/127236"}],"wp:featuredmedia":[{"embeddable":true,"href":"https:\/\/hocl.dk\/it\/wp-json\/wp\/v2\/media\/12710"}],"wp:attachment":[{"href":"https:\/\/hocl.dk\/it\/wp-json\/wp\/v2\/media?parent=11540"}],"wp:term":[{"taxonomy":"product-label","embeddable":true,"href":"https:\/\/hocl.dk\/it\/wp-json\/wp\/v2\/product-label?post=11540"},{"taxonomy":"product_brand","embeddable":true,"href":"https:\/\/hocl.dk\/it\/wp-json\/wp\/v2\/product_brand?post=11540"},{"taxonomy":"product_cat","embeddable":true,"href":"https:\/\/hocl.dk\/it\/wp-json\/wp\/v2\/product_cat?post=11540"},{"taxonomy":"product_tag","embeddable":true,"href":"https:\/\/hocl.dk\/it\/wp-json\/wp\/v2\/product_tag?post=11540"}],"curies":[{"name":"wp","href":"https:\/\/api.w.org\/{rel}","templated":true}]}}