{"id":116235,"date":"2024-07-30T12:22:42","date_gmt":"2024-07-30T12:22:42","guid":{"rendered":"https:\/\/hocl.dk\/product\/senza-categoria\/wonder-suntan-100ml\/"},"modified":"2025-06-25T08:18:31","modified_gmt":"2025-06-25T08:18:31","slug":"wonder-suntan-100ml","status":"publish","type":"product","link":"https:\/\/hocl.dk\/it\/product\/skin-wonder-it\/wonder-suntan-100ml\/","title":{"rendered":"Wonder SUNTAN 100ml"},"content":{"rendered":"<h2>Sei pronto a ottenere la pi\u00f9 bella abbronzatura?<\/h2>\n<p>Il nostro WONDER SUNTAN, naturale e profumato, \u00e8 il tuo partner ideale per ottenere un&#8217;abbronzatura radiosa.<br \/>\nChe tu ti stia rilassando in piscina, in giardino, godendoti una giornata di sole in spiaggia o sotto i caldi raggi del lettino solare.<br \/>\nIl nostro SUNTAN \u00e8 stato creato per massimizzare l&#8217;esperienza dell&#8217;abbronzatura e regalarti una profonda luce dorata che dura nel tempo.<br \/>\nWonder SUNTAN ha una fragranza delicata composta da una combinazione di arancia fresca e cocco dolce.<br \/>\nQuando applichi il nostro SUNTAN, sperimenterai come la tua pelle assorba i raggi solari nel modo pi\u00f9 efficiente, ottenendo una splendida abbronzatura uniforme.<br \/>\nIl prodotto \u00e8 studiato per promuovere un colore sano e naturale, in modo che tu possa ottenere l&#8217;abbronzatura che sogni senza compromettere la salute della pelle.<\/p>\n<h2>Perch\u00e9 scegliere WONDER SUNTAN?<\/h2>\n<p><strong>Abbronzatura perfetta e uniforme<\/strong> Dimentica le macchie irregolari e le striature indesiderate: il nostro SUNTAN \u00e8 formulato con ingredienti naturali che favoriscono un colore uniforme e omogeneo.<br \/>\nLa tua pelle risplender\u00e0 di una splendida luminosit\u00e0 naturale che ti far\u00e0 sentire a tuo agio. <strong>Risultati pi\u00f9 rapidi<\/strong> Il nostro SUNTAN accelera il processo di tanninizzazione per permetterti di ottenere il colore desiderato pi\u00f9 rapidamente che mai.<br \/>\nPassa meno tempo a prendere il sole e pi\u00f9 tempo a goderti la tua splendida abbronzatura! <strong>Abbronzatura duratura<\/strong> Una bella abbronzatura non \u00e8 solo un colore istantaneo.<br \/>\nIl nostro SUNTAN ti aiuta a preservare l&#8217;abbronzatura pi\u00f9 a lungo, in modo che tu possa godere di quel bagliore dorato anche dopo che i raggi del sole si sono affievoliti. <strong>Idratante e protettivo<\/strong> Mantiene la tua pelle idratata e protetta dalla secchezza.<br \/>\nIl nostro SUNTAN contiene ingredienti nutrienti che assicurano che la tua pelle rimanga morbida, elastica e sana per tutta la stagione dell&#8217;abbronzatura. <strong>Nessuna macchia &#8211; Nessun problema<\/strong> Non preoccuparti di macchie sulla pelle o sui vestiti.<br \/>\nIl nostro SUNTAN \u00e8 formulato per assorbirsi rapidamente e lasciare la pelle liscia e asciutta.<br \/>\nPuoi goderti l&#8217;abbronzatura senza temere macchie o segni antiestetici sui vestiti.<br \/>\nIl suo colore giallo\/arancio non sar\u00e0 visibile sulla pelle o sui vestiti. <strong>Esperienza di lusso<\/strong> Concediti un&#8217;esperienza di abbronzatura di lusso.<br \/>\nIl nostro SUNTAN ha una consistenza piacevole e un profumo sottile e naturale che rende l&#8217;abbronzatura un vero piacere.<\/p>\n<h2>Contiene:<\/h2>\n<ul>\n<li><strong>Petrolato<\/strong> (vaselina) <em>\u00c8 un idratante occlusivo, il che significa che aiuta a sigillare l&#8217;umidit\u00e0 nella pelle e a prevenire la secchezza.<br \/>\nMantenendo la pelle idratata, pu\u00f2 aiutare a mantenere un colore pi\u00f9 uniforme e duraturo. <\/em><\/li>\n<li><strong>Vitis Vinifera<\/strong> (Olio di semi d&#8217;uva) <em>L&#8217;olio di semi d&#8217;uva \u00e8 ricco di antiossidanti, come la vitamina E, e ha propriet\u00e0 antinfiammatorie.<br \/>\nAiuta a proteggere la pelle dallo stress ossidativo causato dai raggi UV e le sue propriet\u00e0 idratanti possono aiutare a mantenere l&#8217;elasticit\u00e0 e la luminosit\u00e0 della pelle. <\/em><\/li>\n<li><strong>Cera Alba<\/strong> (Cera d&#8217;api) La <em>cera d&#8217;api agisce come emulsionante e idratante naturale, creando una barriera protettiva sulla pelle che impedisce la perdita di idratazione e aiuta a mantenere la pelle morbida ed elastica durante e dopo l&#8217;esposizione al sole<\/em>.<\/li>\n<li><strong>Soia glicina, Caucus Carda, Carotene<\/strong> (olio di carotene) <em>Questi ingredienti sono ricchi di beta-carotene e vitamina A, noti per le loro propriet\u00e0 nutrienti e antiossidanti.<br \/>\nIl beta-carotene favorisce un colore marrone dorato della pelle, mentre le propriet\u00e0 antiossidanti aiutano a proteggere la pelle dai danni dei radicali liberi (danni solari che portano all&#8217;invecchiamento della pelle). <\/em><\/li>\n<li><strong>Olio di Cocos Nucifera<\/strong> (Olio di cocco) <em>\u00c8 un ottimo idratante e ha propriet\u00e0 antibatteriche e antinfiammatorie.<br \/>\nL&#8217;olio di cocco aiuta a mantenere la pelle idratata e morbida e pu\u00f2 migliorare la resistenza della pelle ai raggi UV e ridurre il rischio di scottature. <\/em><\/li>\n<li><strong>Olio di scorza di Citrus Aurantium Dulcis<\/strong> (olio di arancia) <em>\u00c8 noto per la sua piacevole fragranza e per le sue propriet\u00e0 antiossidanti.<br \/>\nL&#8217;olio di arancia pu\u00f2 migliorare l&#8217;aspetto generale della pelle aggiungendo una luminosit\u00e0 naturale e ha anche benefici aromaterapici che possono rendere pi\u00f9 piacevole l&#8217;esperienza dell&#8217;abbronzatura. <\/em><\/li>\n<\/ul>\n<p>&nbsp;<\/p>\n<h2>Come utilizzare SUNTAN<\/h2>\n<p>Applica uno strato molto sottile di SUNTAN sulla pelle prima di prendere il sole o di andare al solarium.<br \/>\nRiapplicalo se la pelle inizia a sembrare secca.<br \/>\nOttieni un&#8217;abbronzatura naturale, pi\u00f9 scura e duratura con una minore esposizione al sole o al lettino abbronzante.<br \/>\nAspettati risultati rapidi indipendentemente dal tuo tipo di pelle e goditi un&#8217;esperienza naturale che nutre e idrata la tua pelle.<br \/>\nSenza additivi chimici.<br \/>\nSeducente profumo di cocco e arancia.<br \/>\nApplicazione rapida e senza macchie.<\/p>\n<p>&nbsp;<\/p>\n<h2>Come applicare la protezione solare e Wonder SUNTAN:<\/h2>\n<p>\u00c8 importante notare che questa straordinaria formula di SUNTAN pu\u00f2 aiutare a migliorare il processo di abbronzatura e la salute della pelle, ma non contiene SPF (fattore di protezione solare).<br \/>\nPertanto, deve essere utilizzato insieme a una protezione solare per proteggere la pelle dai dannosi raggi UV e ridurre il rischio di scottature e danni alla pelle.<br \/>\nQuando vuoi usare SUNTAN e una crema solare insieme, \u00e8 importante applicarli correttamente per ottenere una buona abbronzatura e una protezione dai dannosi raggi UV.<br \/>\nEcco una guida passo passo su come fare:<\/p>\n<ul>\n<li><strong>Applica prima la protezione solare<\/strong>\n<ul>\n<li>Scelta della protezione solare: usa una protezione solare ad ampio spettro con un SPF adeguato che protegga sia dai VUA che dagli UVB.<\/li>\n<li>Applicazione: applica uno strato abbondante di crema solare su tutte le aree esposte della pelle.<br \/>\nLa protezione solare deve essere applicata almeno 15-30 minuti prima di uscire al sole per garantire che abbia il tempo di penetrare e fornire protezione.<\/li>\n<\/ul>\n<\/li>\n<li><strong>Lascia asciugare la protezione solare<\/strong>\n<ul>\n<li>Attendi qualche minuto affinch\u00e9 la protezione solare venga assorbita correttamente dalla pelle.<\/li>\n<\/ul>\n<\/li>\n<li><strong>Applica Wonder SUNTAN<\/strong>\n<ul>\n<li>Applicazione: Applica SUNTAN sopra la protezione solare.<br \/>\nAssicurati che sia distribuito uniformemente su tutto il corpo.<\/li>\n<li>Quantit\u00e0: Usa una quantit\u00e0 parsimoniosa, ma sufficiente a coprire la pelle con uno strato sottile.<br \/>\nAssicurati di non rimuovere la protezione solare durante l&#8217;applicazione.<\/li>\n<\/ul>\n<\/li>\n<li><strong>Riciclaggio e riutilizzo<\/strong>\n<ul>\n<li>Protezione solare: riapplica la protezione solare ogni due ore e dopo aver nuotato, sudato o esserti asciugato con l&#8217;asciugamano.<\/li>\n<li>SUNTAN: puoi riapplicare SUNTAN quando necessario, soprattutto se senti che la tua pelle inizia a essere secca.<\/li>\n<\/ul>\n<\/li>\n<\/ul>\n<p>ATTENZIONE.<br \/>\nSUNTAN aiuta a idratare la pelle per tutta la durata dell&#8217;esposizione al sole, quindi non \u00e8 necessariamente necessario un doposole.<\/p>\n","protected":false},"excerpt":{"rendered":"<p>100ml<\/p>\n","protected":false},"featured_media":17290,"comment_status":"open","ping_status":"closed","template":"","meta":{"_acf_changed":false},"product-label":[1686,1690,1698],"product_brand":[],"product_cat":[1300,1736],"product_tag":[],"class_list":{"0":"post-116235","1":"product","2":"type-product","3":"status-publish","4":"has-post-thumbnail","6":"product-label-ikke-testet-paa-dyr-it","7":"product-label-parfumefri-it","8":"product-label-produceret-i-danmark-it","9":"product_cat-skin-wonder-it","10":"product_cat-wonder-sun-it","12":"first","13":"instock","14":"sale","15":"taxable","16":"shipping-taxable","17":"purchasable","18":"product-type-simple"},"acf":[],"_links":{"self":[{"href":"https:\/\/hocl.dk\/it\/wp-json\/wp\/v2\/product\/116235","targetHints":{"allow":["GET"]}}],"collection":[{"href":"https:\/\/hocl.dk\/it\/wp-json\/wp\/v2\/product"}],"about":[{"href":"https:\/\/hocl.dk\/it\/wp-json\/wp\/v2\/types\/product"}],"replies":[{"embeddable":true,"href":"https:\/\/hocl.dk\/it\/wp-json\/wp\/v2\/comments?post=116235"}],"version-history":[{"count":1,"href":"https:\/\/hocl.dk\/it\/wp-json\/wp\/v2\/product\/116235\/revisions"}],"predecessor-version":[{"id":127085,"href":"https:\/\/hocl.dk\/it\/wp-json\/wp\/v2\/product\/116235\/revisions\/127085"}],"wp:featuredmedia":[{"embeddable":true,"href":"https:\/\/hocl.dk\/it\/wp-json\/wp\/v2\/media\/17290"}],"wp:attachment":[{"href":"https:\/\/hocl.dk\/it\/wp-json\/wp\/v2\/media?parent=116235"}],"wp:term":[{"taxonomy":"product-label","embeddable":true,"href":"https:\/\/hocl.dk\/it\/wp-json\/wp\/v2\/product-label?post=116235"},{"taxonomy":"product_brand","embeddable":true,"href":"https:\/\/hocl.dk\/it\/wp-json\/wp\/v2\/product_brand?post=116235"},{"taxonomy":"product_cat","embeddable":true,"href":"https:\/\/hocl.dk\/it\/wp-json\/wp\/v2\/product_cat?post=116235"},{"taxonomy":"product_tag","embeddable":true,"href":"https:\/\/hocl.dk\/it\/wp-json\/wp\/v2\/product_tag?post=116235"}],"curies":[{"name":"wp","href":"https:\/\/api.w.org\/{rel}","templated":true}]}}