{"id":116248,"date":"2024-08-14T09:44:35","date_gmt":"2024-08-14T09:44:35","guid":{"rendered":"https:\/\/hocl.dk\/product\/senza-categoria\/protezione-solare-wonder-spf30\/"},"modified":"2025-06-27T21:07:09","modified_gmt":"2025-06-27T21:07:09","slug":"protezione-solare-wonder-spf30","status":"publish","type":"product","link":"https:\/\/hocl.dk\/it\/product\/wonder-sun-it\/protezione-solare-wonder-spf30\/","title":{"rendered":"Protezione solare Wonder SPF30"},"content":{"rendered":"<h1>Protezione solare Wonder SPF30<\/h1>\n<p>Wonder Sunscreen SPF30 combina la cura della pelle con un&#8217;efficace protezione solare.<br \/>\nLa crema solare Wonder \u00e8 stata sviluppata concentrandosi su tre propriet\u00e0 uniche: protezione, consistenza e cura.<br \/>\nLa nostra crema solare \u00e8 composta da ingredienti vegetali puri come il burro di karit\u00e9 biologico, l&#8217;olio di sesamo e l&#8217;olio di cocco, che lavorano insieme per nutrire e proteggere la pelle.<br \/>\nLa formula avanzata penetra rapidamente nella pelle e non la lascia unta o appiccicosa.<br \/>\nAl contrario, la pelle risulta luminosa, nutrita e sana, senza residui sgradevoli.<br \/>\nQuesta crema solare \u00e8 formulata con un leggero e rinfrescante profumo di cocco che maschera discretamente il tradizionale odore di crema solare e ti lascia una piacevole e rinfrescante esperienza di fragranza.<br \/>\nGrazie all&#8217;eccezionale protezione dei filtri UVA e UVB*, Wonder Sunscreen offre una protezione completa contro i raggi dannosi del sole, aiutando a prevenire l&#8217;invecchiamento precoce e a ridurre il rischio di danni solari.<br \/>\nQuesta protezione efficace, unita alla sua texture leggera e di rapido assorbimento, rende Wonder Sunscreen la soluzione ideale per l&#8217;uso quotidiano.<\/p>\n<h2>Contiene:<\/h2>\n<ul>\n<li><strong>Burro di Butyrospermum Parkii<\/strong> <em>(Burro di Karit\u00e8 Biologico) <\/em>Un grasso naturale estratto dalle noci dell&#8217;albero di karit\u00e8.<br \/>\nIl burro di karit\u00e9 \u00e8 ricco di vitamine e acidi grassi, che lo rendono un eccellente idratante con propriet\u00e0 antinfiammatorie e cicatrizzanti.<\/li>\n<li><strong>Olio di Sesamum Indicum<\/strong> <em>(Olio di Sesamo Biologico) <\/em>L&#8217;olio \u00e8 noto per le sue propriet\u00e0 emollienti, che aiutano a rendere la pelle morbida e liscia.<br \/>\nInoltre contiene antiossidanti e ha propriet\u00e0 antinfiammatorie. <em><br \/>\n<\/em><\/li>\n<li><strong>Olio di Cocos Nucifera<\/strong> <em>(Olio di cocco biologico) L&#8217;<\/em>olio di cocco \u00e8 molto utilizzato per le sue propriet\u00e0 idratanti.<br \/>\nAiuta a trattenere l&#8217;umidit\u00e0 nella pelle e fornisce una barriera protettiva. <em><br \/>\n<\/em><\/li>\n<li><strong>Protezione con filtro luce* UVA <\/strong>Protegge la pelle dagli effetti nocivi dei raggi UVA, che possono causare l&#8217;invecchiamento della pelle e contribuire al cancro della pelle.<strong><br \/>\n<\/strong><\/li>\n<li><strong>Protezione con filtro luce* UVB <\/strong>Protegge la pelle dagli effetti nocivi dei raggi UVB, che possono causare l&#8217;invecchiamento della pelle e contribuire al cancro della pelle.<\/li>\n<\/ul>\n<p>&nbsp;<\/p>\n<h3>*Protezione del filtro della luce:<\/h3>\n<p><strong>Raggi UVA: <\/strong>hanno una lunghezza d&#8217;onda maggiore (320-400 nm) e penetrano pi\u00f9 in profondit\u00e0 nella pelle rispetto ai raggi UVB.<br \/>\nSono responsabili dell&#8217;invecchiamento cutaneo (fotoinvecchiamento), come rughe e perdita di elasticit\u00e0, perch\u00e9 possono danneggiare le fibre di collagene della pelle.<br \/>\nL&#8217;esposizione prolungata ai raggi UVA pu\u00f2 anche contribuire allo sviluppo del cancro della pelle.<br \/>\nI raggi UVA sono presenti tutto l&#8217;anno e possono penetrare attraverso le finestre e le nuvole, il che significa che possono colpire la pelle anche in ambienti chiusi o in giornate nuvolose. <strong>Raggi UVB<\/strong>: hanno una lunghezza d&#8217;onda pi\u00f9 corta (290-320 nm) e colpiscono principalmente la superficie della pelle.<br \/>\nQuesti raggi sono la causa principale delle scottature solari (arrossamento e dolore della pelle) e possono danneggiare direttamente il DNA delle cellule cutanee.<br \/>\nI raggi UVB svolgono un ruolo importante nello sviluppo dei tumori della pelle, tra cui il carcinoma basocellulare, il carcinoma squamoso e il melanoma.<br \/>\nL&#8217;intensit\u00e0 dei raggi UVB varia a seconda dell&#8217;ora del giorno, della stagione e della posizione geografica, con un&#8217;intensit\u00e0 maggiore nelle ore centrali della giornata e in estate.<\/p>\n<h2>Applicazione:<\/h2>\n<div class=\"flex max-w-full flex-col flex-grow\">\n<div class=\"min-h-[20px] text-message flex w-full flex-col items-end gap-2 whitespace-pre-wrap break-words [.text-message+&amp;]:mt-5 overflow-x-auto\" dir=\"auto\" data-message-author-role=\"assistant\" data-message-id=\"a876a51b-9f31-4221-a5c0-2cb002e560c6\">\n<div class=\"flex w-full flex-col gap-1 empty:hidden first:pt-[3px]\">\n<div class=\"markdown prose w-full break-words dark:prose-invert light\">Per ottenere la migliore protezione ed efficacia di Wonder Sunscreen SPF 30, segui questi semplici passaggi: <strong>agita il tubo<\/strong>: prima dell&#8217;uso, agita leggermente il tubo per assicurarti che gli ingredienti siano distribuiti in modo uniforme. <strong>Applica generosamente<\/strong>: applica la protezione solare su tutte le aree esposte della pelle, almeno 15-30 minuti prima di uscire.<br \/>\nAssicurati di coprire tutte le aree che saranno esposte alla luce del sole. <strong>Distribuzione uniforme<\/strong>: applica la protezione solare e assicurati che venga distribuita e assorbita a fondo dalla pelle.<br \/>\nPresta particolare attenzione alle zone che spesso vengono trascurate, come le orecchie, il collo e le caviglie. <strong>Riapplica regolarmente<\/strong>: per mantenere la protezione, riapplica la crema solare ogni due ore o dopo aver nuotato, sudato o esserti asciugato con un asciugamano.<br \/>\nQuesto \u00e8 particolarmente importante per una protezione solare intensa. <strong>Evitare gli occhi<\/strong>: evita il contatto con gli occhi.<br \/>\nSe il prodotto entra negli occhi, risciacqua abbondantemente con acqua. <strong>Conservazione: conserva<\/strong> la crema solare in un luogo fresco e asciutto e lontano dalla luce diretta del sole per mantenere l&#8217;efficacia del prodotto.<\/div>\n<\/div>\n<\/div>\n<\/div>\n<div class=\"mt-1 flex gap-3 empty:hidden -ml-2\">\n<div class=\"flex items-center\">\n<p><em>Per garantire un&#8217;efficace protezione solare quotidiana, \u00e8 un&#8217;ottima idea integrare l&#8217;SPF nella tua routine quotidiana di cura della pelle.<br \/>\nScegliendo una crema con protezione solare integrata, puoi proteggere efficacemente la tua pelle dai dannosi raggi UV senza dover utilizzare altri prodotti.<br \/>\nQuesta conveniente combinazione di trattamento idratante e protezione solare <\/em> Sicuro,<em> che la tua pelle sia protetta dai danni del sole ogni giorno, contribuendo a una pelle pi\u00f9 sana.<br \/>\nAnche con l&#8217;uso regolare della protezione solare, puoi comunque abbronzarti perch\u00e9 la protezione solare protegge dai dannosi raggi UV senza bloccarli completamente.<br \/>\nLa protezione solare riduce l&#8217;esposizione ai raggi UV, minimizzando il rischio di scottature e danni alla pelle, consentendo al contempo un&#8217;abbronzatura graduale e controllata della pelle. <\/em><\/p>\n<p>&nbsp;<\/p>\n<\/div>\n<div><\/div>\n<div><\/div>\n<h2>Imballaggio:<\/h2>\n<\/div>\n<p>La crema solare Wonder si presenta in un elegante tubetto con un pratico tappo a rotazione, progettato pensando sia alla funzionalit\u00e0 che all&#8217;estetica.<br \/>\nL&#8217;intelligente tappo a rotazione consente di aprire e chiudere la confezione con un semplice movimento, assicurandoti di avere sempre un facile accesso alla protezione solare ed evitando perdite o fuoriuscite accidentali.<br \/>\nIl design compatto e funzionale rende il tubetto ideale sia per l&#8217;uso domestico che in viaggio, in modo da avere la protezione solare a portata di mano ovunque tu sia.<\/p>\n<p>&nbsp;<\/p>\n","protected":false},"excerpt":{"rendered":"<p>-Cocco<\/p>\n","protected":false},"featured_media":125277,"comment_status":"open","ping_status":"closed","template":"","meta":{"_acf_changed":false},"product-label":[1686,1690,1698,1710],"product_brand":[],"product_cat":[1736],"product_tag":[],"class_list":{"0":"post-116248","1":"product","2":"type-product","3":"status-publish","4":"has-post-thumbnail","6":"product-label-ikke-testet-paa-dyr-it","7":"product-label-parfumefri-it","8":"product-label-produceret-i-danmark-it","9":"product-label-vegansk-it","10":"product_cat-wonder-sun-it","12":"first","13":"outofstock","14":"taxable","15":"shipping-taxable","16":"purchasable","17":"product-type-simple"},"acf":[],"_links":{"self":[{"href":"https:\/\/hocl.dk\/it\/wp-json\/wp\/v2\/product\/116248","targetHints":{"allow":["GET"]}}],"collection":[{"href":"https:\/\/hocl.dk\/it\/wp-json\/wp\/v2\/product"}],"about":[{"href":"https:\/\/hocl.dk\/it\/wp-json\/wp\/v2\/types\/product"}],"replies":[{"embeddable":true,"href":"https:\/\/hocl.dk\/it\/wp-json\/wp\/v2\/comments?post=116248"}],"version-history":[{"count":2,"href":"https:\/\/hocl.dk\/it\/wp-json\/wp\/v2\/product\/116248\/revisions"}],"predecessor-version":[{"id":127242,"href":"https:\/\/hocl.dk\/it\/wp-json\/wp\/v2\/product\/116248\/revisions\/127242"}],"wp:featuredmedia":[{"embeddable":true,"href":"https:\/\/hocl.dk\/it\/wp-json\/wp\/v2\/media\/125277"}],"wp:attachment":[{"href":"https:\/\/hocl.dk\/it\/wp-json\/wp\/v2\/media?parent=116248"}],"wp:term":[{"taxonomy":"product-label","embeddable":true,"href":"https:\/\/hocl.dk\/it\/wp-json\/wp\/v2\/product-label?post=116248"},{"taxonomy":"product_brand","embeddable":true,"href":"https:\/\/hocl.dk\/it\/wp-json\/wp\/v2\/product_brand?post=116248"},{"taxonomy":"product_cat","embeddable":true,"href":"https:\/\/hocl.dk\/it\/wp-json\/wp\/v2\/product_cat?post=116248"},{"taxonomy":"product_tag","embeddable":true,"href":"https:\/\/hocl.dk\/it\/wp-json\/wp\/v2\/product_tag?post=116248"}],"curies":[{"name":"wp","href":"https:\/\/api.w.org\/{rel}","templated":true}]}}