{"id":116252,"date":"2024-07-16T14:51:51","date_gmt":"2024-07-16T14:51:51","guid":{"rendered":"https:\/\/hocl.dk\/product\/senza-categoria\/detergente-per-mani-wonder\/"},"modified":"2024-07-16T14:51:51","modified_gmt":"2024-07-16T14:51:51","slug":"detergente-per-mani-wonder","status":"publish","type":"product","link":"https:\/\/hocl.dk\/it\/product\/wonder-clean-it\/detergente-per-mani-wonder\/","title":{"rendered":"Detergente per mani Wonder"},"content":{"rendered":"<h2>Detergente per mani Wonder -100% naturale ed efficace<\/h2>\n<p><em>Rimuove efficacemente oli, grasso, fuliggine e altri materiali ostinati.<\/em>  Wonder Hand Cleaner \u00e8 stato progettato per affrontare anche le condizioni pi\u00f9 difficili in cui le mani sono esposte allo sporco e alla tensione e necessitano di una pulizia efficace. \u00c8 stato appositamente studiato per rimuovere efficacemente anche lo sporco e gli oli pi\u00f9 ostinati dalla pelle. Il nostro igienizzante per mani \u00e8 stato progettato per soddisfare le esigenze di ambienti privati e professionali in cui le mani sono esposte a sporco e stress estremi. Questo include aree come i progetti di ristrutturazione in cui gli artigiani lavorano con vernici e materiali da costruzione, le officine in cui gli artigiani sono circondati da grasso e polvere di metallo, l&#8217;agricoltura in cui il terreno e i fertilizzanti sono una sfida quotidiana, l&#8217;assistenza sanitaria, la ristorazione e le industrie alimentari in cui aiuta a rimuovere il grasso e in cui l&#8217;igiene \u00e8 fondamentale per prevenire infezioni\/diffusioni. Il nostro igienizzante per mani garantisce una pulizia efficace e protegge la pelle, anche in condizioni cos\u00ec difficili. Il detergente per le mani ha un valore di pH di 5,5-6, che si adatta al naturale equilibrio del pH della pelle, garantendo un&#8217;esperienza delicata che protegge da secchezza e irritazione. \u00c8 progettato per l&#8217;uso quotidiano senza influire negativamente sulla salute della pelle. La nostra formula \u00e8 arricchita con ingredienti emollienti che non solo garantiscono una pulizia accurata delle mani, ma le lasciano anche morbide e lisce. Questo \u00e8 fondamentale per i professionisti che hanno bisogno di un&#8217;assistenza affidabile nel loro lavoro quotidiano. Un abrasivo delicato a grana controllata rimuove efficacemente lo sporco e le impurit\u00e0 senza danneggiare la pelle. Questo garantisce una pulizia accurata che preserva la salute delle mani. Il nostro prodotto per la cura delle mani \u00e8 la scelta ottimale per i professionisti che apprezzano la qualit\u00e0 e l&#8217;affidabilit\u00e0 della loro routine di cura delle mani, garantendo mani sane e curate in tutte le condizioni di lavoro.  &nbsp;<\/p>\n<h2>Ingredienti<\/h2>\n<ul>\n<li><strong>Acqua<\/strong> <em>(Acqua)<\/em><\/li>\n<li><strong>Dodecilbenzensolfonato di sodio<\/strong> <em>(Un tensioattivo anionico comunemente usato)<\/em><\/li>\n<li><strong>Perlite<\/strong> <em>(roccia vulcanica)<\/em><\/li>\n<li><strong>Sodio laureth solfato<\/strong> <em>(Solfato)<\/em><\/li>\n<li><strong>Glicerina<\/strong> <em>(Molecola naturale con ottime propriet\u00e0 idratanti)<\/em><\/li>\n<li><strong>Cocamide DEA<\/strong><em>(derivata dall&#8217;olio di cocco<\/em>)<\/li>\n<li><strong>Trideceth-3<\/strong> <em>(Emulsionante)<\/em><\/li>\n<li><strong>Gomma xantana<\/strong> <em>(agente gelificante e addensante)<\/em><\/li>\n<li><strong>Profumo<\/strong> <em>(Profumo)<\/em><\/li>\n<li><strong>Biossido di titanio<\/strong> <em>(pigmento naturale)<\/em><\/li>\n<li><strong>2-bromo-2-nitropropano-1,3 diolo<\/strong> <em>(Bronopol)<\/em><\/li>\n<li><strong>Acido citrico<\/strong> <em>(Acido citrico)<\/em><\/li>\n<li><strong>Citrale<\/strong> <em>(Il citrale \u00e8 un componente naturale della buccia d&#8217;arancia)<\/em><\/li>\n<li><strong>Limonene<\/strong> <em>(Terpene presente in natura)<\/em><\/li>\n<\/ul>\n<p>  La potente formula naturale contiene ingredienti accuratamente selezionati, tra cui il dodecilbenzensolfonato di sodio e il laureth solfato di sodio, che agiscono come efficaci tensioattivi anionici che disgregano il grasso e la sporcizia per una pulizia profonda. La perlite, una roccia vulcanica, aggiunge un&#8217;azione abrasiva delicata ma efficace che rimuove le impurit\u00e0 senza irritare la pelle. Il nostro prodotto \u00e8 arricchito con Glicerina, Cocamide DEA e Trideceth-3, che aiutano ad ammorbidire e idratare la pelle durante la pulizia. La gomma xantana assicura una consistenza piacevole e un leggero addensamento del prodotto, mentre il parfum aggiunge una piacevole fragranza. Per garantire la salute della pelle, la nostra formula contiene anche biossido di titanio, 2-bromo-2-nitropropano-1,3 diolo, acido citrico, citrale e limonene, che aiutano a mantenere l&#8217;equilibrio naturale della pelle e proteggono dalle irritazioni.  &nbsp;<\/p>\n<h2>Applicazione:<\/h2>\n<ul>\n<li>Strofina accuratamente una piccola quantit\u00e0 di Igienizzante per Mani sulle mani asciutte per sciogliere lo sporco.<\/li>\n<li>Aggiungi un po&#8217; d&#8217;acqua alle mani e strofina di nuovo con cura.<\/li>\n<li>Quindi risciacqua con acqua e asciuga con un panno o della carta.<\/li>\n<\/ul>\n<p>&nbsp;<\/p>\n<h2><strong>Imballaggio:<\/strong><\/h2>\n<p>  Il nostro igienizzante per mani \u00e8 disponibile in una comoda vaschetta\/bicchiere da 800 ml, per garantire un uso prolungato e una facile conservazione. Le sue dimensioni compatte lo rendono ideale per l&#8217;uso domestico e professionale.<\/p>\n","protected":false},"excerpt":{"rendered":"<p><strong>Secchio da 800 ml<\/strong><\/p>\n","protected":false},"featured_media":17252,"comment_status":"open","ping_status":"closed","template":"","meta":{"_acf_changed":false},"product-label":[1702,1686,1698,1710],"product_brand":[],"product_cat":[1162],"product_tag":[1753,1754,1756,1755,1752,1223],"class_list":{"0":"post-116252","1":"product","2":"type-product","3":"status-publish","4":"has-post-thumbnail","6":"product-label-mod-hudproblemer-it","7":"product-label-ikke-testet-paa-dyr-it","8":"product-label-produceret-i-danmark-it","9":"product-label-vegansk-it","10":"product_cat-wonder-clean-it","11":"product_tag-detergente-per-mani","12":"product_tag-igienizzante-per-mani","13":"product_tag-igienizzante-per-mani-wonder","14":"product_tag-prodotto-per-la-pulizia","15":"product_tag-pulizia-delle-mani","16":"product_tag-wonder-skin-clean-it","18":"first","19":"instock","20":"taxable","21":"shipping-taxable","22":"purchasable","23":"product-type-simple"},"acf":[],"_links":{"self":[{"href":"https:\/\/hocl.dk\/it\/wp-json\/wp\/v2\/product\/116252","targetHints":{"allow":["GET"]}}],"collection":[{"href":"https:\/\/hocl.dk\/it\/wp-json\/wp\/v2\/product"}],"about":[{"href":"https:\/\/hocl.dk\/it\/wp-json\/wp\/v2\/types\/product"}],"replies":[{"embeddable":true,"href":"https:\/\/hocl.dk\/it\/wp-json\/wp\/v2\/comments?post=116252"}],"version-history":[{"count":0,"href":"https:\/\/hocl.dk\/it\/wp-json\/wp\/v2\/product\/116252\/revisions"}],"wp:featuredmedia":[{"embeddable":true,"href":"https:\/\/hocl.dk\/it\/wp-json\/wp\/v2\/media\/17252"}],"wp:attachment":[{"href":"https:\/\/hocl.dk\/it\/wp-json\/wp\/v2\/media?parent=116252"}],"wp:term":[{"taxonomy":"product-label","embeddable":true,"href":"https:\/\/hocl.dk\/it\/wp-json\/wp\/v2\/product-label?post=116252"},{"taxonomy":"product_brand","embeddable":true,"href":"https:\/\/hocl.dk\/it\/wp-json\/wp\/v2\/product_brand?post=116252"},{"taxonomy":"product_cat","embeddable":true,"href":"https:\/\/hocl.dk\/it\/wp-json\/wp\/v2\/product_cat?post=116252"},{"taxonomy":"product_tag","embeddable":true,"href":"https:\/\/hocl.dk\/it\/wp-json\/wp\/v2\/product_tag?post=116252"}],"curies":[{"name":"wp","href":"https:\/\/api.w.org\/{rel}","templated":true}]}}