{"id":11868,"date":"2023-07-08T11:44:48","date_gmt":"2023-07-08T11:44:48","guid":{"rendered":"https:\/\/hocl.dk\/product\/senza-categoria\/meraviglia-del-respiro-4\/"},"modified":"2026-04-29T22:24:16","modified_gmt":"2026-04-29T22:24:16","slug":"meraviglia-del-respiro-4","status":"publish","type":"product","link":"https:\/\/hocl.dk\/it\/product\/allergi-wonder-it\/meraviglia-del-respiro-4\/","title":{"rendered":"Brezza Danese 3x100ml"},"content":{"rendered":"<p>Brezza Danese \u00e8 uno spray esterno naturale che dona un profumo fresco e piacevole alla vita di tutti i giorni. I suoi ingredienti forniscono una sensazione leggera e rivitalizzante che pu\u00f2 entrare a far parte della tua routine di cura quotidiana.<br \/>\n&#8211; Va sottolineato che Brezza Danese \u00e8 un prodotto cosmetico e non \u00e8 destinato a diagnosticare, trattare, curare o prevenire condizioni mediche.<\/p>\n<p><strong>Quando pu\u00f2 essere utilizzata Brezza Danese:<\/strong><\/p>\n<p><em>Brezza Danese pu\u00f2 essere facilmente integrata nella routine di cura quotidiana e utilizzata al bisogno per una sensazione di freschezza.  <\/em><\/p>\n<ul>\n<li>Prima o dopo l&#8217;attivit\u00e0 fisica: per un&#8217;esperienza rinfrescante<\/li>\n<li>Durante il giorno: quando si desidera un profumo fresco e leggero<\/li>\n<li>Prima di andare a letto: Come parte della routine di cura personale<\/li>\n<li>Nei giorni in cui \u00e8 necessaria un&#8217;assistenza extra: per un senso di benessere nella vita quotidiana<\/li>\n<\/ul>\n<p>&nbsp;<\/p>\n<h2>Ingredienti:<\/h2>\n<p><strong>Aqua<\/strong> <em>(acqua)<\/em>: ingrediente base che scioglie e distribuisce gli altri ingredienti.<\/p>\n<p><strong>Mentha Japonica<\/strong> <em>(menta giapponese)<\/em>: fornisce una sensazione leggera e rinfrescante <em>.<\/em><\/p>\n<p><strong>Mentolo:<\/strong> crea una sensazione di freschezza e un effetto rinfrescante sulla pelle.<\/p>\n<p><strong>Olio di foglie di Eucalyptus Globulus<\/strong> <em>(Eucalyptus)<\/em>: fornisce un profumo fresco e leggero.<\/p>\n<p><strong>Canfora<\/strong><em>(Canfora non profumata<\/em>): fornisce una sensazione di rinvigorimento.<\/p>\n<p><strong>Olio di Lavandula Angustifolia<\/strong><em>(olio di lavanda)<\/em>: fornisce un profumo gradevole e delicato che pu\u00f2 favorire il rilassamento.<\/p>\n<p>&nbsp;<\/p>\n<h2>Come utilizzare Brezza Danese:<\/h2>\n<ol>\n<li><strong>Agita il flacone prima dell&#8217;uso<br \/>\n<\/strong><\/li>\n<li><strong>Spruzza una piccola quantit\u00e0 sulle zone desiderate come:<\/strong><br \/>\n&#8211; Petto<br \/>\n&#8211; Costole<br \/>\n&#8211; Collo<br \/>\n&#8211; Schiena (tra le scapole)<br \/>\n&#8211; Per un&#8217;esperienza pi\u00f9 mirata, spruzza una piccola quantit\u00e0 sul dito e applicala delicatamente sul ponte del naso.<\/li>\n<li><strong>Usalo secondo le tue necessit\u00e0,<\/strong> sia al mattino che alla sera, o ogni volta che desideri una sensazione di freschezza.<\/li>\n<\/ol>\n<p>ATTENZIONE. Conservalo in un luogo fresco, possibilmente in frigorifero. <\/p>\n<p>&nbsp;<\/p>\n<h2>Raccomandazioni per l&#8217;uso:<\/h2>\n<ul>\n<li>Solo per uso esterno: non ingerire e non applicare sulla pelle irritata.<\/li>\n<li>Evita il contatto con gli occhi: sciacqua accuratamente con acqua se il prodotto entra negli occhi.<\/li>\n<li>Conservazione: Per ottenere un effetto refrigerante e una durata di conservazione ottimali, conserva il prodotto in un luogo fresco.<\/li>\n<\/ul>\n","protected":false},"excerpt":{"rendered":"<p>3 x 100 ml<\/p>\n<p>Brezza Danese \u00e8 uno spray rinfrescante per uso quotidiano, sviluppato con ingredienti accuratamente selezionati. Questo spray pu\u00f2 essere facilmente integrato nella tua routine quotidiana, sia prima che dopo l&#8217;attivit\u00e0 fisica, o quando lo desideri nel corso della giornata. Grazie alla sua consistenza leggera, Brezza Danese aggiunge una sensazione di freschezza che pu\u00f2 contribuire a un senso di benessere.  <\/p>\n<p>&nbsp;<\/p>\n<div id=\"gtx-trans\" style=\"position: absolute; left: -5px; top: -10px;\">\n<div class=\"gtx-trans-icon\"><\/div>\n<\/div>\n","protected":false},"featured_media":124291,"comment_status":"open","ping_status":"closed","template":"","meta":{"_acf_changed":false},"product-label":[1686,1698,1710],"product_brand":[],"product_cat":[1090],"product_tag":[1916,1917],"class_list":{"0":"post-11868","1":"product","2":"type-product","3":"status-publish","4":"has-post-thumbnail","6":"product-label-ikke-testet-paa-dyr-it","7":"product-label-produceret-i-danmark-it","8":"product-label-vegansk-it","9":"product_cat-allergi-wonder-it","10":"product_tag-ancora-aria","11":"product_tag-spray-breathe-again","13":"first","14":"instock","15":"sale","16":"taxable","17":"shipping-taxable","18":"purchasable","19":"product-type-simple"},"acf":[],"_links":{"self":[{"href":"https:\/\/hocl.dk\/it\/wp-json\/wp\/v2\/product\/11868","targetHints":{"allow":["GET"]}}],"collection":[{"href":"https:\/\/hocl.dk\/it\/wp-json\/wp\/v2\/product"}],"about":[{"href":"https:\/\/hocl.dk\/it\/wp-json\/wp\/v2\/types\/product"}],"replies":[{"embeddable":true,"href":"https:\/\/hocl.dk\/it\/wp-json\/wp\/v2\/comments?post=11868"}],"version-history":[{"count":4,"href":"https:\/\/hocl.dk\/it\/wp-json\/wp\/v2\/product\/11868\/revisions"}],"predecessor-version":[{"id":129715,"href":"https:\/\/hocl.dk\/it\/wp-json\/wp\/v2\/product\/11868\/revisions\/129715"}],"wp:featuredmedia":[{"embeddable":true,"href":"https:\/\/hocl.dk\/it\/wp-json\/wp\/v2\/media\/124291"}],"wp:attachment":[{"href":"https:\/\/hocl.dk\/it\/wp-json\/wp\/v2\/media?parent=11868"}],"wp:term":[{"taxonomy":"product-label","embeddable":true,"href":"https:\/\/hocl.dk\/it\/wp-json\/wp\/v2\/product-label?post=11868"},{"taxonomy":"product_brand","embeddable":true,"href":"https:\/\/hocl.dk\/it\/wp-json\/wp\/v2\/product_brand?post=11868"},{"taxonomy":"product_cat","embeddable":true,"href":"https:\/\/hocl.dk\/it\/wp-json\/wp\/v2\/product_cat?post=11868"},{"taxonomy":"product_tag","embeddable":true,"href":"https:\/\/hocl.dk\/it\/wp-json\/wp\/v2\/product_tag?post=11868"}],"curies":[{"name":"wp","href":"https:\/\/api.w.org\/{rel}","templated":true}]}}