{"id":11875,"date":"2023-07-08T13:55:31","date_gmt":"2023-07-08T13:55:31","guid":{"rendered":"https:\/\/hocl.dk\/product\/senza-categoria\/set-di-meraviglie-nere\/"},"modified":"2026-04-29T22:14:17","modified_gmt":"2026-04-29T22:14:17","slug":"set-di-meraviglie-nere","status":"publish","type":"product","link":"https:\/\/hocl.dk\/it\/product\/black-wonder-it\/set-di-meraviglie-nere\/","title":{"rendered":"Set di Black Wonder"},"content":{"rendered":"<h1>Black Wonder<\/h1>\n<h2>Set per la pelle<\/h2>\n<p>Si compone di 3 prodotti unici per offrire un&#8217;esperienza di cura della pelle profonda e confortevole.<\/p>\n<p>&nbsp;<\/p>\n<h3>Black Wonder Mineral SKIN-CLEAN<\/h3>\n<h2>Pelle-Pulita<\/h2>\n<p>Black Wonder Skin-Clean \u00e8 un detergente che apre i pori della pelle e pulisce in profondit\u00e0. Ottimo per la pelle acneica e con imperfezioni.<\/p>\n<p><strong>Contiene:<\/strong> olio di cocco e di palmisti riscaldati e scomposti.<\/p>\n<p>In questo modo si aprono i pori e si ottiene una pulizia totale e profonda dei 2 e 3 strati della pelle. Ecco perch\u00e9 \u00e8 importante idratare la pelle dopo aver usato SKIN-CLEAN.<\/p>\n<p><strong>Applicazione:  <\/strong><\/p>\n<p>Inumidisci un panno o una spugna e passalo nel detergente finch\u00e9 non fa schiuma. Usa la schiuma per detergere il viso, evitando il contorno occhi. Risciacqua con acqua tiepida e termina con una crema viso neutra e delicata. Se hai impurit\u00e0 sul collo, sul petto e sulla schiena, il Black Wonder Skin-Clean pu\u00f2 essere utilizzato anche in questo caso.<\/p>\n<p>Ti consigliamo di utilizzare successivamente la Black Wonder FACE CREME, che idrata e ripristina il valore naturale del pH della pelle.<\/p>\n<p>&nbsp;<\/p>\n<h3>Maschera di fango del Mar Morto Black Wonder<\/h3>\n<p><strong>Maschera di fango minerale del Mar Morto<\/strong><\/p>\n<p>Potente maschera di fango naturale con minerali ed estratti vegetali. Pulisce in profondit\u00e0 e rinfresca la pelle. Perfetto per pelli con imperfezioni, acne e benessere.<\/p>\n<p><strong>Come funziona Black Wonder<\/strong><\/p>\n<ul>\n<li>Black Wonder agisce come disinfettante e rimuove le sostanze nocive dalla pelle.<\/li>\n<li>Aiuta a mantenere in vita le cellule della pelle, contribuendo alla sua rigenerazione.<\/li>\n<li>Ammorbidisce e idrata la pelle secca e sensibile.<\/li>\n<li>Aiuta in caso di acne, eczema, psoriasi e invecchiamento della pelle.<\/li>\n<\/ul>\n<p>Il Mar Morto \u00e8 il corpo idrico pi\u00f9 salino del mondo, con una concentrazione di minerali di gran lunga superiore a quella di qualsiasi altro oceano (una concentrazione di minerali del 32% rispetto agli altri oceani, con circa il 3%).<\/p>\n<p>Nel Mar Morto sono presenti bromuri e iodio, oltre ad altri minerali come magnesio, sodio, calcio e potassio.<\/p>\n<p>Tutti questi minerali lavorano insieme come regolatori dell&#8217;attivit\u00e0 cellulare e hanno propriet\u00e0 idratanti, detergenti e ringiovanenti.<\/p>\n<p><strong>Applicazione:  <\/strong><\/p>\n<p>La maschera di fango nero Wonder Mud si usa 1-2 volte a settimana, a seconda delle necessit\u00e0.<\/p>\n<p>Detergi la pelle e applica la maschera sulla pelle asciutta in uno strato uniforme su tutto il viso. Evita di avvicinare il prodotto agli occhi. Puoi utilizzare la Black Wonder Mud Mask anche sul collo, sulla schiena e sul petto se sei soggetto a impurit\u00e0. Lascia la maschera in posa fino a completa asciugatura (10-15 minuti) e rimuovila con acqua tiepida. Idrata e nutre la pelle dopo l&#8217;uso.<\/p>\n<p>** A causa dell&#8217;effetto detergente del fango, l&#8217;idratazione viene rimossa dallo strato superiore della pelle (epidermide), quindi ti consigliamo di utilizzare la Black Wonder FACE CREME come crema finale per idratare nuovamente la pelle.<\/p>\n<p>** Se la maschera di fango dovesse entrare in contatto con gli occhi, risciacqua con abbondante acqua.<\/p>\n<h3><\/h3>\n<h3>Crema viso Black Wonder<\/h3>\n<p><strong>Crema viso<\/strong><\/p>\n<p>Black Wonder Face Creme &#8211; Trattamento approfondito con vitamina A che aiuta a ripristinare la pelle e a donare una fresca luminosit\u00e0.<\/p>\n<p>La CREMA VISO Black Wonder idrata e ripristina il valore naturale del pH della pelle.<\/p>\n<p><em>Vitamina A:<\/em><\/p>\n<p>Innanzitutto, la vitamina A \u00e8 in grado di trasformare e riparare la pelle. La vitamina pu\u00f2 schiarire e uniformare le macchie di pigmentazione perch\u00e9 la vitamina A aumenta la rigenerazione delle cellule superficiali, consentendo la comparsa pi\u00f9 rapida di nuove cellule pi\u00f9 luminose. La vitamina A \u00e8 il rimedio pi\u00f9 efficace per l&#8217;acne, la rosacea, i danni del sole e l&#8217;invecchiamento della pelle rugosa; inoltre, ha un effetto preventivo su linee e rughe stimolando la produzione di cellule cutanee e aumentando la densit\u00e0 del collagene per una pelle pi\u00f9 liscia.<\/p>\n<p><strong>Contiene:<\/strong><\/p>\n<ul>\n<li>Petrolato naturale ricavato da oli di fiori<\/li>\n<li>Olio di semi d&#8217;uva biologico<\/li>\n<li>Cera d&#8217;api danese certificata<\/li>\n<li>Vitamina A<\/li>\n<\/ul>\n<p><strong>Come funziona la Black Wonder Face Creme<\/strong><\/p>\n<p>Applica uno strato sottile sulla pelle al mattino e alla sera. Si consiglia di utilizzare una crema con un fattore SPF elevato sotto la Black Wonder Face Creme durante il giorno per proteggere la pelle dal sole.<\/p>\n","protected":false},"excerpt":{"rendered":"<p><strong>Prezzo di 3 pezzi<\/strong><\/p>\n","protected":false},"featured_media":12725,"comment_status":"open","ping_status":"closed","template":"","meta":{"_acf_changed":false},"product-label":[1702,1686,1690,1698],"product_brand":[],"product_cat":[1106],"product_tag":[1111,1186,1159,1109,1110,1178,1119,1116],"class_list":{"0":"post-11875","1":"product","2":"type-product","3":"status-publish","4":"has-post-thumbnail","6":"product-label-mod-hudproblemer-it","7":"product-label-ikke-testet-paa-dyr-it","8":"product-label-parfumefri-it","9":"product-label-produceret-i-danmark-it","10":"product_cat-black-wonder-it","11":"product_tag-crema-viso","12":"product_tag-fango-del-mar-morto","13":"product_tag-maschera-di-fango","14":"product_tag-meraviglia-nera","15":"product_tag-nero","16":"product_tag-pelle-pulita","17":"product_tag-crema-viso-it","18":"product_tag-viso-it","20":"first","21":"instock","22":"taxable","23":"shipping-taxable","24":"purchasable","25":"product-type-simple"},"acf":[],"_links":{"self":[{"href":"https:\/\/hocl.dk\/it\/wp-json\/wp\/v2\/product\/11875","targetHints":{"allow":["GET"]}}],"collection":[{"href":"https:\/\/hocl.dk\/it\/wp-json\/wp\/v2\/product"}],"about":[{"href":"https:\/\/hocl.dk\/it\/wp-json\/wp\/v2\/types\/product"}],"replies":[{"embeddable":true,"href":"https:\/\/hocl.dk\/it\/wp-json\/wp\/v2\/comments?post=11875"}],"version-history":[{"count":1,"href":"https:\/\/hocl.dk\/it\/wp-json\/wp\/v2\/product\/11875\/revisions"}],"predecessor-version":[{"id":12730,"href":"https:\/\/hocl.dk\/it\/wp-json\/wp\/v2\/product\/11875\/revisions\/12730"}],"wp:featuredmedia":[{"embeddable":true,"href":"https:\/\/hocl.dk\/it\/wp-json\/wp\/v2\/media\/12725"}],"wp:attachment":[{"href":"https:\/\/hocl.dk\/it\/wp-json\/wp\/v2\/media?parent=11875"}],"wp:term":[{"taxonomy":"product-label","embeddable":true,"href":"https:\/\/hocl.dk\/it\/wp-json\/wp\/v2\/product-label?post=11875"},{"taxonomy":"product_brand","embeddable":true,"href":"https:\/\/hocl.dk\/it\/wp-json\/wp\/v2\/product_brand?post=11875"},{"taxonomy":"product_cat","embeddable":true,"href":"https:\/\/hocl.dk\/it\/wp-json\/wp\/v2\/product_cat?post=11875"},{"taxonomy":"product_tag","embeddable":true,"href":"https:\/\/hocl.dk\/it\/wp-json\/wp\/v2\/product_tag?post=11875"}],"curies":[{"name":"wp","href":"https:\/\/api.w.org\/{rel}","templated":true}]}}