{"id":11882,"date":"2023-07-11T15:06:21","date_gmt":"2023-07-11T15:06:21","guid":{"rendered":"https:\/\/hocl.dk\/product\/senza-categoria\/meraviglia-blu\/"},"modified":"2025-11-24T10:33:16","modified_gmt":"2025-11-24T10:33:16","slug":"pompa-per-la-cura-del","status":"publish","type":"product","link":"https:\/\/hocl.dk\/it\/product\/blue-wonder-it\/pompa-per-la-cura-del\/","title":{"rendered":"Gel di conforto per il corpo 250ml"},"content":{"rendered":"<h2>Gel di conforto &#8211; Riscalda e raffredda<\/h2>\n<p>Il Gel di Conforto Gamby Natur \u00e8 un gel condizionante con propriet\u00e0 rinfrescanti e riscaldanti. La sua formula unica \u00e8 stata sviluppata con ingredienti accuratamente selezionati e penetra rapidamente senza ungere. Il gel pu\u00f2 essere utilizzato durante il giorno, prima o dopo l&#8217;attivit\u00e0 fisica o come parte della tua routine quotidiana di cura della pelle.  <\/p>\n<p>Con la sua combinazione unica di eucalipto, olio di menta giapponese, mentolo e canfora senza profumo, Gel di Conforto offre un&#8217;esperienza piacevole che pu\u00f2 essere incorporata nella tua routine di cura quotidiana.<\/p>\n<div class=\"flex-shrink-0 flex flex-col relative items-end\">\n<div class=\"pt-0\">\n<div class=\"gizmo-bot-avatar flex h-8 w-8 items-center justify-center overflow-hidden rounded-full\">\n<div><\/div>\n<\/div>\n<\/div>\n<\/div>\n<div class=\"flex-shrink-0 flex flex-col relative items-end\">\n<div class=\"pt-0\">\n<div class=\"gizmo-bot-avatar flex h-8 w-8 items-center justify-center overflow-hidden rounded-full\">\n<div class=\"relative p-1 rounded-sm flex items-center justify-center bg-token-main-surface-primary text-token-text-primary h-8 w-8\"><strong>I benefici del Gel di Conforto Gamby Natur:<\/strong><\/div>\n<ul>\n<li class=\"relative p-1 rounded-sm flex items-center justify-center bg-token-main-surface-primary text-token-text-primary h-8 w-8\">Fornisce un piacevole rinfresco<\/li>\n<li class=\"relative p-1 rounded-sm flex items-center justify-center bg-token-main-surface-primary text-token-text-primary h-8 w-8\">Pu\u00f2 essere utilizzato prima o dopo l&#8217;attivit\u00e0 fisica<\/li>\n<li class=\"relative p-1 rounded-sm flex items-center justify-center bg-token-main-surface-primary text-token-text-primary h-8 w-8\">Adatto a fornire un&#8217;esperienza confortevole<\/li>\n<li>La pompa semplifica il dosaggio<\/li>\n<\/ul>\n<\/div>\n<\/div>\n<\/div>\n<p>&nbsp;<\/p>\n<h2>Ingredienti nel Gel di conforto:<\/h2>\n<p><strong>Aqua<\/strong><em>(acqua)<\/em>: ingrediente principale che idrata la pelle e aiuta a diffondere i principi attivi in modo uniforme.<\/p>\n<p><strong>Olio di Mentha Arvensis<\/strong><em> (olio di menta giapponese)<\/em>: contribuisce a dare una sensazione di freschezza e refrigerio.<\/p>\n<p><strong>Mentolo<\/strong>: aggiunge un effetto rinfrescante<\/p>\n<p><strong>Olio di corteccia di Cinnamomum Camphora<\/strong> <em>:<\/em> favorisce un&#8217;esperienza piacevole<\/p>\n<p><strong>Carbomero<\/strong> <em>(addensante)<\/em>: utilizzato per dare al gel una consistenza morbida e confortevole.<\/p>\n<p><strong>Olio di foglie di Eucalyptus Globulus<\/strong> <em>:<\/em> fornisce un profumo gradevole e una sensazione rinfrescante.<\/p>\n<p><strong>Limonene <\/strong><em>(componente naturale della fragranza):<\/em> contribuisce all&#8217;aroma del prodotto<\/p>\n<p><strong>Linalolo <\/strong><em>(componente naturale della fragranza): contribuisce<\/em>all&#8217;aroma del prodotto<\/p>\n<p><strong>CI 42090<\/strong> <em>(colorante)<\/em>: utilizzato per conferire al prodotto un colore attraente.<\/p>\n<p>&nbsp;<\/p>\n<p>&nbsp;<\/p>\n<h2>Come utilizzare il Gel di conforto:<\/h2>\n<ol>\n<li>Agita bene il flacone prima dell&#8217;uso per garantire una distribuzione uniforme degli ingredienti.<\/li>\n<li>Applica una quantit\u00e0 adeguata di gel direttamente sull&#8217;area interessata<\/li>\n<li>Massaggia la pelle fino a quando il gel non viene assorbito &#8211; \u00e8 importante applicare un&#8217;area pi\u00f9 ampia possibile per ottenere i migliori risultati.<br \/>\n&#8211; Ad esempio. Se si usa sul gomito, si consiglia di applicarlo dalla punta delle dita fino al collo.<br \/>\n&#8211; Ad esempio. Se si usa sulle ginocchia, si consiglia di applicarlo dalla punta dei piedi verso la parte posteriore. <\/li>\n<\/ol>\n<p>Conserva il Gel di Conforto in un luogo fresco, ad esempio in una cella frigorifera o in frigorifero, poich\u00e9 il suo effetto rinfrescante sar\u00e0 evidente subito dopo l&#8217;applicazione.<\/p>\n<p>&nbsp;<\/p>\n<div class=\"relative p-1 rounded-sm flex items-center justify-center bg-token-main-surface-primary text-token-text-primary h-8 w-8\"><strong>Chi pu\u00f2 utilizzare i trattamenti per il corpo Gamby Natur?<\/strong><\/div>\n<div class=\"relative p-1 rounded-sm flex items-center justify-center bg-token-main-surface-primary text-token-text-primary h-8 w-8\">Il Gel di conforto \u00e8 ideale per gli adulti e i bambini pi\u00f9 grandi che desiderano una sensazione rinfrescante e riscaldante.<\/div>\n<div><\/div>\n<div>__<\/div>\n<div><\/div>\n<div class=\"flex-shrink-0 flex flex-col relative items-end\">\n<div class=\"pt-0\">\n<div class=\"gizmo-bot-avatar flex h-8 w-8 items-center justify-center overflow-hidden rounded-full\">\n<h2>Raccomandazioni per l&#8217;uso:<\/h2>\n<ul>\n<li>Prova il prodotto su una piccola area prima di utilizzarlo<\/li>\n<li>Evita il contatto con gli occhi, le membrane mucose e le ferite aperte.<\/li>\n<li>Il prodotto \u00e8 solo per uso esterno e deve essere utilizzato sulla pelle intatta.<\/li>\n<li>Non adatto a bambini di et\u00e0 inferiore ai 3 anni<\/li>\n<li>Conservare in un luogo fresco e asciutto (massimo 24\u00b0C).<\/li>\n<\/ul>\n<p>Nota: il Gel di Conforto Gamby Natur \u00e8 un prodotto cosmetico che completa la tua cura e il tuo benessere quotidiano. Non \u00e8 destinato al trattamento, alla diagnosi o alla prevenzione di malattie. <\/p>\n<\/div>\n<\/div>\n<\/div>\n","protected":false},"excerpt":{"rendered":"<p><strong>Pompa da 250 ml<\/strong><\/p>\n<p>Il Gel di Conforto Gamby Natur \u00e8 un gel condizionante con propriet\u00e0 rinfrescanti e riscaldanti. La sua formula unica \u00e8 stata sviluppata con ingredienti accuratamente selezionati e penetra rapidamente senza ungere. Il gel pu\u00f2 essere utilizzato durante il giorno, prima o dopo l&#8217;attivit\u00e0 fisica o come parte della tua routine quotidiana di cura della pelle.  <\/p>\n<p>Con la sua combinazione unica di eucalipto, olio di menta giapponese, mentolo e canfora senza profumo, Gel di Conforto offre un&#8217;esperienza piacevole che pu\u00f2 essere incorporata nella tua routine di cura quotidiana.<\/p>\n<div class=\"flex-shrink-0 flex flex-col relative items-end\">\n<div class=\"pt-0\">\n<div class=\"gizmo-bot-avatar flex h-8 w-8 items-center justify-center overflow-hidden rounded-full\">\n<div><\/div>\n<\/div>\n<\/div>\n<\/div>\n<p>&nbsp;<\/p>\n<div id=\"gtx-trans\" style=\"position: absolute;left: -29px;top: 33.75px\">\n<div class=\"gtx-trans-icon\"><\/div>\n<\/div>\n","protected":false},"featured_media":122246,"comment_status":"open","ping_status":"closed","template":"","meta":{"_acf_changed":false},"product-label":[1686,1690,1698,1710],"product_brand":[],"product_cat":[1108],"product_tag":[1122,1115,1124,1118,1117,1861,1198,1187],"class_list":{"0":"post-11882","1":"product","2":"type-product","3":"status-publish","4":"has-post-thumbnail","6":"product-label-ikke-testet-paa-dyr-it","7":"product-label-parfumefri-it","8":"product-label-produceret-i-danmark-it","9":"product-label-vegansk-it","10":"product_cat-blue-wonder-it","11":"product_tag-blu","12":"product_tag-caldo","13":"product_tag-gel-blu-delle-meraviglie","14":"product_tag-gel-caldo-e-ghiaccio","15":"product_tag-ghiaccio","16":"product_tag-kit-bestseller-meraviglia-blu","17":"product_tag-meraviglia-bianca","18":"product_tag-pompa","20":"first","21":"instock","22":"taxable","23":"shipping-taxable","24":"purchasable","25":"product-type-simple"},"acf":[],"_links":{"self":[{"href":"https:\/\/hocl.dk\/it\/wp-json\/wp\/v2\/product\/11882","targetHints":{"allow":["GET"]}}],"collection":[{"href":"https:\/\/hocl.dk\/it\/wp-json\/wp\/v2\/product"}],"about":[{"href":"https:\/\/hocl.dk\/it\/wp-json\/wp\/v2\/types\/product"}],"replies":[{"embeddable":true,"href":"https:\/\/hocl.dk\/it\/wp-json\/wp\/v2\/comments?post=11882"}],"version-history":[{"count":5,"href":"https:\/\/hocl.dk\/it\/wp-json\/wp\/v2\/product\/11882\/revisions"}],"predecessor-version":[{"id":131054,"href":"https:\/\/hocl.dk\/it\/wp-json\/wp\/v2\/product\/11882\/revisions\/131054"}],"wp:featuredmedia":[{"embeddable":true,"href":"https:\/\/hocl.dk\/it\/wp-json\/wp\/v2\/media\/122246"}],"wp:attachment":[{"href":"https:\/\/hocl.dk\/it\/wp-json\/wp\/v2\/media?parent=11882"}],"wp:term":[{"taxonomy":"product-label","embeddable":true,"href":"https:\/\/hocl.dk\/it\/wp-json\/wp\/v2\/product-label?post=11882"},{"taxonomy":"product_brand","embeddable":true,"href":"https:\/\/hocl.dk\/it\/wp-json\/wp\/v2\/product_brand?post=11882"},{"taxonomy":"product_cat","embeddable":true,"href":"https:\/\/hocl.dk\/it\/wp-json\/wp\/v2\/product_cat?post=11882"},{"taxonomy":"product_tag","embeddable":true,"href":"https:\/\/hocl.dk\/it\/wp-json\/wp\/v2\/product_tag?post=11882"}],"curies":[{"name":"wp","href":"https:\/\/api.w.org\/{rel}","templated":true}]}}