{"id":11892,"date":"2023-07-11T15:13:24","date_gmt":"2023-07-11T15:13:24","guid":{"rendered":"https:\/\/hocl.dk\/product\/senza-categoria\/wonder-cooling-rosa\/"},"modified":"2025-03-23T16:44:32","modified_gmt":"2025-03-23T16:44:32","slug":"wonder-cooling-rosa","status":"publish","type":"product","link":"https:\/\/hocl.dk\/it\/product\/blue-wonder-it\/wonder-cooling-rosa\/","title":{"rendered":"Wonder Cooling &#8211; Rosa"},"content":{"rendered":"<h1><strong>Wonder Cooling<\/strong><\/h1>\n<p>Quando si tratta di febbre, mal di testa, emicrania, indolenzimento muscolare o semplicemente voglia di rinfrescarsi con il caldo, Wonder Cooling \u00e8 la soluzione definitiva. L&#8217;innovativo panno \u00e8 progettato per offrire un sollievo immediato e rimane fresco per ore. Il panno Wonder Cooling \u00e8 un pratico compagno per il comfort in situazioni di caldo e disagio. Grazie all&#8217;avanzata tecnologia SUGATEX, il panno \u00e8 un pratico strumento per offrire comfort ogni volta che se ne presenta la necessit\u00e0. Portalo con te ovunque tu vada e goditi l&#8217;effetto rinfrescante quando ne hai bisogno.  <\/p>\n<p>&nbsp;<\/p>\n<p><b class=\"html-b xdj266r x11i5rnm xat24cr x1mh8g0r xexx8yu x4uap5 x18d9i69 xkhd6sd x1hl2dhg x16tdsg8 x1vvkbs\">Particolarmente indicato per:<\/b><\/p>\n<p><strong>Febbre:<\/strong> metti il panno sulla fronte per avere una sensazione rinfrescante.<\/p>\n<p><strong>Mal di testa ed emicrania:<\/strong> posiziona il panno sulla testa per ottenere una sensazione di raffreddamento.<\/p>\n<p><strong>Muscoli:<\/strong> applica il panno sulle aree che necessitano di freddo.<\/p>\n<p><strong>Traumi sportivi:<\/strong> pu\u00f2 essere utilizzato al posto degli impacchi di ghiaccio ed \u00e8 facile da trasportare nella borsa sportiva.<\/p>\n<p><strong>Giornate calde:<\/strong> indossa il panno sotto i vestiti per mantenere il fresco senza bagnare i vestiti.<\/p>\n<p><strong>Surriscaldamento:<\/strong> posiziona il panno su un letto, un divano, un ascensore ecc. per creare una temperatura confortevole. <\/p>\n<p><strong>Animali:<\/strong> posiziona il panno sotto o sopra l&#8217;animale per aiutarlo a rinfrescarsi nelle giornate pi\u00f9 calde.<\/p>\n<p>&nbsp;<\/p>\n<h2><b class=\"html-b xdj266r x11i5rnm xat24cr x1mh8g0r xexx8yu x4uap5 x18d9i69 xkhd6sd x1hl2dhg x16tdsg8 x1vvkbs\">Materiale:<\/b><\/h2>\n<p>Wonder Cooling \u00e8 realizzato in un materiale innovativo con tecnologia SUGATEX, che permette al panno di assorbire 10-12 volte il suo peso in liquidi, garantendo un effetto di lunga durata.<\/p>\n<p>&nbsp;<\/p>\n<h2><b class=\"html-b xdj266r x11i5rnm xat24cr x1mh8g0r xexx8yu x4uap5 x18d9i69 xkhd6sd x1hl2dhg x16tdsg8 x1vvkbs\">Applicazione:<\/b><\/h2>\n<p>Utilizzare Wonder Cooling \u00e8 semplice:<\/p>\n<ol>\n<li>Immergi il panno in acqua fredda o calda<\/li>\n<li>Giralo accuratamente<\/li>\n<li>Agitalo su e gi\u00f9 per 15-20 secondi per attivare l&#8217;effetto di raffreddamento.<\/li>\n<li>Quando il panno non \u00e8 pi\u00f9 freddo, puoi ripetere il processo o semplicemente scuoterlo per continuare a stare bene.<\/li>\n<li>Conservalo poi nel suo contenitore ermetico.<\/li>\n<\/ol>\n<p>&nbsp;<\/p>\n<p><strong>Lavaggio:  <\/strong><\/p>\n<p>Per un uso ottimale, si consiglia di lavare il panno Wonder Cooling a 30 gradi secondo necessit\u00e0 (ma raramente). Non asciugare il panno; dopo il lavaggio, conservalo immediatamente nel contenitore ermetico in dotazione. <\/p>\n<p>-Se il panno Wonder Cooling diventa duro e si secca, prova a immergerlo in acqua per 3-5 minuti, senza tirare o strappare il panno.<\/p>\n<p>&nbsp;<\/p>\n<h2><b class=\"html-b xdj266r x11i5rnm xat24cr x1mh8g0r xexx8yu x4uap5 x18d9i69 xkhd6sd x1hl2dhg x16tdsg8 x1vvkbs\">Raccomandazioni per un uso sicuro<\/b><\/h2>\n<ul>\n<li>Evita il calore diretto: non esporre il panno al calore diretto o alla luce del sole per non danneggiare il materiale.<\/li>\n<li>Non lasciare che il panno si asciughi per non danneggiarne l&#8217;aspetto.<\/li>\n<li>Tieni il panno fuori dalla portata dei bambini e degli animali quando non lo usi.<\/li>\n<\/ul>\n","protected":false},"excerpt":{"rendered":"<p>33x84cm<\/p>\n<div class=\"html-div xdj266r x11i5rnm xat24cr x1mh8g0r xexx8yu x4uap5 x18d9i69 xkhd6sd x78zum5 x1eb86dx\">\n<div class=\"html-div xdj266r x11i5rnm xat24cr x1mh8g0r xexx8yu x4uap5 x18d9i69 xkhd6sd xeuugli x1vjfegm\">\n<div class=\"html-div xdj266r x11i5rnm xat24cr x1mh8g0r xexx8yu x4uap5 x18d9i69 xkhd6sd x78zum5 xh8yej3\" role=\"presentation\">\n<div class=\"x1cy8zhl x78zum5 xdt5ytf x193iq5w x1n2onr6 x1kxipp6\">\n<div class=\"x78zum5 xh8yej3\" role=\"none\">\n<div class=\"html-div xdj266r x11i5rnm xat24cr x1mh8g0r xexx8yu x4uap5 x18d9i69 xkhd6sd x6ikm8r x10wlt62\">\n<div class=\"html-div xdj266r x11i5rnm xat24cr x1mh8g0r x14ctfv x1okitfd x6ikm8r x10wlt62 xerhiuh x1pn3fxy x12xxe5f x1szedp3 x1n2onr6 x1vjfegm x1k4qllp x1mzt3pk x13faqbe x1xr0vuk x1jm4cbz x1lmq8lz xrrpcnn x1xtl47e x13fuv20 xu3j5b3 x1q0q8m5 x26u7qi x19livfd x2t687o x3p3xfz x5od304 xp5s12f x11ucwad xgtuqic x155c047\" role=\"presentation\">\n<div class=\"html-div xexx8yu x4uap5 x18d9i69 xkhd6sd x1gslohp x11i5rnm x12nagc x1mh8g0r x1yc453h x126k92a x18lvrbx\" dir=\"auto\">Quando si tratta di febbre, mal di testa, emicrania, indolenzimento muscolare o semplicemente quando si desidera rinfrescarsi con il caldo, Wonder Cooling \u00e8 la soluzione definitiva. L&#8217;innovativo panno SUGATEX \u00e8 progettato per offrire un sollievo immediato e rimane fresco per ore. Il panno Wonder Cooling \u00e8 un pratico compagno per il comfort in situazioni di caldo e disagio. Portalo con te ovunque tu vada e goditi l&#8217;effetto rinfrescante ogni volta che ne hai bisogno.   <\/div>\n<\/div>\n<\/div>\n<div class=\"html-div xdj266r x11i5rnm xat24cr x1mh8g0r xexx8yu x4uap5 x18d9i69 xkhd6sd x1h91t0o xkh2ocl x78zum5 xdt5ytf x13a6bvl x193iq5w x1iyjqo2 x1eb86dx\" role=\"presentation\">\n<div class=\"html-div xdj266r x11i5rnm xat24cr x1mh8g0r xexx8yu x4uap5 x18d9i69 xkhd6sd x1r8uery x1iyjqo2\" role=\"presentation\"><\/div>\n<\/div>\n<\/div>\n<\/div>\n<div class=\"html-div xdj266r x11i5rnm xat24cr x1mh8g0r xexx8yu x4uap5 x18d9i69 xkhd6sd x1h91t0o xkh2ocl x78zum5 xdt5ytf x13a6bvl x193iq5w x1iyjqo2 x1eb86dx\" role=\"presentation\">\n<div class=\"html-div xdj266r x11i5rnm xat24cr x1mh8g0r xexx8yu x4uap5 x18d9i69 xkhd6sd x1r8uery x1iyjqo2\" role=\"presentation\"><\/div>\n<\/div>\n<\/div>\n<div class=\"html-div xdj266r x11i5rnm xat24cr x1mh8g0r xexx8yu x4uap5 x18d9i69 xkhd6sd x1h91t0o xkh2ocl x78zum5 xdt5ytf x13a6bvl x193iq5w x1c4vz4f x1eb86dx\" role=\"presentation\">\n<div class=\"html-div xdj266r x11i5rnm xat24cr x1mh8g0r xexx8yu x4uap5 x18d9i69 xkhd6sd\"><\/div>\n<\/div>\n<\/div>\n<div class=\"html-div xdj266r x11i5rnm xat24cr x1mh8g0r xexx8yu x4uap5 x1eb86dx x78zum5 x1c4vz4f x2lah0s x18061mc xjz4gdx\">\n<div class=\"html-div xdj266r x11i5rnm xat24cr x1mh8g0r xexx8yu x4uap5 x18d9i69 xkhd6sd x78zum5 xamitd3\">\n<div class=\"html-div xdj266r x11i5rnm xat24cr x1mh8g0r xexx8yu x4uap5 x18d9i69 x78zum5 xdt5ytf x1iyjqo2 x2lah0s xl56j7k x1n2onr6 x1mqs8db x1n327nk x1t2a60a\" aria-hidden=\"true\">\n<div class=\"html-div xdj266r x11i5rnm xat24cr x1mh8g0r xexx8yu x4uap5 x18d9i69 xkhd6sd x6s0dn4 xl5lk40 x78zum5 x1mqs8db x1q0g3np\" role=\"presentation\">\n<div class=\"html-div xdj266r x11i5rnm xat24cr x1mh8g0r xexx8yu x4uap5 x18d9i69 xkhd6sd x6s0dn4 xl5lk40 x78zum5 x1mqs8db x1q0g3np\" role=\"presentation\">\n<div class=\"html-div xdj266r x11i5rnm xat24cr x1mh8g0r xexx8yu x4uap5 x18d9i69 xkhd6sd\" aria-hidden=\"false\">\n<div class=\"x9f619 x1n2onr6 x1ja2u2z __fb-light-mode\">\n<div class=\"x1i10hfl xjqpnuy xa49m3k xqeqjp1 x2hbi6w x13fuv20 xu3j5b3 x1q0q8m5 x26u7qi x1ypdohk xdl72j9 x2lah0s xe8uvvx xdj266r x11i5rnm xat24cr x1mh8g0r x2lwn1j xeuugli x16tdsg8 x1hl2dhg xggy1nq x1ja2u2z x1t137rt x1q0g3np x87ps6o x1lku1pv x1a2a7pz x6s0dn4 xzolkzo x12go9s9 x1rnf11y xprq8jg x972fbf xcfux6l x1qhh985 xm0m39n x9f619 x78zum5 xl56j7k xexx8yu x4uap5 x18d9i69 xkhd6sd x1n2onr6 x1fgtraw xgd8bvy xjbqb8w\" role=\"button\" aria-expanded=\"false\" aria-label=\"React\">\n<div class=\"x1ey2m1c xds687c x17qophe xg01cxk x47corl x10l6tqk x13vifvy x1ebt8du x19991ni x1dhq9h xzolkzo x12go9s9 x1rnf11y xprq8jg\" role=\"none\" data-visualcompletion=\"ignore\"><\/div>\n<\/div>\n<\/div>\n<\/div>\n<div class=\"html-div xdj266r x11i5rnm xat24cr x1mh8g0r xexx8yu x4uap5 x18d9i69 xkhd6sd\" aria-hidden=\"false\">\n<div class=\"x9f619 x1n2onr6 x1ja2u2z __fb-light-mode\">\n<div class=\"x1i10hfl xjqpnuy xa49m3k xqeqjp1 x2hbi6w x13fuv20 xu3j5b3 x1q0q8m5 x26u7qi x1ypdohk xdl72j9 x2lah0s xe8uvvx xdj266r x11i5rnm xat24cr x1mh8g0r x2lwn1j xeuugli x16tdsg8 x1hl2dhg xggy1nq x1ja2u2z x1t137rt x1q0g3np x87ps6o x1lku1pv x1a2a7pz x6s0dn4 xzolkzo x12go9s9 x1rnf11y xprq8jg x972fbf xcfux6l x1qhh985 xm0m39n x9f619 x78zum5 xl56j7k xexx8yu x4uap5 x18d9i69 xkhd6sd x1n2onr6 x1fgtraw xgd8bvy xjbqb8w\" role=\"button\" aria-label=\"Reply\">\n<div class=\"x1ey2m1c xds687c x17qophe xg01cxk x47corl x10l6tqk x13vifvy x1ebt8du x19991ni x1dhq9h xzolkzo x12go9s9 x1rnf11y xprq8jg\" role=\"none\" data-visualcompletion=\"ignore\"><\/div>\n<\/div>\n<\/div>\n<\/div>\n<div class=\"html-div xdj266r x11i5rnm xat24cr x1mh8g0r xexx8yu x4uap5 x18d9i69 xkhd6sd\" aria-hidden=\"false\">\n<div class=\"x9f619 x1n2onr6 x1ja2u2z __fb-light-mode\">\n<div class=\"x1i10hfl xjqpnuy xa49m3k xqeqjp1 x2hbi6w x13fuv20 xu3j5b3 x1q0q8m5 x26u7qi x1ypdohk xdl72j9 x2lah0s xe8uvvx xdj266r x11i5rnm xat24cr x1mh8g0r x2lwn1j xeuugli x16tdsg8 x1hl2dhg xggy1nq x1ja2u2z x1t137rt x1q0g3np x87ps6o x1lku1pv x1a2a7pz x6s0dn4 xzolkzo x12go9s9 x1rnf11y xprq8jg x972fbf xcfux6l x1qhh985 xm0m39n x9f619 x78zum5 xl56j7k xexx8yu x4uap5 x18d9i69 xkhd6sd x1n2onr6 x1fgtraw xgd8bvy xjbqb8w\" role=\"button\" aria-expanded=\"false\" aria-label=\"More\">\n<div class=\"x1ey2m1c xds687c x17qophe xg01cxk x47corl x10l6tqk x13vifvy x1ebt8du x19991ni x1dhq9h xzolkzo x12go9s9 x1rnf11y xprq8jg\" role=\"none\" data-visualcompletion=\"ignore\"><\/div>\n<\/div>\n<\/div>\n<\/div>\n<\/div>\n<\/div>\n<\/div>\n<\/div>\n<\/div>\n<div class=\"html-div xdj266r x11i5rnm xat24cr x1mh8g0r xexx8yu x4uap5 x18d9i69 xkhd6sd x1eb86dx x1r8uery x1iyjqo2\"><\/div>\n<\/div>\n","protected":false},"featured_media":12813,"comment_status":"open","ping_status":"closed","template":"","meta":{"_acf_changed":false},"product-label":[1643,1690],"product_brand":[],"product_cat":[1108],"product_tag":[1185,1098,1183,1184],"class_list":{"0":"post-11892","1":"product","2":"type-product","3":"status-publish","4":"has-post-thumbnail","6":"product-label-100-naturligt","7":"product-label-parfumefri-it","8":"product_cat-blue-wonder-it","9":"product_tag-fresco","10":"product_tag-meraviglia","11":"product_tag-miracolo-di-raffreddamento","12":"product_tag-raffreddamento","14":"first","15":"instock","16":"taxable","17":"shipping-taxable","18":"purchasable","19":"product-type-simple"},"acf":[],"_links":{"self":[{"href":"https:\/\/hocl.dk\/it\/wp-json\/wp\/v2\/product\/11892","targetHints":{"allow":["GET"]}}],"collection":[{"href":"https:\/\/hocl.dk\/it\/wp-json\/wp\/v2\/product"}],"about":[{"href":"https:\/\/hocl.dk\/it\/wp-json\/wp\/v2\/types\/product"}],"replies":[{"embeddable":true,"href":"https:\/\/hocl.dk\/it\/wp-json\/wp\/v2\/comments?post=11892"}],"version-history":[{"count":1,"href":"https:\/\/hocl.dk\/it\/wp-json\/wp\/v2\/product\/11892\/revisions"}],"predecessor-version":[{"id":124132,"href":"https:\/\/hocl.dk\/it\/wp-json\/wp\/v2\/product\/11892\/revisions\/124132"}],"wp:featuredmedia":[{"embeddable":true,"href":"https:\/\/hocl.dk\/it\/wp-json\/wp\/v2\/media\/12813"}],"wp:attachment":[{"href":"https:\/\/hocl.dk\/it\/wp-json\/wp\/v2\/media?parent=11892"}],"wp:term":[{"taxonomy":"product-label","embeddable":true,"href":"https:\/\/hocl.dk\/it\/wp-json\/wp\/v2\/product-label?post=11892"},{"taxonomy":"product_brand","embeddable":true,"href":"https:\/\/hocl.dk\/it\/wp-json\/wp\/v2\/product_brand?post=11892"},{"taxonomy":"product_cat","embeddable":true,"href":"https:\/\/hocl.dk\/it\/wp-json\/wp\/v2\/product_cat?post=11892"},{"taxonomy":"product_tag","embeddable":true,"href":"https:\/\/hocl.dk\/it\/wp-json\/wp\/v2\/product_tag?post=11892"}],"curies":[{"name":"wp","href":"https:\/\/api.w.org\/{rel}","templated":true}]}}