{"id":11901,"date":"2023-08-30T14:19:14","date_gmt":"2023-08-30T14:19:14","guid":{"rendered":"https:\/\/hocl.dk\/product\/senza-categoria\/bastone-delle-meraviglie\/"},"modified":"2026-04-29T22:03:43","modified_gmt":"2026-04-29T22:03:43","slug":"bastone-delle-meraviglie","status":"publish","type":"product","link":"https:\/\/hocl.dk\/it\/product\/white-wonder-it\/bastone-delle-meraviglie\/","title":{"rendered":"Balsamo alla cera d&#8217;api &#8211; Stick"},"content":{"rendered":"<p>Questa versione compatta del Balsamo alla cera d&#8217;api \u00e8 ideale da portare in borsetta, in tasca o nella borsa del cambio. La &#8220;testa&#8221; appositamente progettata del bastoncino funge da applicatore, rendendolo perfetto per l&#8217;applicazione sulle labbra. Il Balsamo alla cera d&#8217;api \u00e8 un unguento versatile che aiuta a mantenere l&#8217;idratazione e la morbidezza della pelle. Pu\u00f2 essere utilizzato su tutto il corpo, in particolare sulle zone secche come mani, piedi, gomiti e ginocchia. Grazie alla combinazione di cera d&#8217;api, olio di semi d&#8217;uva e ingredienti idratanti, lascia la pelle a proprio agio. La formula delicata lo rende adatto all&#8217;uso quotidiano per tutta la famiglia ed \u00e8 stato realizzato pensando a una semplice routine di cura della pelle.     <\/p>\n<p><strong>Benefici:<\/strong> Il Balsamo alla cera d&#8217;api \u00e8 un prodotto cosmetico che pu\u00f2 aiutare a mantenere la pelle morbida e idratata. Crea una barriera protettiva che aiuta a trattenere l&#8217;umidit\u00e0 della pelle. <\/p>\n<p>&nbsp;<\/p>\n<p><strong>Pu\u00f2 essere utilizzato per:<\/strong><\/p>\n<ul>\n<li>Cura generale di tutto il corpo<\/li>\n<li>Pelle secca e sensibile<\/li>\n<li>Pelle che ha bisogno di cure extra<\/li>\n<li>Cura di mani, piedi e labbra<\/li>\n<li>Pelle esposta al sole o al freddo<\/li>\n<li>Pelle molto secca<\/li>\n<li>Labbra secche<\/li>\n<li>Pelle bisognosa di idratazione<\/li>\n<\/ul>\n<p>&nbsp;<\/p>\n<h2>Ingredienti:<\/h2>\n<p><strong>Petrolato<\/strong> (vaselina naturale): forma una barriera protettiva sulla superficie della pelle e aiuta a trattenere l&#8217;umidit\u00e0.<\/p>\n<p><strong>Olio di semi di Vitis Vinifera<\/strong> (Olio di semi d&#8217;uva biologico): un olio leggero che viene assorbito rapidamente dalla pelle e contiene antiossidanti e acidi grassi essenziali.<\/p>\n<p><strong>Cera Alba<\/strong> (100% cera d&#8217;api pura): forma una pellicola protettiva sulla pelle che aiuta a sigillare l&#8217;umidit\u00e0.<\/p>\n<p>&nbsp;<\/p>\n<h2>Applicazione e utilizzo:<\/h2>\n<p>Applica una piccola quantit\u00e0 sulle aree desiderate. Utilizza solo la quantit\u00e0 di prodotto che la pelle pu\u00f2 assorbire (ad esempio, una quantit\u00e0 pari a un pisello per due mani). <\/p>\n<p>Il Balsamo alla cera d&#8217;api Stick pu\u00f2 essere utilizzato su tutto il corpo e secondo le necessit\u00e0. Per una cura ottimale, si consiglia di utilizzare il prodotto mattina e sera. \u00c8 adatto a tutti i tipi di pelle e a tutte le et\u00e0.  <\/p>\n<p>&nbsp;<\/p>\n<h2>Raccomandazioni di sicurezza:<\/h2>\n<ul>\n<li>Usa solo una piccola quantit\u00e0 di prodotto &#8211; Si tratta di un unguento grasso, quindi \u00e8 sufficiente uno strato sottile.<\/li>\n<li>Evita il contatto con gli occhi<\/li>\n<li>Tenere fuori dalla portata dei bambini (a causa delle piccole parti).<\/li>\n<li>Per le pelli sensibili, si consiglia di testare il prodotto su una piccola area della pelle prima dell&#8217;uso.<\/li>\n<li>Il Balsamo alla cera d&#8217;api deve essere conservato a temperatura ambiente (18-25 gradi).<\/li>\n<\/ul>\n","protected":false},"excerpt":{"rendered":"<p>12ml.<br \/>\nQuesta versione compatta del Balsamo alla cera d&#8217;api \u00e8 ideale da portare in borsetta, in tasca o nella borsa del cambio. La &#8220;testa&#8221; appositamente progettata del bastoncino funge da applicatore, rendendolo perfetto per l&#8217;applicazione sulle labbra. Il Balsamo alla cera d&#8217;api \u00e8 un unguento versatile che aiuta a mantenere l&#8217;idratazione e la morbidezza della pelle. Pu\u00f2 essere utilizzato su tutto il corpo, in particolare sulle zone secche come mani, piedi, gomiti e ginocchia. Grazie alla combinazione di cera d&#8217;api, olio di semi d&#8217;uva e ingredienti idratanti, lascia la pelle a proprio agio. La formula delicata lo rende adatto all&#8217;uso quotidiano per tutta la famiglia ed \u00e8 stato realizzato pensando a una semplice routine di cura della pelle.     <\/p>\n","protected":false},"featured_media":123073,"comment_status":"open","ping_status":"closed","template":"","meta":{"_acf_changed":false},"product-label":[1702,1686,1690,1698],"product_brand":[],"product_cat":[1203],"product_tag":[1865],"class_list":{"0":"post-11901","1":"product","2":"type-product","3":"status-publish","4":"has-post-thumbnail","6":"product-label-mod-hudproblemer-it","7":"product-label-ikke-testet-paa-dyr-it","8":"product-label-parfumefri-it","9":"product-label-produceret-i-danmark-it","10":"product_cat-white-wonder-it","11":"product_tag-unguento-alla-cera-dapi","13":"first","14":"instock","15":"taxable","16":"shipping-taxable","17":"purchasable","18":"product-type-simple"},"acf":[],"_links":{"self":[{"href":"https:\/\/hocl.dk\/it\/wp-json\/wp\/v2\/product\/11901","targetHints":{"allow":["GET"]}}],"collection":[{"href":"https:\/\/hocl.dk\/it\/wp-json\/wp\/v2\/product"}],"about":[{"href":"https:\/\/hocl.dk\/it\/wp-json\/wp\/v2\/types\/product"}],"replies":[{"embeddable":true,"href":"https:\/\/hocl.dk\/it\/wp-json\/wp\/v2\/comments?post=11901"}],"version-history":[{"count":2,"href":"https:\/\/hocl.dk\/it\/wp-json\/wp\/v2\/product\/11901\/revisions"}],"predecessor-version":[{"id":130292,"href":"https:\/\/hocl.dk\/it\/wp-json\/wp\/v2\/product\/11901\/revisions\/130292"}],"wp:featuredmedia":[{"embeddable":true,"href":"https:\/\/hocl.dk\/it\/wp-json\/wp\/v2\/media\/123073"}],"wp:attachment":[{"href":"https:\/\/hocl.dk\/it\/wp-json\/wp\/v2\/media?parent=11901"}],"wp:term":[{"taxonomy":"product-label","embeddable":true,"href":"https:\/\/hocl.dk\/it\/wp-json\/wp\/v2\/product-label?post=11901"},{"taxonomy":"product_brand","embeddable":true,"href":"https:\/\/hocl.dk\/it\/wp-json\/wp\/v2\/product_brand?post=11901"},{"taxonomy":"product_cat","embeddable":true,"href":"https:\/\/hocl.dk\/it\/wp-json\/wp\/v2\/product_cat?post=11901"},{"taxonomy":"product_tag","embeddable":true,"href":"https:\/\/hocl.dk\/it\/wp-json\/wp\/v2\/product_tag?post=11901"}],"curies":[{"name":"wp","href":"https:\/\/api.w.org\/{rel}","templated":true}]}}