{"id":11947,"date":"2024-04-18T10:17:49","date_gmt":"2024-04-18T10:17:49","guid":{"rendered":"https:\/\/hocl.dk\/product\/senza-categoria\/lozione-meraviglia-offerta\/"},"modified":"2026-04-29T22:29:32","modified_gmt":"2026-04-29T22:29:32","slug":"wonder-lotion-meraviglia","status":"publish","type":"product","link":"https:\/\/hocl.dk\/it\/product\/i-migliori-venditori\/wonder-lotion-meraviglia\/","title":{"rendered":"Wonder Lotion -Offerta"},"content":{"rendered":"<h1><strong>Wonder Lotion<\/strong><\/h1>\n<h2>ATTENZIONE!!! Articoli in offerta speciale<\/h2>\n<p>Questo articolo \u00e8 un&#8217;offerta speciale in quanto abbiamo una confezione nuova. Pertanto, non c&#8217;\u00e8 nulla di sbagliato nella crema, \u00e8 solo la confezione che vogliamo sostituire.<br \/>\nPertanto, ora offriamo l&#8217;opportunit\u00e0 di acquistarla a met\u00e0 del prezzo normale.<\/p>\n<h2><strong>La soluzione perfetta per la pelle secca<\/strong><\/h2>\n<p>Stai cercando la lozione ideale per curare la tua pelle secca? Allora <strong>Wonder Lotion<\/strong> \u00e8 la scelta migliore per te. La nostra formula appositamente sviluppata contiene ingredienti accuratamente selezionati per dare alla tua pelle l&#8217;amore e il nutrimento che merita.<\/p>\n<h3><strong>Informazioni su Wonder Lotion<\/strong><\/h3>\n<p><strong>Potere idratante:<\/strong> la nostra lozione contiene una miscela di ingredienti naturali, tra cui l&#8217;olio di mandorle, che penetra in profondit\u00e0 nella pelle per ripristinare il suo naturale equilibrio di idratazione. Sia che tu abbia la pelle secca tutto l&#8217;anno o che tu abbia bisogno di cure extra durante i mesi freddi, Wonder Lotion manterr\u00e0 la tua pelle idratata ed elastica.<\/p>\n<p><strong>Perfetta per l&#8217;uso quotidiano:<\/strong> questa lozione \u00e8 fatta per l&#8217;uso quotidiano. Dopo un bagno rilassante o ogni volta che la tua pelle ha bisogno di un po&#8217; di coccole, massaggia questa crema corpo sulla pelle. La sua consistenza leggera garantisce un rapido assorbimento, lasciandoti una sensazione di freschezza e idratazione per tutto il giorno.<\/p>\n<p><strong>100% naturale:<\/strong> abbiamo a cuore la tua pelle, per questo Wonder Lotion contiene solo ingredienti naturali. Puoi essere certo che la nostra lozione non contiene sostanze chimiche nocive che possono irritare la tua pelle. Ti offriamo una soluzione sana e nutriente per la tua routine quotidiana di cura della pelle.<\/p>\n<p>Risparmia sulle bottiglie di plastica e fai del bene alla tua pelle con il nostro flacone ricaricabile.<\/p>\n<p>Dai alla tua pelle la cura che merita con questa lozione per il corpo. Lascia che ti aiutiamo a mantenere la tua pelle radiosa, sana e idratata.<\/p>\n<p><em>Vieni a provare i benefici della cura naturale della pelle con questa lozione per il corpo. La tua pelle ti ringrazier\u00e0!<\/em><\/p>\n","protected":false},"excerpt":{"rendered":"<p><strong>200ml<\/strong><\/p>\n<div id=\"gtx-trans\" style=\"position: absolute; left: -14px; top: -10px;\">\n<div class=\"gtx-trans-icon\"><\/div>\n<\/div>\n","protected":false},"featured_media":12731,"comment_status":"open","ping_status":"closed","template":"","meta":{"_acf_changed":false},"product-label":[1702,1686,1690,1698],"product_brand":[],"product_cat":[1243,1761],"product_tag":[1207,1244,1109],"class_list":{"0":"post-11947","1":"product","2":"type-product","3":"status-publish","4":"has-post-thumbnail","6":"product-label-mod-hudproblemer-it","7":"product-label-ikke-testet-paa-dyr-it","8":"product-label-parfumefri-it","9":"product-label-produceret-i-danmark-it","10":"product_cat-i-migliori-venditori","11":"product_cat-wonder-velvaere-it","12":"product_tag-lozione","13":"product_tag-lozione-nera-miracolosa","14":"product_tag-meraviglia-nera","16":"first","17":"instock","18":"taxable","19":"shipping-taxable","20":"purchasable","21":"product-type-simple"},"acf":[],"_links":{"self":[{"href":"https:\/\/hocl.dk\/it\/wp-json\/wp\/v2\/product\/11947","targetHints":{"allow":["GET"]}}],"collection":[{"href":"https:\/\/hocl.dk\/it\/wp-json\/wp\/v2\/product"}],"about":[{"href":"https:\/\/hocl.dk\/it\/wp-json\/wp\/v2\/types\/product"}],"replies":[{"embeddable":true,"href":"https:\/\/hocl.dk\/it\/wp-json\/wp\/v2\/comments?post=11947"}],"version-history":[{"count":2,"href":"https:\/\/hocl.dk\/it\/wp-json\/wp\/v2\/product\/11947\/revisions"}],"predecessor-version":[{"id":126971,"href":"https:\/\/hocl.dk\/it\/wp-json\/wp\/v2\/product\/11947\/revisions\/126971"}],"wp:featuredmedia":[{"embeddable":true,"href":"https:\/\/hocl.dk\/it\/wp-json\/wp\/v2\/media\/12731"}],"wp:attachment":[{"href":"https:\/\/hocl.dk\/it\/wp-json\/wp\/v2\/media?parent=11947"}],"wp:term":[{"taxonomy":"product-label","embeddable":true,"href":"https:\/\/hocl.dk\/it\/wp-json\/wp\/v2\/product-label?post=11947"},{"taxonomy":"product_brand","embeddable":true,"href":"https:\/\/hocl.dk\/it\/wp-json\/wp\/v2\/product_brand?post=11947"},{"taxonomy":"product_cat","embeddable":true,"href":"https:\/\/hocl.dk\/it\/wp-json\/wp\/v2\/product_cat?post=11947"},{"taxonomy":"product_tag","embeddable":true,"href":"https:\/\/hocl.dk\/it\/wp-json\/wp\/v2\/product_tag?post=11947"}],"curies":[{"name":"wp","href":"https:\/\/api.w.org\/{rel}","templated":true}]}}