{"id":11953,"date":"2023-07-11T15:16:53","date_gmt":"2023-07-11T15:16:53","guid":{"rendered":"https:\/\/hocl.dk\/product\/senza-categoria\/wonder-skin-clean-2\/"},"modified":"2026-04-29T22:02:20","modified_gmt":"2026-04-29T22:02:20","slug":"wonder-skin-clean-2","status":"publish","type":"product","link":"https:\/\/hocl.dk\/it\/product\/white-wonder-it\/wonder-skin-clean-2\/","title":{"rendered":"Wonder Skin Clean"},"content":{"rendered":"<h1><strong>Wonder Skin Clean<\/strong><\/h1>\n<h3><strong>Trattamento detergente per una pelle e unghie bellissime<\/strong><\/h3>\n<p>Scopri Skin Clean, la soluzione per la pulizia profonda e la rivitalizzazione di pelle e unghie. Questa combinazione unica di ingredienti naturali \u00e8 stata studiata per combattere la pelle impura, infiammata e danneggiata, nonch\u00e9 i funghi delle unghie e dei piedi. Grazie a un&#8217;accurata azione detergente e a una cura delicata, hai tutto ci\u00f2 che ti serve per ripristinare la naturale luminosit\u00e0 della pelle e la forza delle unghie.<\/p>\n<h3><strong>Contiene: Oli naturali per una pulizia e un condizionamento efficaci<\/strong><\/h3>\n<p>Skin Clean contiene una combinazione accuratamente selezionata di olio di cocco e di palmisti. Questi oli nutrienti lavorano in armonia e detergono in profondit\u00e0.<\/p>\n<p>&nbsp;<\/p>\n<p><strong>Come funziona Wonder Skin Clean:<\/strong><\/p>\n<p>Skin Clean agisce in profondit\u00e0, quindi penetra fino al secondo strato della pelle (derma) e ha un effetto naturale, delicato ed efficace. Ci\u00f2 significa che combatte e pulisce dal basso verso l&#8217;alto. Funziona su tutto, dalle chiazze spesse di secchezza sul corpo, sulle mani e sui piedi, alla rimozione delle impurit\u00e0, sia sul viso che sul corpo, o in caso di infezioni, funghi e altro ancora.<\/p>\n<p>Poich\u00e9 Skin Clean agisce in profondit\u00e0 nel derma, \u00e8 importante applicare un sottile strato di crema idratante dopo l&#8217;uso.<\/p>\n<p>LA PULIZIA DELLA PELLE FUNZIONA MEGLIO IN COMBINAZIONE CON IL WHITE WONDER, CHE NUTRE E RIPRISTINA L&#8217;EPIDERMIDE.<\/p>\n<p>&nbsp;<\/p>\n<h3><strong>Applicazione:<\/strong><\/h3>\n<div class=\"elementor-element elementor-element-7e540f8 elementor-widget-divider--view-line_text elementor-widget-divider--element-align-center elementor-widget elementor-widget-divider\" data-id=\"7e540f8\" data-element_type=\"widget\" data-widget_type=\"divider.default\">\n<div class=\"elementor-widget-container\">\n<div class=\"elementor-divider\">\n<h4 class=\"elementor-divider__text elementor-divider__element\">Forfora, psoriasi ed eczema del cuoio capelluto<\/h4>\n<\/div>\n<\/div>\n<\/div>\n<div class=\"elementor-element elementor-element-842d767 elementor-widget elementor-widget-text-editor\" data-id=\"842d767\" data-element_type=\"widget\" data-widget_type=\"text-editor.default\">\n<div class=\"elementor-widget-container\">\n<h5><em>Per la psoriasi del cuoio capelluto, usa White Wonder in questo modo:<\/em><\/h5>\n<p><strong>Prima del lavaggio:<\/strong> insapona Wonder Skin Clean prima di fare la doccia. Applica il sapone sulle aree interessate e lascialo agire per 1 o massimo 2 minuti. Fai la doccia, risciacqua il prodotto e lavati come di consueto.<\/p>\n<p><strong>Dopo la doccia:<\/strong> applica uno strato sottile di crema White Wonder sulle aree interessate. Lascialo riposare per 5-7 minuti e fallo assorbire prima di iniziare ad asciugare i capelli. Inizia dal basso verso l&#8217;alto asciugando ed eventualmente pettinando i capelli.<\/p>\n<p>Seguendo questo metodo, potrai alleviare il prurito e la secchezza del cuoio capelluto e favorire la normale crescita dei capelli. White Wonder \u00e8 idrorepellente e non rende i capelli grassi quando sono bagnati.<\/p>\n<p>White Wonder \u00e8 stato progettato per offrirti la migliore esperienza e i migliori risultati possibili, indipendentemente dal problema della pelle che stai affrontando. Inizia oggi stesso il tuo viaggio verso una pelle pi\u00f9 sana con White Wonder.<\/p>\n<\/div>\n<\/div>\n<p>&nbsp;<\/p>\n<div class=\"elementor-element elementor-element-0d26eb4 elementor-widget-divider--view-line_text elementor-widget-divider--element-align-center elementor-widget elementor-widget-divider\" data-id=\"0d26eb4\" data-element_type=\"widget\" data-widget_type=\"divider.default\">\n<div class=\"elementor-widget-container\">\n<div class=\"elementor-divider\">\n<h4 class=\"elementor-divider__text elementor-divider__element\">Guida per mani e piedi<\/h4>\n<\/div>\n<\/div>\n<\/div>\n<div class=\"elementor-element elementor-element-3ac85b3 elementor-widget elementor-widget-text-editor\" data-id=\"3ac85b3\" data-element_type=\"widget\" data-widget_type=\"text-editor.default\">\n<div class=\"elementor-widget-container\">\n<h5><em>Si applica a funghi, calli, eczemi gravi, psoriasi e pelle screpolata come quella dei talloni e delle mani degli artigiani.<\/em><\/h5>\n<p>Sciogliere \u00bd-1 cucchiaino. Aggiungi Skin Clean all&#8217;acqua bollente e mescola bene. Aggiungi acqua fredda finch\u00e9 non riesci a metterci i piedi o le mani. Siediti con i piedi\/le mani nell&#8217;acqua per 10-15 minuti. Risciacqua con acqua pulita, asciuga e termina con uno strato sottile di White Wonder.<br \/>\nWhite Wonder si usa anche mattina e sera.<\/p>\n<p>Per i problemi della pelle, questo procedimento va fatto due volte a settimana fino a quando non si riduce al minimo, poi una volta a settimana come prevenzione. Usa White Wonder come prevenzione e cura quotidiana.<\/p>\n<p>Funghi e calli, utilizzare 2-3 volte a settimana fino a quando non sono pi\u00f9 visibili +2 trattamenti successivi per assicurarsi che non ci siano pi\u00f9. Usa White Wonder come prevenzione e cura quotidiana.<\/p>\n<p><b>NOTA:<\/b> in caso di calli di cattiva qualit\u00e0, ti consigliamo di strofinare brevemente il callo per 10 secondi con una spazzola per unghie prima dei piedi (subito dopo il pediluvio), in modo da alleviare la secchezza del callo.<\/p>\n<\/div>\n<\/div>\n<p>&nbsp;<\/p>\n<div class=\"elementor-element elementor-element-bff0d38 elementor-widget-divider--view-line_text elementor-widget-divider--element-align-center elementor-widget elementor-widget-divider\" data-id=\"bff0d38\" data-element_type=\"widget\" data-widget_type=\"divider.default\">\n<div class=\"elementor-widget-container\">\n<div class=\"elementor-divider\">\n<h4 class=\"elementor-divider__text elementor-divider__element\">Guida al trattamento del fungo dell&#8217;unghia<\/h4>\n<\/div>\n<\/div>\n<\/div>\n<div class=\"elementor-element elementor-element-807502e elementor-widget elementor-widget-text-editor\" data-id=\"807502e\" data-element_type=\"widget\" data-widget_type=\"text-editor.default\">\n<div class=\"elementor-widget-container\">\n<p>Usa uno spazzolino per unghie o uno spazzolino da denti e bagnalo. Si usa per far girare il sapone Skin Clean in modo che il sapone faccia schiuma. La schiuma spinge la pelle e le unghie in modo deciso. Lascia agire per 3-5 minuti, risciacqua con acqua pulita, asciuga e termina con uno strato sottile di White Wonder.<br \/>\nUsa White Wonder mattina e sera per ripristinare e curare la pelle.<\/p>\n<p>Questa operazione viene eseguita 2-3 volte a settimana fino a quando l&#8217;ultimo pezzo di unghia fungina non viene tagliato.<\/p>\n<\/div>\n<\/div>\n<p>&nbsp;<\/p>\n<div class=\"elementor-element elementor-element-20162da6 elementor-widget-divider--view-line_text elementor-widget-divider--element-align-center elementor-widget elementor-widget-divider\" data-id=\"20162da6\" data-element_type=\"widget\" data-widget_type=\"divider.default\">\n<div class=\"elementor-widget-container\">\n<div class=\"elementor-divider\">\n<h4 class=\"elementor-divider__text elementor-divider__element\">Detergere il viso e il corpo con Skin Clean e White Wonder<\/h4>\n<\/div>\n<\/div>\n<\/div>\n<div class=\"elementor-element elementor-element-6d6983a elementor-widget elementor-widget-text-editor\" data-id=\"6d6983a\" data-element_type=\"widget\" data-widget_type=\"text-editor.default\">\n<div class=\"elementor-widget-container\">\n<h5><em>La routine di cura della pelle, l&#8217;acne, la rosacea e la psoriasi, ecc.  <\/em><\/h5>\n<p>Inumidisci un panno, un dischetto di cotone o simili e passalo nel Detergente per la pelle finch\u00e9 non fa schiuma. Con la schiuma, lava bene il viso o la pelle (evita di metterla negli occhi perch\u00e9 brucia un po&#8217;).<\/p>\n<ul>\n<li>Sul viso, lascia agire per un massimo di 1 minuto a causa della pelle sensibile. Ti consigliamo di farlo ogni sera prima di andare a letto per permettere alla crema White Wonder di agire durante la notte.<\/li>\n<li>Deve rimanere sul corpo per 1-2 minuti. Per le aree pi\u00f9 grandi, pu\u00f2 essere fatto ogni sera.<\/li>\n<\/ul>\n<p>&nbsp;<\/p>\n<p>Risciacqua con acqua fredda, tampona e rifinisci con uno strato sottile di White Wonder.<\/p>\n<p>Se anche questo viene fatto al mattino, ti consigliamo di finire con una crema bold SPF20+ invece della crema White Wonder per la protezione solare.<\/p>\n<p>White Wonder agisce nello strato superiore della pelle (epidermide) dove guarisce, ripristina, aggiunge vitamina A e fa da barriera contro i fattori esterni.<\/p>\n<\/div>\n<\/div>\n<p>&nbsp;<\/p>\n<p><strong>Se hai dubbi o domande, siamo qui per te. Chiamaci a 71999669 tra le 10 e le 16 nei giorni feriali dal luned\u00ec al gioved\u00ec.<\/strong><\/p>\n<h3><\/h3>\n<h3><\/h3>\n<h3><strong>90 giorni di politica di restituzione completa:<\/strong><\/h3>\n<p>Siamo convinti dell&#8217;efficacia di Skin Clean. Se non sei soddisfatto, ti offriamo una politica di restituzione di 90 giorni. La tua bellezza e la tua soddisfazione sono il nostro obiettivo. Prova una pelle pulita e rinfrescata e unghie forti e sane con Wonder Skin Clean.<\/p>\n<p><em>Fonte: House of Wonder<\/em><\/p>\n","protected":false},"excerpt":{"rendered":"<p><strong>100ml<\/strong><\/p>\n","protected":false},"featured_media":122594,"comment_status":"open","ping_status":"closed","template":"","meta":{"_acf_changed":false},"product-label":[1643,1702,1686,1690,1698,1710],"product_brand":[],"product_cat":[1203],"product_tag":[1179,1178,1223],"class_list":{"0":"post-11953","1":"product","2":"type-product","3":"status-publish","4":"has-post-thumbnail","6":"product-label-100-naturligt","7":"product-label-mod-hudproblemer-it","8":"product-label-ikke-testet-paa-dyr-it","9":"product-label-parfumefri-it","10":"product-label-produceret-i-danmark-it","11":"product-label-vegansk-it","12":"product_cat-white-wonder-it","13":"product_tag-pelle","14":"product_tag-pelle-pulita","15":"product_tag-wonder-skin-clean-it","17":"first","18":"instock","19":"taxable","20":"shipping-taxable","21":"purchasable","22":"product-type-simple"},"acf":[],"_links":{"self":[{"href":"https:\/\/hocl.dk\/it\/wp-json\/wp\/v2\/product\/11953","targetHints":{"allow":["GET"]}}],"collection":[{"href":"https:\/\/hocl.dk\/it\/wp-json\/wp\/v2\/product"}],"about":[{"href":"https:\/\/hocl.dk\/it\/wp-json\/wp\/v2\/types\/product"}],"replies":[{"embeddable":true,"href":"https:\/\/hocl.dk\/it\/wp-json\/wp\/v2\/comments?post=11953"}],"version-history":[{"count":3,"href":"https:\/\/hocl.dk\/it\/wp-json\/wp\/v2\/product\/11953\/revisions"}],"predecessor-version":[{"id":131312,"href":"https:\/\/hocl.dk\/it\/wp-json\/wp\/v2\/product\/11953\/revisions\/131312"}],"wp:featuredmedia":[{"embeddable":true,"href":"https:\/\/hocl.dk\/it\/wp-json\/wp\/v2\/media\/122594"}],"wp:attachment":[{"href":"https:\/\/hocl.dk\/it\/wp-json\/wp\/v2\/media?parent=11953"}],"wp:term":[{"taxonomy":"product-label","embeddable":true,"href":"https:\/\/hocl.dk\/it\/wp-json\/wp\/v2\/product-label?post=11953"},{"taxonomy":"product_brand","embeddable":true,"href":"https:\/\/hocl.dk\/it\/wp-json\/wp\/v2\/product_brand?post=11953"},{"taxonomy":"product_cat","embeddable":true,"href":"https:\/\/hocl.dk\/it\/wp-json\/wp\/v2\/product_cat?post=11953"},{"taxonomy":"product_tag","embeddable":true,"href":"https:\/\/hocl.dk\/it\/wp-json\/wp\/v2\/product_tag?post=11953"}],"curies":[{"name":"wp","href":"https:\/\/api.w.org\/{rel}","templated":true}]}}