{"id":11958,"date":"2023-07-11T15:32:46","date_gmt":"2023-07-11T15:32:46","guid":{"rendered":"https:\/\/hocl.dk\/product\/senza-categoria\/set-di-meraviglie-bianche\/"},"modified":"2026-04-29T20:03:09","modified_gmt":"2026-04-29T20:03:09","slug":"set-di-meraviglie-bianche","status":"publish","type":"product","link":"https:\/\/hocl.dk\/it\/product\/white-wonder-it\/set-di-meraviglie-bianche\/","title":{"rendered":"Unguento alla cera d&#8217;api &#8211; Tubo e secchiello"},"content":{"rendered":"<h2>Unguento alla cera d&#8217;api &#8211; Cura della pelle<\/h2>\n<p>L&#8217;unguento alla cera d&#8217;api \u00e8 un unguento versatile che aiuta a mantenere l&#8217;idratazione e la morbidezza della pelle. Pu\u00f2 essere utilizzato su tutto il corpo, in particolare sulle zone secche come mani, piedi, gomiti e ginocchia. Grazie alla combinazione di cera d&#8217;api, olio di semi d&#8217;uva e ingredienti idratanti, lascia la pelle a proprio agio. La formula delicata lo rende adatto all&#8217;uso quotidiano per tutta la famiglia ed \u00e8 stato realizzato pensando a una semplice routine di cura della pelle.   <\/p>\n<p><strong>I benefici dell&#8217;unguento alla cera d&#8217;api:<\/strong><\/p>\n<ul>\n<li>Adatto a tutti i gruppi di et\u00e0<\/li>\n<li>Pu\u00f2 essere utilizzato su tutto il corpo<\/li>\n<li>Ammorbidisce e protegge la pelle<\/li>\n<li>Pu\u00f2 aiutare a mantenere l&#8217;equilibrio di idratazione della pelle<\/li>\n<li>Adatto per la cura quotidiana e per la pelle che necessita di maggiore attenzione<\/li>\n<\/ul>\n<p>&nbsp;<\/p>\n<h4>Ingredienti dell&#8217;unguento alla cera d&#8217;api<\/h4>\n<p><b class=\"html-b xdj266r x11i5rnm xat24cr x1mh8g0r xexx8yu x4uap5 x18d9i69 xkhd6sd x1hl2dhg x16tdsg8 x1vvkbs\">Petrolato<\/b><em> (olio minerale altamente raffinato)<\/em><b class=\"html-b xdj266r x11i5rnm xat24cr x1mh8g0r xexx8yu x4uap5 x18d9i69 xkhd6sd x1hl2dhg x16tdsg8 x1vvkbs\">:<\/b> forma una barriera protettiva e pu\u00f2 aiutare a ridurre la perdita di umidit\u00e0.<\/p>\n<p><b class=\"html-b xdj266r x11i5rnm xat24cr x1mh8g0r xexx8yu x4uap5 x18d9i69 xkhd6sd x1hl2dhg x16tdsg8 x1vvkbs\">Olio di semi di Vitis Vinifera <\/b><em>(Olio di semi d&#8217;uva biologico): ricco di antiossidanti e acidi grassi essenziali, ha una consistenza leggera e non grassa.<\/em><\/p>\n<p><b class=\"html-b xdj266r x11i5rnm xat24cr x1mh8g0r xexx8yu x4uap5 x18d9i69 xkhd6sd x1hl2dhg x16tdsg8 x1vvkbs\">Cera Alba <\/b><em>(100% cera d&#8217;api pura):<\/em> forma una pellicola protettiva sulla pelle e aiuta a trattenere l&#8217;umidit\u00e0.<\/p>\n<p>&nbsp;<\/p>\n<h2>Applicazione e utilizzo:<\/h2>\n<p>Applica una piccola quantit\u00e0 di unguento sulle aree desiderate. Utilizza solo la quantit\u00e0 che la pelle \u00e8 in grado di assorbire (ad esempio, ti consigliamo di utilizzare una quantit\u00e0 equivalente a un pisello per due mani). <\/p>\n<ul>\n<li>Pu\u00f2 essere utilizzato su tutto il corpo<\/li>\n<li>Utilizzare secondo le necessit\u00e0. Per una cura ottimale, l&#8217;unguento alla cera d&#8217;api pu\u00f2 essere utilizzato mattina e sera. <\/li>\n<li>\u00c8 adatto a tutti i tipi di pelle e a tutte le et\u00e0.<\/li>\n<\/ul>\n<p>&nbsp;<\/p>\n<p><b>Se necessario: il<\/b> Sapone Gamby Natur pu\u00f2 essere utilizzato per preparare la pelle prima di applicare l&#8217;Unguento alla cera d&#8217;api. <a href=\"https:\/\/hocl.dk\/product\/white-wonder\/wonder-skin-clean\/\">Per saperne di pi\u00f9 sul Sapone Gamby Natur <\/a> <\/p>\n<p><strong>Per l&#8217;uso sul cuoio capelluto:<\/strong> per un effetto ottimale e per evitare capelli grassi, applica sul cuoio capelluto mentre la pelle e i capelli sono idratati dopo il lavaggio.<\/p>\n<p>&nbsp;<\/p>\n<h2>Raccomandazioni di sicurezza:<\/h2>\n<ul>\n<li>Usa solo una piccola quantit\u00e0 di prodotto &#8211; Si tratta di un unguento grasso, quindi \u00e8 sufficiente uno strato sottile.<\/li>\n<li>Evita il contatto con gli occhi<\/li>\n<li>Per le pelli sensibili, si consiglia di testare il prodotto su una piccola area della pelle prima dell&#8217;uso.<\/li>\n<li>L&#8217;unguento alla cera d&#8217;api deve essere conservato a temperatura ambiente (18-25 gradi).<\/li>\n<li>L&#8217;unguento di cera d&#8217;api \u00e8 un prodotto cosmetico per il benessere e non \u00e8 destinato a diagnosticare, trattare o curare malattie specifiche, ma pu\u00f2 essere una valida parte della tua routine quotidiana.<\/li>\n<\/ul>\n","protected":false},"excerpt":{"rendered":"<p><strong>2x250ml<\/strong><\/p>\n<p>L&#8217;unguento alla cera d&#8217;api \u00e8 un unguento versatile che aiuta a mantenere l&#8217;idratazione e la morbidezza della pelle. Pu\u00f2 essere utilizzato su tutto il corpo, in particolare sulle zone secche come mani, piedi, gomiti e ginocchia. Grazie alla combinazione di cera d&#8217;api, olio di semi d&#8217;uva e ingredienti idratanti, lascia la pelle a proprio agio. La formula delicata lo rende adatto all&#8217;uso quotidiano per tutta la famiglia ed \u00e8 stato realizzato pensando a una semplice routine di cura della pelle.   <\/p>\n<div id=\"gtx-trans\" style=\"position: absolute; left: -9px; top: -10px;\">\n<div class=\"gtx-trans-icon\"><\/div>\n<\/div>\n","protected":false},"featured_media":133849,"comment_status":"open","ping_status":"closed","template":"","meta":{"_acf_changed":false},"product-label":[1702,1686,1690,1698],"product_brand":[],"product_cat":[1203],"product_tag":[1865],"class_list":{"0":"post-11958","1":"product","2":"type-product","3":"status-publish","4":"has-post-thumbnail","6":"product-label-mod-hudproblemer-it","7":"product-label-ikke-testet-paa-dyr-it","8":"product-label-parfumefri-it","9":"product-label-produceret-i-danmark-it","10":"product_cat-white-wonder-it","11":"product_tag-unguento-alla-cera-dapi","12":"product_shipping_class-tariffa-fissa","14":"first","15":"instock","16":"taxable","17":"shipping-taxable","18":"purchasable","19":"product-type-simple"},"acf":[],"_links":{"self":[{"href":"https:\/\/hocl.dk\/it\/wp-json\/wp\/v2\/product\/11958","targetHints":{"allow":["GET"]}}],"collection":[{"href":"https:\/\/hocl.dk\/it\/wp-json\/wp\/v2\/product"}],"about":[{"href":"https:\/\/hocl.dk\/it\/wp-json\/wp\/v2\/types\/product"}],"replies":[{"embeddable":true,"href":"https:\/\/hocl.dk\/it\/wp-json\/wp\/v2\/comments?post=11958"}],"version-history":[{"count":1,"href":"https:\/\/hocl.dk\/it\/wp-json\/wp\/v2\/product\/11958\/revisions"}],"predecessor-version":[{"id":123859,"href":"https:\/\/hocl.dk\/it\/wp-json\/wp\/v2\/product\/11958\/revisions\/123859"}],"wp:featuredmedia":[{"embeddable":true,"href":"https:\/\/hocl.dk\/it\/wp-json\/wp\/v2\/media\/133849"}],"wp:attachment":[{"href":"https:\/\/hocl.dk\/it\/wp-json\/wp\/v2\/media?parent=11958"}],"wp:term":[{"taxonomy":"product-label","embeddable":true,"href":"https:\/\/hocl.dk\/it\/wp-json\/wp\/v2\/product-label?post=11958"},{"taxonomy":"product_brand","embeddable":true,"href":"https:\/\/hocl.dk\/it\/wp-json\/wp\/v2\/product_brand?post=11958"},{"taxonomy":"product_cat","embeddable":true,"href":"https:\/\/hocl.dk\/it\/wp-json\/wp\/v2\/product_cat?post=11958"},{"taxonomy":"product_tag","embeddable":true,"href":"https:\/\/hocl.dk\/it\/wp-json\/wp\/v2\/product_tag?post=11958"}],"curies":[{"name":"wp","href":"https:\/\/api.w.org\/{rel}","templated":true}]}}