{"id":11972,"date":"2024-03-06T10:38:06","date_gmt":"2024-03-06T10:38:06","guid":{"rendered":"https:\/\/hocl.dk\/product\/senza-categoria\/pacchetti-di-prova-gratuiti\/"},"modified":"2026-04-29T22:22:00","modified_gmt":"2026-04-29T22:22:00","slug":"pacchetti-di-prova-gratuiti","status":"publish","type":"product","link":"https:\/\/hocl.dk\/it\/product\/i-migliori-venditori\/pacchetti-di-prova-gratuiti\/","title":{"rendered":"Pacchetti di prova gratuiti"},"content":{"rendered":"<h1>Pacchetti di prova gratuiti &#8211; Paghi solo la spedizione<\/h1>\n<h2>Wo Mens (10 gr) &#8211; White Wonder (3 gr) &#8211; Blue Wonder (10 gr)<\/h2>\n<h3>Nota: massimo 1 confezione campione per ordine.<\/h3>\n<p>Noi di House of Wonder crediamo nella magia dei nostri prodotti ed \u00e8 per questo che vogliamo condividerla con te \ud83e\udd0e<\/p>\n<p>&nbsp;<\/p>\n<h2>Cosa contiene il pacchetto di prova:<\/h2>\n<h3>Wo Mens &#8211; <strong>100% INGREDIENTI NATURALI PER LA PITTURA \ud83c\udf3c<\/strong><\/h3>\n<p>Wo Mens nasce da una storia personale di ricerca di una soluzione naturale a un problema comune: i dolori mestruali. Ispirato dal dolore di una figlia e dalla decisione di un padre di trovare un percorso pi\u00f9 sano, \u00e8 nato Wo Mens.<\/p>\n<p>Wo Mens contiene Eucalipto, Menta giapponese, Mentolo, Canfora non profumata, Olio di lavanda, Gel a base d&#8217;acqua. Tutti gli ingredienti sono naturali e hanno un effetto antidolorifico sui dolori mestruali.<\/p>\n<p>&nbsp;<\/p>\n<h3>White Wonder &#8211; Rimedio naturale per vari problemi di pelle<\/h3>\n<p><em>White Wonder<\/em> \u00e8 una crema estremamente versatile ed efficace che pu\u00f2 migliorare la tua routine di cura della pelle. \u00c8 importante notare che con questa crema il minimo indispensabile \u00e8 il massimo. Usa solo la quantit\u00e0 che la tua pelle pu\u00f2 assorbire per evitare una sensazione di unto.<\/p>\n<p>La crema ha un effetto lenitivo sulla pelle e fornisce un&#8217;idratazione immediata. Se soffri di patologie cutanee come la psoriasi o l&#8217;eczema, dopo l&#8217;applicazione potrai notare una significativa riduzione del prurito e dell&#8217;irritazione.<\/p>\n<p>Puoi tranquillamente applicare <em>la crema<\/em> su tutto il corpo, compreso il cuoio capelluto. Per ottenere i migliori risultati quando si applica sul cuoio capelluto, assicurati che la pelle sia idratata, preferibilmente subito dopo aver lavato i capelli.<\/p>\n<p><strong>Quali sono i problemi della pelle per i quali White Wonder pu\u00f2 essere utile?<\/strong><\/p>\n<p>Si <em>tratta di<\/em> una vera e propria <em>crema<\/em> miracolosa che pu\u00f2 aiutare a risolvere una serie di problemi della pelle, tra cui:<\/p>\n<ul>\n<li>Psoriasi e rosacea<\/li>\n<li>Eczema atopico e seborroico<\/li>\n<li>Pelle secca e screpolata su piedi, mani e labbra<\/li>\n<li>Ulcere da raffreddamento e guarigione delle ferite<\/li>\n<li>Micosi di piedi e unghie (ideale in combinazione con Wonder Skin-Clean)<\/li>\n<li>Irritazione in seguito a punture di insetti e zanzare<\/li>\n<li>Sollievo da eczemi e scottature solari<\/li>\n<li>Prevenire e alleviare le protuberanze rosse del bambino<\/li>\n<li>Protezione contro i geloni sul viso<\/li>\n<li>Trattamento di vesciche, verruche e calli<\/li>\n<li>Ulcere da seduti e da sdraiati (da prevenire applicandole prima dell&#8217;attivit\u00e0)<\/li>\n<\/ul>\n<p>&nbsp;<\/p>\n<h3><strong>Blue Wonder &#8211; Sollievo naturale dal dolore<\/strong><\/h3>\n<p><strong>Sollievo naturale dal dolore<\/strong> con eucalipto, mentolo, menta giapponese e canfora senza profumo. Allevia i dolori muscolari e articolari. Efficace e delicato. Provalo oggi stesso!<\/p>\n<p><strong>Opere di:<\/strong><\/p>\n<ul>\n<li>Miosite<\/li>\n<li>Speroni del tallone<\/li>\n<li>Dolore da artrite<\/li>\n<li>Distorsioni e stiramenti<\/li>\n<li>Distorsioni e stiramenti<\/li>\n<li>Articolazioni e muscoli doloranti (lenisce e previene)<\/li>\n<li>Irrequietezza e crampi alle gambe<\/li>\n<li>Dolori di crescita nei bambini<\/li>\n<li>Pu\u00f2 alleviare il mal di testa<\/li>\n<\/ul>\n","protected":false},"excerpt":{"rendered":"<p>Paga il trasporto<\/p>\n","protected":false},"featured_media":123053,"comment_status":"open","ping_status":"closed","template":"","meta":{"_acf_changed":false},"product-label":[1702,1686,1690,1698,1694],"product_brand":[],"product_cat":[1243],"product_tag":[1255,1861,1198,1266,1268],"class_list":{"0":"post-11972","1":"product","2":"type-product","3":"status-publish","4":"has-post-thumbnail","6":"product-label-mod-hudproblemer-it","7":"product-label-ikke-testet-paa-dyr-it","8":"product-label-parfumefri-it","9":"product-label-produceret-i-danmark-it","10":"product-label-smertelindrende-it","11":"product_cat-i-migliori-venditori","12":"product_tag-dove-luomo","13":"product_tag-kit-bestseller-meraviglia-blu","14":"product_tag-meraviglia-bianca","15":"product_tag-pacchetti-di-prova-gratuiti","16":"product_tag-pacchetto-campione","18":"first","19":"instock","20":"sold-individually","21":"taxable","22":"shipping-taxable","23":"purchasable","24":"product-type-simple"},"acf":[],"_links":{"self":[{"href":"https:\/\/hocl.dk\/it\/wp-json\/wp\/v2\/product\/11972","targetHints":{"allow":["GET"]}}],"collection":[{"href":"https:\/\/hocl.dk\/it\/wp-json\/wp\/v2\/product"}],"about":[{"href":"https:\/\/hocl.dk\/it\/wp-json\/wp\/v2\/types\/product"}],"replies":[{"embeddable":true,"href":"https:\/\/hocl.dk\/it\/wp-json\/wp\/v2\/comments?post=11972"}],"version-history":[{"count":0,"href":"https:\/\/hocl.dk\/it\/wp-json\/wp\/v2\/product\/11972\/revisions"}],"wp:featuredmedia":[{"embeddable":true,"href":"https:\/\/hocl.dk\/it\/wp-json\/wp\/v2\/media\/123053"}],"wp:attachment":[{"href":"https:\/\/hocl.dk\/it\/wp-json\/wp\/v2\/media?parent=11972"}],"wp:term":[{"taxonomy":"product-label","embeddable":true,"href":"https:\/\/hocl.dk\/it\/wp-json\/wp\/v2\/product-label?post=11972"},{"taxonomy":"product_brand","embeddable":true,"href":"https:\/\/hocl.dk\/it\/wp-json\/wp\/v2\/product_brand?post=11972"},{"taxonomy":"product_cat","embeddable":true,"href":"https:\/\/hocl.dk\/it\/wp-json\/wp\/v2\/product_cat?post=11972"},{"taxonomy":"product_tag","embeddable":true,"href":"https:\/\/hocl.dk\/it\/wp-json\/wp\/v2\/product_tag?post=11972"}],"curies":[{"name":"wp","href":"https:\/\/api.w.org\/{rel}","templated":true}]}}